{"id":5085,"date":"2026-01-14T11:11:27","date_gmt":"2026-01-14T11:11:27","guid":{"rendered":"https:\/\/turkishtrade.co\/product\/handcrafted-leather-oxford-shoes\/"},"modified":"2026-04-09T19:44:43","modified_gmt":"2026-04-09T19:44:43","slug":"handcrafted-leather-oxford-shoes","status":"publish","type":"product","link":"https:\/\/turkishtrade.co\/fr\/shop\/handcrafted-leather-oxford-shoes\/","title":{"rendered":"Chaussures Oxford en cuir bicolore \u00e0 bout arrondi fabriqu\u00e9es \u00e0 la main"},"content":{"rendered":"<p><strong>Chaussures Oxford en cuir fabriqu\u00e9es \u00e0 la main<\/strong><\/p>\n<p>D\u00e9couvrez le summum de la chaussure de c\u00e9r\u00e9monie pour homme avec nos chaussures exquises. <b>Chaussures Oxford en cuir bicolore \u00e0 bout arrondi fabriqu\u00e9es \u00e0 la main<\/b>. Con\u00e7ues pour le gentleman exigeant, ces chaussures incarnent une sophistication intemporelle et un savoir-faire in\u00e9gal\u00e9. Chaque paire de ces <b>chaussures oxford en cuir fabriqu\u00e9es \u00e0 la main<\/b> est un t\u00e9moignage de l'art traditionnel, avec une finition bicolore marron captivante qui passe \u00e9l\u00e9gamment d'un milieu de pied plus clair \u00e0 un bout de pied plus fonc\u00e9 et poli. Les subtils d\u00e9tails brogue le long du bout du pied et des panneaux lat\u00e9raux ajoutent une touche de charme classique, faisant de ces chaussures plus que de simples chaussures - elles sont une d\u00e9claration.<\/p>\n<p>Notre engagement en faveur de la qualit\u00e9 commence par les mat\u00e9riaux. La surface ext\u00e9rieure de ces remarquables <b>chaussures oxford en cuir fabriqu\u00e9es \u00e0 la main<\/b> est fabriqu\u00e9 en cuir de veau de premi\u00e8re qualit\u00e9, r\u00e9put\u00e9 pour sa texture lisse, son \u00e9lasticit\u00e9 et sa capacit\u00e9 \u00e0 d\u00e9velopper une belle patine au fil du temps. Cela garantit non seulement un aspect luxueux, mais aussi une usure durable. \u00c0 l'int\u00e9rieur, vos pieds b\u00e9n\u00e9ficieront d'un confort supr\u00eame gr\u00e2ce \u00e0 la doublure en cuir de ch\u00e8vre souple et respirant, qui se moule \u00e0 votre pied pour un ajustement personnalis\u00e9. La semelle est fabriqu\u00e9e en Microlight, une mati\u00e8re l\u00e9g\u00e8re qui offre souplesse et excellente absorption des chocs, essentielle pour un confort tout au long de la journ\u00e9e. Avec un talon subtil de 1 \u00e0 3 cm, ces <b>chaussures oxford en cuir fabriqu\u00e9es \u00e0 la main<\/b> conservent une silhouette classique, parfaite pour tout environnement formel ou professionnel.<\/p>\n<h3>Un style et une polyvalence in\u00e9gal\u00e9s<\/h3>\n<p>Ces <b>Chaussures Oxford en cuir bicolore \u00e0 bout arrondi fabriqu\u00e9es \u00e0 la main<\/b> sont le compl\u00e9ment id\u00e9al de toute garde-robe sophistiqu\u00e9e. Leur riche teinte brune et leur effet bicolore les rendent incroyablement polyvalents. Ils s'associent parfaitement \u00e0 des costumes de couleur marine, anthracite ou m\u00eame plus clairs pour un look professionnel moderne. Au-del\u00e0 de la salle de conf\u00e9rence, ces <b>chaussures oxford en cuir fabriqu\u00e9es \u00e0 la main<\/b> Les brogues rehaussent les tenues semi-formelles, ajoutant un air de raffinement poli aux pantalons chinos ou aux pantalons de tailleur. Les motifs complexes des brogues et le design distingu\u00e9 des bouts de chaussures en disent long sur l'attention port\u00e9e aux d\u00e9tails et l'appr\u00e9ciation des chaussures de qualit\u00e9 par le porteur. En choisissant ces <b>chaussures oxford en cuir fabriqu\u00e9es \u00e0 la main<\/b>, Vous investissez dans une pi\u00e8ce qui allie le design d'origine \u00e0 l'attrait contemporain.<\/p>\n<h3>Opportunit\u00e9 de vente en gros et assurance de la qualit\u00e9<\/h3>\n<p>Pour les d\u00e9taillants et les entreprises d\u00e9sireux d'offrir une qualit\u00e9 exceptionnelle \u00e0 leurs clients, ces <b>Chaussures Oxford en cuir fabriqu\u00e9es \u00e0 la main<\/b> sont disponibles \u00e0 l'achat en gros avec une commande minimum de 8 paires. Nous garantissons un d\u00e9lai de production constant, avec une livraison g\u00e9n\u00e9ralement sous 12 jours, plus les frais d'exp\u00e9dition. Chaque paire est m\u00e9ticuleusement inspect\u00e9e pour r\u00e9pondre aux normes les plus \u00e9lev\u00e9es de l'artisanat, garantissant que chaque client re\u00e7oit un produit qui refl\u00e8te le vrai luxe et la durabilit\u00e9. Offrez \u00e0 votre client\u00e8le la distinction de v\u00e9ritables <b>chaussures oxford en cuir fabriqu\u00e9es \u00e0 la main<\/b> qui se distinguent par leur qualit\u00e9 et leur style. Choisissez ces \u00e9l\u00e9gantes chaussures de ville pour leurs mat\u00e9riaux de qualit\u00e9 sup\u00e9rieure, leur confort et leur attrait esth\u00e9tique ind\u00e9niable. Am\u00e9liorez votre collection de chaussures ou \u00e9largissez votre offre de vente au d\u00e9tail avec ce mod\u00e8le exquis.<\/p>","protected":false},"excerpt":{"rendered":"<ul>\n<li>L'ext\u00e9rieur est en cuir de veau de premi\u00e8re qualit\u00e9 pour une durabilit\u00e9 et une \u00e9l\u00e9gance durables.<\/li>\n<li>Doublure luxueuse en cuir de ch\u00e8vre souple, garantissant un confort sup\u00e9rieur et une bonne respirabilit\u00e9.<\/li>\n<li>Dot\u00e9e d'une semelle Microlight l\u00e9g\u00e8re et durable, offrant une excellente adh\u00e9rence et une grande flexibilit\u00e9.<\/li>\n<li>Talon classique de 1 \u00e0 3 cm de hauteur, id\u00e9al pour un style sophistiqu\u00e9.<\/li>\n<li>Disponible dans une large gamme de tailles : 39, 40, 41, 42, 43, 44, 45.<\/li>\n<li>Quantit\u00e9 minimale de commande de 8 paires, parfait pour les acheteurs en gros et les boutiques.<\/li>\n<li>Le d\u00e9lai de livraison est d'environ 12 jours, plus le temps d'exp\u00e9dition.<\/li>\n<\/ul>","protected":false},"featured_media":3438,"template":"","meta":{"_acf_changed":false,"_uag_custom_page_level_css":"","site-sidebar-layout":"default","site-content-layout":"","ast-site-content-layout":"default","site-content-style":"default","site-sidebar-style":"default","ast-global-header-display":"","ast-banner-title-visibility":"","ast-main-header-display":"","ast-hfb-above-header-display":"","ast-hfb-below-header-display":"","ast-hfb-mobile-header-display":"","site-post-title":"","ast-breadcrumbs-content":"","ast-featured-img":"","footer-sml-layout":"","ast-disable-related-posts":"","theme-transparent-header-meta":"default","adv-header-id-meta":"","stick-header-meta":"","header-above-stick-meta":"","header-main-stick-meta":"","header-below-stick-meta":"","astra-migrate-meta-layouts":"set","ast-page-background-enabled":"default","ast-page-background-meta":{"desktop":{"background-color":"var(--ast-global-color-4)","background-image":"","background-repeat":"repeat","background-position":"center center","background-size":"auto","background-attachment":"scroll","background-type":"","background-media":"","overlay-type":"","overlay-color":"","overlay-opacity":"","overlay-gradient":""},"tablet":{"background-color":"","background-image":"","background-repeat":"repeat","background-position":"center center","background-size":"auto","background-attachment":"scroll","background-type":"","background-media":"","overlay-type":"","overlay-color":"","overlay-opacity":"","overlay-gradient":""},"mobile":{"background-color":"","background-image":"","background-repeat":"repeat","background-position":"center center","background-size":"auto","background-attachment":"scroll","background-type":"","background-media":"","overlay-type":"","overlay-color":"","overlay-opacity":"","overlay-gradient":""}},"ast-content-background-meta":{"desktop":{"background-color":"var(--ast-global-color-5)","background-image":"","background-repeat":"repeat","background-position":"center center","background-size":"auto","background-attachment":"scroll","background-type":"","background-media":"","overlay-type":"","overlay-color":"","overlay-opacity":"","overlay-gradient":""},"tablet":{"background-color":"var(--ast-global-color-5)","background-image":"","background-repeat":"repeat","background-position":"center center","background-size":"auto","background-attachment":"scroll","background-type":"","background-media":"","overlay-type":"","overlay-color":"","overlay-opacity":"","overlay-gradient":""},"mobile":{"background-color":"var(--ast-global-color-5)","background-image":"","background-repeat":"repeat","background-position":"center center","background-size":"auto","background-attachment":"scroll","background-type":"","background-media":"","overlay-type":"","overlay-color":"","overlay-opacity":"","overlay-gradient":""}}},"product_brand":[],"product_cat":[47,430,40],"product_tag":[689,654,292,688,202,541,284,201,437,450,360,198,359,466,250,305,254],"class_list":{"0":"post-5085","1":"product","2":"type-product","3":"status-publish","4":"has-post-thumbnail","6":"product_cat-classic","7":"product_cat-men","8":"product_cat-mens-shoes","9":"product_tag-artisan-shoes","10":"product_tag-brogue-shoes","11":"product_tag-brown-leather-shoes","12":"product_tag-business-attire","13":"product_tag-calf-leather","14":"product_tag-cap-toe-oxfords","15":"product_tag-dress-shoes","16":"product_tag-formal-footwear","17":"product_tag-goat-leather","18":"product_tag-handcrafted-shoes","19":"product_tag-leather-oxfords","20":"product_tag-mens-fashion","21":"product_tag-mens-oxford-shoes","22":"product_tag-microlight-sole","23":"product_tag-premium-leather","24":"product_tag-two-tone-shoes","25":"product_tag-wholesale-footwear","26":"desktop-align-center","27":"tablet-align-center","28":"mobile-align-center","30":"first","31":"instock","32":"shipping-taxable","33":"purchasable","34":"product-type-variable","35":"has-default-attributes"},"acf":[],"uagb_featured_image_src":{"full":["https:\/\/turkishtrade.co\/wp-content\/uploads\/2026\/01\/2400EJOMN00062-BROWN-2_11817.png",453,250,false],"thumbnail":["https:\/\/turkishtrade.co\/wp-content\/uploads\/2026\/01\/2400EJOMN00062-BROWN-2_11817-150x150.png",150,150,true],"medium":["https:\/\/turkishtrade.co\/wp-content\/uploads\/2026\/01\/2400EJOMN00062-BROWN-2_11817-300x166.png",300,166,true],"medium_large":["https:\/\/turkishtrade.co\/wp-content\/uploads\/2026\/01\/2400EJOMN00062-BROWN-2_11817.png",453,250,false],"large":["https:\/\/turkishtrade.co\/wp-content\/uploads\/2026\/01\/2400EJOMN00062-BROWN-2_11817.png",453,250,false],"1536x1536":["https:\/\/turkishtrade.co\/wp-content\/uploads\/2026\/01\/2400EJOMN00062-BROWN-2_11817.png",453,250,false],"2048x2048":["https:\/\/turkishtrade.co\/wp-content\/uploads\/2026\/01\/2400EJOMN00062-BROWN-2_11817.png",453,250,false],"trp-custom-language-flag":["https:\/\/turkishtrade.co\/wp-content\/uploads\/2026\/01\/2400EJOMN00062-BROWN-2_11817-18x10.png",18,10,true],"woocommerce_thumbnail":["https:\/\/turkishtrade.co\/wp-content\/uploads\/2026\/01\/2400EJOMN00062-BROWN-2_11817-400x250.png",400,250,true],"woocommerce_single":["https:\/\/turkishtrade.co\/wp-content\/uploads\/2026\/01\/2400EJOMN00062-BROWN-2_11817.png",453,250,false],"woocommerce_gallery_thumbnail":["https:\/\/turkishtrade.co\/wp-content\/uploads\/2026\/01\/2400EJOMN00062-BROWN-2_11817-100x100.png",100,100,true]},"uagb_author_info":{"display_name":"yaser olabi","author_link":"https:\/\/turkishtrade.co\/fr\/author\/"},"uagb_comment_info":0,"uagb_excerpt":"Expertly crafted with a premium Calf Leather exterior for lasting durability and elegance. Luxuriously lined with soft Goat Leather, ensuring superior comfort and breathability. Features a lightweight and durable Microlight sole, offering excellent grip and flexibility. Classic low heel height of 1-3 cm, ideal for sophisticated styling. Available in a comprehensive size range: 39, 40,\u2026","_links":{"self":[{"href":"https:\/\/turkishtrade.co\/fr\/wp-json\/wp\/v2\/product\/5085","targetHints":{"allow":["GET"]}}],"collection":[{"href":"https:\/\/turkishtrade.co\/fr\/wp-json\/wp\/v2\/product"}],"about":[{"href":"https:\/\/turkishtrade.co\/fr\/wp-json\/wp\/v2\/types\/product"}],"wp:featuredmedia":[{"embeddable":true,"href":"https:\/\/turkishtrade.co\/fr\/wp-json\/wp\/v2\/media\/3438"}],"wp:attachment":[{"href":"https:\/\/turkishtrade.co\/fr\/wp-json\/wp\/v2\/media?parent=5085"}],"wp:term":[{"taxonomy":"product_brand","embeddable":true,"href":"https:\/\/turkishtrade.co\/fr\/wp-json\/wp\/v2\/product_brand?post=5085"},{"taxonomy":"product_cat","embeddable":true,"href":"https:\/\/turkishtrade.co\/fr\/wp-json\/wp\/v2\/product_cat?post=5085"},{"taxonomy":"product_tag","embeddable":true,"href":"https:\/\/turkishtrade.co\/fr\/wp-json\/wp\/v2\/product_tag?post=5085"}],"curies":[{"name":"wp","href":"https:\/\/api.w.org\/{rel}","templated":true}]}}