{"id":5080,"date":"2026-01-14T11:10:46","date_gmt":"2026-01-14T11:10:46","guid":{"rendered":"https:\/\/turkishtrade.co\/product\/men-exotic-leather-derby-shoes\/"},"modified":"2026-04-09T19:44:53","modified_gmt":"2026-04-09T19:44:53","slug":"elite-mens-exotic-leather-derby-shoes","status":"publish","type":"product","link":"https:\/\/turkishtrade.co\/fr\/shop\/elite-mens-exotic-leather-derby-shoes\/","title":{"rendered":"Chaussures derby en cuir exotique Premium pour hommes"},"content":{"rendered":"<p><strong>Chaussures derby en cuir exotique pour hommes<\/strong><\/p>\n<p>Entrez dans une sophistication in\u00e9gal\u00e9e avec nos chaussures derby en cuir exotique Premium pour hommes, un v\u00e9ritable t\u00e9moignage d'un artisanat de ma\u00eetre et d'un style exigeant. Ces chaussures derby exquises sont m\u00e9ticuleusement con\u00e7ues pour le gentleman moderne qui appr\u00e9cie les d\u00e9tails les plus fins et n'exige rien de moins que la perfection. Con\u00e7ues dans un souci d'\u00e9l\u00e9gance classique et de style contemporain, ces chaussures ne sont pas seulement des chaussures, elles sont une pi\u00e8ce ma\u00eetresse de votre collection de chaussures.<\/p>\n<p>L'aspect ext\u00e9rieur de ces v\u00e9hicules d'exception <strong>Chaussures derby en cuir exotique pour hommes<\/strong> se caract\u00e9rise par un m\u00e9lange harmonieux de cuir de veau lisse de qualit\u00e9 sup\u00e9rieure et de panneaux textur\u00e9s en cuir exotique unique. Cette combinaison frappante cr\u00e9e un attrait visuel dynamique qui les distingue des chaussures conventionnelles. Chaque paire est dot\u00e9e d'une doublure luxueuse en cuir de ch\u00e8vre, garantissant un confort sup\u00e9rieur et une respirabilit\u00e9 qui s'adaptent \u00e0 votre pied, ce qui les rend id\u00e9ales pour les longues journ\u00e9es au bureau ou les \u00e9v\u00e9nements sp\u00e9ciaux prolong\u00e9s. La semelle Microlight, durable et l\u00e9g\u00e8re, offre une excellente adh\u00e9rence et un bon amorti, promettant stabilit\u00e9 et aisance \u00e0 chaque foul\u00e9e, tandis que le talon subtil de 1 \u00e0 3 cm ajoute une touche d'\u00e9l\u00e9vation raffin\u00e9e.<\/p>\n<h3>Qualit\u00e9 in\u00e9gal\u00e9e et style polyvalent<\/h3>\n<p>Notre <strong>Chaussures derby en cuir exotique pour hommes<\/strong> sont plus qu'esth\u00e9tiques : ils sont con\u00e7us pour durer. Les mat\u00e9riaux de qualit\u00e9, du cuir de veau robuste au cuir de ch\u00e8vre souple, sont soigneusement s\u00e9lectionn\u00e9s pour leur durabilit\u00e9 et leur toucher luxueux. La silhouette derby classique, rehauss\u00e9e par les accents distinctifs du cuir exotique, rend ces chaussures incroyablement polyvalentes. Que vous assistiez \u00e0 une r\u00e9union d'affaires importante, \u00e0 une soir\u00e9e formelle ou que vous souhaitiez simplement rehausser votre tenue d\u00e9contract\u00e9e, ces chaussures compl\u00e9teront parfaitement votre ensemble. Disponibles en brun riche et en bleu marine sophistiqu\u00e9, vous pouvez choisir la nuance qui refl\u00e8te le mieux votre style personnel.<\/p>\n<p>D\u00e9couvrez la fusion parfaite de la tradition et de l'innovation. Les coutures m\u00e9ticuleuses et les finitions expertes t\u00e9moignent des heures de d\u00e9vouement d'artisans qualifi\u00e9s, qui veillent \u00e0 ce que chaque paire r\u00e9ponde aux normes de qualit\u00e9 les plus \u00e9lev\u00e9es. En outre, nous proposons ces <strong>Chaussures derby en cuir exotique pour hommes<\/strong> pour la vente en gros, avec une quantit\u00e9 minimale de commande de seulement 8 paires, ce qui en fait un excellent choix pour les d\u00e9taillants qui cherchent \u00e0 fournir \u00e0 leurs clients des chaussures luxueuses et de haute qualit\u00e9 \u00e0 un prix comp\u00e9titif de USD par paire. Avec un d\u00e9lai de livraison estim\u00e9 \u00e0 12 jours plus les frais d'exp\u00e9dition, vous pouvez rapidement vous approvisionner en ces articles convoit\u00e9s.<\/p>\n<p>Investissez d\u00e8s aujourd'hui dans une paire de ces exquises chaussures derby en cuir exotique pour hommes et red\u00e9finissez votre collection de chaussures avec une touche d'\u00e9l\u00e9gance et de confort in\u00e9gal\u00e9e. Parfaites pour les pointures 39-45, ces chaussures promettent d'\u00eatre un ajout intemporel \u00e0 toute garde-robe, alliant la fonctionnalit\u00e9 \u00e0 un sens distinct du luxe.<\/p>","protected":false},"excerpt":{"rendered":"<ul>\n<li>Fabriqu\u00e9 \u00e0 la main \u00e0 partir d'un m\u00e9lange de cuir de veau de premi\u00e8re qualit\u00e9 avec des accents textur\u00e9s en cuir exotique distinctif.<\/li>\n<li>La doublure int\u00e9rieure en cuir de ch\u00e8vre luxueux assure un confort et une respirabilit\u00e9 ultimes pour une utilisation tout au long de la journ\u00e9e.<\/li>\n<li>\u00c9quip\u00e9e d'une semelle Microlight l\u00e9g\u00e8re et durable, offrant une traction et une flexibilit\u00e9 excellentes.<\/li>\n<li>Il est dot\u00e9 d'un talon \u00e9l\u00e9gant d'une hauteur de 1 \u00e0 3 cm pour une silhouette raffin\u00e9e et sophistiqu\u00e9e.<\/li>\n<li>Disponible dans une large gamme de tailles europ\u00e9ennes : 39, 40, 41, 42, 43, 44, 45.<\/li>\n<li>Disponibilit\u00e9 en vrac : Quantit\u00e9 minimale de commande de 8 paires.<\/li>\n<li>Prix de gros : USD par paire.<\/li>\n<li>D\u00e9lai de livraison estim\u00e9 : 12 jours + frais de port.<\/li>\n<\/ul>","protected":false},"featured_media":3436,"template":"","meta":{"_acf_changed":false,"_uag_custom_page_level_css":"","site-sidebar-layout":"default","site-content-layout":"","ast-site-content-layout":"default","site-content-style":"default","site-sidebar-style":"default","ast-global-header-display":"","ast-banner-title-visibility":"","ast-main-header-display":"","ast-hfb-above-header-display":"","ast-hfb-below-header-display":"","ast-hfb-mobile-header-display":"","site-post-title":"","ast-breadcrumbs-content":"","ast-featured-img":"","footer-sml-layout":"","ast-disable-related-posts":"","theme-transparent-header-meta":"default","adv-header-id-meta":"","stick-header-meta":"","header-above-stick-meta":"","header-main-stick-meta":"","header-below-stick-meta":"","astra-migrate-meta-layouts":"set","ast-page-background-enabled":"default","ast-page-background-meta":{"desktop":{"background-color":"var(--ast-global-color-4)","background-image":"","background-repeat":"repeat","background-position":"center center","background-size":"auto","background-attachment":"scroll","background-type":"","background-media":"","overlay-type":"","overlay-color":"","overlay-opacity":"","overlay-gradient":""},"tablet":{"background-color":"","background-image":"","background-repeat":"repeat","background-position":"center center","background-size":"auto","background-attachment":"scroll","background-type":"","background-media":"","overlay-type":"","overlay-color":"","overlay-opacity":"","overlay-gradient":""},"mobile":{"background-color":"","background-image":"","background-repeat":"repeat","background-position":"center center","background-size":"auto","background-attachment":"scroll","background-type":"","background-media":"","overlay-type":"","overlay-color":"","overlay-opacity":"","overlay-gradient":""}},"ast-content-background-meta":{"desktop":{"background-color":"var(--ast-global-color-5)","background-image":"","background-repeat":"repeat","background-position":"center center","background-size":"auto","background-attachment":"scroll","background-type":"","background-media":"","overlay-type":"","overlay-color":"","overlay-opacity":"","overlay-gradient":""},"tablet":{"background-color":"var(--ast-global-color-5)","background-image":"","background-repeat":"repeat","background-position":"center center","background-size":"auto","background-attachment":"scroll","background-type":"","background-media":"","overlay-type":"","overlay-color":"","overlay-opacity":"","overlay-gradient":""},"mobile":{"background-color":"var(--ast-global-color-5)","background-image":"","background-repeat":"repeat","background-position":"center center","background-size":"auto","background-attachment":"scroll","background-type":"","background-media":"","overlay-type":"","overlay-color":"","overlay-opacity":"","overlay-gradient":""}}},"product_brand":[],"product_cat":[47,430,40],"product_tag":[561,582,212,284,679,251,437,219,683,227,416,681,198,466,682,362,680,281],"class_list":{"0":"post-5080","1":"product","2":"type-product","3":"status-publish","4":"has-post-thumbnail","6":"product_cat-classic","7":"product_cat-men","8":"product_cat-mens-shoes","9":"product_tag-brown-derby","10":"product_tag-calfskin","11":"product_tag-derby-shoes","12":"product_tag-dress-shoes","13":"product_tag-exotic-leather","14":"product_tag-formal-shoes","15":"product_tag-goat-leather","16":"product_tag-handmade-shoes","17":"product_tag-high-quality-shoes","18":"product_tag-leather-shoes","19":"product_tag-luxury-shoes","20":"product_tag-mens-derby","21":"product_tag-mens-fashion","22":"product_tag-microlight-sole","23":"product_tag-navy-derby","24":"product_tag-premium-footwear","25":"product_tag-stylish-shoes","26":"product_tag-wholesale-shoes","27":"desktop-align-center","28":"tablet-align-center","29":"mobile-align-center","31":"first","32":"instock","33":"shipping-taxable","34":"purchasable","35":"product-type-variable","36":"has-default-attributes"},"acf":[],"uagb_featured_image_src":{"full":["https:\/\/turkishtrade.co\/wp-content\/uploads\/2026\/01\/2400EJOMN00060-DARK-BLUE-H_72.png",453,250,false],"thumbnail":["https:\/\/turkishtrade.co\/wp-content\/uploads\/2026\/01\/2400EJOMN00060-DARK-BLUE-H_72-150x150.png",150,150,true],"medium":["https:\/\/turkishtrade.co\/wp-content\/uploads\/2026\/01\/2400EJOMN00060-DARK-BLUE-H_72-300x166.png",300,166,true],"medium_large":["https:\/\/turkishtrade.co\/wp-content\/uploads\/2026\/01\/2400EJOMN00060-DARK-BLUE-H_72.png",453,250,false],"large":["https:\/\/turkishtrade.co\/wp-content\/uploads\/2026\/01\/2400EJOMN00060-DARK-BLUE-H_72.png",453,250,false],"1536x1536":["https:\/\/turkishtrade.co\/wp-content\/uploads\/2026\/01\/2400EJOMN00060-DARK-BLUE-H_72.png",453,250,false],"2048x2048":["https:\/\/turkishtrade.co\/wp-content\/uploads\/2026\/01\/2400EJOMN00060-DARK-BLUE-H_72.png",453,250,false],"trp-custom-language-flag":["https:\/\/turkishtrade.co\/wp-content\/uploads\/2026\/01\/2400EJOMN00060-DARK-BLUE-H_72-18x10.png",18,10,true],"woocommerce_thumbnail":["https:\/\/turkishtrade.co\/wp-content\/uploads\/2026\/01\/2400EJOMN00060-DARK-BLUE-H_72-400x250.png",400,250,true],"woocommerce_single":["https:\/\/turkishtrade.co\/wp-content\/uploads\/2026\/01\/2400EJOMN00060-DARK-BLUE-H_72.png",453,250,false],"woocommerce_gallery_thumbnail":["https:\/\/turkishtrade.co\/wp-content\/uploads\/2026\/01\/2400EJOMN00060-DARK-BLUE-H_72-100x100.png",100,100,true]},"uagb_author_info":{"display_name":"yaser olabi","author_link":"https:\/\/turkishtrade.co\/fr\/author\/"},"uagb_comment_info":0,"uagb_excerpt":"Handcrafted from a blend of premium Calfskin exterior with distinctive exotic leather textured accents. Luxurious Goat Leather interior lining ensures ultimate comfort and breathability for all-day wear. Equipped with a lightweight and durable Microlight sole, providing excellent traction and flexibility. Features an elegant heel height of 1-3 cm for a refined and sophisticated silhouette. Available\u2026","_links":{"self":[{"href":"https:\/\/turkishtrade.co\/fr\/wp-json\/wp\/v2\/product\/5080","targetHints":{"allow":["GET"]}}],"collection":[{"href":"https:\/\/turkishtrade.co\/fr\/wp-json\/wp\/v2\/product"}],"about":[{"href":"https:\/\/turkishtrade.co\/fr\/wp-json\/wp\/v2\/types\/product"}],"wp:featuredmedia":[{"embeddable":true,"href":"https:\/\/turkishtrade.co\/fr\/wp-json\/wp\/v2\/media\/3436"}],"wp:attachment":[{"href":"https:\/\/turkishtrade.co\/fr\/wp-json\/wp\/v2\/media?parent=5080"}],"wp:term":[{"taxonomy":"product_brand","embeddable":true,"href":"https:\/\/turkishtrade.co\/fr\/wp-json\/wp\/v2\/product_brand?post=5080"},{"taxonomy":"product_cat","embeddable":true,"href":"https:\/\/turkishtrade.co\/fr\/wp-json\/wp\/v2\/product_cat?post=5080"},{"taxonomy":"product_tag","embeddable":true,"href":"https:\/\/turkishtrade.co\/fr\/wp-json\/wp\/v2\/product_tag?post=5080"}],"curies":[{"name":"wp","href":"https:\/\/api.w.org\/{rel}","templated":true}]}}