{"id":5078,"date":"2026-01-14T11:10:25","date_gmt":"2026-01-14T11:10:25","guid":{"rendered":"https:\/\/turkishtrade.co\/product\/mens-black-patent-leather-loafers-2\/"},"modified":"2026-04-09T19:44:56","modified_gmt":"2026-04-09T19:44:56","slug":"mens-black-patent-leather-loafers-2","status":"publish","type":"product","link":"https:\/\/turkishtrade.co\/fr\/shop\/mens-black-patent-leather-loafers-2\/","title":{"rendered":"Mocassins \u00e9l\u00e9gants en cuir verni noir pour hommes"},"content":{"rendered":"<p><strong>Mocassins en cuir verni noir pour hommes<\/strong><\/p>\n<p>Entrez dans un monde d'\u00e9l\u00e9gance raffin\u00e9e gr\u00e2ce \u00e0 nos produits exquis. <strong>Mocassins en cuir verni noir pour hommes<\/strong>. Con\u00e7us pour le gentleman moderne qui appr\u00e9cie \u00e0 la fois le style et la substance, ces mocassins sont l'incarnation de la chaussure sophistiqu\u00e9e. Parfaites pour les \u00e9v\u00e9nements formels, les r\u00e9unions d'affaires ou pour ajouter une touche de classe \u00e0 n'importe quelle tenue, nos <strong>Mocassins en cuir verni noir pour hommes<\/strong> offrent une finition polie qui attire l'attention.<\/p>\n<p>Fabriqu\u00e9 en cuir de veau v\u00e9ritable de premi\u00e8re qualit\u00e9, l'ext\u00e9rieur pr\u00e9sente une superbe finition vernie brillante. Cette surface ext\u00e9rieure luxueuse offre un \u00e9clat \u00e9l\u00e9gant et r\u00e9fl\u00e9chissant, synonyme de mode haut de gamme. \u00c0 l'int\u00e9rieur, vos pieds seront berc\u00e9s par le confort in\u00e9gal\u00e9 d'une doublure en cuir de ch\u00e8vre souple. Cette combinaison assure une bonne respirabilit\u00e9 et une sensation de douceur, ce qui fait de ces chaussures un mod\u00e8le de luxe. <strong>mocassins en cuir verni noir<\/strong> un plaisir \u00e0 porter tout au long de la journ\u00e9e. L'attention m\u00e9ticuleuse port\u00e9e aux d\u00e9tails dans la s\u00e9lection des mat\u00e9riaux garantit \u00e0 la fois la durabilit\u00e9 et le confort supr\u00eame, ce qui fait de ces chaussures un produit de choix. <strong>Mocassins en cuir verni noir pour hommes<\/strong> \u00e0 part.<\/p>\n<h3>Un confort in\u00e9gal\u00e9 pour un design intemporel<\/h3>\n<p>La conception est compl\u00e9t\u00e9e par une semelle Microlight de pointe, connue pour ses propri\u00e9t\u00e9s de l\u00e9g\u00e8ret\u00e9 exceptionnelles et sa robustesse. Cette semelle de pointe offre une adh\u00e9rence et une flexibilit\u00e9 exceptionnelles, contribuant \u00e0 une foul\u00e9e confortable. Un talon subtil de 1 \u00e0 3 cm de hauteur apporte la portance parfaite, rehaussant la silhouette classique sans compromettre la portabilit\u00e9. Disponibles dans une large gamme de pointures europ\u00e9ennes allant du 39 au 45, ces \u00e9l\u00e9gantes chaussures de sport \u00e0 talon aiguille ont \u00e9t\u00e9 con\u00e7ues pour r\u00e9pondre \u00e0 toutes les exigences de la client\u00e8le. <strong>Mocassins en cuir verni noir pour hommes<\/strong> sont con\u00e7us pour s'adapter parfaitement aux diff\u00e9rents types de pieds.<\/p>\n<p>Ces <strong>Mocassins en cuir verni noir pour hommes<\/strong> sont plus que de simples chaussures ; elles sont un investissement dans un style et une qualit\u00e9 intemporels. Elles rehaussent votre garde-robe et font une impression durable en toute occasion. Pour les entreprises et les d\u00e9taillants, ces <strong>Mocassins en cuir verni noir pour hommes<\/strong> sont disponibles pour des achats en gros avec une quantit\u00e9 minimum de 8 paires. Nous assurons un service efficace avec un d\u00e9lai de livraison d'environ 12 jours plus les frais d'exp\u00e9dition. Offrez \u00e0 vos clients les chaussures les plus raffin\u00e9es et faites-leur d\u00e9couvrir le m\u00e9lange parfait de tradition et de luxe contemporain avec ces chaussures d'exception. <strong>mocassins en cuir verni noir<\/strong>.<\/p>","protected":false},"excerpt":{"rendered":"<ul>\n<li>Ext\u00e9rieur en cuir de veau v\u00e9ritable avec finition vernie<\/li>\n<li>Doublure int\u00e9rieure en cuir de ch\u00e8vre luxueux pour un confort sup\u00e9rieur<\/li>\n<li>Semelle Microlight l\u00e9g\u00e8re et durable<\/li>\n<li>Hauteur de talon subtile de 1 \u00e0 3 cm pour une \u00e9l\u00e9vation classique<\/li>\n<li>Disponible en tailles UE : 39, 40, 41, 42, 43, 44, 45<\/li>\n<li>Quantit\u00e9 minimale de commande : 8 paires (en vrac)<\/li>\n<li>D\u00e9lai de livraison estim\u00e9 : 12 jours + exp\u00e9dition<\/li>\n<\/ul>","protected":false},"featured_media":3434,"template":"","meta":{"_acf_changed":false,"_uag_custom_page_level_css":"","site-sidebar-layout":"default","site-content-layout":"","ast-site-content-layout":"default","site-content-style":"default","site-sidebar-style":"default","ast-global-header-display":"","ast-banner-title-visibility":"","ast-main-header-display":"","ast-hfb-above-header-display":"","ast-hfb-below-header-display":"","ast-hfb-mobile-header-display":"","site-post-title":"","ast-breadcrumbs-content":"","ast-featured-img":"","footer-sml-layout":"","ast-disable-related-posts":"","theme-transparent-header-meta":"default","adv-header-id-meta":"","stick-header-meta":"","header-above-stick-meta":"","header-main-stick-meta":"","header-below-stick-meta":"","astra-migrate-meta-layouts":"set","ast-page-background-enabled":"default","ast-page-background-meta":{"desktop":{"background-color":"var(--ast-global-color-4)","background-image":"","background-repeat":"repeat","background-position":"center center","background-size":"auto","background-attachment":"scroll","background-type":"","background-media":"","overlay-type":"","overlay-color":"","overlay-opacity":"","overlay-gradient":""},"tablet":{"background-color":"","background-image":"","background-repeat":"repeat","background-position":"center center","background-size":"auto","background-attachment":"scroll","background-type":"","background-media":"","overlay-type":"","overlay-color":"","overlay-opacity":"","overlay-gradient":""},"mobile":{"background-color":"","background-image":"","background-repeat":"repeat","background-position":"center center","background-size":"auto","background-attachment":"scroll","background-type":"","background-media":"","overlay-type":"","overlay-color":"","overlay-opacity":"","overlay-gradient":""}},"ast-content-background-meta":{"desktop":{"background-color":"var(--ast-global-color-5)","background-image":"","background-repeat":"repeat","background-position":"center center","background-size":"auto","background-attachment":"scroll","background-type":"","background-media":"","overlay-type":"","overlay-color":"","overlay-opacity":"","overlay-gradient":""},"tablet":{"background-color":"var(--ast-global-color-5)","background-image":"","background-repeat":"repeat","background-position":"center center","background-size":"auto","background-attachment":"scroll","background-type":"","background-media":"","overlay-type":"","overlay-color":"","overlay-opacity":"","overlay-gradient":""},"mobile":{"background-color":"var(--ast-global-color-5)","background-image":"","background-repeat":"repeat","background-position":"center center","background-size":"auto","background-attachment":"scroll","background-type":"","background-media":"","overlay-type":"","overlay-color":"","overlay-opacity":"","overlay-gradient":""}}},"product_brand":[],"product_cat":[47,430,40],"product_tag":[370,674,202,284,454,251,437,198,186,676,657,184,675,456],"class_list":{"0":"post-5078","1":"product","2":"type-product","3":"status-publish","4":"has-post-thumbnail","6":"product_cat-classic","7":"product_cat-men","8":"product_cat-mens-shoes","9":"product_tag-black-loafers","10":"product_tag-bulk-shoes","11":"product_tag-calf-leather","12":"product_tag-dress-shoes","13":"product_tag-elegant-footwear","14":"product_tag-formal-shoes","15":"product_tag-goat-leather","16":"product_tag-mens-fashion","17":"product_tag-mens-loafers","18":"product_tag-party-shoes","19":"product_tag-patent-leather-shoes","20":"product_tag-slip-on-shoes","21":"product_tag-wedding-shoes","22":"product_tag-wholesale-loafers","23":"desktop-align-center","24":"tablet-align-center","25":"mobile-align-center","27":"first","28":"instock","29":"shipping-taxable","30":"purchasable","31":"product-type-variable","32":"has-default-attributes"},"acf":[],"uagb_featured_image_src":{"full":["https:\/\/turkishtrade.co\/wp-content\/uploads\/2026\/01\/2400EJOMN00059-BLACK-Y_12590.png",453,250,false],"thumbnail":["https:\/\/turkishtrade.co\/wp-content\/uploads\/2026\/01\/2400EJOMN00059-BLACK-Y_12590-150x150.png",150,150,true],"medium":["https:\/\/turkishtrade.co\/wp-content\/uploads\/2026\/01\/2400EJOMN00059-BLACK-Y_12590-300x166.png",300,166,true],"medium_large":["https:\/\/turkishtrade.co\/wp-content\/uploads\/2026\/01\/2400EJOMN00059-BLACK-Y_12590.png",453,250,false],"large":["https:\/\/turkishtrade.co\/wp-content\/uploads\/2026\/01\/2400EJOMN00059-BLACK-Y_12590.png",453,250,false],"1536x1536":["https:\/\/turkishtrade.co\/wp-content\/uploads\/2026\/01\/2400EJOMN00059-BLACK-Y_12590.png",453,250,false],"2048x2048":["https:\/\/turkishtrade.co\/wp-content\/uploads\/2026\/01\/2400EJOMN00059-BLACK-Y_12590.png",453,250,false],"trp-custom-language-flag":["https:\/\/turkishtrade.co\/wp-content\/uploads\/2026\/01\/2400EJOMN00059-BLACK-Y_12590-18x10.png",18,10,true],"woocommerce_thumbnail":["https:\/\/turkishtrade.co\/wp-content\/uploads\/2026\/01\/2400EJOMN00059-BLACK-Y_12590-400x250.png",400,250,true],"woocommerce_single":["https:\/\/turkishtrade.co\/wp-content\/uploads\/2026\/01\/2400EJOMN00059-BLACK-Y_12590.png",453,250,false],"woocommerce_gallery_thumbnail":["https:\/\/turkishtrade.co\/wp-content\/uploads\/2026\/01\/2400EJOMN00059-BLACK-Y_12590-100x100.png",100,100,true]},"uagb_author_info":{"display_name":"yaser olabi","author_link":"https:\/\/turkishtrade.co\/fr\/author\/"},"uagb_comment_info":0,"uagb_excerpt":"Exquisite Genuine Calf Leather Exterior with Patent Finish Luxurious Goat Leather Interior Lining for Superior Comfort Lightweight and Durable Microlight Sole Subtle 1-3 cm Heel Height for Classic Elevation Available in EU Sizes: 39, 40, 41, 42, 43, 44, 45 Minimum Order Quantity: 8 Pairs (Bulk Available) Estimated Delivery: 12 Days + Shipping","_links":{"self":[{"href":"https:\/\/turkishtrade.co\/fr\/wp-json\/wp\/v2\/product\/5078","targetHints":{"allow":["GET"]}}],"collection":[{"href":"https:\/\/turkishtrade.co\/fr\/wp-json\/wp\/v2\/product"}],"about":[{"href":"https:\/\/turkishtrade.co\/fr\/wp-json\/wp\/v2\/types\/product"}],"wp:featuredmedia":[{"embeddable":true,"href":"https:\/\/turkishtrade.co\/fr\/wp-json\/wp\/v2\/media\/3434"}],"wp:attachment":[{"href":"https:\/\/turkishtrade.co\/fr\/wp-json\/wp\/v2\/media?parent=5078"}],"wp:term":[{"taxonomy":"product_brand","embeddable":true,"href":"https:\/\/turkishtrade.co\/fr\/wp-json\/wp\/v2\/product_brand?post=5078"},{"taxonomy":"product_cat","embeddable":true,"href":"https:\/\/turkishtrade.co\/fr\/wp-json\/wp\/v2\/product_cat?post=5078"},{"taxonomy":"product_tag","embeddable":true,"href":"https:\/\/turkishtrade.co\/fr\/wp-json\/wp\/v2\/product_tag?post=5078"}],"curies":[{"name":"wp","href":"https:\/\/api.w.org\/{rel}","templated":true}]}}