{"id":5076,"date":"2026-01-14T11:10:04","date_gmt":"2026-01-14T11:10:04","guid":{"rendered":"https:\/\/turkishtrade.co\/product\/mens-leather-tassel-loafers\/"},"modified":"2026-04-09T19:44:59","modified_gmt":"2026-04-09T19:44:59","slug":"mens-leather-tassel-loafers","status":"publish","type":"product","link":"https:\/\/turkishtrade.co\/fr\/shop\/mens-leather-tassel-loafers\/","title":{"rendered":"Premium Mocassins \u00e0 glands en cuir de veau noir pour hommes"},"content":{"rendered":"<p><strong>Mocassins en cuir pour hommes<\/strong><\/p>\n<p>D\u00e9couvrez la quintessence de la chaussure sophistiqu\u00e9e avec nos mocassins \u00e0 glands en cuir de veau noir pour hommes. Con\u00e7us pour le gentleman exigeant, ces mocassins exquis en cuir de veau noir sont un mod\u00e8le d'\u00e9l\u00e9gance et de raffinement. <strong>mocassins \u00e0 glands en cuir pour hommes<\/strong> allient l'\u00e9l\u00e9gance classique au confort moderne. Chaque paire t\u00e9moigne d'un savoir-faire sup\u00e9rieur et offre un style distingu\u00e9 qui passe sans effort d'un \u00e9v\u00e9nement formel \u00e0 une rencontre d\u00e9contract\u00e9e. Rehaussez votre collection de chaussures avec une pi\u00e8ce intemporelle qui promet \u00e0 la fois durabilit\u00e9 et esth\u00e9tique raffin\u00e9e. Ces luxueuses <strong>mocassins \u00e0 glands en cuir pour hommes<\/strong> sont vraiment un \u00e9l\u00e9ment essentiel de la garde-robe de toute personne \u00e9l\u00e9gante.<\/p>\n<p>&nbsp;<\/p>\n<h3>Con\u00e7u pour le confort et la polyvalence<\/h3>\n<p>Il ne s'agit pas de n'importe quelle paire de <strong>mocassins \u00e0 glands en cuir pour hommes<\/strong>; Elles sont con\u00e7ues pour une exp\u00e9rience de port sup\u00e9rieure. La conception anatomique, associ\u00e9e \u00e0 l'int\u00e9rieur en cuir de ch\u00e8vre souple, se moule \u00e0 la forme unique de votre pied, garantissant un ajustement confortable d\u00e8s la premi\u00e8re utilisation. Disponibles dans une large gamme de pointures allant de l'UE 39 \u00e0 l'UE 45, il est facile de trouver la chaussure id\u00e9ale. Que vous assistiez \u00e0 une r\u00e9union d'affaires, \u00e0 un mariage ou \u00e0 une soir\u00e9e, ces mocassins polyvalents s'accorderont avec un large \u00e9ventail de tenues, du costume ajust\u00e9 au pantalon chino chic. Leur teinte noire intemporelle en fait un compl\u00e9ment indispensable \u00e0 toute garde-robe sophistiqu\u00e9e. Investissez dans l'attrait durable de la qualit\u00e9 <strong>mocassins \u00e0 glands en cuir pour hommes<\/strong> pour compl\u00e9ter votre look.<\/p>\n<h3>Opportunit\u00e9 de vente en gros pour les d\u00e9taillants<\/h3>\n<p>Pour les entreprises qui souhaitent stocker des chaussures de qualit\u00e9 sup\u00e9rieure, nos <strong>mocassins \u00e0 glands en cuir pour hommes<\/strong> sont disponibles \u00e0 l'achat en gros. Nous exigeons une commande minimale de 8 paires, ce qui permet aux boutiques et aux d\u00e9taillants d'acqu\u00e9rir un stock de haute qualit\u00e9. Notre processus de production efficace garantit un d\u00e9lai de livraison de seulement 12 jours, plus les frais d'exp\u00e9dition, ce qui vous permet de r\u00e9approvisionner rapidement votre stock avec ces articles recherch\u00e9s. Offrez \u00e0 vos clients le luxe et le style de mocassins en cuir fabriqu\u00e9s par des experts \u00e0 un prix comp\u00e9titif. Il ne s'agit pas de simples chaussures, mais d'un investissement dans la qualit\u00e9 et la satisfaction du client, refl\u00e9tant les normes \u00e9lev\u00e9es de l'art de la chaussure turque.<\/p>","protected":false},"excerpt":{"rendered":"<ul>\n<li><strong>Mat\u00e9riau ext\u00e9rieur :<\/strong> Cuir de veau luxueux<\/li>\n<li><strong>Doublure int\u00e9rieure :<\/strong> Cuir de ch\u00e8vre souple<\/li>\n<li><strong>Type de semelle :<\/strong> Semelle l\u00e9g\u00e8re Microlight<\/li>\n<li><strong>Hauteur du talon :<\/strong> Confortable 1-3 cm<\/li>\n<li><strong>Tailles disponibles :<\/strong> UE 39, 40, 41, 42, 43, 44, 45<\/li>\n<li><strong>Disponibilit\u00e9 en gros :<\/strong> Commande minimum de 8 paires<\/li>\n<li><strong>D\u00e9lai de livraison :<\/strong> 12 jours + frais de port<\/li>\n<\/ul>","protected":false},"featured_media":3433,"template":"","meta":{"_acf_changed":false,"_uag_custom_page_level_css":"","site-sidebar-layout":"default","site-content-layout":"","ast-site-content-layout":"default","site-content-style":"default","site-sidebar-style":"default","ast-global-header-display":"","ast-banner-title-visibility":"","ast-main-header-display":"","ast-hfb-above-header-display":"","ast-hfb-below-header-display":"","ast-hfb-mobile-header-display":"","site-post-title":"","ast-breadcrumbs-content":"","ast-featured-img":"","footer-sml-layout":"","ast-disable-related-posts":"","theme-transparent-header-meta":"default","adv-header-id-meta":"","stick-header-meta":"","header-above-stick-meta":"","header-main-stick-meta":"","header-below-stick-meta":"","astra-migrate-meta-layouts":"set","ast-page-background-enabled":"default","ast-page-background-meta":{"desktop":{"background-color":"var(--ast-global-color-4)","background-image":"","background-repeat":"repeat","background-position":"center center","background-size":"auto","background-attachment":"scroll","background-type":"","background-media":"","overlay-type":"","overlay-color":"","overlay-opacity":"","overlay-gradient":""},"tablet":{"background-color":"","background-image":"","background-repeat":"repeat","background-position":"center center","background-size":"auto","background-attachment":"scroll","background-type":"","background-media":"","overlay-type":"","overlay-color":"","overlay-opacity":"","overlay-gradient":""},"mobile":{"background-color":"","background-image":"","background-repeat":"repeat","background-position":"center center","background-size":"auto","background-attachment":"scroll","background-type":"","background-media":"","overlay-type":"","overlay-color":"","overlay-opacity":"","overlay-gradient":""}},"ast-content-background-meta":{"desktop":{"background-color":"var(--ast-global-color-5)","background-image":"","background-repeat":"repeat","background-position":"center center","background-size":"auto","background-attachment":"scroll","background-type":"","background-media":"","overlay-type":"","overlay-color":"","overlay-opacity":"","overlay-gradient":""},"tablet":{"background-color":"var(--ast-global-color-5)","background-image":"","background-repeat":"repeat","background-position":"center center","background-size":"auto","background-attachment":"scroll","background-type":"","background-media":"","overlay-type":"","overlay-color":"","overlay-opacity":"","overlay-gradient":""},"mobile":{"background-color":"var(--ast-global-color-5)","background-image":"","background-repeat":"repeat","background-position":"center center","background-size":"auto","background-attachment":"scroll","background-type":"","background-media":"","overlay-type":"","overlay-color":"","overlay-opacity":"","overlay-gradient":""}}},"product_brand":[],"product_cat":[47,430,40],"product_tag":[370,672,453,202,284,251,437,215,198,186,466,349,285,281],"class_list":{"0":"post-5076","1":"product","2":"type-product","3":"status-publish","4":"has-post-thumbnail","6":"product_cat-classic","7":"product_cat-men","8":"product_cat-mens-shoes","9":"product_tag-black-loafers","10":"product_tag-brogues","11":"product_tag-bulk-footwear","12":"product_tag-calf-leather","13":"product_tag-dress-shoes","14":"product_tag-formal-shoes","15":"product_tag-goat-leather","16":"product_tag-leather-loafers","17":"product_tag-mens-fashion","18":"product_tag-mens-loafers","19":"product_tag-microlight-sole","20":"product_tag-tassel-loafers","21":"product_tag-turkish-shoes","22":"product_tag-wholesale-shoes","23":"desktop-align-center","24":"tablet-align-center","25":"mobile-align-center","27":"first","28":"instock","29":"shipping-taxable","30":"purchasable","31":"product-type-variable","32":"has-default-attributes"},"acf":[],"uagb_featured_image_src":{"full":["https:\/\/turkishtrade.co\/wp-content\/uploads\/2026\/01\/2400EJOMN00058-BLACK-DKS_7551.png",453,250,false],"thumbnail":["https:\/\/turkishtrade.co\/wp-content\/uploads\/2026\/01\/2400EJOMN00058-BLACK-DKS_7551-150x150.png",150,150,true],"medium":["https:\/\/turkishtrade.co\/wp-content\/uploads\/2026\/01\/2400EJOMN00058-BLACK-DKS_7551-300x166.png",300,166,true],"medium_large":["https:\/\/turkishtrade.co\/wp-content\/uploads\/2026\/01\/2400EJOMN00058-BLACK-DKS_7551.png",453,250,false],"large":["https:\/\/turkishtrade.co\/wp-content\/uploads\/2026\/01\/2400EJOMN00058-BLACK-DKS_7551.png",453,250,false],"1536x1536":["https:\/\/turkishtrade.co\/wp-content\/uploads\/2026\/01\/2400EJOMN00058-BLACK-DKS_7551.png",453,250,false],"2048x2048":["https:\/\/turkishtrade.co\/wp-content\/uploads\/2026\/01\/2400EJOMN00058-BLACK-DKS_7551.png",453,250,false],"trp-custom-language-flag":["https:\/\/turkishtrade.co\/wp-content\/uploads\/2026\/01\/2400EJOMN00058-BLACK-DKS_7551-18x10.png",18,10,true],"woocommerce_thumbnail":["https:\/\/turkishtrade.co\/wp-content\/uploads\/2026\/01\/2400EJOMN00058-BLACK-DKS_7551-400x250.png",400,250,true],"woocommerce_single":["https:\/\/turkishtrade.co\/wp-content\/uploads\/2026\/01\/2400EJOMN00058-BLACK-DKS_7551.png",453,250,false],"woocommerce_gallery_thumbnail":["https:\/\/turkishtrade.co\/wp-content\/uploads\/2026\/01\/2400EJOMN00058-BLACK-DKS_7551-100x100.png",100,100,true]},"uagb_author_info":{"display_name":"yaser olabi","author_link":"https:\/\/turkishtrade.co\/fr\/author\/"},"uagb_comment_info":0,"uagb_excerpt":"Outer Material: Luxurious Calf Leather Inner Lining: Soft Goat Leather Sole Type: Lightweight Microlight Sole Heel Height: Comfortable 1-3 cm Available Sizes: EU 39, 40, 41, 42, 43, 44, 45 Wholesale Availability: Minimum order of 8 pairs Delivery Time: 12 days + shipping","_links":{"self":[{"href":"https:\/\/turkishtrade.co\/fr\/wp-json\/wp\/v2\/product\/5076","targetHints":{"allow":["GET"]}}],"collection":[{"href":"https:\/\/turkishtrade.co\/fr\/wp-json\/wp\/v2\/product"}],"about":[{"href":"https:\/\/turkishtrade.co\/fr\/wp-json\/wp\/v2\/types\/product"}],"wp:featuredmedia":[{"embeddable":true,"href":"https:\/\/turkishtrade.co\/fr\/wp-json\/wp\/v2\/media\/3433"}],"wp:attachment":[{"href":"https:\/\/turkishtrade.co\/fr\/wp-json\/wp\/v2\/media?parent=5076"}],"wp:term":[{"taxonomy":"product_brand","embeddable":true,"href":"https:\/\/turkishtrade.co\/fr\/wp-json\/wp\/v2\/product_brand?post=5076"},{"taxonomy":"product_cat","embeddable":true,"href":"https:\/\/turkishtrade.co\/fr\/wp-json\/wp\/v2\/product_cat?post=5076"},{"taxonomy":"product_tag","embeddable":true,"href":"https:\/\/turkishtrade.co\/fr\/wp-json\/wp\/v2\/product_tag?post=5076"}],"curies":[{"name":"wp","href":"https:\/\/api.w.org\/{rel}","templated":true}]}}