{"id":5074,"date":"2026-01-14T11:09:44","date_gmt":"2026-01-14T11:09:44","guid":{"rendered":"https:\/\/turkishtrade.co\/product\/mens-black-patent-leather-loafers\/"},"modified":"2026-04-09T19:45:03","modified_gmt":"2026-04-09T19:45:03","slug":"mens-black-patent-leather-loafers","status":"publish","type":"product","link":"https:\/\/turkishtrade.co\/fr\/shop\/mens-black-patent-leather-loafers\/","title":{"rendered":"Mocassins en cuir verni noir pour hommes avec embellissement m\u00e9tallique"},"content":{"rendered":"<p><strong>Mocassins en cuir verni noir pour hommes<\/strong><\/p>\n<p>Rehaussez votre tenue de soir\u00e9e gr\u00e2ce \u00e0 nos produits exquis. <strong>Mocassins en cuir verni noir pour hommes<\/strong>, Ces mocassins sont un v\u00e9ritable t\u00e9moignage d'un style sophistiqu\u00e9 et d'un savoir-faire d'expert. Con\u00e7us pour les hommes exigeants, ces mocassins offrent un m\u00e9lange in\u00e9gal\u00e9 d'\u00e9l\u00e9gance classique et de flair contemporain. Chaque paire de ces luxueux <strong>Mocassins en cuir verni noir pour hommes<\/strong> est m\u00e9ticuleusement fabriqu\u00e9e pour garantir une apparence remarquable et un confort durable, ce qui en fait un compl\u00e9ment essentiel \u00e0 toute collection de chaussures haut de gamme.<\/p>\n<p>Notre <strong>Mocassins en cuir verni noir pour hommes<\/strong> sont plus que de simples chaussures ; elles sont une d\u00e9claration de classe et de confiance. Elles s'associent parfaitement aux smokings, aux costumes d'affaires ou m\u00eame aux ensembles \u00e9l\u00e9gants et sophistiqu\u00e9s, offrant ainsi une polyvalence remarquable. La construction m\u00e9ticuleuse garantit que ces <strong>mocassins formels<\/strong> conserveront leur \u00e9tat impeccable et leur confort pendant des ann\u00e9es, affirmant ainsi leur statut d'investissement judicieux dans votre garde-robe. Faites l'exp\u00e9rience de la fusion parfaite entre l'art traditionnel et la technologie moderne de la chaussure avec ces chaussures exceptionnelles. <strong>chaussures en cuir verni noir<\/strong>.<\/p>\n<h3>L'excellence du commerce de gros pour les d\u00e9taillants<\/h3>\n<p>Pour les d\u00e9taillants qui souhaitent offrir \u00e0 leur client\u00e8le des chaussures de qualit\u00e9 sup\u00e9rieure, ces <strong>Mocassins en cuir verni noir pour hommes<\/strong> repr\u00e9sentent une opportunit\u00e9 exceptionnelle. Disponibles \u00e0 l'achat en gros, nous garantissons l'accessibilit\u00e9 aux entreprises de toutes tailles. Avec une quantit\u00e9 minimale de commande de seulement 8 paires, vous pouvez facilement stocker ces chaussures tr\u00e8s recherch\u00e9es. <strong>mocassins haut de gamme<\/strong>. B\u00e9n\u00e9ficiez d'un prix de gros comp\u00e9titif (USD par paire) et d'un d\u00e9lai de livraison fiable de 12 jours, frais de port en sus. Offrez \u00e0 vos clients le nec plus ultra en mati\u00e8re de style, de confort et de luxe en ajoutant ces chaussures impeccables \u00e0 votre collection. <strong>Mocassins en cuir verni noir pour hommes<\/strong> \u00e0 votre inventaire. Associez-vous \u00e0 nous pour apporter \u00e0 votre march\u00e9 une qualit\u00e9 sup\u00e9rieure et un design intemporel.<\/p>","protected":false},"excerpt":{"rendered":"<ul>\n<li>Ext\u00e9rieur en cuir de veau v\u00e9ritable avec finition vernie<\/li>\n<li>Int\u00e9rieur en cuir de ch\u00e8vre luxueux pour un confort supr\u00eame<\/li>\n<li>Semelle Microlight durable et l\u00e9g\u00e8re (talon de 1 \u00e0 3 cm)<\/li>\n<li>Embellissement m\u00e9tallique distinctif pour un look \u00e9lev\u00e9<\/li>\n<li>Disponible en tailles : 39, 40, 41, 42, 43, 44, 45<\/li>\n<li>Possibilit\u00e9 de vente en gros : Commande minimum de 8 paires<\/li>\n<li>Prix de gros comp\u00e9titif : USD par paire<\/li>\n<li>Livraison fiable : 12 jours + exp\u00e9dition<\/li>\n<\/ul>","protected":false},"featured_media":3432,"template":"","meta":{"_acf_changed":false,"_uag_custom_page_level_css":"","site-sidebar-layout":"default","site-content-layout":"","ast-site-content-layout":"default","site-content-style":"default","site-sidebar-style":"default","ast-global-header-display":"","ast-banner-title-visibility":"","ast-main-header-display":"","ast-hfb-above-header-display":"","ast-hfb-below-header-display":"","ast-hfb-mobile-header-display":"","site-post-title":"","ast-breadcrumbs-content":"","ast-featured-img":"","footer-sml-layout":"","ast-disable-related-posts":"","theme-transparent-header-meta":"default","adv-header-id-meta":"","stick-header-meta":"","header-above-stick-meta":"","header-main-stick-meta":"","header-below-stick-meta":"","astra-migrate-meta-layouts":"set","ast-page-background-enabled":"default","ast-page-background-meta":{"desktop":{"background-color":"var(--ast-global-color-4)","background-image":"","background-repeat":"repeat","background-position":"center center","background-size":"auto","background-attachment":"scroll","background-type":"","background-media":"","overlay-type":"","overlay-color":"","overlay-opacity":"","overlay-gradient":""},"tablet":{"background-color":"","background-image":"","background-repeat":"repeat","background-position":"center center","background-size":"auto","background-attachment":"scroll","background-type":"","background-media":"","overlay-type":"","overlay-color":"","overlay-opacity":"","overlay-gradient":""},"mobile":{"background-color":"","background-image":"","background-repeat":"repeat","background-position":"center center","background-size":"auto","background-attachment":"scroll","background-type":"","background-media":"","overlay-type":"","overlay-color":"","overlay-opacity":"","overlay-gradient":""}},"ast-content-background-meta":{"desktop":{"background-color":"var(--ast-global-color-5)","background-image":"","background-repeat":"repeat","background-position":"center center","background-size":"auto","background-attachment":"scroll","background-type":"","background-media":"","overlay-type":"","overlay-color":"","overlay-opacity":"","overlay-gradient":""},"tablet":{"background-color":"var(--ast-global-color-5)","background-image":"","background-repeat":"repeat","background-position":"center center","background-size":"auto","background-attachment":"scroll","background-type":"","background-media":"","overlay-type":"","overlay-color":"","overlay-opacity":"","overlay-gradient":""},"mobile":{"background-color":"var(--ast-global-color-5)","background-image":"","background-repeat":"repeat","background-position":"center center","background-size":"auto","background-attachment":"scroll","background-type":"","background-media":"","overlay-type":"","overlay-color":"","overlay-opacity":"","overlay-gradient":""}}},"product_brand":[],"product_cat":[47,430,40],"product_tag":[668,405,185,284,480,251,189,217,198,186,669,466,374,670,281],"class_list":{"0":"post-5074","1":"product","2":"type-product","3":"status-publish","4":"has-post-thumbnail","6":"product_cat-classic","7":"product_cat-men","8":"product_cat-mens-shoes","9":"product_tag-black-patent-leather","10":"product_tag-business-shoes","11":"product_tag-calf-leather-shoes","12":"product_tag-dress-shoes","13":"product_tag-elegant-shoes","14":"product_tag-formal-shoes","15":"product_tag-goat-leather-lining","16":"product_tag-luxury-footwear","17":"product_tag-mens-fashion","18":"product_tag-mens-loafers","19":"product_tag-metal-embellishment","20":"product_tag-microlight-sole","21":"product_tag-premium-loafers","22":"product_tag-stylish-loafers","23":"product_tag-wholesale-shoes","24":"desktop-align-center","25":"tablet-align-center","26":"mobile-align-center","28":"first","29":"instock","30":"shipping-taxable","31":"purchasable","32":"product-type-variable","33":"has-default-attributes"},"acf":[],"uagb_featured_image_src":{"full":["https:\/\/turkishtrade.co\/wp-content\/uploads\/2026\/01\/2400EJOMN00057-BLACK-X_12572_1.png",453,250,false],"thumbnail":["https:\/\/turkishtrade.co\/wp-content\/uploads\/2026\/01\/2400EJOMN00057-BLACK-X_12572_1-150x150.png",150,150,true],"medium":["https:\/\/turkishtrade.co\/wp-content\/uploads\/2026\/01\/2400EJOMN00057-BLACK-X_12572_1-300x166.png",300,166,true],"medium_large":["https:\/\/turkishtrade.co\/wp-content\/uploads\/2026\/01\/2400EJOMN00057-BLACK-X_12572_1.png",453,250,false],"large":["https:\/\/turkishtrade.co\/wp-content\/uploads\/2026\/01\/2400EJOMN00057-BLACK-X_12572_1.png",453,250,false],"1536x1536":["https:\/\/turkishtrade.co\/wp-content\/uploads\/2026\/01\/2400EJOMN00057-BLACK-X_12572_1.png",453,250,false],"2048x2048":["https:\/\/turkishtrade.co\/wp-content\/uploads\/2026\/01\/2400EJOMN00057-BLACK-X_12572_1.png",453,250,false],"trp-custom-language-flag":["https:\/\/turkishtrade.co\/wp-content\/uploads\/2026\/01\/2400EJOMN00057-BLACK-X_12572_1-18x10.png",18,10,true],"woocommerce_thumbnail":["https:\/\/turkishtrade.co\/wp-content\/uploads\/2026\/01\/2400EJOMN00057-BLACK-X_12572_1-400x250.png",400,250,true],"woocommerce_single":["https:\/\/turkishtrade.co\/wp-content\/uploads\/2026\/01\/2400EJOMN00057-BLACK-X_12572_1.png",453,250,false],"woocommerce_gallery_thumbnail":["https:\/\/turkishtrade.co\/wp-content\/uploads\/2026\/01\/2400EJOMN00057-BLACK-X_12572_1-100x100.png",100,100,true]},"uagb_author_info":{"display_name":"yaser olabi","author_link":"https:\/\/turkishtrade.co\/fr\/author\/"},"uagb_comment_info":0,"uagb_excerpt":"Exquisite Genuine Calf Leather Exterior with Patent Finish Luxurious Goat Leather Interior for Supreme Comfort Durable and Lightweight Microlight Sole (1-3 cm heel) Distinctive Metal Embellishment for an Elevated Look Available in Sizes: 39, 40, 41, 42, 43, 44, 45 Wholesale Opportunity: Minimum Order of 8 Pairs Competitive Wholesale Price: USD per pair Reliable Delivery:\u2026","_links":{"self":[{"href":"https:\/\/turkishtrade.co\/fr\/wp-json\/wp\/v2\/product\/5074","targetHints":{"allow":["GET"]}}],"collection":[{"href":"https:\/\/turkishtrade.co\/fr\/wp-json\/wp\/v2\/product"}],"about":[{"href":"https:\/\/turkishtrade.co\/fr\/wp-json\/wp\/v2\/types\/product"}],"wp:featuredmedia":[{"embeddable":true,"href":"https:\/\/turkishtrade.co\/fr\/wp-json\/wp\/v2\/media\/3432"}],"wp:attachment":[{"href":"https:\/\/turkishtrade.co\/fr\/wp-json\/wp\/v2\/media?parent=5074"}],"wp:term":[{"taxonomy":"product_brand","embeddable":true,"href":"https:\/\/turkishtrade.co\/fr\/wp-json\/wp\/v2\/product_brand?post=5074"},{"taxonomy":"product_cat","embeddable":true,"href":"https:\/\/turkishtrade.co\/fr\/wp-json\/wp\/v2\/product_cat?post=5074"},{"taxonomy":"product_tag","embeddable":true,"href":"https:\/\/turkishtrade.co\/fr\/wp-json\/wp\/v2\/product_tag?post=5074"}],"curies":[{"name":"wp","href":"https:\/\/api.w.org\/{rel}","templated":true}]}}