{"id":5057,"date":"2026-01-14T11:06:18","date_gmt":"2026-01-14T11:06:18","guid":{"rendered":"https:\/\/turkishtrade.co\/product\/men-calf-leather-dress-shoes\/"},"modified":"2026-04-09T19:45:33","modified_gmt":"2026-04-09T19:45:33","slug":"luxury-mens-calf-leather-dress-shoes","status":"publish","type":"product","link":"https:\/\/turkishtrade.co\/fr\/shop\/luxury-mens-calf-leather-dress-shoes\/","title":{"rendered":"Chaussures derby \u00e9l\u00e9gantes en cuir de veau pour hommes"},"content":{"rendered":"<p><strong>Chaussures habill\u00e9es en cuir de veau pour hommes<\/strong><\/p>\n<p>Entrez dans une sophistication in\u00e9gal\u00e9e gr\u00e2ce \u00e0 notre collection de <strong>chaussures habill\u00e9es en cuir de veau pour hommes<\/strong>. M\u00e9ticuleusement con\u00e7ues pour le gentleman exigeant, ces chaussures allient l'\u00e9l\u00e9gance classique au confort moderne, ce qui en fait un compl\u00e9ment essentiel \u00e0 toute garde-robe formelle ou professionnelle. Fabriqu\u00e9e \u00e0 la perfection, chaque paire refl\u00e8te un engagement de qualit\u00e9 et de style intemporel.<\/p>\n<h3>Des mat\u00e9riaux exquis pour un confort et un style sup\u00e9rieurs<\/h3>\n<p>L'ext\u00e9rieur de ces chaussures exceptionnelles est fabriqu\u00e9 en cuir de veau ext\u00e9rieur de premi\u00e8re qualit\u00e9, r\u00e9put\u00e9 pour sa texture lisse, sa brillance naturelle et sa remarquable durabilit\u00e9. Ce cuir de veau de qualit\u00e9 sup\u00e9rieure offre non seulement une esth\u00e9tique luxueuse, mais il se moule aussi merveilleusement \u00e0 votre pied au fil du temps, offrant un ajustement personnalis\u00e9. En compl\u00e9ment de l'ext\u00e9rieur robuste, l'int\u00e9rieur est doubl\u00e9 d'un somptueux cuir de ch\u00e8vre. Ce choix de mat\u00e9riau int\u00e9rieur garantit la respirabilit\u00e9, r\u00e9duit les frottements et offre un toucher incroyablement doux, ce qui fait de ces chaussures les plus confortables du march\u00e9. <strong>chaussures habill\u00e9es en cuir de veau pour hommes<\/strong> que vous poss\u00e9derez.<\/p>\n<h3>Conception innovante pour une utilisation tout au long de la journ\u00e9e<\/h3>\n<p>Le confort ne doit pas se faire au d\u00e9triment du style. Nos chaussures de c\u00e9r\u00e9monie pour hommes sont dot\u00e9es d'une semelle Microlight l\u00e9g\u00e8re, con\u00e7ue pour offrir souplesse et long\u00e9vit\u00e9 sans vous alourdir. Le talon subtil de 1 \u00e0 3 cm offre juste ce qu'il faut d'\u00e9l\u00e9vation pour une silhouette raffin\u00e9e, assurant la stabilit\u00e9 et r\u00e9duisant la fatigue pendant les longues journ\u00e9es ou soir\u00e9es. L'\u00e9l\u00e9gant design moc-toe, visible \u00e0 la fois dans les options marron riche et bleu marine profond, ajoute une touche de sophistication classique qui transcende les tendances.<\/p>\n<h3>Parfait pour toutes les occasions et les commandes en gros<\/h3>\n<p>Que ce soit pour une r\u00e9union d'affaires importante, un \u00e9v\u00e9nement formel ou simplement pour rehausser votre tenue de tous les jours, ces <strong>chaussures habill\u00e9es en cuir de veau pour hommes<\/strong> sont suffisamment polyvalents pour convenir \u00e0 diverses occasions. Leur design intemporel leur permet de se marier parfaitement avec les costumes, les blazers et les tenues d\u00e9contract\u00e9es. Nous comprenons les besoins de nos partenaires grossistes, c'est pourquoi ces chaussures haut de gamme sont disponibles avec une quantit\u00e9 minimale de commande de 8 paires. Avec un d\u00e9lai de livraison de seulement 12 jours plus les frais d'exp\u00e9dition, il n'a jamais \u00e9t\u00e9 aussi facile d'approvisionner votre stock en chaussures de haute qualit\u00e9. Offrez \u00e0 vos clients le luxe et le savoir-faire qu'ils m\u00e9ritent avec ces chaussures habill\u00e9es en cuir de veau.<\/p>","protected":false},"excerpt":{"rendered":"<ul>\n<li>Fabriqu\u00e9 de mani\u00e8re experte en cuir de veau ext\u00e9rieur de premi\u00e8re qualit\u00e9 pour un look sophistiqu\u00e9 et une durabilit\u00e9 exceptionnelle.<\/li>\n<li>Doubl\u00e9 d'un cuir de ch\u00e8vre int\u00e9rieur doux et respirant, il assure un confort sup\u00e9rieur tout au long de la journ\u00e9e.<\/li>\n<li>Dot\u00e9e d'une semelle Microlight l\u00e9g\u00e8re pour une flexibilit\u00e9 et un port sans effort.<\/li>\n<li>Con\u00e7u avec un talon subtil de 1 \u00e0 3 cm, il offre une posture et un confort id\u00e9aux.<\/li>\n<li>Disponible dans une gamme polyvalente de tailles : EU 39, 40, 41, 42, 43, 44, 45.<\/li>\n<li><b>Quantit\u00e9 minimale de commande de 8 paires<\/b>, Le programme est id\u00e9al pour les partenaires de la vente en gros et de la vente au d\u00e9tail.<\/li>\n<\/ul>","protected":false},"featured_media":3424,"template":"","meta":{"_acf_changed":false,"_uag_custom_page_level_css":"","site-sidebar-layout":"default","site-content-layout":"","ast-site-content-layout":"default","site-content-style":"default","site-sidebar-style":"default","ast-global-header-display":"","ast-banner-title-visibility":"","ast-main-header-display":"","ast-hfb-above-header-display":"","ast-hfb-below-header-display":"","ast-hfb-mobile-header-display":"","site-post-title":"","ast-breadcrumbs-content":"","ast-featured-img":"","footer-sml-layout":"","ast-disable-related-posts":"","theme-transparent-header-meta":"default","adv-header-id-meta":"","stick-header-meta":"","header-above-stick-meta":"","header-main-stick-meta":"","header-below-stick-meta":"","astra-migrate-meta-layouts":"set","ast-page-background-enabled":"default","ast-page-background-meta":{"desktop":{"background-color":"var(--ast-global-color-4)","background-image":"","background-repeat":"repeat","background-position":"center center","background-size":"auto","background-attachment":"scroll","background-type":"","background-media":"","overlay-type":"","overlay-color":"","overlay-opacity":"","overlay-gradient":""},"tablet":{"background-color":"","background-image":"","background-repeat":"repeat","background-position":"center center","background-size":"auto","background-attachment":"scroll","background-type":"","background-media":"","overlay-type":"","overlay-color":"","overlay-opacity":"","overlay-gradient":""},"mobile":{"background-color":"","background-image":"","background-repeat":"repeat","background-position":"center center","background-size":"auto","background-attachment":"scroll","background-type":"","background-media":"","overlay-type":"","overlay-color":"","overlay-opacity":"","overlay-gradient":""}},"ast-content-background-meta":{"desktop":{"background-color":"var(--ast-global-color-5)","background-image":"","background-repeat":"repeat","background-position":"center center","background-size":"auto","background-attachment":"scroll","background-type":"","background-media":"","overlay-type":"","overlay-color":"","overlay-opacity":"","overlay-gradient":""},"tablet":{"background-color":"var(--ast-global-color-5)","background-image":"","background-repeat":"repeat","background-position":"center center","background-size":"auto","background-attachment":"scroll","background-type":"","background-media":"","overlay-type":"","overlay-color":"","overlay-opacity":"","overlay-gradient":""},"mobile":{"background-color":"var(--ast-global-color-5)","background-image":"","background-repeat":"repeat","background-position":"center center","background-size":"auto","background-attachment":"scroll","background-type":"","background-media":"","overlay-type":"","overlay-color":"","overlay-opacity":"","overlay-gradient":""}}},"product_brand":[],"product_cat":[47,430,40],"product_tag":[398,199,405,185,609,650,251,189,649,324,466,362,281],"class_list":{"0":"post-5057","1":"product","2":"type-product","3":"status-publish","4":"has-post-thumbnail","6":"product_cat-classic","7":"product_cat-men","8":"product_cat-mens-shoes","9":"product_tag-blue-dress-shoes","10":"product_tag-brown-dress-shoes","11":"product_tag-business-shoes","12":"product_tag-calf-leather-shoes","13":"product_tag-elegant-mens-shoes","14":"product_tag-eu-sizes","15":"product_tag-formal-shoes","16":"product_tag-goat-leather-lining","17":"product_tag-leather-derby-shoes","18":"product_tag-mens-dress-shoes","19":"product_tag-microlight-sole","20":"product_tag-premium-footwear","21":"product_tag-wholesale-shoes","22":"desktop-align-center","23":"tablet-align-center","24":"mobile-align-center","26":"first","27":"instock","28":"shipping-taxable","29":"purchasable","30":"product-type-variable","31":"has-default-attributes"},"acf":[],"uagb_featured_image_src":{"full":["https:\/\/turkishtrade.co\/wp-content\/uploads\/2026\/01\/2400EJOMN00049-DARK-BLUE-Y_541.png",453,250,false],"thumbnail":["https:\/\/turkishtrade.co\/wp-content\/uploads\/2026\/01\/2400EJOMN00049-DARK-BLUE-Y_541-150x150.png",150,150,true],"medium":["https:\/\/turkishtrade.co\/wp-content\/uploads\/2026\/01\/2400EJOMN00049-DARK-BLUE-Y_541-300x166.png",300,166,true],"medium_large":["https:\/\/turkishtrade.co\/wp-content\/uploads\/2026\/01\/2400EJOMN00049-DARK-BLUE-Y_541.png",453,250,false],"large":["https:\/\/turkishtrade.co\/wp-content\/uploads\/2026\/01\/2400EJOMN00049-DARK-BLUE-Y_541.png",453,250,false],"1536x1536":["https:\/\/turkishtrade.co\/wp-content\/uploads\/2026\/01\/2400EJOMN00049-DARK-BLUE-Y_541.png",453,250,false],"2048x2048":["https:\/\/turkishtrade.co\/wp-content\/uploads\/2026\/01\/2400EJOMN00049-DARK-BLUE-Y_541.png",453,250,false],"trp-custom-language-flag":["https:\/\/turkishtrade.co\/wp-content\/uploads\/2026\/01\/2400EJOMN00049-DARK-BLUE-Y_541-18x10.png",18,10,true],"woocommerce_thumbnail":["https:\/\/turkishtrade.co\/wp-content\/uploads\/2026\/01\/2400EJOMN00049-DARK-BLUE-Y_541-400x250.png",400,250,true],"woocommerce_single":["https:\/\/turkishtrade.co\/wp-content\/uploads\/2026\/01\/2400EJOMN00049-DARK-BLUE-Y_541.png",453,250,false],"woocommerce_gallery_thumbnail":["https:\/\/turkishtrade.co\/wp-content\/uploads\/2026\/01\/2400EJOMN00049-DARK-BLUE-Y_541-100x100.png",100,100,true]},"uagb_author_info":{"display_name":"yaser olabi","author_link":"https:\/\/turkishtrade.co\/fr\/author\/"},"uagb_comment_info":0,"uagb_excerpt":"Expertly crafted from premium outer calf leather for a sophisticated look and exceptional durability. Lined with soft, breathable inner goat leather, ensuring superior comfort throughout the day. Features a lightweight Microlight sole for flexibility and effortless wear. Designed with a subtle 1-3 cm heel, offering ideal posture and comfort. Available in a versatile range of\u2026","_links":{"self":[{"href":"https:\/\/turkishtrade.co\/fr\/wp-json\/wp\/v2\/product\/5057","targetHints":{"allow":["GET"]}}],"collection":[{"href":"https:\/\/turkishtrade.co\/fr\/wp-json\/wp\/v2\/product"}],"about":[{"href":"https:\/\/turkishtrade.co\/fr\/wp-json\/wp\/v2\/types\/product"}],"wp:featuredmedia":[{"embeddable":true,"href":"https:\/\/turkishtrade.co\/fr\/wp-json\/wp\/v2\/media\/3424"}],"wp:attachment":[{"href":"https:\/\/turkishtrade.co\/fr\/wp-json\/wp\/v2\/media?parent=5057"}],"wp:term":[{"taxonomy":"product_brand","embeddable":true,"href":"https:\/\/turkishtrade.co\/fr\/wp-json\/wp\/v2\/product_brand?post=5057"},{"taxonomy":"product_cat","embeddable":true,"href":"https:\/\/turkishtrade.co\/fr\/wp-json\/wp\/v2\/product_cat?post=5057"},{"taxonomy":"product_tag","embeddable":true,"href":"https:\/\/turkishtrade.co\/fr\/wp-json\/wp\/v2\/product_tag?post=5057"}],"curies":[{"name":"wp","href":"https:\/\/api.w.org\/{rel}","templated":true}]}}