{"id":5055,"date":"2026-01-14T11:05:58","date_gmt":"2026-01-14T11:05:58","guid":{"rendered":"https:\/\/turkishtrade.co\/product\/men-s-leather-derby-shoes-2\/"},"modified":"2026-04-09T19:45:37","modified_gmt":"2026-04-09T19:45:37","slug":"style-premium-mens-leather-derby-shoes","status":"publish","type":"product","link":"https:\/\/turkishtrade.co\/fr\/shop\/style-premium-mens-leather-derby-shoes\/","title":{"rendered":"Premium Chaussures derby en cuir de veau bleu pour hommes"},"content":{"rendered":"<p><strong>Chaussures derby en cuir pour hommes<\/strong><\/p>\n<p>Entrez dans un monde d'\u00e9l\u00e9gance raffin\u00e9e et de confort in\u00e9gal\u00e9 avec notre <b>Premium Chaussures derby en cuir de veau bleu pour hommes<\/b>. M\u00e9ticuleusement con\u00e7ues pour le gentleman exigeant, ces chaussures ne sont pas seulement un accessoire mais une d\u00e9claration de sophistication. Fabriqu\u00e9es \u00e0 partir du meilleur cuir de veau pour l'ext\u00e9rieur, elles offrent une finition lisse et brillante dans une teinte bleue frappante qui s'accordera sans effort avec vos tenues d'affaires et vos ensembles d\u00e9contract\u00e9s \u00e9l\u00e9gants. La riche couleur bleue ajoute une touche de modernit\u00e9 \u00e0 un design classique, vous assurant de vous d\u00e9marquer avec une gr\u00e2ce discr\u00e8te.<\/p>\n<p>La qualit\u00e9 exceptionnelle s'\u00e9tend \u00e0 l'int\u00e9rieur, o\u00f9 le cuir de ch\u00e8vre souple et doux offre une sensation luxueuse contre votre pied, assurant la respirabilit\u00e9 et le confort tout au long de la journ\u00e9e. Oubliez l'\u00e9poque o\u00f9 l'on sacrifiait le confort au style. <b>chaussures derby en cuir pour hommes<\/b> sont con\u00e7ues pour offrir les deux. La silhouette derby classique, caract\u00e9ris\u00e9e par son syst\u00e8me de la\u00e7age ouvert, offre une esth\u00e9tique polyvalente \u00e0 la fois formelle et adaptable, ce qui fait de ces chaussures un choix parfait pour diverses occasions, qu'il s'agisse d'un cadre d'entreprise ou d'une rencontre sociale haut de gamme.<\/p>\n<h3>Un confort et un savoir-faire in\u00e9gal\u00e9s<\/h3>\n<p>D\u00e9couvrez la conception innovante de notre semelle Microlight. Cette technologie de pointe offre une l\u00e9g\u00e8ret\u00e9 et une flexibilit\u00e9 incroyables, permettant un mouvement naturel du pied et r\u00e9duisant la fatigue, m\u00eame en cas de port prolong\u00e9. Associ\u00e9es \u00e0 un talon de 1 \u00e0 3 cm, subtil mais qui soutient le pied, ces chaussures sont tr\u00e8s confortables. <b>chaussures derby en cuir bleu pour hommes<\/b> offrent juste ce qu'il faut de portance sans compromettre la stabilit\u00e9 ou le confort. Chaque paire t\u00e9moigne d'un savoir-faire sup\u00e9rieur, garantissant une durabilit\u00e9 et un attrait intemporel qui dureront des saisons, devenant un \u00e9l\u00e9ment pr\u00e9cieux de votre collection de chaussures.<\/p>\n<h3>Opportunit\u00e9 de vente en gros de chaussures haut de gamme<\/h3>\n<p>Disponibles dans une large gamme de pointures allant de l'UE 39 \u00e0 45, ces chaussures habill\u00e9es de qualit\u00e9 sup\u00e9rieure sont con\u00e7ues pour s'adapter parfaitement \u00e0 la morphologie de l'utilisateur et lui procurer une sensation de confort et de soutien. Que vous assistiez \u00e0 une r\u00e9union d'affaires importante, \u00e0 un \u00e9v\u00e9nement formel ou que vous profitiez simplement d'une soir\u00e9e sophistiqu\u00e9e, ces chaussures de ville de qualit\u00e9 sup\u00e9rieure sont con\u00e7ues pour s'adapter parfaitement \u00e0 votre morphologie. <b>chaussures derby en cuir pour hommes<\/b> rehausseront votre pr\u00e9sence gr\u00e2ce \u00e0 leur charme distingu\u00e9. Pour les entreprises qui souhaitent offrir des chaussures de haute qualit\u00e9, nous proposons des options de vente en gros flexibles avec une commande minimale de seulement 8 paires, livr\u00e9es efficacement dans un d\u00e9lai de 12 jours plus les frais d'exp\u00e9dition. Investissez dans un style et un confort durables avec notre collection de <b>chaussures derby en cuir pour hommes<\/b> qui promettent d'\u00eatre la pierre angulaire de toute garde-robe moderne, alliant l'\u00e9l\u00e9gance classique au confort contemporain.<\/p>","protected":false},"excerpt":{"rendered":"<ul>\n<li>Fabriqu\u00e9 en cuir de veau luxueux \u00e0 l'ext\u00e9rieur et en cuir de ch\u00e8vre souple \u00e0 l'int\u00e9rieur.<\/li>\n<li>Semelle l\u00e9g\u00e8re Microlight pour un confort et une flexibilit\u00e9 tout au long de la journ\u00e9e<\/li>\n<li>Talon de 1 \u00e0 3 cm, subtil mais \u00e9l\u00e9gant, pour une allure \u00e9l\u00e9gante<\/li>\n<li>Disponible dans une large gamme de tailles : EU 39, 40, 41, 42, 43, 44, 45<\/li>\n<li>Id\u00e9al pour la vente en gros : Commande minimum de 8 paires disponible avec livraison en 12 jours + frais de port<\/li>\n<\/ul>","protected":false},"featured_media":3422,"template":"","meta":{"_acf_changed":false,"_uag_custom_page_level_css":"","site-sidebar-layout":"default","site-content-layout":"","ast-site-content-layout":"default","site-content-style":"default","site-sidebar-style":"default","ast-global-header-display":"","ast-banner-title-visibility":"","ast-main-header-display":"","ast-hfb-above-header-display":"","ast-hfb-below-header-display":"","ast-hfb-mobile-header-display":"","site-post-title":"","ast-breadcrumbs-content":"","ast-featured-img":"","footer-sml-layout":"","ast-disable-related-posts":"","theme-transparent-header-meta":"default","adv-header-id-meta":"","stick-header-meta":"","header-above-stick-meta":"","header-main-stick-meta":"","header-below-stick-meta":"","astra-migrate-meta-layouts":"set","ast-page-background-enabled":"default","ast-page-background-meta":{"desktop":{"background-color":"var(--ast-global-color-4)","background-image":"","background-repeat":"repeat","background-position":"center center","background-size":"auto","background-attachment":"scroll","background-type":"","background-media":"","overlay-type":"","overlay-color":"","overlay-opacity":"","overlay-gradient":""},"tablet":{"background-color":"","background-image":"","background-repeat":"repeat","background-position":"center center","background-size":"auto","background-attachment":"scroll","background-type":"","background-media":"","overlay-type":"","overlay-color":"","overlay-opacity":"","overlay-gradient":""},"mobile":{"background-color":"","background-image":"","background-repeat":"repeat","background-position":"center center","background-size":"auto","background-attachment":"scroll","background-type":"","background-media":"","overlay-type":"","overlay-color":"","overlay-opacity":"","overlay-gradient":""}},"ast-content-background-meta":{"desktop":{"background-color":"var(--ast-global-color-5)","background-image":"","background-repeat":"repeat","background-position":"center center","background-size":"auto","background-attachment":"scroll","background-type":"","background-media":"","overlay-type":"","overlay-color":"","overlay-opacity":"","overlay-gradient":""},"tablet":{"background-color":"var(--ast-global-color-5)","background-image":"","background-repeat":"repeat","background-position":"center center","background-size":"auto","background-attachment":"scroll","background-type":"","background-media":"","overlay-type":"","overlay-color":"","overlay-opacity":"","overlay-gradient":""},"mobile":{"background-color":"var(--ast-global-color-5)","background-image":"","background-repeat":"repeat","background-position":"center center","background-size":"auto","background-attachment":"scroll","background-type":"","background-media":"","overlay-type":"","overlay-color":"","overlay-opacity":"","overlay-gradient":""}}},"product_brand":[],"product_cat":[47,430,40],"product_tag":[646,405,202,212,284,251,437,227,198,466,362,280,281],"class_list":{"0":"post-5055","1":"product","2":"type-product","3":"status-publish","4":"has-post-thumbnail","6":"product_cat-classic","7":"product_cat-men","8":"product_cat-mens-shoes","9":"product_tag-blue-shoes","10":"product_tag-business-shoes","11":"product_tag-calf-leather","12":"product_tag-derby-shoes","13":"product_tag-dress-shoes","14":"product_tag-formal-shoes","15":"product_tag-goat-leather","16":"product_tag-leather-shoes","17":"product_tag-mens-fashion","18":"product_tag-microlight-sole","19":"product_tag-premium-footwear","20":"product_tag-smart-casual-shoes","21":"product_tag-wholesale-shoes","22":"desktop-align-center","23":"tablet-align-center","24":"mobile-align-center","26":"first","27":"instock","28":"shipping-taxable","29":"purchasable","30":"product-type-variable","31":"has-default-attributes"},"acf":[],"uagb_featured_image_src":{"full":["https:\/\/turkishtrade.co\/wp-content\/uploads\/2026\/01\/2400EJOMN00048-DARK-BLUE-Z_542.png",453,250,false],"thumbnail":["https:\/\/turkishtrade.co\/wp-content\/uploads\/2026\/01\/2400EJOMN00048-DARK-BLUE-Z_542-150x150.png",150,150,true],"medium":["https:\/\/turkishtrade.co\/wp-content\/uploads\/2026\/01\/2400EJOMN00048-DARK-BLUE-Z_542-300x166.png",300,166,true],"medium_large":["https:\/\/turkishtrade.co\/wp-content\/uploads\/2026\/01\/2400EJOMN00048-DARK-BLUE-Z_542.png",453,250,false],"large":["https:\/\/turkishtrade.co\/wp-content\/uploads\/2026\/01\/2400EJOMN00048-DARK-BLUE-Z_542.png",453,250,false],"1536x1536":["https:\/\/turkishtrade.co\/wp-content\/uploads\/2026\/01\/2400EJOMN00048-DARK-BLUE-Z_542.png",453,250,false],"2048x2048":["https:\/\/turkishtrade.co\/wp-content\/uploads\/2026\/01\/2400EJOMN00048-DARK-BLUE-Z_542.png",453,250,false],"trp-custom-language-flag":["https:\/\/turkishtrade.co\/wp-content\/uploads\/2026\/01\/2400EJOMN00048-DARK-BLUE-Z_542-18x10.png",18,10,true],"woocommerce_thumbnail":["https:\/\/turkishtrade.co\/wp-content\/uploads\/2026\/01\/2400EJOMN00048-DARK-BLUE-Z_542-400x250.png",400,250,true],"woocommerce_single":["https:\/\/turkishtrade.co\/wp-content\/uploads\/2026\/01\/2400EJOMN00048-DARK-BLUE-Z_542.png",453,250,false],"woocommerce_gallery_thumbnail":["https:\/\/turkishtrade.co\/wp-content\/uploads\/2026\/01\/2400EJOMN00048-DARK-BLUE-Z_542-100x100.png",100,100,true]},"uagb_author_info":{"display_name":"yaser olabi","author_link":"https:\/\/turkishtrade.co\/fr\/author\/"},"uagb_comment_info":0,"uagb_excerpt":"Crafted from luxurious calf leather outer and soft goat leather inner Lightweight Microlight sole for all-day comfort and flexibility Subtle yet stylish 1-3cm heel for an elegant lift Available in a comprehensive size range: EU 39, 40, 41, 42, 43, 44, 45 Ideal for wholesale: Minimum order of 8 pairs available with 12-day delivery +\u2026","_links":{"self":[{"href":"https:\/\/turkishtrade.co\/fr\/wp-json\/wp\/v2\/product\/5055","targetHints":{"allow":["GET"]}}],"collection":[{"href":"https:\/\/turkishtrade.co\/fr\/wp-json\/wp\/v2\/product"}],"about":[{"href":"https:\/\/turkishtrade.co\/fr\/wp-json\/wp\/v2\/types\/product"}],"wp:featuredmedia":[{"embeddable":true,"href":"https:\/\/turkishtrade.co\/fr\/wp-json\/wp\/v2\/media\/3422"}],"wp:attachment":[{"href":"https:\/\/turkishtrade.co\/fr\/wp-json\/wp\/v2\/media?parent=5055"}],"wp:term":[{"taxonomy":"product_brand","embeddable":true,"href":"https:\/\/turkishtrade.co\/fr\/wp-json\/wp\/v2\/product_brand?post=5055"},{"taxonomy":"product_cat","embeddable":true,"href":"https:\/\/turkishtrade.co\/fr\/wp-json\/wp\/v2\/product_cat?post=5055"},{"taxonomy":"product_tag","embeddable":true,"href":"https:\/\/turkishtrade.co\/fr\/wp-json\/wp\/v2\/product_tag?post=5055"}],"curies":[{"name":"wp","href":"https:\/\/api.w.org\/{rel}","templated":true}]}}