{"id":5050,"date":"2026-01-14T11:05:14","date_gmt":"2026-01-14T11:05:14","guid":{"rendered":"https:\/\/turkishtrade.co\/product\/men-s-crocodile-embossed-loafers\/"},"modified":"2026-04-09T19:45:46","modified_gmt":"2026-04-09T19:45:46","slug":"mens-crocodile-embossed-loafers-4","status":"publish","type":"product","link":"https:\/\/turkishtrade.co\/fr\/shop\/mens-crocodile-embossed-loafers-4\/","title":{"rendered":"Mocassins de luxe en cuir gaufr\u00e9 au crocodile pour hommes avec boucle"},"content":{"rendered":"<p><strong>Mocassins gaufr\u00e9s en crocodile pour hommes<\/strong><\/p>\n<p>D\u00e9couvrez l'incarnation d'un style sophistiqu\u00e9 gr\u00e2ce \u00e0 notre collection exquise de <strong>Mocassins gaufr\u00e9s en crocodile pour hommes<\/strong>. Con\u00e7us pour les hommes exigeants, ces mocassins allient harmonieusement \u00e9l\u00e9gance intemporelle et luxe moderne. Chaque paire est m\u00e9ticuleusement fabriqu\u00e9e pour assurer \u00e0 la fois une esth\u00e9tique \u00e9tonnante et un confort exceptionnel, ce qui en fait un compl\u00e9ment indispensable \u00e0 toute garde-robe contemporaine.<\/p>\n<h3>Un savoir-faire in\u00e9gal\u00e9 et des mat\u00e9riaux de premi\u00e8re qualit\u00e9<\/h3>\n<p>Au c\u0153ur de ces mocassins luxueux se trouve une s\u00e9lection de mat\u00e9riaux de qualit\u00e9 sup\u00e9rieure. La surface ext\u00e9rieure est fabriqu\u00e9e en cuir de veau de qualit\u00e9 sup\u00e9rieure, gaufr\u00e9 de mani\u00e8re experte pour imiter la texture distinctive de la peau de crocodile, offrant un aspect haut de gamme sans compromettre l'approvisionnement \u00e9thique. Ce souci du d\u00e9tail garantit que chaque paire de <strong>Mocassins gaufr\u00e9s en crocodile pour hommes<\/strong> se distingue par son caract\u00e8re unique et son attrait sophistiqu\u00e9. \u00c0 l'int\u00e9rieur, vos pieds sont berc\u00e9s par la douce \u00e9treinte de la doublure en cuir de ch\u00e8vre v\u00e9ritable, qui offre une bonne respirabilit\u00e9 et un toucher incroyablement doux qui dure toute la journ\u00e9e. La combinaison de ces cuirs de qualit\u00e9 sup\u00e9rieure garantit la durabilit\u00e9 et une exp\u00e9rience de port confortable.<\/p>\n<h3>Con\u00e7u pour le confort et le style<\/h3>\n<p>Le confort est primordial, et notre <strong>Mocassins gaufr\u00e9s en crocodile pour hommes<\/strong> livrent. Ils sont dot\u00e9s d'une semelle Microlight \u00e0 la fois l\u00e9g\u00e8re et durable, con\u00e7ue pour offrir une excellente adh\u00e9rence et une grande souplesse, absorbant les chocs \u00e0 chaque pas. Avec une hauteur de talon subtile de 1 \u00e0 3 cm, ces mocassins offrent une l\u00e9g\u00e8re \u00e9l\u00e9vation qui am\u00e9liore la posture sans sacrifier le confort. L'\u00e9l\u00e9gante boucle m\u00e9tallique sur l'empeigne ajoute une touche de classe raffin\u00e9e, \u00e9levant ces chaussures au-del\u00e0 de l'ordinaire. Disponibles en noir classique et en marron riche, ces mocassins polyvalents sont parfaits pour s'associer \u00e0 toutes sortes de tenues, qu'il s'agisse de v\u00eatements d'affaires ou d'ensembles d\u00e9contract\u00e9s pour les occasions sp\u00e9ciales.<\/p>\n<h3>Opportunit\u00e9 de vente en gros et port\u00e9e mondiale<\/h3>\n<p>Pour les d\u00e9taillants et les entreprises qui souhaitent proposer des chaussures haut de gamme, nos <strong>Mocassins gaufr\u00e9s en crocodile pour hommes<\/strong> sont disponibles \u00e0 l'achat en gros. Avec une quantit\u00e9 minimale de commande de seulement 8 paires, il est facile de s'approvisionner en ces chaussures de luxe tr\u00e8s recherch\u00e9es. Nous sommes fiers de notre service efficace, avec un d\u00e9lai de livraison d'environ 12 jours plus les frais d'exp\u00e9dition, ce qui garantit que votre commande vous parviendra rapidement. Proposer ces mocassins de haute qualit\u00e9 et \u00e0 la pointe de la mode \u00e0 un prix comp\u00e9titif de USD par paire est une excellente occasion d'enrichir votre gamme de produits avec des chaussures pour hommes vraiment distinctives. Am\u00e9liorez votre collection et offrez \u00e0 vos clients le style et le confort in\u00e9gal\u00e9s de nos remarquables mocassins. <strong>Mocassins gaufr\u00e9s en crocodile pour hommes<\/strong>.<\/p>","protected":false},"excerpt":{"rendered":"<ul>\n<li>Fabriqu\u00e9 \u00e0 la main en cuir de veau de premi\u00e8re qualit\u00e9 avec gaufrage crocodile<\/li>\n<li>Doublure int\u00e9rieure en cuir de ch\u00e8vre luxueux pour un confort supr\u00eame<\/li>\n<li>Semelle Microlight durable et l\u00e9g\u00e8re<\/li>\n<li>Boucle m\u00e9tallique \u00e9l\u00e9gante pour une touche sophistiqu\u00e9e<\/li>\n<li>Disponible en tailles europ\u00e9ennes 39-45<\/li>\n<li>Disponibilit\u00e9 en gros : Commande minimum de 8 paires<\/li>\n<li>Prix comp\u00e9titif : USD par paire<\/li>\n<\/ul>","protected":false},"featured_media":3420,"template":"","meta":{"_acf_changed":false,"_uag_custom_page_level_css":"","site-sidebar-layout":"default","site-content-layout":"","ast-site-content-layout":"default","site-content-style":"default","site-sidebar-style":"default","ast-global-header-display":"","ast-banner-title-visibility":"","ast-main-header-display":"","ast-hfb-above-header-display":"","ast-hfb-below-header-display":"","ast-hfb-mobile-header-display":"","site-post-title":"","ast-breadcrumbs-content":"","ast-featured-img":"","footer-sml-layout":"","ast-disable-related-posts":"","theme-transparent-header-meta":"default","adv-header-id-meta":"","stick-header-meta":"","header-above-stick-meta":"","header-main-stick-meta":"","header-below-stick-meta":"","astra-migrate-meta-layouts":"set","ast-page-background-enabled":"default","ast-page-background-meta":{"desktop":{"background-color":"var(--ast-global-color-4)","background-image":"","background-repeat":"repeat","background-position":"center center","background-size":"auto","background-attachment":"scroll","background-type":"","background-media":"","overlay-type":"","overlay-color":"","overlay-opacity":"","overlay-gradient":""},"tablet":{"background-color":"","background-image":"","background-repeat":"repeat","background-position":"center center","background-size":"auto","background-attachment":"scroll","background-type":"","background-media":"","overlay-type":"","overlay-color":"","overlay-opacity":"","overlay-gradient":""},"mobile":{"background-color":"","background-image":"","background-repeat":"repeat","background-position":"center center","background-size":"auto","background-attachment":"scroll","background-type":"","background-media":"","overlay-type":"","overlay-color":"","overlay-opacity":"","overlay-gradient":""}},"ast-content-background-meta":{"desktop":{"background-color":"var(--ast-global-color-5)","background-image":"","background-repeat":"repeat","background-position":"center center","background-size":"auto","background-attachment":"scroll","background-type":"","background-media":"","overlay-type":"","overlay-color":"","overlay-opacity":"","overlay-gradient":""},"tablet":{"background-color":"var(--ast-global-color-5)","background-image":"","background-repeat":"repeat","background-position":"center center","background-size":"auto","background-attachment":"scroll","background-type":"","background-media":"","overlay-type":"","overlay-color":"","overlay-opacity":"","overlay-gradient":""},"mobile":{"background-color":"var(--ast-global-color-5)","background-image":"","background-repeat":"repeat","background-position":"center center","background-size":"auto","background-attachment":"scroll","background-type":"","background-media":"","overlay-type":"","overlay-color":"","overlay-opacity":"","overlay-gradient":""}}},"product_brand":[],"product_cat":[47,430,40],"product_tag":[370,147,315,202,534,530,251,189,215,186,466,280,281],"class_list":{"0":"post-5050","1":"product","2":"type-product","3":"status-publish","4":"has-post-thumbnail","6":"product_cat-classic","7":"product_cat-men","8":"product_cat-mens-shoes","9":"product_tag-black-loafers","10":"product_tag-brown-loafers","11":"product_tag-buckle-loafers","12":"product_tag-calf-leather","13":"product_tag-crocodile-embossed-shoes","14":"product_tag-designer-loafers","15":"product_tag-formal-shoes","16":"product_tag-goat-leather-lining","17":"product_tag-leather-loafers","18":"product_tag-mens-loafers","19":"product_tag-microlight-sole","20":"product_tag-smart-casual-shoes","21":"product_tag-wholesale-shoes","22":"desktop-align-center","23":"tablet-align-center","24":"mobile-align-center","26":"first","27":"instock","28":"shipping-taxable","29":"purchasable","30":"product-type-variable","31":"has-default-attributes"},"acf":[],"uagb_featured_image_src":{"full":["https:\/\/turkishtrade.co\/wp-content\/uploads\/2026\/01\/2400EJOMN00046-BROWN-C_12572.png",453,250,false],"thumbnail":["https:\/\/turkishtrade.co\/wp-content\/uploads\/2026\/01\/2400EJOMN00046-BROWN-C_12572-150x150.png",150,150,true],"medium":["https:\/\/turkishtrade.co\/wp-content\/uploads\/2026\/01\/2400EJOMN00046-BROWN-C_12572-300x166.png",300,166,true],"medium_large":["https:\/\/turkishtrade.co\/wp-content\/uploads\/2026\/01\/2400EJOMN00046-BROWN-C_12572.png",453,250,false],"large":["https:\/\/turkishtrade.co\/wp-content\/uploads\/2026\/01\/2400EJOMN00046-BROWN-C_12572.png",453,250,false],"1536x1536":["https:\/\/turkishtrade.co\/wp-content\/uploads\/2026\/01\/2400EJOMN00046-BROWN-C_12572.png",453,250,false],"2048x2048":["https:\/\/turkishtrade.co\/wp-content\/uploads\/2026\/01\/2400EJOMN00046-BROWN-C_12572.png",453,250,false],"trp-custom-language-flag":["https:\/\/turkishtrade.co\/wp-content\/uploads\/2026\/01\/2400EJOMN00046-BROWN-C_12572-18x10.png",18,10,true],"woocommerce_thumbnail":["https:\/\/turkishtrade.co\/wp-content\/uploads\/2026\/01\/2400EJOMN00046-BROWN-C_12572-400x250.png",400,250,true],"woocommerce_single":["https:\/\/turkishtrade.co\/wp-content\/uploads\/2026\/01\/2400EJOMN00046-BROWN-C_12572.png",453,250,false],"woocommerce_gallery_thumbnail":["https:\/\/turkishtrade.co\/wp-content\/uploads\/2026\/01\/2400EJOMN00046-BROWN-C_12572-100x100.png",100,100,true]},"uagb_author_info":{"display_name":"yaser olabi","author_link":"https:\/\/turkishtrade.co\/fr\/author\/"},"uagb_comment_info":0,"uagb_excerpt":"Handcrafted from Premium Calf Leather with Crocodile Embossing Luxurious Goat Leather Inner Lining for Supreme Comfort Durable and Lightweight Microlight Sole Elegant Metallic Buckle Accent for a Sophisticated Touch Available in European Sizes 39-45 Wholesale Availability: Minimum order of 8 pairs Competitive Price: USD per pair","_links":{"self":[{"href":"https:\/\/turkishtrade.co\/fr\/wp-json\/wp\/v2\/product\/5050","targetHints":{"allow":["GET"]}}],"collection":[{"href":"https:\/\/turkishtrade.co\/fr\/wp-json\/wp\/v2\/product"}],"about":[{"href":"https:\/\/turkishtrade.co\/fr\/wp-json\/wp\/v2\/types\/product"}],"wp:featuredmedia":[{"embeddable":true,"href":"https:\/\/turkishtrade.co\/fr\/wp-json\/wp\/v2\/media\/3420"}],"wp:attachment":[{"href":"https:\/\/turkishtrade.co\/fr\/wp-json\/wp\/v2\/media?parent=5050"}],"wp:term":[{"taxonomy":"product_brand","embeddable":true,"href":"https:\/\/turkishtrade.co\/fr\/wp-json\/wp\/v2\/product_brand?post=5050"},{"taxonomy":"product_cat","embeddable":true,"href":"https:\/\/turkishtrade.co\/fr\/wp-json\/wp\/v2\/product_cat?post=5050"},{"taxonomy":"product_tag","embeddable":true,"href":"https:\/\/turkishtrade.co\/fr\/wp-json\/wp\/v2\/product_tag?post=5050"}],"curies":[{"name":"wp","href":"https:\/\/api.w.org\/{rel}","templated":true}]}}