{"id":5047,"date":"2026-01-14T11:04:53","date_gmt":"2026-01-14T11:04:53","guid":{"rendered":"https:\/\/turkishtrade.co\/product\/men-calf-leather-derby-shoes\/"},"modified":"2026-04-09T19:45:52","modified_gmt":"2026-04-09T19:45:52","slug":"mens-calf-leather-derby-shoes-luxury","status":"publish","type":"product","link":"https:\/\/turkishtrade.co\/fr\/shop\/mens-calf-leather-derby-shoes-luxury\/","title":{"rendered":"Chaussures de derby Premium en cuir de veau \u00e0 bout arrondi pour hommes"},"content":{"rendered":"<p><strong>Chaussures derby en cuir de veau pour hommes<\/strong><\/p>\n<p>Entrez dans une sophistication et un confort in\u00e9gal\u00e9s gr\u00e2ce \u00e0 notre collection exquise d'articles d'artisanat. <strong>Chaussures derby en cuir de veau pour hommes<\/strong>. Con\u00e7ues pour le gentleman exigeant, ces chaussures de ville haut de gamme allient \u00e9l\u00e9gance intemporelle et savoir-faire moderne. Chaque paire est m\u00e9ticuleusement fabriqu\u00e9e \u00e0 l'aide des mat\u00e9riaux les plus nobles, ce qui garantit non seulement un look distingu\u00e9, mais aussi une durabilit\u00e9 et une r\u00e9sistance \u00e0 l'usure exceptionnelles. Que vous assistiez \u00e0 une r\u00e9union d'affaires importante, \u00e0 un \u00e9v\u00e9nement formel ou que vous souhaitiez simplement rehausser votre tenue de tous les jours, ces chaussures Derby sont la base parfaite d'un ensemble soign\u00e9.<\/p>\n<h3>Qualit\u00e9 in\u00e9gal\u00e9e et confort sup\u00e9rieur<\/h3>\n<p>L'ext\u00e9rieur de ces luxueuses <strong>Chaussures derby en cuir de veau pour hommes<\/strong> est fabriqu\u00e9 \u00e0 partir de cuir de veau souple et de qualit\u00e9 sup\u00e9rieure. Connu pour sa texture lisse, son \u00e9lasticit\u00e9 et sa brillance \u00e9l\u00e9gante, le cuir de veau offre une esth\u00e9tique haut de gamme qui vieillit magnifiquement au fil du temps. Ce choix de mat\u00e9riau garantit que vos chaussures conserveront leur aspect impeccable m\u00eame en cas d'utilisation r\u00e9guli\u00e8re, ce qui t\u00e9moigne d'un engagement en faveur de la qualit\u00e9 qui se d\u00e9marque. \u00c0 l'int\u00e9rieur, vos pieds b\u00e9n\u00e9ficieront de la douceur indulgente d'une doublure en cuir de ch\u00e8vre v\u00e9ritable. Le cuir de ch\u00e8vre est r\u00e9put\u00e9 pour sa respirabilit\u00e9 et sa souplesse. Il s'adapte \u00e0 la forme du pied pour un ajustement personnalis\u00e9 et assure un confort tout au long de la journ\u00e9e sans compromettre le maintien.<\/p>\n<h3>Un design innovant pour un usage moderne<\/h3>\n<p>Le confort ne s'arr\u00eate pas \u00e0 l'int\u00e9rieur. Notre <strong>Chaussures derby en cuir de veau pour hommes<\/strong> sont dot\u00e9es d'une semelle Microlight avanc\u00e9e, con\u00e7ue pour offrir un amorti l\u00e9ger et une flexibilit\u00e9 sup\u00e9rieure. Cette technologie de semelle innovante absorbe les chocs, ce qui rend chaque pas sans effort, tandis que la hauteur de talon subtile de 1 \u00e0 3 cm ajoute une touche de sophistication sans sacrifier la stabilit\u00e9. Le design classique du derby \u00e0 bout capot offre une polyvalence remarquable, ce qui rend ces chaussures adapt\u00e9es \u00e0 un large \u00e9ventail d'occasions, des plus formelles aux plus d\u00e9contract\u00e9es. Disponibles dans les tailles 39 \u00e0 45, nous garantissons un ajustement parfait \u00e0 tous les hommes \u00e0 la recherche de chaussures raffin\u00e9es.<\/p>\n<h3>Votre partenaire de confiance pour les commandes en gros<\/h3>\n<p>Pour les d\u00e9taillants, les maisons de couture ou les personnes souhaitant s'approvisionner en chaussures de haute qualit\u00e9, nous proposons des options attrayantes pour les achats en gros. Avec une commande minimum de 8 paires, vous pouvez acqu\u00e9rir sans effort ces chaussures tr\u00e8s recherch\u00e9es. <strong>Chaussures derby en cuir de veau pour hommes<\/strong> pour votre client\u00e8le. Notre processus efficace garantit un d\u00e9lai de livraison d'environ 12 jours plus les frais d'exp\u00e9dition, ce qui vous permet de planifier votre inventaire en toute confiance. Investissez dans des chaussures qui allient un style classique, des mat\u00e9riaux de qualit\u00e9 sup\u00e9rieure et un confort exceptionnel, \u00e9tablissant ainsi une nouvelle r\u00e9f\u00e9rence pour votre collection.<\/p>","protected":false},"excerpt":{"rendered":"<ul>\n<li><b>Cuir de veau de premi\u00e8re qualit\u00e9 Ext\u00e9rieur :<\/b> Finition luxueuse et durable pour une \u00e9l\u00e9gance durable.<\/li>\n<li><b>Cuir de ch\u00e8vre souple Int\u00e9rieur :<\/b> Assure un maximum de confort et de respirabilit\u00e9 tout au long de la journ\u00e9e.<\/li>\n<li><b>Semelle ultral\u00e9g\u00e8re :<\/b> Offre un confort et une flexibilit\u00e9 exceptionnels avec un talon de 1 \u00e0 3 cm.<\/li>\n<li><b>Derby polyvalent \u00e0 bouts pointus :<\/b> Parfait pour les occasions formelles et d\u00e9contract\u00e9es.<\/li>\n<li><b>Tailles disponibles :<\/b> La fourchette va de 39 \u00e0 45 pour assurer un ajustement parfait.<\/li>\n<li><b>Disponibilit\u00e9 en vrac :<\/b> Commande minimum de 8 paires ; id\u00e9al pour les d\u00e9taillants et les achats importants.<\/li>\n<\/ul>","protected":false},"featured_media":3418,"template":"","meta":{"_acf_changed":false,"_uag_custom_page_level_css":"","site-sidebar-layout":"default","site-content-layout":"","ast-site-content-layout":"default","site-content-style":"default","site-sidebar-style":"default","ast-global-header-display":"","ast-banner-title-visibility":"","ast-main-header-display":"","ast-hfb-above-header-display":"","ast-hfb-below-header-display":"","ast-hfb-mobile-header-display":"","site-post-title":"","ast-breadcrumbs-content":"","ast-featured-img":"","footer-sml-layout":"","ast-disable-related-posts":"","theme-transparent-header-meta":"default","adv-header-id-meta":"","stick-header-meta":"","header-above-stick-meta":"","header-main-stick-meta":"","header-below-stick-meta":"","astra-migrate-meta-layouts":"set","ast-page-background-enabled":"default","ast-page-background-meta":{"desktop":{"background-color":"var(--ast-global-color-4)","background-image":"","background-repeat":"repeat","background-position":"center center","background-size":"auto","background-attachment":"scroll","background-type":"","background-media":"","overlay-type":"","overlay-color":"","overlay-opacity":"","overlay-gradient":""},"tablet":{"background-color":"","background-image":"","background-repeat":"repeat","background-position":"center center","background-size":"auto","background-attachment":"scroll","background-type":"","background-media":"","overlay-type":"","overlay-color":"","overlay-opacity":"","overlay-gradient":""},"mobile":{"background-color":"","background-image":"","background-repeat":"repeat","background-position":"center center","background-size":"auto","background-attachment":"scroll","background-type":"","background-media":"","overlay-type":"","overlay-color":"","overlay-opacity":"","overlay-gradient":""}},"ast-content-background-meta":{"desktop":{"background-color":"var(--ast-global-color-5)","background-image":"","background-repeat":"repeat","background-position":"center center","background-size":"auto","background-attachment":"scroll","background-type":"","background-media":"","overlay-type":"","overlay-color":"","overlay-opacity":"","overlay-gradient":""},"tablet":{"background-color":"var(--ast-global-color-5)","background-image":"","background-repeat":"repeat","background-position":"center center","background-size":"auto","background-attachment":"scroll","background-type":"","background-media":"","overlay-type":"","overlay-color":"","overlay-opacity":"","overlay-gradient":""},"mobile":{"background-color":"var(--ast-global-color-5)","background-image":"","background-repeat":"repeat","background-position":"center center","background-size":"auto","background-attachment":"scroll","background-type":"","background-media":"","overlay-type":"","overlay-color":"","overlay-opacity":"","overlay-gradient":""}}},"product_brand":[],"product_cat":[47,430,40],"product_tag":[196,202,638,212,609,251,189,416,324,466,392,281],"class_list":{"0":"post-5047","1":"product","2":"type-product","3":"status-publish","4":"has-post-thumbnail","6":"product_cat-classic","7":"product_cat-men","8":"product_cat-mens-shoes","9":"product_tag-black-leather-shoes","10":"product_tag-calf-leather","11":"product_tag-cap-toe","12":"product_tag-derby-shoes","13":"product_tag-elegant-mens-shoes","14":"product_tag-formal-shoes","15":"product_tag-goat-leather-lining","16":"product_tag-luxury-shoes","17":"product_tag-mens-dress-shoes","18":"product_tag-microlight-sole","19":"product_tag-premium-dress-shoes","20":"product_tag-wholesale-shoes","21":"desktop-align-center","22":"tablet-align-center","23":"mobile-align-center","25":"first","26":"instock","27":"shipping-taxable","28":"purchasable","29":"product-type-variable","30":"has-default-attributes"},"acf":[],"uagb_featured_image_src":{"full":["https:\/\/turkishtrade.co\/wp-content\/uploads\/2026\/01\/2400EJOMN00045-DARK-BLUE-Z_234.png",453,250,false],"thumbnail":["https:\/\/turkishtrade.co\/wp-content\/uploads\/2026\/01\/2400EJOMN00045-DARK-BLUE-Z_234-150x150.png",150,150,true],"medium":["https:\/\/turkishtrade.co\/wp-content\/uploads\/2026\/01\/2400EJOMN00045-DARK-BLUE-Z_234-300x166.png",300,166,true],"medium_large":["https:\/\/turkishtrade.co\/wp-content\/uploads\/2026\/01\/2400EJOMN00045-DARK-BLUE-Z_234.png",453,250,false],"large":["https:\/\/turkishtrade.co\/wp-content\/uploads\/2026\/01\/2400EJOMN00045-DARK-BLUE-Z_234.png",453,250,false],"1536x1536":["https:\/\/turkishtrade.co\/wp-content\/uploads\/2026\/01\/2400EJOMN00045-DARK-BLUE-Z_234.png",453,250,false],"2048x2048":["https:\/\/turkishtrade.co\/wp-content\/uploads\/2026\/01\/2400EJOMN00045-DARK-BLUE-Z_234.png",453,250,false],"trp-custom-language-flag":["https:\/\/turkishtrade.co\/wp-content\/uploads\/2026\/01\/2400EJOMN00045-DARK-BLUE-Z_234-18x10.png",18,10,true],"woocommerce_thumbnail":["https:\/\/turkishtrade.co\/wp-content\/uploads\/2026\/01\/2400EJOMN00045-DARK-BLUE-Z_234-400x250.png",400,250,true],"woocommerce_single":["https:\/\/turkishtrade.co\/wp-content\/uploads\/2026\/01\/2400EJOMN00045-DARK-BLUE-Z_234.png",453,250,false],"woocommerce_gallery_thumbnail":["https:\/\/turkishtrade.co\/wp-content\/uploads\/2026\/01\/2400EJOMN00045-DARK-BLUE-Z_234-100x100.png",100,100,true]},"uagb_author_info":{"display_name":"yaser olabi","author_link":"https:\/\/turkishtrade.co\/fr\/author\/"},"uagb_comment_info":0,"uagb_excerpt":"Premium Calf Leather Exterior: Luxurious and durable finish for lasting elegance. Soft Goat Leather Interior: Ensures maximum comfort and breathability all day long. Lightweight Microlight Sole: Provides exceptional comfort and flexibility with a 1-3 cm heel. Versatile Cap Toe Derby Style: Perfect for formal and smart-casual occasions. Available Sizes: Ranging from 39 to 45 to\u2026","_links":{"self":[{"href":"https:\/\/turkishtrade.co\/fr\/wp-json\/wp\/v2\/product\/5047","targetHints":{"allow":["GET"]}}],"collection":[{"href":"https:\/\/turkishtrade.co\/fr\/wp-json\/wp\/v2\/product"}],"about":[{"href":"https:\/\/turkishtrade.co\/fr\/wp-json\/wp\/v2\/types\/product"}],"wp:featuredmedia":[{"embeddable":true,"href":"https:\/\/turkishtrade.co\/fr\/wp-json\/wp\/v2\/media\/3418"}],"wp:attachment":[{"href":"https:\/\/turkishtrade.co\/fr\/wp-json\/wp\/v2\/media?parent=5047"}],"wp:term":[{"taxonomy":"product_brand","embeddable":true,"href":"https:\/\/turkishtrade.co\/fr\/wp-json\/wp\/v2\/product_brand?post=5047"},{"taxonomy":"product_cat","embeddable":true,"href":"https:\/\/turkishtrade.co\/fr\/wp-json\/wp\/v2\/product_cat?post=5047"},{"taxonomy":"product_tag","embeddable":true,"href":"https:\/\/turkishtrade.co\/fr\/wp-json\/wp\/v2\/product_tag?post=5047"}],"curies":[{"name":"wp","href":"https:\/\/api.w.org\/{rel}","templated":true}]}}