{"id":5039,"date":"2026-01-14T11:03:47","date_gmt":"2026-01-14T11:03:47","guid":{"rendered":"https:\/\/turkishtrade.co\/product\/men-black-leather-derby-shoes-2\/"},"modified":"2026-04-09T19:46:08","modified_gmt":"2026-04-09T19:46:08","slug":"epic-mens-black-leather-derby-shoes","status":"publish","type":"product","link":"https:\/\/turkishtrade.co\/fr\/shop\/epic-mens-black-leather-derby-shoes\/","title":{"rendered":"Chaussures derby Premium en cuir noir pour hommes avec semelle Microlight"},"content":{"rendered":"<p><strong>Chaussures derby en cuir noir pour hommes<\/strong><\/p>\n<p>\u00c9levez votre collection de chaussures gr\u00e2ce \u00e0 nos chaussures exquises. <strong>Chaussures derby en cuir noir pour hommes<\/strong>. M\u00e9ticuleusement fabriqu\u00e9es \u00e0 la perfection, ces chaussures haut de gamme allient une \u00e9l\u00e9gance intemporelle \u00e0 un confort in\u00e9gal\u00e9, ce qui en fait un \u00e9l\u00e9ment essentiel de la garde-robe de tout gentleman exigeant. Con\u00e7ues pour les occasions formelles et les ensembles d\u00e9contract\u00e9s, nos chaussures de qualit\u00e9 sup\u00e9rieure allient \u00e9l\u00e9gance intemporelle et confort in\u00e9gal\u00e9. <strong>Chaussures derby en cuir noir pour hommes<\/strong> t\u00e9moignent d'un savoir-faire sup\u00e9rieur et de mat\u00e9riaux luxueux.<\/p>\n<h3>Qualit\u00e9 et confort in\u00e9gal\u00e9s<\/h3>\n<p>Chaque paire de ces superbes <strong>Chaussures derby en cuir noir pour hommes<\/strong> est fabriqu\u00e9 \u00e0 partir de cuir de veau de la meilleure qualit\u00e9 pour l'ext\u00e9rieur, connu pour sa texture lisse, sa durabilit\u00e9 et son aspect sophistiqu\u00e9. L'int\u00e9rieur est doubl\u00e9 de cuir de ch\u00e8vre souple, offrant une respirabilit\u00e9 et un confort exceptionnels tout au long de la journ\u00e9e. Cette combinaison exquise garantit un ajustement comme un gant et une sensation de luxe \u00e0 chaque pas. La semelle Microlight, \u00e0 la fois robuste et l\u00e9g\u00e8re, offre un amorti et une flexibilit\u00e9 sup\u00e9rieurs, ce qui r\u00e9duit la fatigue et rend ces chaussures encore plus agr\u00e9ables \u00e0 porter. <strong>Chaussures derby en cuir noir pour hommes<\/strong> un plaisir \u00e0 porter du matin au soir. Avec un talon d'une hauteur subtile de 1 \u00e0 3 cm, elles offrent la bonne portance sans compromettre la stabilit\u00e9.<\/p>\n<h3>Un style polyvalent pour toutes les occasions<\/h3>\n<p>La silhouette Derby classique, caract\u00e9ris\u00e9e par son syst\u00e8me de la\u00e7age ouvert, offre un look polyvalent qui peut passer sans probl\u00e8me de la salle de conf\u00e9rence \u00e0 une soir\u00e9e. La finition noire sophistiqu\u00e9e de ces <strong>Chaussures derby en cuir noir pour hommes<\/strong> Les chaussures \u00e0 talon aiguille s'associent sans effort \u00e0 toute une s\u00e9rie de tenues, des costumes d'affaires \u00e9l\u00e9gants aux chinos et blazers plus d\u00e9contract\u00e9s. Que vous assistiez \u00e0 une r\u00e9union importante, \u00e0 un \u00e9v\u00e9nement formel ou que vous cherchiez simplement \u00e0 rehausser votre style de tous les jours, ces chaussures sont faites pour vous. <strong>Chaussures derby en cuir noir pour hommes<\/strong> sont le choix id\u00e9al. Leur design intemporel avec des panneaux subtilement textur\u00e9s ajoute une touche unique sans sacrifier leur attrait classique.<\/p>\n<h3>Id\u00e9al pour les achats en gros<\/h3>\n<p>Pour les d\u00e9taillants, les grossistes ou les personnes souhaitant s'approvisionner en chaussures de haute qualit\u00e9, nous proposons ces produits exceptionnels. <strong>Chaussures derby en cuir noir pour hommes<\/strong> avec une quantit\u00e9 minimale de commande de 8 paires. B\u00e9n\u00e9ficiez d'un prix comp\u00e9titif par paire et d'un d\u00e9lai de livraison fiable de 12 jours plus les frais d'exp\u00e9dition. Investissez dans un style et un confort durables avec notre collection haut de gamme de <strong>Chaussures derby en cuir noir pour hommes<\/strong>.<\/p>","protected":false},"excerpt":{"rendered":"<ul>\n<li>Fabriqu\u00e9 \u00e0 la main en cuir de veau de premi\u00e8re qualit\u00e9 \u00e0 l'ext\u00e9rieur et en cuir de ch\u00e8vre souple \u00e0 l'int\u00e9rieur.<\/li>\n<li>Dot\u00e9e d'une semelle Microlight confortable et l\u00e9g\u00e8re pour une utilisation tout au long de la journ\u00e9e.<\/li>\n<li>Style Derby classique avec un talon subtil de 1 \u00e0 3 cm de hauteur.<\/li>\n<li>Disponible dans les tailles 39-45 pour un ajustement parfait.<\/li>\n<li>Commande minimum de 8 paires ; id\u00e9al pour les achats en gros et en masse.<\/li>\n<li>D\u00e9lai de livraison : 12 jours + exp\u00e9dition.<\/li>\n<\/ul>","protected":false},"featured_media":3412,"template":"","meta":{"_acf_changed":false,"_uag_custom_page_level_css":"","site-sidebar-layout":"default","site-content-layout":"","ast-site-content-layout":"default","site-content-style":"default","site-sidebar-style":"default","ast-global-header-display":"","ast-banner-title-visibility":"","ast-main-header-display":"","ast-hfb-above-header-display":"","ast-hfb-below-header-display":"","ast-hfb-mobile-header-display":"","site-post-title":"","ast-breadcrumbs-content":"","ast-featured-img":"","footer-sml-layout":"","ast-disable-related-posts":"","theme-transparent-header-meta":"default","adv-header-id-meta":"","stick-header-meta":"","header-above-stick-meta":"","header-main-stick-meta":"","header-below-stick-meta":"","astra-migrate-meta-layouts":"set","ast-page-background-enabled":"default","ast-page-background-meta":{"desktop":{"background-color":"var(--ast-global-color-4)","background-image":"","background-repeat":"repeat","background-position":"center center","background-size":"auto","background-attachment":"scroll","background-type":"","background-media":"","overlay-type":"","overlay-color":"","overlay-opacity":"","overlay-gradient":""},"tablet":{"background-color":"","background-image":"","background-repeat":"repeat","background-position":"center center","background-size":"auto","background-attachment":"scroll","background-type":"","background-media":"","overlay-type":"","overlay-color":"","overlay-opacity":"","overlay-gradient":""},"mobile":{"background-color":"","background-image":"","background-repeat":"repeat","background-position":"center center","background-size":"auto","background-attachment":"scroll","background-type":"","background-media":"","overlay-type":"","overlay-color":"","overlay-opacity":"","overlay-gradient":""}},"ast-content-background-meta":{"desktop":{"background-color":"var(--ast-global-color-5)","background-image":"","background-repeat":"repeat","background-position":"center center","background-size":"auto","background-attachment":"scroll","background-type":"","background-media":"","overlay-type":"","overlay-color":"","overlay-opacity":"","overlay-gradient":""},"tablet":{"background-color":"var(--ast-global-color-5)","background-image":"","background-repeat":"repeat","background-position":"center center","background-size":"auto","background-attachment":"scroll","background-type":"","background-media":"","overlay-type":"","overlay-color":"","overlay-opacity":"","overlay-gradient":""},"mobile":{"background-color":"var(--ast-global-color-5)","background-image":"","background-repeat":"repeat","background-position":"center center","background-size":"auto","background-attachment":"scroll","background-type":"","background-media":"","overlay-type":"","overlay-color":"","overlay-opacity":"","overlay-gradient":""}}},"product_brand":[],"product_cat":[47,430,40],"product_tag":[407,629,405,202,145,222,284,439,251,437,219,227,217,198,466,628,281],"class_list":{"0":"post-5039","1":"product","2":"type-product","3":"status-publish","4":"has-post-thumbnail","6":"product_cat-classic","7":"product_cat-men","8":"product_cat-mens-shoes","9":"product_tag-black-derby-shoes","10":"product_tag-bulk-order-shoes","11":"product_tag-business-shoes","12":"product_tag-calf-leather","13":"product_tag-classic-shoes","14":"product_tag-comfortable-shoes","15":"product_tag-dress-shoes","16":"product_tag-durable-shoes","17":"product_tag-formal-shoes","18":"product_tag-goat-leather","19":"product_tag-handmade-shoes","20":"product_tag-leather-shoes","21":"product_tag-luxury-footwear","22":"product_tag-mens-fashion","23":"product_tag-microlight-sole","24":"product_tag-office-shoes","25":"product_tag-wholesale-shoes","26":"desktop-align-center","27":"tablet-align-center","28":"mobile-align-center","30":"first","31":"instock","32":"shipping-taxable","33":"purchasable","34":"product-type-variable","35":"has-default-attributes"},"acf":[],"uagb_featured_image_src":{"full":["https:\/\/turkishtrade.co\/wp-content\/uploads\/2026\/01\/2400EJOMN00042-BLACK-X_12571.png",453,250,false],"thumbnail":["https:\/\/turkishtrade.co\/wp-content\/uploads\/2026\/01\/2400EJOMN00042-BLACK-X_12571-150x150.png",150,150,true],"medium":["https:\/\/turkishtrade.co\/wp-content\/uploads\/2026\/01\/2400EJOMN00042-BLACK-X_12571-300x166.png",300,166,true],"medium_large":["https:\/\/turkishtrade.co\/wp-content\/uploads\/2026\/01\/2400EJOMN00042-BLACK-X_12571.png",453,250,false],"large":["https:\/\/turkishtrade.co\/wp-content\/uploads\/2026\/01\/2400EJOMN00042-BLACK-X_12571.png",453,250,false],"1536x1536":["https:\/\/turkishtrade.co\/wp-content\/uploads\/2026\/01\/2400EJOMN00042-BLACK-X_12571.png",453,250,false],"2048x2048":["https:\/\/turkishtrade.co\/wp-content\/uploads\/2026\/01\/2400EJOMN00042-BLACK-X_12571.png",453,250,false],"trp-custom-language-flag":["https:\/\/turkishtrade.co\/wp-content\/uploads\/2026\/01\/2400EJOMN00042-BLACK-X_12571-18x10.png",18,10,true],"woocommerce_thumbnail":["https:\/\/turkishtrade.co\/wp-content\/uploads\/2026\/01\/2400EJOMN00042-BLACK-X_12571-400x250.png",400,250,true],"woocommerce_single":["https:\/\/turkishtrade.co\/wp-content\/uploads\/2026\/01\/2400EJOMN00042-BLACK-X_12571.png",453,250,false],"woocommerce_gallery_thumbnail":["https:\/\/turkishtrade.co\/wp-content\/uploads\/2026\/01\/2400EJOMN00042-BLACK-X_12571-100x100.png",100,100,true]},"uagb_author_info":{"display_name":"yaser olabi","author_link":"https:\/\/turkishtrade.co\/fr\/author\/"},"uagb_comment_info":0,"uagb_excerpt":"Handcrafted from premium Calf Leather exterior and soft Goat Leather interior. Features a comfortable and lightweight Microlight sole for all-day wear. Classic Derby style with a subtle 1-3 cm heel height. Available in sizes 39-45 for a perfect fit. Minimum order of 8 pairs; ideal for wholesale and bulk purchases. Lead time: 12 days +\u2026","_links":{"self":[{"href":"https:\/\/turkishtrade.co\/fr\/wp-json\/wp\/v2\/product\/5039","targetHints":{"allow":["GET"]}}],"collection":[{"href":"https:\/\/turkishtrade.co\/fr\/wp-json\/wp\/v2\/product"}],"about":[{"href":"https:\/\/turkishtrade.co\/fr\/wp-json\/wp\/v2\/types\/product"}],"wp:featuredmedia":[{"embeddable":true,"href":"https:\/\/turkishtrade.co\/fr\/wp-json\/wp\/v2\/media\/3412"}],"wp:attachment":[{"href":"https:\/\/turkishtrade.co\/fr\/wp-json\/wp\/v2\/media?parent=5039"}],"wp:term":[{"taxonomy":"product_brand","embeddable":true,"href":"https:\/\/turkishtrade.co\/fr\/wp-json\/wp\/v2\/product_brand?post=5039"},{"taxonomy":"product_cat","embeddable":true,"href":"https:\/\/turkishtrade.co\/fr\/wp-json\/wp\/v2\/product_cat?post=5039"},{"taxonomy":"product_tag","embeddable":true,"href":"https:\/\/turkishtrade.co\/fr\/wp-json\/wp\/v2\/product_tag?post=5039"}],"curies":[{"name":"wp","href":"https:\/\/api.w.org\/{rel}","templated":true}]}}