{"id":5036,"date":"2026-01-14T11:03:25","date_gmt":"2026-01-14T11:03:25","guid":{"rendered":"https:\/\/turkishtrade.co\/product\/mens-cap-toe-oxfords\/"},"modified":"2026-04-09T19:46:15","modified_gmt":"2026-04-09T19:46:15","slug":"mens-cap-toe-oxfords","status":"publish","type":"product","link":"https:\/\/turkishtrade.co\/fr\/shop\/mens-cap-toe-oxfords\/","title":{"rendered":"Chaussures \u00e9l\u00e9gantes \u00e0 bout droit en cuir pour hommes, fabriqu\u00e9es \u00e0 la main"},"content":{"rendered":"<p><strong>Mocassins \u00e0 capuchon pour hommes<\/strong><\/p>\n<p>Entrez dans un style sophistiqu\u00e9 gr\u00e2ce \u00e0 nos produits fabriqu\u00e9s m\u00e9ticuleusement \u00e0 la main. <strong>Mocassins \u00e0 capuchon pour hommes<\/strong>. Con\u00e7ues pour le gentleman exigeant, ces \u00e9l\u00e9gantes chaussures de ville allient attrait intemporel et confort moderne. Chaque paire t\u00e9moigne d'une qualit\u00e9 de fabrication sup\u00e9rieure, vous assurant une impression durable lors de tout \u00e9v\u00e9nement, qu'il s'agisse de r\u00e9unions d'affaires importantes ou de rassemblements formels. Le design classique de la pointe, caract\u00e9ristique des chaussures Oxford traditionnelles, ajoute une touche d'\u00e9l\u00e9gance raffin\u00e9e qui ne se d\u00e9modera jamais.<\/p>\n<h3>Qualit\u00e9 et confort in\u00e9gal\u00e9s<\/h3>\n<p>Notre prime <strong>Mocassins \u00e0 capuchon pour hommes<\/strong> sont fabriqu\u00e9s \u00e0 partir des mat\u00e9riaux les plus nobles. L'ext\u00e9rieur est fabriqu\u00e9 en cuir de veau de qualit\u00e9 sup\u00e9rieure, r\u00e9put\u00e9 pour sa texture lisse, sa brillance naturelle et sa durabilit\u00e9 exceptionnelle. Cette couche ext\u00e9rieure luxueuse n'a pas seulement un aspect exquis, elle promet \u00e9galement de vieillir magnifiquement, en d\u00e9veloppant une patine unique au fil du temps. \u00c0 l'int\u00e9rieur, vos pieds b\u00e9n\u00e9ficieront du confort moelleux d'une doublure en cuir de ch\u00e8vre v\u00e9ritable. La peau de ch\u00e8vre est r\u00e9put\u00e9e pour sa douceur, sa respirabilit\u00e9 et ses propri\u00e9t\u00e9s d'\u00e9vacuation de l'humidit\u00e9, offrant un environnement incroyablement confortable \u00e0 vos pieds, m\u00eame apr\u00e8s de longues heures de port.<\/p>\n<h3>Con\u00e7u pour la performance et la durabilit\u00e9<\/h3>\n<p>Les hommes Cap Toe Oxfords sont dot\u00e9s d'une semelle l\u00e9g\u00e8re pour le confort et la stabilit\u00e9, avec une hauteur de talon subtile de 1 \u00e0 3 cm pour plus d'\u00e9l\u00e9gance. Disponibles dans les pointures europ\u00e9ennes 39 \u00e0 45, ils garantissent un ajustement parfait \u00e0 chaque client. Les entreprises peuvent commander un minimum de 8 paires, livr\u00e9es en 12 jours plus les frais de port, ce qui en fait une excellente option pour la vente en gros. Ces chaussures en cuir fabriqu\u00e9es \u00e0 la main allient style et confort, et enrichissent toute collection de chaussures.<\/p>\n<p>&nbsp;<\/p>","protected":false},"excerpt":{"rendered":"<ul>\n<li>Ext\u00e9rieur en cuir de veau de premi\u00e8re qualit\u00e9 pour un attrait luxueux et une grande durabilit\u00e9.<\/li>\n<li>La doublure int\u00e9rieure en cuir de ch\u00e8vre souple assure un confort exceptionnel.<\/li>\n<li>La semelle microlight, l\u00e9g\u00e8re et durable, offre un soutien tout au long de la journ\u00e9e.<\/li>\n<li>Le mod\u00e8le \u00e9l\u00e9gant \u00e0 bouts pointus convient aux tenues de ville et d'affaires.<\/li>\n<li>Disponible dans les tailles europ\u00e9ennes 39-45 pour garantir un ajustement parfait.<\/li>\n<li>Quantit\u00e9 minimale de commande : 8 paires, id\u00e9al pour les achats en gros et la vente au d\u00e9tail.<\/li>\n<\/ul>","protected":false},"featured_media":3411,"template":"","meta":{"_acf_changed":false,"_uag_custom_page_level_css":"","site-sidebar-layout":"default","site-content-layout":"","ast-site-content-layout":"default","site-content-style":"default","site-sidebar-style":"default","ast-global-header-display":"","ast-banner-title-visibility":"","ast-main-header-display":"","ast-hfb-above-header-display":"","ast-hfb-below-header-display":"","ast-hfb-mobile-header-display":"","site-post-title":"","ast-breadcrumbs-content":"","ast-featured-img":"","footer-sml-layout":"","ast-disable-related-posts":"","theme-transparent-header-meta":"default","adv-header-id-meta":"","stick-header-meta":"","header-above-stick-meta":"","header-main-stick-meta":"","header-below-stick-meta":"","astra-migrate-meta-layouts":"set","ast-page-background-enabled":"default","ast-page-background-meta":{"desktop":{"background-color":"var(--ast-global-color-4)","background-image":"","background-repeat":"repeat","background-position":"center center","background-size":"auto","background-attachment":"scroll","background-type":"","background-media":"","overlay-type":"","overlay-color":"","overlay-opacity":"","overlay-gradient":""},"tablet":{"background-color":"","background-image":"","background-repeat":"repeat","background-position":"center center","background-size":"auto","background-attachment":"scroll","background-type":"","background-media":"","overlay-type":"","overlay-color":"","overlay-opacity":"","overlay-gradient":""},"mobile":{"background-color":"","background-image":"","background-repeat":"repeat","background-position":"center center","background-size":"auto","background-attachment":"scroll","background-type":"","background-media":"","overlay-type":"","overlay-color":"","overlay-opacity":"","overlay-gradient":""}},"ast-content-background-meta":{"desktop":{"background-color":"var(--ast-global-color-5)","background-image":"","background-repeat":"repeat","background-position":"center center","background-size":"auto","background-attachment":"scroll","background-type":"","background-media":"","overlay-type":"","overlay-color":"","overlay-opacity":"","overlay-gradient":""},"tablet":{"background-color":"var(--ast-global-color-5)","background-image":"","background-repeat":"repeat","background-position":"center center","background-size":"auto","background-attachment":"scroll","background-type":"","background-media":"","overlay-type":"","overlay-color":"","overlay-opacity":"","overlay-gradient":""},"mobile":{"background-color":"var(--ast-global-color-5)","background-image":"","background-repeat":"repeat","background-position":"center center","background-size":"auto","background-attachment":"scroll","background-type":"","background-media":"","overlay-type":"","overlay-color":"","overlay-opacity":"","overlay-gradient":""}}},"product_brand":[],"product_cat":[47,430,40],"product_tag":[405,626,591,627,556,450,535,625,466,204,250,281],"class_list":{"0":"post-5036","1":"product","2":"type-product","3":"status-publish","4":"has-post-thumbnail","6":"product_cat-classic","7":"product_cat-men","8":"product_cat-mens-shoes","9":"product_tag-business-shoes","10":"product_tag-calfskin-oxfords","11":"product_tag-formal-wear","12":"product_tag-gentlemens-footwear","13":"product_tag-goatskin-lining","14":"product_tag-handcrafted-shoes","15":"product_tag-leather-dress-shoes","16":"product_tag-mens-cap-toe-oxfords","17":"product_tag-microlight-sole","18":"product_tag-oxford-shoes","19":"product_tag-premium-leather","20":"product_tag-wholesale-shoes","21":"desktop-align-center","22":"tablet-align-center","23":"mobile-align-center","25":"first","26":"instock","27":"shipping-taxable","28":"purchasable","29":"product-type-variable","30":"has-default-attributes"},"acf":[],"uagb_featured_image_src":{"full":["https:\/\/turkishtrade.co\/wp-content\/uploads\/2026\/01\/2400EJOMN00041-DARK-BLUE-DKS_7552.png",453,250,false],"thumbnail":["https:\/\/turkishtrade.co\/wp-content\/uploads\/2026\/01\/2400EJOMN00041-DARK-BLUE-DKS_7552.png",150,83,false],"medium":["https:\/\/turkishtrade.co\/wp-content\/uploads\/2026\/01\/2400EJOMN00041-DARK-BLUE-DKS_7552.png",300,166,false],"medium_large":["https:\/\/turkishtrade.co\/wp-content\/uploads\/2026\/01\/2400EJOMN00041-DARK-BLUE-DKS_7552.png",453,250,false],"large":["https:\/\/turkishtrade.co\/wp-content\/uploads\/2026\/01\/2400EJOMN00041-DARK-BLUE-DKS_7552.png",453,250,false],"1536x1536":["https:\/\/turkishtrade.co\/wp-content\/uploads\/2026\/01\/2400EJOMN00041-DARK-BLUE-DKS_7552.png",453,250,false],"2048x2048":["https:\/\/turkishtrade.co\/wp-content\/uploads\/2026\/01\/2400EJOMN00041-DARK-BLUE-DKS_7552.png",453,250,false],"trp-custom-language-flag":["https:\/\/turkishtrade.co\/wp-content\/uploads\/2026\/01\/2400EJOMN00041-DARK-BLUE-DKS_7552.png",18,10,false],"woocommerce_thumbnail":["https:\/\/turkishtrade.co\/wp-content\/uploads\/2026\/01\/2400EJOMN00041-DARK-BLUE-DKS_7552-400x250.png",400,250,true],"woocommerce_single":["https:\/\/turkishtrade.co\/wp-content\/uploads\/2026\/01\/2400EJOMN00041-DARK-BLUE-DKS_7552.png",453,250,false],"woocommerce_gallery_thumbnail":["https:\/\/turkishtrade.co\/wp-content\/uploads\/2026\/01\/2400EJOMN00041-DARK-BLUE-DKS_7552-100x100.png",100,100,true]},"uagb_author_info":{"display_name":"yaser olabi","author_link":"https:\/\/turkishtrade.co\/fr\/author\/"},"uagb_comment_info":0,"uagb_excerpt":"Premium calfskin leather exterior for luxurious appeal and durability. Soft goatskin leather interior lining ensures exceptional comfort. Lightweight and durable microlight sole provides all-day support. Elegant cap-toe design suitable for formal and business attire. Available in European sizes 39-45 to ensure a perfect fit. Minimum order quantity: 8 pairs, ideal for bulk purchases and retail.","_links":{"self":[{"href":"https:\/\/turkishtrade.co\/fr\/wp-json\/wp\/v2\/product\/5036","targetHints":{"allow":["GET"]}}],"collection":[{"href":"https:\/\/turkishtrade.co\/fr\/wp-json\/wp\/v2\/product"}],"about":[{"href":"https:\/\/turkishtrade.co\/fr\/wp-json\/wp\/v2\/types\/product"}],"wp:featuredmedia":[{"embeddable":true,"href":"https:\/\/turkishtrade.co\/fr\/wp-json\/wp\/v2\/media\/3411"}],"wp:attachment":[{"href":"https:\/\/turkishtrade.co\/fr\/wp-json\/wp\/v2\/media?parent=5036"}],"wp:term":[{"taxonomy":"product_brand","embeddable":true,"href":"https:\/\/turkishtrade.co\/fr\/wp-json\/wp\/v2\/product_brand?post=5036"},{"taxonomy":"product_cat","embeddable":true,"href":"https:\/\/turkishtrade.co\/fr\/wp-json\/wp\/v2\/product_cat?post=5036"},{"taxonomy":"product_tag","embeddable":true,"href":"https:\/\/turkishtrade.co\/fr\/wp-json\/wp\/v2\/product_tag?post=5036"}],"curies":[{"name":"wp","href":"https:\/\/api.w.org\/{rel}","templated":true}]}}