{"id":5033,"date":"2026-01-14T11:03:02","date_gmt":"2026-01-14T11:03:02","guid":{"rendered":"https:\/\/turkishtrade.co\/product\/mens-calf-leather-derby-shoes\/"},"modified":"2026-04-09T19:46:21","modified_gmt":"2026-04-09T19:46:21","slug":"mens-calf-leather-derby-shoes","status":"publish","type":"product","link":"https:\/\/turkishtrade.co\/fr\/shop\/mens-calf-leather-derby-shoes\/","title":{"rendered":"Chaussures derby en cuir de veau pour hommes, fabriqu\u00e9es \u00e0 la main"},"content":{"rendered":"<p><strong>Chaussures derby en cuir de veau pour hommes<\/strong><\/p>\n<p>\u00c9levez votre collection de chaussures gr\u00e2ce \u00e0 notre exquise collection de chaussures fabriqu\u00e9es \u00e0 la main. <strong>Chaussures derby en cuir de veau pour hommes<\/strong>. Con\u00e7ues pour le gentleman moderne, ces chaussures allient une \u00e9l\u00e9gance intemporelle \u00e0 un confort et une durabilit\u00e9 in\u00e9gal\u00e9s. Chaque paire de <strong>Chaussures derby en cuir de veau pour hommes<\/strong> est m\u00e9ticuleusement fabriqu\u00e9 \u00e0 partir de cuir de veau pleine fleur de premi\u00e8re qualit\u00e9 pour l'ext\u00e9rieur, offrant une brillance luxueuse et une structure robuste qui vieillira magnifiquement au fil du temps, d\u00e9veloppant une patine unique.<\/p>\n<p>L'int\u00e9rieur de ces v\u00e9hicules sophistiqu\u00e9s <strong>Chaussures derby en cuir de veau pour hommes<\/strong> est doubl\u00e9e de cuir de ch\u00e8vre souple, garantissant une respirabilit\u00e9 exceptionnelle et une sensation de confort \u00e0 chaque pas. Cette combinaison judicieuse de mat\u00e9riaux de haute qualit\u00e9 offre un environnement confortable et sain \u00e0 vos pieds, m\u00eame en cas de port prolong\u00e9. Nos <strong>Chaussures derby en cuir de veau pour hommes<\/strong> sont dot\u00e9es d'une semelle Microlight l\u00e9g\u00e8re, con\u00e7ue pour offrir une adh\u00e9rence et une flexibilit\u00e9 sup\u00e9rieures, ainsi qu'une longue dur\u00e9e de vie sans compromis sur le confort. Le talon subtil de 1 \u00e0 3 cm de hauteur procure une \u00e9l\u00e9vation sophistiqu\u00e9e, perfectionnant votre posture et rehaussant la silhouette \u00e9l\u00e9gante de ces chaussures Derby classiques.<\/p>\n<h3>Un style polyvalent et une qualit\u00e9 in\u00e9gal\u00e9e<\/h3>\n<p>Disponibles dans des couleurs polyvalentes telles que le marron riche et le bleu marine sophistiqu\u00e9, ces <strong>Chaussures derby en cuir de veau pour hommes<\/strong> sont parfaites pour une multitude d'occasions, qu'il s'agisse de r\u00e9unions d'affaires importantes, d'\u00e9v\u00e9nements formels, de soir\u00e9es \u00e9l\u00e9gantes ou de sorties d\u00e9contract\u00e9es. Le syst\u00e8me de la\u00e7age Derby classique offre un ajustement confortable et adaptable \u00e0 diff\u00e9rentes formes de pieds, ce qui fait de ces chaussures des chaussures \u00e0 la mode. <strong>Chaussures derby en cuir de veau pour hommes<\/strong> un choix \u00e0 la fois pratique et exceptionnellement \u00e9l\u00e9gant. D\u00e9couvrez la fusion parfaite entre l'art de la cordonnerie traditionnelle et le design contemporain, tout en profitant du confort et de la qualit\u00e9 r\u00e9put\u00e9s associ\u00e9s aux chaussures en cuir de qualit\u00e9 sup\u00e9rieure. Nous proposons ces chaussures de haute qualit\u00e9 <strong>Chaussures derby en cuir de veau pour hommes<\/strong> dans une large gamme de tailles, de l'UE 39-45 (US 6-12).<\/p>\n<h3>Opportunit\u00e9 de vente en gros<\/h3>\n<p>Pour les entreprises et les d\u00e9taillants, ces <strong>Chaussures derby en cuir de veau pour hommes<\/strong> sont un excellent compl\u00e9ment \u00e0 votre inventaire. Elles sont disponibles en gros, avec une quantit\u00e9 minimale de commande de seulement 8 paires. C'est l'occasion r\u00eav\u00e9e de vous approvisionner en chaussures pour hommes de qualit\u00e9 sup\u00e9rieure, qui promettent \u00e0 la fois style et substance \u00e0 votre client\u00e8le exigeante. Avec un d\u00e9lai de livraison d'environ 12 jours plus les frais d'exp\u00e9dition, vous pouvez rapidement am\u00e9liorer votre offre de produits avec ces chaussures exceptionnelles. <strong>Chaussures derby en cuir de veau pour hommes<\/strong>. Investir dans une collection de <strong>Chaussures derby en cuir de veau pour hommes<\/strong> qui en disent long sur votre engagement en faveur de la qualit\u00e9 et d'un style raffin\u00e9.<\/p>","protected":false},"excerpt":{"rendered":"<ul>\n<li>Ext\u00e9rieur en cuir de veau pleine fleur de premi\u00e8re qualit\u00e9<\/li>\n<li>Doublure int\u00e9rieure en cuir de ch\u00e8vre luxueux pour un confort ultime et une bonne respirabilit\u00e9<\/li>\n<li>Semelle l\u00e9g\u00e8re Microlight pour une adh\u00e9rence, une flexibilit\u00e9 et une durabilit\u00e9 sup\u00e9rieures.<\/li>\n<li>Hauteur de talon \u00e9l\u00e9gante de 1 \u00e0 3 cm pour un profil raffin\u00e9 et sophistiqu\u00e9<\/li>\n<li>Disponible dans une gamme de couleurs sophistiqu\u00e9es, dont le marron riche et le bleu marine profond.<\/li>\n<li>Tailles disponibles : EU 39-45 (\u00e9quivalent \u00e0 US 6-12)<\/li>\n<li>Quantit\u00e9 minimale de commande : 8 paires (id\u00e9al pour les achats en gros)<\/li>\n<li>Prix de gros : USD par paire<\/li>\n<\/ul>","protected":false},"featured_media":3409,"template":"","meta":{"_acf_changed":false,"_uag_custom_page_level_css":"","site-sidebar-layout":"default","site-content-layout":"","ast-site-content-layout":"default","site-content-style":"default","site-sidebar-style":"default","ast-global-header-display":"","ast-banner-title-visibility":"","ast-main-header-display":"","ast-hfb-above-header-display":"","ast-hfb-below-header-display":"","ast-hfb-mobile-header-display":"","site-post-title":"","ast-breadcrumbs-content":"","ast-featured-img":"","footer-sml-layout":"","ast-disable-related-posts":"","theme-transparent-header-meta":"default","adv-header-id-meta":"","stick-header-meta":"","header-above-stick-meta":"","header-main-stick-meta":"","header-below-stick-meta":"","astra-migrate-meta-layouts":"set","ast-page-background-enabled":"default","ast-page-background-meta":{"desktop":{"background-color":"var(--ast-global-color-4)","background-image":"","background-repeat":"repeat","background-position":"center center","background-size":"auto","background-attachment":"scroll","background-type":"","background-media":"","overlay-type":"","overlay-color":"","overlay-opacity":"","overlay-gradient":""},"tablet":{"background-color":"","background-image":"","background-repeat":"repeat","background-position":"center center","background-size":"auto","background-attachment":"scroll","background-type":"","background-media":"","overlay-type":"","overlay-color":"","overlay-opacity":"","overlay-gradient":""},"mobile":{"background-color":"","background-image":"","background-repeat":"repeat","background-position":"center center","background-size":"auto","background-attachment":"scroll","background-type":"","background-media":"","overlay-type":"","overlay-color":"","overlay-opacity":"","overlay-gradient":""}},"ast-content-background-meta":{"desktop":{"background-color":"var(--ast-global-color-5)","background-image":"","background-repeat":"repeat","background-position":"center center","background-size":"auto","background-attachment":"scroll","background-type":"","background-media":"","overlay-type":"","overlay-color":"","overlay-opacity":"","overlay-gradient":""},"tablet":{"background-color":"var(--ast-global-color-5)","background-image":"","background-repeat":"repeat","background-position":"center center","background-size":"auto","background-attachment":"scroll","background-type":"","background-media":"","overlay-type":"","overlay-color":"","overlay-opacity":"","overlay-gradient":""},"mobile":{"background-color":"var(--ast-global-color-5)","background-image":"","background-repeat":"repeat","background-position":"center center","background-size":"auto","background-attachment":"scroll","background-type":"","background-media":"","overlay-type":"","overlay-color":"","overlay-opacity":"","overlay-gradient":""}}},"product_brand":[],"product_cat":[47,430,40],"product_tag":[292,185,212,251,189,450,535,416,622,324,466,397,362,280,281],"class_list":{"0":"post-5033","1":"product","2":"type-product","3":"status-publish","4":"has-post-thumbnail","6":"product_cat-classic","7":"product_cat-men","8":"product_cat-mens-shoes","9":"product_tag-brown-leather-shoes","10":"product_tag-calf-leather-shoes","11":"product_tag-derby-shoes","12":"product_tag-formal-shoes","13":"product_tag-goat-leather-lining","14":"product_tag-handcrafted-shoes","15":"product_tag-leather-dress-shoes","16":"product_tag-luxury-shoes","17":"product_tag-mens-calf-leather-derby-shoes","18":"product_tag-mens-dress-shoes","19":"product_tag-microlight-sole","20":"product_tag-navy-leather-shoes","21":"product_tag-premium-footwear","22":"product_tag-smart-casual-shoes","23":"product_tag-wholesale-shoes","24":"desktop-align-center","25":"tablet-align-center","26":"mobile-align-center","28":"first","29":"instock","30":"shipping-taxable","31":"purchasable","32":"product-type-variable","33":"has-default-attributes"},"acf":[],"uagb_featured_image_src":{"full":["https:\/\/turkishtrade.co\/wp-content\/uploads\/2026\/01\/2400EJOMN00040-DARK-BLUE-Y_7662.png",453,250,false],"thumbnail":["https:\/\/turkishtrade.co\/wp-content\/uploads\/2026\/01\/2400EJOMN00040-DARK-BLUE-Y_7662-150x150.png",150,150,true],"medium":["https:\/\/turkishtrade.co\/wp-content\/uploads\/2026\/01\/2400EJOMN00040-DARK-BLUE-Y_7662-300x166.png",300,166,true],"medium_large":["https:\/\/turkishtrade.co\/wp-content\/uploads\/2026\/01\/2400EJOMN00040-DARK-BLUE-Y_7662.png",453,250,false],"large":["https:\/\/turkishtrade.co\/wp-content\/uploads\/2026\/01\/2400EJOMN00040-DARK-BLUE-Y_7662.png",453,250,false],"1536x1536":["https:\/\/turkishtrade.co\/wp-content\/uploads\/2026\/01\/2400EJOMN00040-DARK-BLUE-Y_7662.png",453,250,false],"2048x2048":["https:\/\/turkishtrade.co\/wp-content\/uploads\/2026\/01\/2400EJOMN00040-DARK-BLUE-Y_7662.png",453,250,false],"trp-custom-language-flag":["https:\/\/turkishtrade.co\/wp-content\/uploads\/2026\/01\/2400EJOMN00040-DARK-BLUE-Y_7662-18x10.png",18,10,true],"woocommerce_thumbnail":["https:\/\/turkishtrade.co\/wp-content\/uploads\/2026\/01\/2400EJOMN00040-DARK-BLUE-Y_7662-400x250.png",400,250,true],"woocommerce_single":["https:\/\/turkishtrade.co\/wp-content\/uploads\/2026\/01\/2400EJOMN00040-DARK-BLUE-Y_7662.png",453,250,false],"woocommerce_gallery_thumbnail":["https:\/\/turkishtrade.co\/wp-content\/uploads\/2026\/01\/2400EJOMN00040-DARK-BLUE-Y_7662-100x100.png",100,100,true]},"uagb_author_info":{"display_name":"yaser olabi","author_link":"https:\/\/turkishtrade.co\/fr\/author\/"},"uagb_comment_info":0,"uagb_excerpt":"Crafted from premium Full-Grain Calf Leather exterior Luxurious Goat Leather interior lining for ultimate comfort and breathability Lightweight Microlight sole for superior grip, flexibility, and durability Elegant 1-3 cm heel height for a refined, sophisticated profile Available in a range of sophisticated colors, including rich brown and deep navy Sizes available: EU 39-45 (equivalent to\u2026","_links":{"self":[{"href":"https:\/\/turkishtrade.co\/fr\/wp-json\/wp\/v2\/product\/5033","targetHints":{"allow":["GET"]}}],"collection":[{"href":"https:\/\/turkishtrade.co\/fr\/wp-json\/wp\/v2\/product"}],"about":[{"href":"https:\/\/turkishtrade.co\/fr\/wp-json\/wp\/v2\/types\/product"}],"wp:featuredmedia":[{"embeddable":true,"href":"https:\/\/turkishtrade.co\/fr\/wp-json\/wp\/v2\/media\/3409"}],"wp:attachment":[{"href":"https:\/\/turkishtrade.co\/fr\/wp-json\/wp\/v2\/media?parent=5033"}],"wp:term":[{"taxonomy":"product_brand","embeddable":true,"href":"https:\/\/turkishtrade.co\/fr\/wp-json\/wp\/v2\/product_brand?post=5033"},{"taxonomy":"product_cat","embeddable":true,"href":"https:\/\/turkishtrade.co\/fr\/wp-json\/wp\/v2\/product_cat?post=5033"},{"taxonomy":"product_tag","embeddable":true,"href":"https:\/\/turkishtrade.co\/fr\/wp-json\/wp\/v2\/product_tag?post=5033"}],"curies":[{"name":"wp","href":"https:\/\/api.w.org\/{rel}","templated":true}]}}