{"id":5025,"date":"2026-01-14T11:01:56","date_gmt":"2026-01-14T11:01:56","guid":{"rendered":"https:\/\/turkishtrade.co\/product\/mens-leather-derby-shoes\/"},"modified":"2026-04-09T19:46:38","modified_gmt":"2026-04-09T19:46:38","slug":"mens-leather-derby-shoes","status":"publish","type":"product","link":"https:\/\/turkishtrade.co\/fr\/shop\/mens-leather-derby-shoes\/","title":{"rendered":"El\u00e9gantes chaussures derby en cuir pour hommes avec semelle Microlight"},"content":{"rendered":"<p><strong>Chaussures derby en cuir pour hommes<\/strong><\/p>\n<p>\u00c9levez votre collection de chaussures gr\u00e2ce \u00e0 nos chaussures exquises. <strong>Chaussures derby en cuir pour hommes<\/strong>, Ces chaussures ont \u00e9t\u00e9 con\u00e7ues avec soin pour le gentleman moderne. Ces montres haut de gamme <strong>Derby en cuir pour hommes<\/strong> allient sophistication classique et confort contemporain, ce qui en fait un compl\u00e9ment indispensable \u00e0 toute garde-robe exigeante. Que vous assistiez \u00e0 un \u00e9v\u00e9nement formel, que vous vous rendiez au bureau ou que vous recherchiez simplement un look quotidien raffin\u00e9, ces chaussures distingu\u00e9es vous aideront \u00e0 vous sentir \u00e0 l'aise. <strong>Derby en cuir pour hommes<\/strong> constituent la base parfaite pour une apparence nette et soign\u00e9e.<\/p>\n<h3>Un savoir-faire in\u00e9gal\u00e9 et des mat\u00e9riaux de premi\u00e8re qualit\u00e9<\/h3>\n<p>Fabriqu\u00e9es \u00e0 partir du cuir de veau v\u00e9ritable le plus fin, ces chaussures pr\u00e9sentent une texture riche et un \u00e9clat luxueux qui ne fait que s'am\u00e9liorer avec l'\u00e2ge. La surface ext\u00e9rieure est finie de mani\u00e8re experte, avec des d\u00e9tails complexes et une construction durable con\u00e7ue pour durer. \u00c0 l'int\u00e9rieur, vos pieds b\u00e9n\u00e9ficieront d'un confort in\u00e9gal\u00e9 gr\u00e2ce \u00e0 la doublure en cuir de ch\u00e8vre doux et respirant. Cette combinaison judicieuse de mat\u00e9riaux de qualit\u00e9 sup\u00e9rieure garantit \u00e0 la fois la durabilit\u00e9 et la sensation de confort, ce qui fait de nos chaussures \u00e0 talons compens\u00e9s des chaussures \u00e0 talons compens\u00e9s. <strong>Derby en cuir pour hommes<\/strong> un vrai plaisir \u00e0 porter tout au long de la journ\u00e9e.<\/p>\n<h3>Un design innovant pour le confort et le style<\/h3>\n<p>Le fondement de ces remarquables <strong>Chaussures derby en cuir pour hommes<\/strong> est leur semelle Microlight innovante. Con\u00e7ue pour une l\u00e9g\u00e8ret\u00e9 et une flexibilit\u00e9 exceptionnelles, la semelle Microlight offre un amorti et une adh\u00e9rence sup\u00e9rieurs sans ajouter d'encombrement inutile. Avec une hauteur de talon subtile de 1 \u00e0 3 cm, ces \u00e9l\u00e9gantes chaussures \u00e0 semelle Microlight offrent un amorti et une adh\u00e9rence sup\u00e9rieurs sans encombrement inutile. <strong>Derby en cuir pour hommes<\/strong> offrent la bonne portance pour une foul\u00e9e assur\u00e9e tout en conservant un profil confortable. Le syst\u00e8me de la\u00e7age Derby classique garantit un ajustement s\u00fbr et r\u00e9glable, s'adaptant facilement \u00e0 diff\u00e9rents types de pieds. Le panneau textur\u00e9 distinctif sur l'empeigne ajoute une touche unique \u00e0 ces chaussures. <strong>Derby en cuir pour hommes<\/strong> \u00e0 part.<\/p>\n<h3>Disponibilit\u00e9 en gros et livraison efficace<\/h3>\n<p>Disponibles dans une large gamme de tailles allant de l'UE 39 \u00e0 l'UE 45, ces chaussures polyvalentes ont \u00e9t\u00e9 con\u00e7ues pour r\u00e9pondre \u00e0 des besoins sp\u00e9cifiques. <strong>Derby en cuir pour hommes<\/strong> s'adressent \u00e0 une large client\u00e8le. Leur conception adaptable leur permet de passer sans probl\u00e8me d'une tenue d'affaires d\u00e9contract\u00e9e \u00e0 une tenue de soir\u00e9e. Pour les d\u00e9taillants et les entreprises qui cherchent \u00e0 stocker des chaussures de haute qualit\u00e9, ces chaussures exceptionnelles sont la solution id\u00e9ale. <strong>Derby en cuir pour hommes<\/strong> sont disponibles \u00e0 l'achat en gros avec une quantit\u00e9 minimale de commande de 8 paires. Nous sommes fiers de notre service efficace, avec un d\u00e9lai de livraison de seulement 12 jours, plus les frais d'exp\u00e9dition. Investissez dans un style intemporel et un confort durable gr\u00e2ce \u00e0 notre gamme in\u00e9gal\u00e9e de chaussures de sport. <strong>Derby en cuir pour hommes<\/strong>, Les produits sont con\u00e7us pour impressionner et r\u00e9sister \u00e0 l'\u00e9preuve du temps.<\/p>","protected":false},"excerpt":{"rendered":"<ul>\n<li>Ext\u00e9rieur en cuir de veau v\u00e9ritable de premi\u00e8re qualit\u00e9.<\/li>\n<li>Int\u00e9rieur en cuir de ch\u00e8vre luxueux pour un confort ultime.<\/li>\n<li>Semelle Microlight l\u00e9g\u00e8re et durable.<\/li>\n<li>La\u00e7age Derby \u00e9l\u00e9gant avec d\u00e9tails textur\u00e9s distinctifs.<\/li>\n<li>Disponible dans les tailles EU 39-45.<\/li>\n<li>Quantit\u00e9 minimale de commande : 8 paires.<\/li>\n<li>Livraison rapide : 12 jours + exp\u00e9dition.<\/li>\n<\/ul>","protected":false},"featured_media":3404,"template":"","meta":{"_acf_changed":false,"_uag_custom_page_level_css":"","site-sidebar-layout":"default","site-content-layout":"","ast-site-content-layout":"default","site-content-style":"default","site-sidebar-style":"default","ast-global-header-display":"","ast-banner-title-visibility":"","ast-main-header-display":"","ast-hfb-above-header-display":"","ast-hfb-below-header-display":"","ast-hfb-mobile-header-display":"","site-post-title":"","ast-breadcrumbs-content":"","ast-featured-img":"","footer-sml-layout":"","ast-disable-related-posts":"","theme-transparent-header-meta":"default","adv-header-id-meta":"","stick-header-meta":"","header-above-stick-meta":"","header-main-stick-meta":"","header-below-stick-meta":"","astra-migrate-meta-layouts":"set","ast-page-background-enabled":"default","ast-page-background-meta":{"desktop":{"background-color":"var(--ast-global-color-4)","background-image":"","background-repeat":"repeat","background-position":"center center","background-size":"auto","background-attachment":"scroll","background-type":"","background-media":"","overlay-type":"","overlay-color":"","overlay-opacity":"","overlay-gradient":""},"tablet":{"background-color":"","background-image":"","background-repeat":"repeat","background-position":"center center","background-size":"auto","background-attachment":"scroll","background-type":"","background-media":"","overlay-type":"","overlay-color":"","overlay-opacity":"","overlay-gradient":""},"mobile":{"background-color":"","background-image":"","background-repeat":"repeat","background-position":"center center","background-size":"auto","background-attachment":"scroll","background-type":"","background-media":"","overlay-type":"","overlay-color":"","overlay-opacity":"","overlay-gradient":""}},"ast-content-background-meta":{"desktop":{"background-color":"var(--ast-global-color-5)","background-image":"","background-repeat":"repeat","background-position":"center center","background-size":"auto","background-attachment":"scroll","background-type":"","background-media":"","overlay-type":"","overlay-color":"","overlay-opacity":"","overlay-gradient":""},"tablet":{"background-color":"var(--ast-global-color-5)","background-image":"","background-repeat":"repeat","background-position":"center center","background-size":"auto","background-attachment":"scroll","background-type":"","background-media":"","overlay-type":"","overlay-color":"","overlay-opacity":"","overlay-gradient":""},"mobile":{"background-color":"var(--ast-global-color-5)","background-image":"","background-repeat":"repeat","background-position":"center center","background-size":"auto","background-attachment":"scroll","background-type":"","background-media":"","overlay-type":"","overlay-color":"","overlay-opacity":"","overlay-gradient":""}}},"product_brand":[],"product_cat":[47,430,40],"product_tag":[613,405,185,212,284,251,189,227,612,466,614,281],"class_list":{"0":"post-5025","1":"product","2":"type-product","3":"status-publish","4":"has-post-thumbnail","6":"product_cat-classic","7":"product_cat-men","8":"product_cat-mens-shoes","9":"product_tag-brown-derby-shoes","10":"product_tag-business-shoes","11":"product_tag-calf-leather-shoes","12":"product_tag-derby-shoes","13":"product_tag-dress-shoes","14":"product_tag-formal-shoes","15":"product_tag-goat-leather-lining","16":"product_tag-leather-shoes","17":"product_tag-mens-leather-derby-shoes","18":"product_tag-microlight-sole","19":"product_tag-navy-derby-shoes","20":"product_tag-wholesale-shoes","21":"desktop-align-center","22":"tablet-align-center","23":"mobile-align-center","25":"first","26":"instock","27":"shipping-taxable","28":"purchasable","29":"product-type-variable","30":"has-default-attributes"},"acf":[],"uagb_featured_image_src":{"full":["https:\/\/turkishtrade.co\/wp-content\/uploads\/2026\/01\/2400EJOMN00037-DARK-BLUE-Y_7622.png",453,250,false],"thumbnail":["https:\/\/turkishtrade.co\/wp-content\/uploads\/2026\/01\/2400EJOMN00037-DARK-BLUE-Y_7622-150x150.png",150,150,true],"medium":["https:\/\/turkishtrade.co\/wp-content\/uploads\/2026\/01\/2400EJOMN00037-DARK-BLUE-Y_7622-300x166.png",300,166,true],"medium_large":["https:\/\/turkishtrade.co\/wp-content\/uploads\/2026\/01\/2400EJOMN00037-DARK-BLUE-Y_7622.png",453,250,false],"large":["https:\/\/turkishtrade.co\/wp-content\/uploads\/2026\/01\/2400EJOMN00037-DARK-BLUE-Y_7622.png",453,250,false],"1536x1536":["https:\/\/turkishtrade.co\/wp-content\/uploads\/2026\/01\/2400EJOMN00037-DARK-BLUE-Y_7622.png",453,250,false],"2048x2048":["https:\/\/turkishtrade.co\/wp-content\/uploads\/2026\/01\/2400EJOMN00037-DARK-BLUE-Y_7622.png",453,250,false],"trp-custom-language-flag":["https:\/\/turkishtrade.co\/wp-content\/uploads\/2026\/01\/2400EJOMN00037-DARK-BLUE-Y_7622-18x10.png",18,10,true],"woocommerce_thumbnail":["https:\/\/turkishtrade.co\/wp-content\/uploads\/2026\/01\/2400EJOMN00037-DARK-BLUE-Y_7622-400x250.png",400,250,true],"woocommerce_single":["https:\/\/turkishtrade.co\/wp-content\/uploads\/2026\/01\/2400EJOMN00037-DARK-BLUE-Y_7622.png",453,250,false],"woocommerce_gallery_thumbnail":["https:\/\/turkishtrade.co\/wp-content\/uploads\/2026\/01\/2400EJOMN00037-DARK-BLUE-Y_7622-100x100.png",100,100,true]},"uagb_author_info":{"display_name":"yaser olabi","author_link":"https:\/\/turkishtrade.co\/fr\/author\/"},"uagb_comment_info":0,"uagb_excerpt":"Crafted from premium genuine Calf Leather exterior. Luxurious Goat Leather interior for ultimate comfort. Lightweight and durable Microlight Sole. Stylish Derby lacing design with distinctive textured details. Available in sizes EU 39-45. Minimum order quantity: 8 pairs. Fast delivery: 12 days + shipping.","_links":{"self":[{"href":"https:\/\/turkishtrade.co\/fr\/wp-json\/wp\/v2\/product\/5025","targetHints":{"allow":["GET"]}}],"collection":[{"href":"https:\/\/turkishtrade.co\/fr\/wp-json\/wp\/v2\/product"}],"about":[{"href":"https:\/\/turkishtrade.co\/fr\/wp-json\/wp\/v2\/types\/product"}],"wp:featuredmedia":[{"embeddable":true,"href":"https:\/\/turkishtrade.co\/fr\/wp-json\/wp\/v2\/media\/3404"}],"wp:attachment":[{"href":"https:\/\/turkishtrade.co\/fr\/wp-json\/wp\/v2\/media?parent=5025"}],"wp:term":[{"taxonomy":"product_brand","embeddable":true,"href":"https:\/\/turkishtrade.co\/fr\/wp-json\/wp\/v2\/product_brand?post=5025"},{"taxonomy":"product_cat","embeddable":true,"href":"https:\/\/turkishtrade.co\/fr\/wp-json\/wp\/v2\/product_cat?post=5025"},{"taxonomy":"product_tag","embeddable":true,"href":"https:\/\/turkishtrade.co\/fr\/wp-json\/wp\/v2\/product_tag?post=5025"}],"curies":[{"name":"wp","href":"https:\/\/api.w.org\/{rel}","templated":true}]}}