{"id":5022,"date":"2026-01-14T11:01:28","date_gmt":"2026-01-14T11:01:28","guid":{"rendered":"https:\/\/turkishtrade.co\/product\/mens-perforated-derby-shoes\/"},"modified":"2026-04-09T19:46:45","modified_gmt":"2026-04-09T19:46:45","slug":"mens-perforated-derby-shoes","status":"publish","type":"product","link":"https:\/\/turkishtrade.co\/fr\/shop\/mens-perforated-derby-shoes\/","title":{"rendered":"Chaussures derby en cuir de veau perfor\u00e9 pour hommes"},"content":{"rendered":"<p><strong>Chaussures derby perfor\u00e9es pour hommes<\/strong><\/p>\n<p>Profitez d'une \u00e9l\u00e9gance et d'un confort in\u00e9gal\u00e9s gr\u00e2ce \u00e0 nos services distingu\u00e9s. <strong>Chaussures derby en cuir de veau perfor\u00e9 pour hommes<\/strong>. Con\u00e7ues pour les hommes exigeants, ces chaussures allient sophistication classique et savoir-faire moderne. Chaque paire est m\u00e9ticuleusement fabriqu\u00e9e pour assurer \u00e0 la fois un style impeccable et une durabilit\u00e9 durable, ce qui en fait un compl\u00e9ment essentiel \u00e0 toute garde-robe sophistiqu\u00e9e. Que vous assistiez \u00e0 une r\u00e9union d'affaires importante, \u00e0 un \u00e9v\u00e9nement formel ou que vous souhaitiez simplement rehausser votre tenue d\u00e9contract\u00e9e, ces chaussures Derby perfor\u00e9es sont con\u00e7ues pour faire une d\u00e9claration.<\/p>\n<h3>Qualit\u00e9 et confort in\u00e9gal\u00e9s<\/h3>\n<p>D\u00e9couvrez le luxe de l'int\u00e9rieur. L'aspect ext\u00e9rieur de ces exquises <strong>Chaussures derby perfor\u00e9es pour hommes<\/strong> est fabriqu\u00e9 en cuir de veau pleine fleur de premi\u00e8re qualit\u00e9, r\u00e9put\u00e9 pour sa texture souple, sa respirabilit\u00e9 et sa capacit\u00e9 \u00e0 d\u00e9velopper une belle patine au fil du temps. En compl\u00e9ment, l'int\u00e9rieur est doubl\u00e9 de cuir de ch\u00e8vre souple et v\u00e9ritable, offrant une sensation de douceur et de confort contre le pied et des propri\u00e9t\u00e9s sup\u00e9rieures d'\u00e9vacuation de l'humidit\u00e9. Cette combinaison judicieuse de mat\u00e9riaux garantit la respirabilit\u00e9 et le confort, m\u00eame en cas de port prolong\u00e9. Les perforations subtiles sur l'empeigne ajoutent un \u00e9l\u00e9ment de design unique, distinguant ces Derby perfor\u00e9s sophistiqu\u00e9s des mod\u00e8les conventionnels.<\/p>\n<h3>Un design innovant pour un usage moderne<\/h3>\n<p>Notre <strong>Chaussures derby perfor\u00e9es pour hommes<\/strong> sont construites sur une semelle Microlight r\u00e9volutionnaire. Cette technologie de semelle avanc\u00e9e offre une l\u00e9g\u00e8ret\u00e9 exceptionnelle sans compromettre la durabilit\u00e9 ou l'adh\u00e9rence. Vous b\u00e9n\u00e9ficierez d'un ressort dans votre d\u00e9marche et d'une traction stable sur diverses surfaces, gr\u00e2ce \u00e0 la flexibilit\u00e9 inh\u00e9rente et \u00e0 l'absorption des chocs du mat\u00e9riau Microlight. Avec une hauteur de talon confortable de 1 \u00e0 3 cm, ces chaussures offrent une \u00e9l\u00e9vation subtile qui am\u00e9liore la posture et ajoute \u00e0 leur esth\u00e9tique raffin\u00e9e. Disponibles en noir intemporel et en marron riche, ces exceptionnelles chaussures Derby en cuir perfor\u00e9 offrent des options polyvalentes pour compl\u00e9ter n'importe quelle tenue, ce qui en fait une pierre angulaire de votre collection haut de gamme.<\/p>\n<h3>Parfait pour les acheteurs en gros<\/h3>\n<p>Pour les d\u00e9taillants et les entreprises \u00e0 la recherche de chaussures de haute qualit\u00e9, ces chaussures premium <strong>Chaussures derby perfor\u00e9es pour hommes<\/strong> sont disponibles pour l'achat en gros. Nous demandons une quantit\u00e9 minimale de commande de 8 paires, ce qui vous permet de stocker une gamme compl\u00e8te de tailles allant de l'UE 39 \u00e0 45 dans les deux couleurs disponibles. Notre processus de production efficace garantit que votre commande sera pr\u00eate \u00e0 \u00eatre exp\u00e9di\u00e9e dans un d\u00e9lai de 12 jours, suivi des d\u00e9lais d'exp\u00e9dition standard. Investissez dans des chaussures qui promettent la qualit\u00e9, le style et la satisfaction du client, et augmentez votre stock avec ces chaussures Derby en cuir exceptionnelles.<\/p>","protected":false},"excerpt":{"rendered":"<ul>\n<li><strong>Mat\u00e9riaux de premi\u00e8re qualit\u00e9 :<\/strong> Fabriqu\u00e9 en cuir de veau v\u00e9ritable \u00e0 l'ext\u00e9rieur et en cuir de ch\u00e8vre souple \u00e0 l'int\u00e9rieur pour un confort et une durabilit\u00e9 ultimes.<\/li>\n<li><strong>Semelle ultral\u00e9g\u00e8re :<\/strong> Offre une adh\u00e9rence sup\u00e9rieure et un poids r\u00e9duit pour une utilisation tout au long de la journ\u00e9e.<\/li>\n<li><strong>Design \u00e9l\u00e9gant et perfor\u00e9 :<\/strong> Un d\u00e9tail subtil mais sophistiqu\u00e9 qui ajoute une touche de classe au style Derby classique.<\/li>\n<li><strong>Style polyvalent :<\/strong> Parfait pour les affaires, les \u00e9v\u00e9nements formels ou les ensembles \u00e9l\u00e9gants et d\u00e9contract\u00e9s.<\/li>\n<li><strong>Tailles disponibles :<\/strong> UE 39, 40, 41, 42, 43, 44, 45 pour garantir un ajustement parfait.<\/li>\n<li><strong>Disponibilit\u00e9 en gros :<\/strong> Quantit\u00e9 minimale de commande de 8 paires.<\/li>\n<li><strong>Informations sur la livraison :<\/strong> Comptez 12 jours pour la production, plus le d\u00e9lai d'exp\u00e9dition.<\/li>\n<li><strong>Hauteur du talon :<\/strong> Confortable 1-3 cm pour une \u00e9l\u00e9vation et un soutien subtils.<\/li>\n<\/ul>","protected":false},"featured_media":3402,"template":"","meta":{"_acf_changed":false,"_uag_custom_page_level_css":"","site-sidebar-layout":"default","site-content-layout":"","ast-site-content-layout":"default","site-content-style":"default","site-sidebar-style":"default","ast-global-header-display":"","ast-banner-title-visibility":"","ast-main-header-display":"","ast-hfb-above-header-display":"","ast-hfb-below-header-display":"","ast-hfb-mobile-header-display":"","site-post-title":"","ast-breadcrumbs-content":"","ast-featured-img":"","footer-sml-layout":"","ast-disable-related-posts":"","theme-transparent-header-meta":"default","adv-header-id-meta":"","stick-header-meta":"","header-above-stick-meta":"","header-main-stick-meta":"","header-below-stick-meta":"","astra-migrate-meta-layouts":"set","ast-page-background-enabled":"default","ast-page-background-meta":{"desktop":{"background-color":"var(--ast-global-color-4)","background-image":"","background-repeat":"repeat","background-position":"center center","background-size":"auto","background-attachment":"scroll","background-type":"","background-media":"","overlay-type":"","overlay-color":"","overlay-opacity":"","overlay-gradient":""},"tablet":{"background-color":"","background-image":"","background-repeat":"repeat","background-position":"center center","background-size":"auto","background-attachment":"scroll","background-type":"","background-media":"","overlay-type":"","overlay-color":"","overlay-opacity":"","overlay-gradient":""},"mobile":{"background-color":"","background-image":"","background-repeat":"repeat","background-position":"center center","background-size":"auto","background-attachment":"scroll","background-type":"","background-media":"","overlay-type":"","overlay-color":"","overlay-opacity":"","overlay-gradient":""}},"ast-content-background-meta":{"desktop":{"background-color":"var(--ast-global-color-5)","background-image":"","background-repeat":"repeat","background-position":"center center","background-size":"auto","background-attachment":"scroll","background-type":"","background-media":"","overlay-type":"","overlay-color":"","overlay-opacity":"","overlay-gradient":""},"tablet":{"background-color":"var(--ast-global-color-5)","background-image":"","background-repeat":"repeat","background-position":"center center","background-size":"auto","background-attachment":"scroll","background-type":"","background-media":"","overlay-type":"","overlay-color":"","overlay-opacity":"","overlay-gradient":""},"mobile":{"background-color":"var(--ast-global-color-5)","background-image":"","background-repeat":"repeat","background-position":"center center","background-size":"auto","background-attachment":"scroll","background-type":"","background-media":"","overlay-type":"","overlay-color":"","overlay-opacity":"","overlay-gradient":""}}},"product_brand":[],"product_cat":[47,430,40],"product_tag":[605,218,405,202,212,609,251,437,351,324,466,232,608,281],"class_list":{"0":"post-5022","1":"product","2":"type-product","3":"status-publish","4":"has-post-thumbnail","6":"product_cat-classic","7":"product_cat-men","8":"product_cat-mens-shoes","9":"product_tag-black-shoes","10":"product_tag-brown-shoes","11":"product_tag-business-shoes","12":"product_tag-calf-leather","13":"product_tag-derby-shoes","14":"product_tag-elegant-mens-shoes","15":"product_tag-formal-shoes","16":"product_tag-goat-leather","17":"product_tag-leather-footwear","18":"product_tag-mens-dress-shoes","19":"product_tag-microlight-sole","20":"product_tag-perforated-leather-shoes","21":"product_tag-turkish-made","22":"product_tag-wholesale-shoes","23":"desktop-align-center","24":"tablet-align-center","25":"mobile-align-center","27":"first","28":"instock","29":"shipping-taxable","30":"purchasable","31":"product-type-variable","32":"has-default-attributes"},"acf":[],"uagb_featured_image_src":{"full":["https:\/\/turkishtrade.co\/wp-content\/uploads\/2026\/01\/2400EJOMN00036-BROWN-K_570.png",453,250,false],"thumbnail":["https:\/\/turkishtrade.co\/wp-content\/uploads\/2026\/01\/2400EJOMN00036-BROWN-K_570-150x150.png",150,150,true],"medium":["https:\/\/turkishtrade.co\/wp-content\/uploads\/2026\/01\/2400EJOMN00036-BROWN-K_570-300x166.png",300,166,true],"medium_large":["https:\/\/turkishtrade.co\/wp-content\/uploads\/2026\/01\/2400EJOMN00036-BROWN-K_570.png",453,250,false],"large":["https:\/\/turkishtrade.co\/wp-content\/uploads\/2026\/01\/2400EJOMN00036-BROWN-K_570.png",453,250,false],"1536x1536":["https:\/\/turkishtrade.co\/wp-content\/uploads\/2026\/01\/2400EJOMN00036-BROWN-K_570.png",453,250,false],"2048x2048":["https:\/\/turkishtrade.co\/wp-content\/uploads\/2026\/01\/2400EJOMN00036-BROWN-K_570.png",453,250,false],"trp-custom-language-flag":["https:\/\/turkishtrade.co\/wp-content\/uploads\/2026\/01\/2400EJOMN00036-BROWN-K_570-18x10.png",18,10,true],"woocommerce_thumbnail":["https:\/\/turkishtrade.co\/wp-content\/uploads\/2026\/01\/2400EJOMN00036-BROWN-K_570-400x250.png",400,250,true],"woocommerce_single":["https:\/\/turkishtrade.co\/wp-content\/uploads\/2026\/01\/2400EJOMN00036-BROWN-K_570.png",453,250,false],"woocommerce_gallery_thumbnail":["https:\/\/turkishtrade.co\/wp-content\/uploads\/2026\/01\/2400EJOMN00036-BROWN-K_570-100x100.png",100,100,true]},"uagb_author_info":{"display_name":"yaser olabi","author_link":"https:\/\/turkishtrade.co\/fr\/author\/"},"uagb_comment_info":0,"uagb_excerpt":"Premium Materials: Crafted with genuine calf leather exterior and soft goat leather interior for ultimate comfort and durability. Lightweight Microlight Sole: Offers superior grip and reduced weight for all-day wear. Elegant Perforated Design: A subtle yet sophisticated detail that adds a touch of class to the classic Derby style. Versatile Style: Perfect for business, formal\u2026","_links":{"self":[{"href":"https:\/\/turkishtrade.co\/fr\/wp-json\/wp\/v2\/product\/5022","targetHints":{"allow":["GET"]}}],"collection":[{"href":"https:\/\/turkishtrade.co\/fr\/wp-json\/wp\/v2\/product"}],"about":[{"href":"https:\/\/turkishtrade.co\/fr\/wp-json\/wp\/v2\/types\/product"}],"wp:featuredmedia":[{"embeddable":true,"href":"https:\/\/turkishtrade.co\/fr\/wp-json\/wp\/v2\/media\/3402"}],"wp:attachment":[{"href":"https:\/\/turkishtrade.co\/fr\/wp-json\/wp\/v2\/media?parent=5022"}],"wp:term":[{"taxonomy":"product_brand","embeddable":true,"href":"https:\/\/turkishtrade.co\/fr\/wp-json\/wp\/v2\/product_brand?post=5022"},{"taxonomy":"product_cat","embeddable":true,"href":"https:\/\/turkishtrade.co\/fr\/wp-json\/wp\/v2\/product_cat?post=5022"},{"taxonomy":"product_tag","embeddable":true,"href":"https:\/\/turkishtrade.co\/fr\/wp-json\/wp\/v2\/product_tag?post=5022"}],"curies":[{"name":"wp","href":"https:\/\/api.w.org\/{rel}","templated":true}]}}