{"id":5017,"date":"2026-01-14T11:00:43","date_gmt":"2026-01-14T11:00:43","guid":{"rendered":"https:\/\/turkishtrade.co\/product\/mens-cap-toe-derby-shoes\/"},"modified":"2026-04-09T19:46:55","modified_gmt":"2026-04-09T19:46:55","slug":"mens-cap-toe-derby-shoes","status":"publish","type":"product","link":"https:\/\/turkishtrade.co\/fr\/shop\/mens-cap-toe-derby-shoes\/","title":{"rendered":"Chaussures de derby \u00e9l\u00e9gantes \u00e0 bout pointu pour hommes"},"content":{"rendered":"<p><strong>Chaussures de derby \u00e0 bout arrondi pour hommes<\/strong><\/p>\n<p>Entrez dans un style et un confort in\u00e9gal\u00e9s gr\u00e2ce \u00e0 notre collection exquise de <strong>Chaussures de derby \u00e0 bout arrondi pour hommes<\/strong>. Con\u00e7ues pour le gentleman exigeant, ces chaussures allient sophistication classique et savoir-faire contemporain, ce qui en fait un compl\u00e9ment indispensable \u00e0 toute garde-robe. Chaque paire t\u00e9moigne d'un travail artistique m\u00e9ticuleux, r\u00e9alis\u00e9 \u00e0 la main pour offrir un look \u00e0 la fois intemporel et \u00e9tonnamment moderne. Que vous assistiez \u00e0 un \u00e9v\u00e9nement formel, que vous naviguiez dans le monde des affaires ou que vous rehaussiez simplement votre tenue de tous les jours, ces chaussures derby promettent de faire une impression durable.<\/p>\n<h3>Qualit\u00e9 et confort in\u00e9gal\u00e9s<\/h3>\n<p>Notre <strong>Chaussures de derby \u00e0 bout arrondi pour hommes<\/strong> sont fabriqu\u00e9s \u00e0 partir des mat\u00e9riaux les plus nobles afin de garantir \u00e0 la fois la durabilit\u00e9 et une sensation de luxe. L'ext\u00e9rieur est en cuir de veau de premi\u00e8re qualit\u00e9, connu pour sa texture lisse, son \u00e9lasticit\u00e9 et sa brillance \u00e9l\u00e9gante. Ce cuir de qualit\u00e9 sup\u00e9rieure ne se contente pas d'offrir une esth\u00e9tique distingu\u00e9e, il se moule \u00e9galement parfaitement \u00e0 votre pied au fil du temps, offrant ainsi un ajustement personnalis\u00e9. L'ext\u00e9rieur robuste est compl\u00e9t\u00e9 par une doublure int\u00e9rieure en cuir de ch\u00e8vre somptueusement souple. Ce choix de mat\u00e9riau int\u00e9rieur assure une respirabilit\u00e9 et un confort exceptionnels, vous permettant de porter vos chaussures pendant de longues p\u00e9riodes sans inconfort, ce qui les rend id\u00e9ales pour les longues journ\u00e9es ou soir\u00e9es.<\/p>\n<p>Ces chaussures exceptionnelles sont dot\u00e9es d'une semelle l\u00e9g\u00e8re Microlight. Ce mat\u00e9riau innovant offre une flexibilit\u00e9 et un amorti sup\u00e9rieurs \u00e0 ceux des semelles traditionnelles, ce qui r\u00e9duit la fatigue du pied et am\u00e9liore le confort g\u00e9n\u00e9ral de la marche. Associ\u00e9es \u00e0 une hauteur de talon subtile de 1 \u00e0 3 cm, ces chaussures derby procurent une l\u00e9g\u00e8re \u00e9l\u00e9vation qui contribue \u00e0 une posture \u00e9l\u00e9gante sans compromettre la stabilit\u00e9 ou la facilit\u00e9 de mouvement. La combinaison r\u00e9fl\u00e9chie de ces \u00e9l\u00e9ments aboutit \u00e0 une chaussure aussi confortable qu'\u00e9l\u00e9gante.<\/p>\n<h3>Style polyvalent et praticit\u00e9<\/h3>\n<p>Le design embl\u00e9matique du bout du pied ajoute une touche de raffinement, ce qui fait de ces chaussures un produit de choix. <strong>Chaussures de derby \u00e0 bout arrondi pour hommes<\/strong> incroyablement polyvalent. Le syst\u00e8me de la\u00e7age ouvert du style Derby offre une esth\u00e9tique l\u00e9g\u00e8rement plus d\u00e9contract\u00e9e, mais toujours impeccablement formelle, par rapport \u00e0 un Oxford, offrant une plus grande flexibilit\u00e9 et un ajustement confortable pour un plus grand nombre de formes de pieds. Disponibles dans une palette sophistiqu\u00e9e, comprenant le noir classique et le marine profond, ces chaussures peuvent passer sans effort d'une tenue d'affaires \u00e0 une tenue de soir\u00e9e sophistiqu\u00e9e, ou m\u00eame rehausser un ensemble chic et d\u00e9contract\u00e9.<\/p>\n<p>Pour les entreprises, les d\u00e9taillants et les distributeurs de mode, nous proposons ces chaussures de qualit\u00e9 sup\u00e9rieure pour des achats en gros avec une quantit\u00e9 minimale de commande de seulement 8 paires. C'est une excellente occasion de stocker des chaussures de haute qualit\u00e9, fabriqu\u00e9es \u00e0 la main, qui plaisent \u00e0 une client\u00e8le sophistiqu\u00e9e. Notre logistique efficace garantit un d\u00e9lai de livraison d'environ 12 jours plus l'exp\u00e9dition, ce qui vous permet de g\u00e9rer efficacement vos stocks et de r\u00e9pondre rapidement \u00e0 la demande de vos clients. Investissez dans ces luxueuses chaussures derby et offrez \u00e0 vos clients un produit qui illustre le savoir-faire artisanal, le confort et le style durable.<\/p>","protected":false},"excerpt":{"rendered":"<ul>\n<li><strong>\u00c9l\u00e9gance artisanale :<\/strong> Ext\u00e9rieur en cuir de veau de premi\u00e8re qualit\u00e9 pour un aspect et un toucher sophistiqu\u00e9s.<\/li>\n<li><strong>Confort luxueux :<\/strong> La doublure int\u00e9rieure en cuir de ch\u00e8vre souple assure une respirabilit\u00e9 et un confort exceptionnels.<\/li>\n<li><strong>Conception l\u00e9g\u00e8re :<\/strong> La semelle Microlight offre une flexibilit\u00e9 sup\u00e9rieure et un poids r\u00e9duit pour une utilisation tout au long de la journ\u00e9e.<\/li>\n<li><strong>Lifting subtil :<\/strong> Le talon confortable de 1 \u00e0 3 cm offre une position raffin\u00e9e sans compromettre la stabilit\u00e9.<\/li>\n<li><strong>Taille polyvalente :<\/strong> Disponible dans les tailles europ\u00e9ennes 39, 40, 41, 42, 43, 44, 45 pour garantir un ajustement parfait.<\/li>\n<li><strong>Commande en gros :<\/strong> Quantit\u00e9 minimale de commande de 8 paires disponible pour la vente en gros.<\/li>\n<li><strong>Livraison efficace :<\/strong> Le d\u00e9lai de livraison est de 12 jours, plus les frais d'exp\u00e9dition, pour votre confort.<\/li>\n<\/ul>","protected":false},"featured_media":3399,"template":"","meta":{"_acf_changed":false,"_uag_custom_page_level_css":"","site-sidebar-layout":"default","site-content-layout":"","ast-site-content-layout":"default","site-content-style":"default","site-sidebar-style":"default","ast-global-header-display":"","ast-banner-title-visibility":"","ast-main-header-display":"","ast-hfb-above-header-display":"","ast-hfb-below-header-display":"","ast-hfb-mobile-header-display":"","site-post-title":"","ast-breadcrumbs-content":"","ast-featured-img":"","footer-sml-layout":"","ast-disable-related-posts":"","theme-transparent-header-meta":"default","adv-header-id-meta":"","stick-header-meta":"","header-above-stick-meta":"","header-main-stick-meta":"","header-below-stick-meta":"","astra-migrate-meta-layouts":"set","ast-page-background-enabled":"default","ast-page-background-meta":{"desktop":{"background-color":"var(--ast-global-color-4)","background-image":"","background-repeat":"repeat","background-position":"center center","background-size":"auto","background-attachment":"scroll","background-type":"","background-media":"","overlay-type":"","overlay-color":"","overlay-opacity":"","overlay-gradient":""},"tablet":{"background-color":"","background-image":"","background-repeat":"repeat","background-position":"center center","background-size":"auto","background-attachment":"scroll","background-type":"","background-media":"","overlay-type":"","overlay-color":"","overlay-opacity":"","overlay-gradient":""},"mobile":{"background-color":"","background-image":"","background-repeat":"repeat","background-position":"center center","background-size":"auto","background-attachment":"scroll","background-type":"","background-media":"","overlay-type":"","overlay-color":"","overlay-opacity":"","overlay-gradient":""}},"ast-content-background-meta":{"desktop":{"background-color":"var(--ast-global-color-5)","background-image":"","background-repeat":"repeat","background-position":"center center","background-size":"auto","background-attachment":"scroll","background-type":"","background-media":"","overlay-type":"","overlay-color":"","overlay-opacity":"","overlay-gradient":""},"tablet":{"background-color":"var(--ast-global-color-5)","background-image":"","background-repeat":"repeat","background-position":"center center","background-size":"auto","background-attachment":"scroll","background-type":"","background-media":"","overlay-type":"","overlay-color":"","overlay-opacity":"","overlay-gradient":""},"mobile":{"background-color":"var(--ast-global-color-5)","background-image":"","background-repeat":"repeat","background-position":"center center","background-size":"auto","background-attachment":"scroll","background-type":"","background-media":"","overlay-type":"","overlay-color":"","overlay-opacity":"","overlay-gradient":""}}},"product_brand":[],"product_cat":[47,430,40],"product_tag":[435,604,405,202,458,212,284,454,251,437,450,227,416,198,466,281],"class_list":{"0":"post-5017","1":"product","2":"type-product","3":"status-publish","4":"has-post-thumbnail","6":"product_cat-classic","7":"product_cat-men","8":"product_cat-mens-shoes","9":"product_tag-black-derby","10":"product_tag-blue-derby","11":"product_tag-business-shoes","12":"product_tag-calf-leather","13":"product_tag-cap-toe-shoes","14":"product_tag-derby-shoes","15":"product_tag-dress-shoes","16":"product_tag-elegant-footwear","17":"product_tag-formal-shoes","18":"product_tag-goat-leather","19":"product_tag-handcrafted-shoes","20":"product_tag-leather-shoes","21":"product_tag-luxury-shoes","22":"product_tag-mens-fashion","23":"product_tag-microlight-sole","24":"product_tag-wholesale-shoes","25":"desktop-align-center","26":"tablet-align-center","27":"mobile-align-center","29":"first","30":"instock","31":"shipping-taxable","32":"purchasable","33":"product-type-variable","34":"has-default-attributes"},"acf":[],"uagb_featured_image_src":{"full":["https:\/\/turkishtrade.co\/wp-content\/uploads\/2026\/01\/2400EJOMN00034-DARK-BLUE-X_12573.png",453,250,false],"thumbnail":["https:\/\/turkishtrade.co\/wp-content\/uploads\/2026\/01\/2400EJOMN00034-DARK-BLUE-X_12573-150x150.png",150,150,true],"medium":["https:\/\/turkishtrade.co\/wp-content\/uploads\/2026\/01\/2400EJOMN00034-DARK-BLUE-X_12573-300x166.png",300,166,true],"medium_large":["https:\/\/turkishtrade.co\/wp-content\/uploads\/2026\/01\/2400EJOMN00034-DARK-BLUE-X_12573.png",453,250,false],"large":["https:\/\/turkishtrade.co\/wp-content\/uploads\/2026\/01\/2400EJOMN00034-DARK-BLUE-X_12573.png",453,250,false],"1536x1536":["https:\/\/turkishtrade.co\/wp-content\/uploads\/2026\/01\/2400EJOMN00034-DARK-BLUE-X_12573.png",453,250,false],"2048x2048":["https:\/\/turkishtrade.co\/wp-content\/uploads\/2026\/01\/2400EJOMN00034-DARK-BLUE-X_12573.png",453,250,false],"trp-custom-language-flag":["https:\/\/turkishtrade.co\/wp-content\/uploads\/2026\/01\/2400EJOMN00034-DARK-BLUE-X_12573-18x10.png",18,10,true],"woocommerce_thumbnail":["https:\/\/turkishtrade.co\/wp-content\/uploads\/2026\/01\/2400EJOMN00034-DARK-BLUE-X_12573-400x250.png",400,250,true],"woocommerce_single":["https:\/\/turkishtrade.co\/wp-content\/uploads\/2026\/01\/2400EJOMN00034-DARK-BLUE-X_12573.png",453,250,false],"woocommerce_gallery_thumbnail":["https:\/\/turkishtrade.co\/wp-content\/uploads\/2026\/01\/2400EJOMN00034-DARK-BLUE-X_12573-100x100.png",100,100,true]},"uagb_author_info":{"display_name":"yaser olabi","author_link":"https:\/\/turkishtrade.co\/fr\/author\/"},"uagb_comment_info":0,"uagb_excerpt":"Handcrafted Elegance: Premium calf leather exterior for a sophisticated look and feel. Luxurious Comfort: Soft goat leather interior lining ensures exceptional breathability and comfort. Lightweight Design: Microlight sole provides superior flexibility and reduced weight for all-day wear. Subtle Lift: Comfortable 1-3 cm heel height offers a refined stance without compromising stability. Versatile Sizing: Available in\u2026","_links":{"self":[{"href":"https:\/\/turkishtrade.co\/fr\/wp-json\/wp\/v2\/product\/5017","targetHints":{"allow":["GET"]}}],"collection":[{"href":"https:\/\/turkishtrade.co\/fr\/wp-json\/wp\/v2\/product"}],"about":[{"href":"https:\/\/turkishtrade.co\/fr\/wp-json\/wp\/v2\/types\/product"}],"wp:featuredmedia":[{"embeddable":true,"href":"https:\/\/turkishtrade.co\/fr\/wp-json\/wp\/v2\/media\/3399"}],"wp:attachment":[{"href":"https:\/\/turkishtrade.co\/fr\/wp-json\/wp\/v2\/media?parent=5017"}],"wp:term":[{"taxonomy":"product_brand","embeddable":true,"href":"https:\/\/turkishtrade.co\/fr\/wp-json\/wp\/v2\/product_brand?post=5017"},{"taxonomy":"product_cat","embeddable":true,"href":"https:\/\/turkishtrade.co\/fr\/wp-json\/wp\/v2\/product_cat?post=5017"},{"taxonomy":"product_tag","embeddable":true,"href":"https:\/\/turkishtrade.co\/fr\/wp-json\/wp\/v2\/product_tag?post=5017"}],"curies":[{"name":"wp","href":"https:\/\/api.w.org\/{rel}","templated":true}]}}