{"id":5014,"date":"2026-01-14T11:00:20","date_gmt":"2026-01-14T11:00:20","guid":{"rendered":"https:\/\/turkishtrade.co\/product\/men-s-handcrafted-leather-loafers\/"},"modified":"2026-04-09T19:47:02","modified_gmt":"2026-04-09T19:47:02","slug":"rare-mens-handcrafted-leather-loafers","status":"publish","type":"product","link":"https:\/\/turkishtrade.co\/fr\/shop\/rare-mens-handcrafted-leather-loafers\/","title":{"rendered":"Mocassins en cuir de veau de fabrication artisanale pour hommes"},"content":{"rendered":"<p><strong>Mocassins en cuir de fabrication artisanale pour hommes<\/strong><\/p>\n<p>Entrez dans une sophistication in\u00e9gal\u00e9e avec notre <strong>Mocassins en cuir de fabrication artisanale pour hommes<\/strong>. Con\u00e7us pour les personnes exigeantes qui appr\u00e9cient \u00e0 la fois le style et le confort, ces mocassins exquis sont un v\u00e9ritable t\u00e9moignage de l'art traditionnel et du design moderne. Chaque paire de ces <strong>Mocassins en cuir de fabrication artisanale pour hommes<\/strong> est m\u00e9ticuleusement fabriqu\u00e9e pour offrir un m\u00e9lange parfait de luxe et de facilit\u00e9 d'utilisation au quotidien, ce qui en fait la pierre angulaire de toute garde-robe raffin\u00e9e.<\/p>\n<h3>Des mat\u00e9riaux de premi\u00e8re qualit\u00e9 pour un confort optimal<\/h3>\n<p>La qualit\u00e9 sup\u00e9rieure de ces mocassins commence par des mat\u00e9riaux soigneusement s\u00e9lectionn\u00e9s. L'ext\u00e9rieur est en cuir de veau de qualit\u00e9 sup\u00e9rieure, r\u00e9put\u00e9 pour sa finition soign\u00e9e, sa durabilit\u00e9 exceptionnelle et son apparence \u00e9l\u00e9gante. Ce choix garantit une chaussure durable qui non seulement r\u00e9siste \u00e0 l'\u00e9preuve du temps, mais vieillit aussi magnifiquement, en d\u00e9veloppant une patine unique. \u00c0 l'int\u00e9rieur, vos pieds seront berc\u00e9s par la douce \u00e9treinte de la doublure en cuir de ch\u00e8vre, r\u00e9put\u00e9e pour sa respirabilit\u00e9 et son confort supr\u00eame. Ce luxe int\u00e9rieur fait de ces <strong>Mocassins en cuir de fabrication artisanale pour hommes<\/strong> un plaisir \u00e0 porter du matin au soir.<\/p>\n<h3>Conception l\u00e9g\u00e8re et ajustement parfait<\/h3>\n<p>Marchez sans effort gr\u00e2ce \u00e0 la semelle innovante Microlight. Cette technologie de pointe garantit une l\u00e9g\u00e8ret\u00e9 et une flexibilit\u00e9 remarquables, ainsi qu'une excellente absorption des chocs, pour un confort qui dure toute la journ\u00e9e sans vous alourdir. Une hauteur de talon subtile de 1 \u00e0 3 cm ajoute une touche d'\u00e9l\u00e9gance classique sans compromettre la stabilit\u00e9 ou le confort. Nous proposons ces magnifiques <strong>Mocassins en cuir de fabrication artisanale pour hommes<\/strong> dans une large gamme de tailles, du 39 au 45, garantissant un ajustement parfait pour chaque homme et un confort constant dans tous les styles.<\/p>\n<h3>Un style polyvalent pour toutes les occasions<\/h3>\n<p>Avec leur silhouette classique de penny loafer et leurs d\u00e9tails textur\u00e9s distinctifs sur la lani\u00e8re de l'empeigne, ces chaussures passent sans effort d'un environnement professionnel formel \u00e0 des sorties d\u00e9contract\u00e9es \u00e9l\u00e9gantes. Qu'elles soient associ\u00e9es \u00e0 un costume cintr\u00e9, \u00e0 un pantalon sophistiqu\u00e9 ou \u00e0 un pantalon chino chic, nos <strong>Mocassins en cuir de fabrication artisanale pour hommes<\/strong> rehaussent n'importe quel ensemble et t\u00e9moignent d'un go\u00fbt raffin\u00e9 en mati\u00e8re de chaussures. Leur attrait polyvalent en fait un compl\u00e9ment indispensable \u00e0 toute garde-robe moderne, parfait pour toutes les occasions o\u00f9 le style et le confort sont primordiaux.<\/p>\n<h3>Disponibilit\u00e9 des produits en vrac et assurance de la qualit\u00e9<\/h3>\n<p>Pour les d\u00e9taillants ou les acheteurs en gros, ces produits d'exception <strong>Mocassins en cuir de fabrication artisanale pour hommes<\/strong> sont disponibles \u00e0 partir d'une quantit\u00e9 minimale de 8 paires. Chaque paire refl\u00e8te notre engagement in\u00e9branlable en faveur d'un savoir-faire et d'une qualit\u00e9 sup\u00e9rieurs, et fait l'objet d'un contr\u00f4le rigoureux avant d'\u00eatre exp\u00e9di\u00e9e. Comptez 12 jours pour la production et l'exp\u00e9dition, ce qui vous garantit un produit fabriqu\u00e9 avec pr\u00e9cision et soin. Investissez dans un style intemporel et un confort durable avec notre collection haut de gamme de <strong>Mocassins en cuir de fabrication artisanale pour hommes<\/strong>.<\/p>","protected":false},"excerpt":{"rendered":"<ul>\n<li>Ext\u00e9rieur en cuir de veau de premi\u00e8re qualit\u00e9 pour une durabilit\u00e9 et un style durables<\/li>\n<li>Doublure int\u00e9rieure en cuir de ch\u00e8vre souple pour un confort ultime et une bonne respirabilit\u00e9<\/li>\n<li>Semelle l\u00e9g\u00e8re Microlight pour une utilisation flexible tout au long de la journ\u00e9e<\/li>\n<li>Hauteur de talon subtile de 1 \u00e0 3 cm pour une silhouette raffin\u00e9e<\/li>\n<li>Disponible dans une large gamme de tailles allant de 39 \u00e0 45<\/li>\n<li>Commande minimum de 8 paires pour les achats en gros (12 jours de production + exp\u00e9dition)<\/li>\n<\/ul>","protected":false},"featured_media":3397,"template":"","meta":{"_acf_changed":false,"_uag_custom_page_level_css":"","site-sidebar-layout":"default","site-content-layout":"","ast-site-content-layout":"default","site-content-style":"default","site-sidebar-style":"default","ast-global-header-display":"","ast-banner-title-visibility":"","ast-main-header-display":"","ast-hfb-above-header-display":"","ast-hfb-below-header-display":"","ast-hfb-mobile-header-display":"","site-post-title":"","ast-breadcrumbs-content":"","ast-featured-img":"","footer-sml-layout":"","ast-disable-related-posts":"","theme-transparent-header-meta":"default","adv-header-id-meta":"","stick-header-meta":"","header-above-stick-meta":"","header-main-stick-meta":"","header-below-stick-meta":"","astra-migrate-meta-layouts":"set","ast-page-background-enabled":"default","ast-page-background-meta":{"desktop":{"background-color":"var(--ast-global-color-4)","background-image":"","background-repeat":"repeat","background-position":"center center","background-size":"auto","background-attachment":"scroll","background-type":"","background-media":"","overlay-type":"","overlay-color":"","overlay-opacity":"","overlay-gradient":""},"tablet":{"background-color":"","background-image":"","background-repeat":"repeat","background-position":"center center","background-size":"auto","background-attachment":"scroll","background-type":"","background-media":"","overlay-type":"","overlay-color":"","overlay-opacity":"","overlay-gradient":""},"mobile":{"background-color":"","background-image":"","background-repeat":"repeat","background-position":"center center","background-size":"auto","background-attachment":"scroll","background-type":"","background-media":"","overlay-type":"","overlay-color":"","overlay-opacity":"","overlay-gradient":""}},"ast-content-background-meta":{"desktop":{"background-color":"var(--ast-global-color-5)","background-image":"","background-repeat":"repeat","background-position":"center center","background-size":"auto","background-attachment":"scroll","background-type":"","background-media":"","overlay-type":"","overlay-color":"","overlay-opacity":"","overlay-gradient":""},"tablet":{"background-color":"var(--ast-global-color-5)","background-image":"","background-repeat":"repeat","background-position":"center center","background-size":"auto","background-attachment":"scroll","background-type":"","background-media":"","overlay-type":"","overlay-color":"","overlay-opacity":"","overlay-gradient":""},"mobile":{"background-color":"var(--ast-global-color-5)","background-image":"","background-repeat":"repeat","background-position":"center center","background-size":"auto","background-attachment":"scroll","background-type":"","background-media":"","overlay-type":"","overlay-color":"","overlay-opacity":"","overlay-gradient":""}}},"product_brand":[],"product_cat":[47,430,40],"product_tag":[202,449,220,284,437,450,215,217,198,186,466,279,597,598,599,600,601,602,603,596],"class_list":{"0":"post-5014","1":"product","2":"type-product","3":"status-publish","4":"has-post-thumbnail","6":"product_cat-classic","7":"product_cat-men","8":"product_cat-mens-shoes","9":"product_tag-calf-leather","10":"product_tag-casual-shoes","11":"product_tag-comfortable-loafers","12":"product_tag-dress-shoes","13":"product_tag-goat-leather","14":"product_tag-handcrafted-shoes","15":"product_tag-leather-loafers","16":"product_tag-luxury-footwear","17":"product_tag-mens-fashion","18":"product_tag-mens-loafers","19":"product_tag-microlight-sole","20":"product_tag-penny-loafers","21":"product_tag-size-39","22":"product_tag-size-40","23":"product_tag-size-41","24":"product_tag-size-42","25":"product_tag-size-43","26":"product_tag-size-44","27":"product_tag-size-45","28":"product_tag-turkish-made-shoes","29":"desktop-align-center","30":"tablet-align-center","31":"mobile-align-center","33":"first","34":"instock","35":"shipping-taxable","36":"purchasable","37":"product-type-variable","38":"has-default-attributes"},"acf":[],"uagb_featured_image_src":{"full":["https:\/\/turkishtrade.co\/wp-content\/uploads\/2026\/01\/2400EJOMN00033-BROWN-SL_01.png",453,250,false],"thumbnail":["https:\/\/turkishtrade.co\/wp-content\/uploads\/2026\/01\/2400EJOMN00033-BROWN-SL_01-150x150.png",150,150,true],"medium":["https:\/\/turkishtrade.co\/wp-content\/uploads\/2026\/01\/2400EJOMN00033-BROWN-SL_01-300x166.png",300,166,true],"medium_large":["https:\/\/turkishtrade.co\/wp-content\/uploads\/2026\/01\/2400EJOMN00033-BROWN-SL_01.png",453,250,false],"large":["https:\/\/turkishtrade.co\/wp-content\/uploads\/2026\/01\/2400EJOMN00033-BROWN-SL_01.png",453,250,false],"1536x1536":["https:\/\/turkishtrade.co\/wp-content\/uploads\/2026\/01\/2400EJOMN00033-BROWN-SL_01.png",453,250,false],"2048x2048":["https:\/\/turkishtrade.co\/wp-content\/uploads\/2026\/01\/2400EJOMN00033-BROWN-SL_01.png",453,250,false],"trp-custom-language-flag":["https:\/\/turkishtrade.co\/wp-content\/uploads\/2026\/01\/2400EJOMN00033-BROWN-SL_01-18x10.png",18,10,true],"woocommerce_thumbnail":["https:\/\/turkishtrade.co\/wp-content\/uploads\/2026\/01\/2400EJOMN00033-BROWN-SL_01-400x250.png",400,250,true],"woocommerce_single":["https:\/\/turkishtrade.co\/wp-content\/uploads\/2026\/01\/2400EJOMN00033-BROWN-SL_01.png",453,250,false],"woocommerce_gallery_thumbnail":["https:\/\/turkishtrade.co\/wp-content\/uploads\/2026\/01\/2400EJOMN00033-BROWN-SL_01-100x100.png",100,100,true]},"uagb_author_info":{"display_name":"yaser olabi","author_link":"https:\/\/turkishtrade.co\/fr\/author\/"},"uagb_comment_info":0,"uagb_excerpt":"Premium Calf Leather Exterior for lasting durability and style Soft Goat Leather Interior Lining for ultimate comfort and breathability Lightweight Microlight Sole for flexible, all-day wear Subtle 1-3 cm heel height for a refined silhouette Available in a comprehensive size range from 39 to 45 Minimum order of 8 pairs for bulk purchases (12 days\u2026","_links":{"self":[{"href":"https:\/\/turkishtrade.co\/fr\/wp-json\/wp\/v2\/product\/5014","targetHints":{"allow":["GET"]}}],"collection":[{"href":"https:\/\/turkishtrade.co\/fr\/wp-json\/wp\/v2\/product"}],"about":[{"href":"https:\/\/turkishtrade.co\/fr\/wp-json\/wp\/v2\/types\/product"}],"wp:featuredmedia":[{"embeddable":true,"href":"https:\/\/turkishtrade.co\/fr\/wp-json\/wp\/v2\/media\/3397"}],"wp:attachment":[{"href":"https:\/\/turkishtrade.co\/fr\/wp-json\/wp\/v2\/media?parent=5014"}],"wp:term":[{"taxonomy":"product_brand","embeddable":true,"href":"https:\/\/turkishtrade.co\/fr\/wp-json\/wp\/v2\/product_brand?post=5014"},{"taxonomy":"product_cat","embeddable":true,"href":"https:\/\/turkishtrade.co\/fr\/wp-json\/wp\/v2\/product_cat?post=5014"},{"taxonomy":"product_tag","embeddable":true,"href":"https:\/\/turkishtrade.co\/fr\/wp-json\/wp\/v2\/product_tag?post=5014"}],"curies":[{"name":"wp","href":"https:\/\/api.w.org\/{rel}","templated":true}]}}