{"id":5010,"date":"2026-01-14T10:59:36","date_gmt":"2026-01-14T10:59:36","guid":{"rendered":"https:\/\/turkishtrade.co\/product\/men-s-black-calf-leather-oxford-shoes\/"},"modified":"2026-04-09T19:47:09","modified_gmt":"2026-04-09T19:47:09","slug":"mens-black-calf-leather-oxford-shoes","status":"publish","type":"product","link":"https:\/\/turkishtrade.co\/fr\/shop\/mens-black-calf-leather-oxford-shoes\/","title":{"rendered":"Chaussures Oxford en cuir de veau noir pour hommes"},"content":{"rendered":"<p><strong>Chaussures Oxford en cuir de veau noir pour hommes<\/strong><\/p>\n<p>Entrez dans la sophistication gr\u00e2ce \u00e0 nos produits d'exception <b>Chaussures Oxford en cuir de veau noir pour hommes<\/b>. M\u00e9ticuleusement fabriqu\u00e9es \u00e0 la main, ces chaussures sont l'incarnation de l'\u00e9l\u00e9gance intemporelle et d'un savoir-faire sup\u00e9rieur. Con\u00e7ues pour les personnes exigeantes, nos <b>Chaussures Oxford en cuir de veau noir pour hommes<\/b> allient harmonieusement style traditionnel et confort moderne, ce qui en fait un compl\u00e9ment indispensable \u00e0 toute garde-robe formelle ou professionnelle.<\/p>\n<p><h3>Des mat\u00e9riaux d'une qualit\u00e9 in\u00e9gal\u00e9e<\/h3>\n<\/p>\n<p>Faites l'exp\u00e9rience du luxe \u00e0 chaque pas. L'ext\u00e9rieur de ces \u00e9tonnants oxfords est fabriqu\u00e9 en cuir de veau v\u00e9ritable de premi\u00e8re qualit\u00e9, connu pour sa texture lisse, sa remarquable durabilit\u00e9 et sa finition lustr\u00e9e. Ce mat\u00e9riau de qualit\u00e9 sup\u00e9rieure garantit non seulement une apparence sophistiqu\u00e9e, mais aussi la long\u00e9vit\u00e9, en r\u00e9sistant \u00e0 l'usure et en conservant son aspect impeccable au fil du temps.<\/p>\n<p>En compl\u00e9ment de l'ext\u00e9rieur robuste, l'int\u00e9rieur est doubl\u00e9 d'un cuir de ch\u00e8vre incroyablement doux, offrant un confort et une respirabilit\u00e9 in\u00e9gal\u00e9s tout au long de la journ\u00e9e. Le r\u00e9sultat est une paire de <b>Chaussures Oxford en cuir de veau noir pour hommes<\/b> qui sont aussi agr\u00e9ables au toucher qu'\u00e0 l'\u0153il, offrant un environnement moelleux \u00e0 vos pieds.<\/p>\n<p><h3>Con\u00e7u pour le confort et le style<\/h3>\n<\/p>\n<p>Au-del\u00e0 de leur esth\u00e9tique remarquable, ces <b>Chaussures Oxford en cuir de veau noir pour hommes<\/b> sont con\u00e7ues pour un confort supr\u00eame. Dot\u00e9es d'une semelle Microlight l\u00e9g\u00e8re, elles offrent une excellente absorption des chocs et une grande souplesse, ce qui garantit une grande aisance de mouvement, que vous vous d\u00e9placiez dans les rues de la ville ou que vous restiez debout pendant de longues manifestations. Le talon subtil de 1 \u00e0 3 cm procure la bonne \u00e9l\u00e9vation, am\u00e9liorant la posture sans sacrifier le confort.<\/p>\n<p>Le design classique \u00e0 bouts pointus ajoute une touche de formalit\u00e9 raffin\u00e9e, ce qui les rend adapt\u00e9es aux r\u00e9unions d'affaires, aux mariages, aux \u00e9v\u00e9nements en cravate noire et \u00e0 d'autres occasions \u00e9l\u00e9gantes. Chaque paire t\u00e9moigne d'une attention m\u00e9ticuleuse aux d\u00e9tails et d'un engagement envers une qualit\u00e9 qui r\u00e9siste \u00e0 l'\u00e9preuve du temps.<\/p>\n<p>Ces produits polyvalents <b>Chaussures Oxford en cuir de veau noir pour hommes<\/b> sont disponibles dans une gamme compl\u00e8te de tailles allant du 39 au 45, garantissant un ajustement parfait pour un large \u00e9ventail de clients. Associez-les \u00e0 un costume \u00e9l\u00e9gant pour une allure professionnelle imposante, ou habillez-les l\u00e9g\u00e8rement avec un pantalon de tailleur pour des \u00e9v\u00e9nements d\u00e9contract\u00e9s et \u00e9l\u00e9gants. Leur teinte noire classique les rend incroyablement faciles \u00e0 int\u00e9grer dans n'importe quelle garde-robe existante, servant de base fiable \u00e0 d'innombrables tenues.<\/p>\n<p><h3>Avantages de la commande en gros<\/h3>\n<\/p>\n<p>Pour les d\u00e9taillants, les entreprises ou les personnes souhaitant s'approvisionner en chaussures de ville de haute qualit\u00e9, nos <b>Chaussures Oxford en cuir de veau noir pour hommes<\/b> sont disponibles pour un achat en gros avec une quantit\u00e9 minimum de 8 paires.<\/p>\n<p>B\u00e9n\u00e9ficiez d'un prix comp\u00e9titif \u00e0 seulement USD par paire, ce qui en fait un excellent investissement pour votre stock. Avec un d\u00e9lai de livraison d'environ 12 jours plus les frais d'exp\u00e9dition, vous pouvez rapidement am\u00e9liorer votre offre avec des chaussures de qualit\u00e9 sup\u00e9rieure, fabriqu\u00e9es par des experts, qui impressionneront votre client\u00e8le.<\/p>\n<p>Investissez dans un style et un confort durables avec des chaussures qui en disent long sur vos go\u00fbts. Nos <b>Chaussures Oxford en cuir de veau noir pour hommes<\/b> sont plus que de simples chaussures ; elles sont une d\u00e9claration de sophistication et de qualit\u00e9. Commandez d\u00e8s aujourd'hui et faites l'exp\u00e9rience d'un m\u00e9lange parfait de tradition, de luxe et de facilit\u00e9 d'utilisation.<\/p>","protected":false},"excerpt":{"rendered":"<p>Les chaussures Oxford en cuir de veau noir pour hommes, qui allient style classique et confort ultime, rehaussent votre garde-robe formelle.<\/p>\n<ul>\n<li>Ext\u00e9rieur en cuir de veau noir de premi\u00e8re qualit\u00e9 pour un aspect raffin\u00e9 et une grande durabilit\u00e9<\/li>\n<li>La doublure int\u00e9rieure en cuir de ch\u00e8vre luxueux assure un confort et une respirabilit\u00e9 in\u00e9gal\u00e9s.<\/li>\n<li>La semelle Microlight, qui am\u00e9liore le confort, apporte souplesse et soutien en toute l\u00e9g\u00e8ret\u00e9.<\/li>\n<li>Talon subtil de 1 \u00e0 3 cm pour une position raffin\u00e9e et un confort ergonomique<\/li>\n<li>Disponible dans une gamme compl\u00e8te de tailles : 39, 40, 41, 42, 43, 44, 45<\/li>\n<li>Quantit\u00e9 minimale de commande : 8 paires (Excellent pour les achats en gros et les d\u00e9taillants)<\/li>\n<\/ul>","protected":false},"featured_media":3394,"template":"","meta":{"_acf_changed":false,"_uag_custom_page_level_css":"","site-sidebar-layout":"default","site-content-layout":"","ast-site-content-layout":"default","site-content-style":"default","site-sidebar-style":"default","ast-global-header-display":"","ast-banner-title-visibility":"","ast-main-header-display":"","ast-hfb-above-header-display":"","ast-hfb-below-header-display":"","ast-hfb-mobile-header-display":"","site-post-title":"","ast-breadcrumbs-content":"","ast-featured-img":"","footer-sml-layout":"","ast-disable-related-posts":"","theme-transparent-header-meta":"","adv-header-id-meta":"","stick-header-meta":"","header-above-stick-meta":"","header-main-stick-meta":"","header-below-stick-meta":"","astra-migrate-meta-layouts":"default","ast-page-background-enabled":"default","ast-page-background-meta":{"desktop":{"background-color":"var(--ast-global-color-4)","background-image":"","background-repeat":"repeat","background-position":"center center","background-size":"auto","background-attachment":"scroll","background-type":"","background-media":"","overlay-type":"","overlay-color":"","overlay-opacity":"","overlay-gradient":""},"tablet":{"background-color":"","background-image":"","background-repeat":"repeat","background-position":"center center","background-size":"auto","background-attachment":"scroll","background-type":"","background-media":"","overlay-type":"","overlay-color":"","overlay-opacity":"","overlay-gradient":""},"mobile":{"background-color":"","background-image":"","background-repeat":"repeat","background-position":"center center","background-size":"auto","background-attachment":"scroll","background-type":"","background-media":"","overlay-type":"","overlay-color":"","overlay-opacity":"","overlay-gradient":""}},"ast-content-background-meta":{"desktop":{"background-color":"var(--ast-global-color-5)","background-image":"","background-repeat":"repeat","background-position":"center center","background-size":"auto","background-attachment":"scroll","background-type":"","background-media":"","overlay-type":"","overlay-color":"","overlay-opacity":"","overlay-gradient":""},"tablet":{"background-color":"var(--ast-global-color-5)","background-image":"","background-repeat":"repeat","background-position":"center center","background-size":"auto","background-attachment":"scroll","background-type":"","background-media":"","overlay-type":"","overlay-color":"","overlay-opacity":"","overlay-gradient":""},"mobile":{"background-color":"var(--ast-global-color-5)","background-image":"","background-repeat":"repeat","background-position":"center center","background-size":"auto","background-attachment":"scroll","background-type":"","background-media":"","overlay-type":"","overlay-color":"","overlay-opacity":"","overlay-gradient":""}}},"product_brand":[],"product_cat":[47,430,40],"product_tag":[540,590,405,185,541,284,454,314,591,189,351,589,466,281],"class_list":{"0":"post-5010","1":"product","2":"type-product","3":"status-publish","4":"has-post-thumbnail","6":"product_cat-classic","7":"product_cat-men","8":"product_cat-mens-shoes","9":"product_tag-black-oxford-shoes","10":"product_tag-bulk-oxford-shoes","11":"product_tag-business-shoes","12":"product_tag-calf-leather-shoes","13":"product_tag-cap-toe-oxfords","14":"product_tag-dress-shoes","15":"product_tag-elegant-footwear","16":"product_tag-formal-mens-shoes","17":"product_tag-formal-wear","18":"product_tag-goat-leather-lining","19":"product_tag-leather-footwear","20":"product_tag-mens-black-calf-leather-oxford-shoes","21":"product_tag-microlight-sole","22":"product_tag-wholesale-shoes","23":"desktop-align-center","24":"tablet-align-center","25":"mobile-align-center","27":"first","28":"instock","29":"shipping-taxable","30":"purchasable","31":"product-type-variable","32":"has-default-attributes"},"acf":[],"uagb_featured_image_src":{"full":["https:\/\/turkishtrade.co\/wp-content\/uploads\/2026\/01\/2400EJOMN00031-BLACK-Y_554.png",453,250,false],"thumbnail":["https:\/\/turkishtrade.co\/wp-content\/uploads\/2026\/01\/2400EJOMN00031-BLACK-Y_554-150x150.png",150,150,true],"medium":["https:\/\/turkishtrade.co\/wp-content\/uploads\/2026\/01\/2400EJOMN00031-BLACK-Y_554-300x166.png",300,166,true],"medium_large":["https:\/\/turkishtrade.co\/wp-content\/uploads\/2026\/01\/2400EJOMN00031-BLACK-Y_554.png",453,250,false],"large":["https:\/\/turkishtrade.co\/wp-content\/uploads\/2026\/01\/2400EJOMN00031-BLACK-Y_554.png",453,250,false],"1536x1536":["https:\/\/turkishtrade.co\/wp-content\/uploads\/2026\/01\/2400EJOMN00031-BLACK-Y_554.png",453,250,false],"2048x2048":["https:\/\/turkishtrade.co\/wp-content\/uploads\/2026\/01\/2400EJOMN00031-BLACK-Y_554.png",453,250,false],"trp-custom-language-flag":["https:\/\/turkishtrade.co\/wp-content\/uploads\/2026\/01\/2400EJOMN00031-BLACK-Y_554-18x10.png",18,10,true],"woocommerce_thumbnail":["https:\/\/turkishtrade.co\/wp-content\/uploads\/2026\/01\/2400EJOMN00031-BLACK-Y_554-400x250.png",400,250,true],"woocommerce_single":["https:\/\/turkishtrade.co\/wp-content\/uploads\/2026\/01\/2400EJOMN00031-BLACK-Y_554.png",453,250,false],"woocommerce_gallery_thumbnail":["https:\/\/turkishtrade.co\/wp-content\/uploads\/2026\/01\/2400EJOMN00031-BLACK-Y_554-100x100.png",100,100,true]},"uagb_author_info":{"display_name":"yaser olabi","author_link":"https:\/\/turkishtrade.co\/fr\/author\/"},"uagb_comment_info":0,"uagb_excerpt":"Elevate your formal wardrobe with our exquisite Men's Black Calf Leather Oxford Shoes, blending classic style with ultimate comfort. Premium Black Calf Leather Exterior for a refined look and durability Luxurious Goat Leather Interior Lining ensures unparalleled comfort and breathability Comfort-enhancing Microlight Sole provides lightweight flexibility and support Subtle 1-3cm Heel for a refined stance\u2026","_links":{"self":[{"href":"https:\/\/turkishtrade.co\/fr\/wp-json\/wp\/v2\/product\/5010","targetHints":{"allow":["GET"]}}],"collection":[{"href":"https:\/\/turkishtrade.co\/fr\/wp-json\/wp\/v2\/product"}],"about":[{"href":"https:\/\/turkishtrade.co\/fr\/wp-json\/wp\/v2\/types\/product"}],"wp:featuredmedia":[{"embeddable":true,"href":"https:\/\/turkishtrade.co\/fr\/wp-json\/wp\/v2\/media\/3394"}],"wp:attachment":[{"href":"https:\/\/turkishtrade.co\/fr\/wp-json\/wp\/v2\/media?parent=5010"}],"wp:term":[{"taxonomy":"product_brand","embeddable":true,"href":"https:\/\/turkishtrade.co\/fr\/wp-json\/wp\/v2\/product_brand?post=5010"},{"taxonomy":"product_cat","embeddable":true,"href":"https:\/\/turkishtrade.co\/fr\/wp-json\/wp\/v2\/product_cat?post=5010"},{"taxonomy":"product_tag","embeddable":true,"href":"https:\/\/turkishtrade.co\/fr\/wp-json\/wp\/v2\/product_tag?post=5010"}],"curies":[{"name":"wp","href":"https:\/\/api.w.org\/{rel}","templated":true}]}}