{"id":5006,"date":"2026-01-14T10:58:59","date_gmt":"2026-01-14T10:58:59","guid":{"rendered":"https:\/\/turkishtrade.co\/product\/mens-black-leather-derby-shoes\/"},"modified":"2026-04-09T19:47:15","modified_gmt":"2026-04-09T19:47:15","slug":"mens-black-leather-derby-shoes","status":"publish","type":"product","link":"https:\/\/turkishtrade.co\/fr\/shop\/mens-black-leather-derby-shoes\/","title":{"rendered":"Chaussures habill\u00e9es en cuir noir de qualit\u00e9 sup\u00e9rieure pour hommes"},"content":{"rendered":"<p><strong>Chaussures derby en cuir noir pour hommes<\/strong><\/p>\n<p>Entrez dans l'\u00e9l\u00e9gance sophistiqu\u00e9e avec notre collection exquise de <strong>Chaussures derby en cuir noir pour hommes<\/strong>. Con\u00e7ues pour le gentleman exigeant, ces chaussures Derby haut de gamme allient un style classique \u00e0 un confort in\u00e9gal\u00e9. Chaque paire t\u00e9moigne d'une qualit\u00e9 de fabrication sup\u00e9rieure, vous assurant une impression durable, que ce soit dans la salle de conf\u00e9rence ou lors d'un \u00e9v\u00e9nement formel. Il ne s'agit pas de simples chaussures, mais d'un investissement dans votre style personnel et votre confort.<\/p>\n<h3>Qualit\u00e9 et confort in\u00e9gal\u00e9s<\/h3>\n<p>Notre <strong>Chaussures derby en cuir noir pour hommes<\/strong> sont m\u00e9ticuleusement construits \u00e0 partir des mat\u00e9riaux les plus nobles. L'ext\u00e9rieur est fabriqu\u00e9 en cuir de veau v\u00e9ritable de qualit\u00e9 sup\u00e9rieure, connu pour sa texture lisse, sa durabilit\u00e9 et sa capacit\u00e9 \u00e0 d\u00e9velopper une belle patine au fil du temps. \u00c0 l'int\u00e9rieur, vos pieds seront envelopp\u00e9s dans l'\u00e9treinte douce de la doublure en cuir de ch\u00e8vre, qui offre une respirabilit\u00e9 et un confort exceptionnels tout au long de la journ\u00e9e. Cette combinaison garantit une sensation de luxe d\u00e8s l'instant o\u00f9 vous les enfilez.<\/p>\n<p>La semelle Microlight innovante permet \u00e0 ces <strong>Chaussures derby en cuir noir pour hommes<\/strong> offrant une sensation de l\u00e9g\u00e8ret\u00e9 surprenante sans compromettre la durabilit\u00e9 ou l'adh\u00e9rence. Cette technologie de semelle avanc\u00e9e offre une excellente absorption des chocs et une grande flexibilit\u00e9, ce qui les rend incroyablement confortables pour un usage prolong\u00e9. Associ\u00e9es \u00e0 une hauteur de talon subtile de 1 \u00e0 3 cm, ces chaussures offrent un \u00e9quilibre parfait entre \u00e9l\u00e9vation et stabilit\u00e9. D\u00e9couvrez la fusion d'un design traditionnel et d'un confort moderne \u00e0 chaque pas dans ces magnifiques chaussures. <strong>Chaussures derby en cuir noir pour hommes<\/strong>.<\/p>\n<h3>Un style et un savoir-faire polyvalents<\/h3>\n<p>Le design intemporel du derby noir fait de ces chaussures un compl\u00e9ment polyvalent \u00e0 toute garde-robe. Le syst\u00e8me de la\u00e7age ouvert permet de s'adapter confortablement \u00e0 toutes les formes de pieds, tandis que les \u00e9l\u00e9gants d\u00e9tails brogue sur le c\u00f4t\u00e9 ajoutent une touche de sophistication classique. Parfaites pour accompagner les costumes, les pantalons \u00e9l\u00e9gants ou m\u00eame les tenues d\u00e9contract\u00e9es, ces chaussures sont id\u00e9ales pour les hommes et les femmes. <strong>Chaussures derby en cuir noir pour hommes<\/strong> sont con\u00e7ues pour compl\u00e9ter un large \u00e9ventail de tenues. Des r\u00e9unions d'affaires importantes aux rassemblements formels, elles constituent le choix id\u00e9al pour toute occasion exigeant \u00e9l\u00e9gance et prestance.<\/p>\n<p>Nous sommes fiers de la qualit\u00e9 artisanale de nos chaussures. Chaque point de couture et chaque coupe refl\u00e8tent une volont\u00e9 d'excellence, garantissant que chaque paire de <strong>Chaussures derby en cuir noir pour hommes<\/strong> r\u00e9pond aux normes les plus strictes en mati\u00e8re d'artisanat. Disponibles dans des tailles allant de l'UE 39 \u00e0 45, nous r\u00e9pondons \u00e0 un large \u00e9ventail de besoins. Pour les entreprises qui souhaitent enrichir leur stock, ces chaussures de qualit\u00e9 sup\u00e9rieure sont disponibles pour une commande minimale de 8 paires, avec un d\u00e9lai de livraison de 12 jours plus les frais d'exp\u00e9dition. Am\u00e9liorez votre collection de chaussures avec une paire qui r\u00e9siste \u00e0 l'\u00e9preuve du temps et du style.<\/p>","protected":false},"excerpt":{"rendered":"<ul>\n<li><strong>Mat\u00e9riaux de premi\u00e8re qualit\u00e9 :<\/strong> Fabriqu\u00e9 en cuir de veau luxueux \u00e0 l'ext\u00e9rieur et en peau de ch\u00e8vre douce \u00e0 l'int\u00e9rieur.<\/li>\n<li><strong>Semelle confortable :<\/strong> Semelle l\u00e9g\u00e8re Microlight pour un confort et une flexibilit\u00e9 exceptionnels.<\/li>\n<li><strong>Design classique :<\/strong> Style Derby noir intemporel avec des d\u00e9tails \u00e9l\u00e9gants de type brogue, convenant aux occasions formelles et professionnelles.<\/li>\n<li><strong>Hauteur optimale du talon :<\/strong> Le talon subtil de 1 \u00e0 3 cm assure une portance confortable.<\/li>\n<li><strong>Tailles disponibles :<\/strong> La gamme compl\u00e8te des tailles va de l'UE 39 \u00e0 l'UE 45.<\/li>\n<li><strong>Disponibilit\u00e9 en vrac :<\/strong> Commande minimum de 8 paires pour les achats en gros.<\/li>\n<li><strong>Livraison efficace :<\/strong> D\u00e9lai d'ex\u00e9cution de 12 jours plus les frais d'exp\u00e9dition.<\/li>\n<\/ul>","protected":false},"featured_media":3392,"template":"","meta":{"_acf_changed":false,"_uag_custom_page_level_css":"","site-sidebar-layout":"default","site-content-layout":"","ast-site-content-layout":"default","site-content-style":"default","site-sidebar-style":"default","ast-global-header-display":"","ast-banner-title-visibility":"","ast-main-header-display":"","ast-hfb-above-header-display":"","ast-hfb-below-header-display":"","ast-hfb-mobile-header-display":"","site-post-title":"","ast-breadcrumbs-content":"","ast-featured-img":"","footer-sml-layout":"","ast-disable-related-posts":"","theme-transparent-header-meta":"default","adv-header-id-meta":"","stick-header-meta":"","header-above-stick-meta":"","header-main-stick-meta":"","header-below-stick-meta":"","astra-migrate-meta-layouts":"set","ast-page-background-enabled":"default","ast-page-background-meta":{"desktop":{"background-color":"var(--ast-global-color-4)","background-image":"","background-repeat":"repeat","background-position":"center center","background-size":"auto","background-attachment":"scroll","background-type":"","background-media":"","overlay-type":"","overlay-color":"","overlay-opacity":"","overlay-gradient":""},"tablet":{"background-color":"","background-image":"","background-repeat":"repeat","background-position":"center center","background-size":"auto","background-attachment":"scroll","background-type":"","background-media":"","overlay-type":"","overlay-color":"","overlay-opacity":"","overlay-gradient":""},"mobile":{"background-color":"","background-image":"","background-repeat":"repeat","background-position":"center center","background-size":"auto","background-attachment":"scroll","background-type":"","background-media":"","overlay-type":"","overlay-color":"","overlay-opacity":"","overlay-gradient":""}},"ast-content-background-meta":{"desktop":{"background-color":"var(--ast-global-color-5)","background-image":"","background-repeat":"repeat","background-position":"center center","background-size":"auto","background-attachment":"scroll","background-type":"","background-media":"","overlay-type":"","overlay-color":"","overlay-opacity":"","overlay-gradient":""},"tablet":{"background-color":"var(--ast-global-color-5)","background-image":"","background-repeat":"repeat","background-position":"center center","background-size":"auto","background-attachment":"scroll","background-type":"","background-media":"","overlay-type":"","overlay-color":"","overlay-opacity":"","overlay-gradient":""},"mobile":{"background-color":"var(--ast-global-color-5)","background-image":"","background-repeat":"repeat","background-position":"center center","background-size":"auto","background-attachment":"scroll","background-type":"","background-media":"","overlay-type":"","overlay-color":"","overlay-opacity":"","overlay-gradient":""}}},"product_brand":[],"product_cat":[47,430,40],"product_tag":[196,405,451,145,212,284,251,556,198,466,362,281],"class_list":{"0":"post-5006","1":"product","2":"type-product","3":"status-publish","4":"has-post-thumbnail","6":"product_cat-classic","7":"product_cat-men","8":"product_cat-mens-shoes","9":"product_tag-black-leather-shoes","10":"product_tag-business-shoes","11":"product_tag-calfskin-leather","12":"product_tag-classic-shoes","13":"product_tag-derby-shoes","14":"product_tag-dress-shoes","15":"product_tag-formal-shoes","16":"product_tag-goatskin-lining","17":"product_tag-mens-fashion","18":"product_tag-microlight-sole","19":"product_tag-premium-footwear","20":"product_tag-wholesale-shoes","21":"desktop-align-center","22":"tablet-align-center","23":"mobile-align-center","25":"first","26":"instock","27":"shipping-taxable","28":"purchasable","29":"product-type-variable","30":"has-default-attributes"},"acf":[],"uagb_featured_image_src":{"full":["https:\/\/turkishtrade.co\/wp-content\/uploads\/2026\/01\/2400EJOMN00029-BLACK-DKS_870.png",453,250,false],"thumbnail":["https:\/\/turkishtrade.co\/wp-content\/uploads\/2026\/01\/2400EJOMN00029-BLACK-DKS_870-150x150.png",150,150,true],"medium":["https:\/\/turkishtrade.co\/wp-content\/uploads\/2026\/01\/2400EJOMN00029-BLACK-DKS_870-300x166.png",300,166,true],"medium_large":["https:\/\/turkishtrade.co\/wp-content\/uploads\/2026\/01\/2400EJOMN00029-BLACK-DKS_870.png",453,250,false],"large":["https:\/\/turkishtrade.co\/wp-content\/uploads\/2026\/01\/2400EJOMN00029-BLACK-DKS_870.png",453,250,false],"1536x1536":["https:\/\/turkishtrade.co\/wp-content\/uploads\/2026\/01\/2400EJOMN00029-BLACK-DKS_870.png",453,250,false],"2048x2048":["https:\/\/turkishtrade.co\/wp-content\/uploads\/2026\/01\/2400EJOMN00029-BLACK-DKS_870.png",453,250,false],"trp-custom-language-flag":["https:\/\/turkishtrade.co\/wp-content\/uploads\/2026\/01\/2400EJOMN00029-BLACK-DKS_870-18x10.png",18,10,true],"woocommerce_thumbnail":["https:\/\/turkishtrade.co\/wp-content\/uploads\/2026\/01\/2400EJOMN00029-BLACK-DKS_870-400x250.png",400,250,true],"woocommerce_single":["https:\/\/turkishtrade.co\/wp-content\/uploads\/2026\/01\/2400EJOMN00029-BLACK-DKS_870.png",453,250,false],"woocommerce_gallery_thumbnail":["https:\/\/turkishtrade.co\/wp-content\/uploads\/2026\/01\/2400EJOMN00029-BLACK-DKS_870-100x100.png",100,100,true]},"uagb_author_info":{"display_name":"yaser olabi","author_link":"https:\/\/turkishtrade.co\/fr\/author\/"},"uagb_comment_info":0,"uagb_excerpt":"Premium Materials: Crafted from luxurious calfskin leather exterior and soft goatskin interior. Comfort-Driven Sole: Features a lightweight Microlight sole for exceptional comfort and flexibility. Classic Design: Timeless black Derby style with elegant brogue detailing, suitable for formal and business occasions. Optimal Heel Height: Subtle 1-3cm heel provides a comfortable lift. Available Sizes: Comprehensive size range\u2026","_links":{"self":[{"href":"https:\/\/turkishtrade.co\/fr\/wp-json\/wp\/v2\/product\/5006","targetHints":{"allow":["GET"]}}],"collection":[{"href":"https:\/\/turkishtrade.co\/fr\/wp-json\/wp\/v2\/product"}],"about":[{"href":"https:\/\/turkishtrade.co\/fr\/wp-json\/wp\/v2\/types\/product"}],"wp:featuredmedia":[{"embeddable":true,"href":"https:\/\/turkishtrade.co\/fr\/wp-json\/wp\/v2\/media\/3392"}],"wp:attachment":[{"href":"https:\/\/turkishtrade.co\/fr\/wp-json\/wp\/v2\/media?parent=5006"}],"wp:term":[{"taxonomy":"product_brand","embeddable":true,"href":"https:\/\/turkishtrade.co\/fr\/wp-json\/wp\/v2\/product_brand?post=5006"},{"taxonomy":"product_cat","embeddable":true,"href":"https:\/\/turkishtrade.co\/fr\/wp-json\/wp\/v2\/product_cat?post=5006"},{"taxonomy":"product_tag","embeddable":true,"href":"https:\/\/turkishtrade.co\/fr\/wp-json\/wp\/v2\/product_tag?post=5006"}],"curies":[{"name":"wp","href":"https:\/\/api.w.org\/{rel}","templated":true}]}}