{"id":5004,"date":"2026-01-14T10:58:39","date_gmt":"2026-01-14T10:58:39","guid":{"rendered":"https:\/\/turkishtrade.co\/product\/mens-woven-leather-loafers\/"},"modified":"2026-04-09T19:47:19","modified_gmt":"2026-04-09T19:47:19","slug":"mens-woven-leather-loafers","status":"publish","type":"product","link":"https:\/\/turkishtrade.co\/fr\/shop\/mens-woven-leather-loafers\/","title":{"rendered":"Mocassins Premium en cuir tress\u00e9 pour hommes - semelle Microlight"},"content":{"rendered":"<p><strong>Mocassins en cuir tress\u00e9 pour hommes<\/strong><\/p>\n<p>Entrez dans un style et un confort in\u00e9gal\u00e9s gr\u00e2ce \u00e0 nos magnifiques <strong>Mocassins en cuir tress\u00e9 pour hommes<\/strong>. M\u00e9ticuleusement con\u00e7us pour le gentleman moderne, ces mocassins allient harmonieusement l'artisanat traditionnel \u00e0 l'\u00e9l\u00e9gance contemporaine. Que vous vous habilliez pour une r\u00e9union d'affaires, un \u00e9v\u00e9nement formel ou une sortie d\u00e9contract\u00e9e, ces mocassins exceptionnels vous permettront de vous sentir \u00e0 l'aise. <strong>mocassins en cuir tress\u00e9 pour hommes<\/strong> sont con\u00e7ues pour rehausser votre pr\u00e9sence et vous offrir un confort durable tout au long de la journ\u00e9e.<\/p>\n<h3>Un savoir-faire in\u00e9gal\u00e9 et des mat\u00e9riaux de premi\u00e8re qualit\u00e9<\/h3>\n<p>Notre engagement en faveur de la qualit\u00e9 commence par la s\u00e9lection de mat\u00e9riaux de premi\u00e8re qualit\u00e9. L'ext\u00e9rieur de ces magnifiques <strong>mocassins en cuir tress\u00e9 pour hommes<\/strong> sont fabriqu\u00e9es en cuir de veau v\u00e9ritable 100%, r\u00e9put\u00e9 pour sa texture souple, sa durabilit\u00e9 et son aspect luxueux. Le motif tiss\u00e9 complexe ajoute une dimension unique et des d\u00e9tails sophistiqu\u00e9s qui distinguent ces chaussures des mod\u00e8les conventionnels. \u00c0 l'int\u00e9rieur, vos pieds seront berc\u00e9s par la doublure incroyablement douce en cuir de ch\u00e8vre, qui offre une bonne respirabilit\u00e9 et une sensation de douceur qui se moule \u00e0 votre pied pour un ajustement personnalis\u00e9. Cette combinaison de cuir de veau et de ch\u00e8vre garantit non seulement l'\u00e9l\u00e9gance, mais aussi une usure durable et un confort exceptionnel.<\/p>\n<h3>Con\u00e7u pour le confort et la durabilit\u00e9<\/h3>\n<p>Le confort est primordial dans notre philosophie de conception. Ces <strong>mocassins en cuir tress\u00e9 pour hommes<\/strong> sont dot\u00e9es d'une semelle Microlight avanc\u00e9e. Cette technologie de semelle innovante offre un amorti l\u00e9ger sup\u00e9rieur, une excellente absorption des chocs et une flexibilit\u00e9 accrue, pour que chaque pas se fasse sans effort. Le talon subtil de 1 \u00e0 3 cm ajoute une touche de sophistication sans compromettre le confort, ce qui est parfait pour un usage prolong\u00e9. La construction robuste garantit la durabilit\u00e9 de ces chaussures. <strong>mocassins en cuir tress\u00e9 pour hommes<\/strong> resteront un \u00e9l\u00e9ment essentiel de votre garde-robe pendant des ann\u00e9es, en conservant leur forme et leur attrait luxueux.<\/p>\n<h3>Une polyvalence pour toutes les occasions<\/h3>\n<p>Le design intemporel de ces <strong>mocassins en cuir tress\u00e9 pour hommes<\/strong> les rend incroyablement polyvalents. Associez-les \u00e0 un costume cintr\u00e9 pour une allure professionnelle, ou \u00e0 un pantalon chino et un blazer pour une tenue d\u00e9contract\u00e9e et sophistiqu\u00e9e. Gr\u00e2ce \u00e0 leur esth\u00e9tique \u00e9l\u00e9gante, ils conviennent \u00e0 un large \u00e9ventail d'occasions, des tenues de bureau aux d\u00eeners en soir\u00e9e et aux \u00e9v\u00e9nements sp\u00e9ciaux. Lorsque vous choisissez ces <strong>mocassins en cuir tress\u00e9 pour hommes<\/strong>, Vous investissez ainsi dans une pi\u00e8ce qui offre \u00e0 la fois style et adaptabilit\u00e9.<\/p>\n<h3>Commandes group\u00e9es et livraison fiable<\/h3>\n<p>Nous comprenons les besoins de nos partenaires grossistes. Ces produits <strong>mocassins en cuir tress\u00e9 pour hommes<\/strong> sont disponibles pour des achats en gros avec une quantit\u00e9 minimum de 8 paires. Nous sommes fiers de notre service efficace, avec un d\u00e9lai de livraison d'environ 12 jours, plus les frais d'exp\u00e9dition. Faites l'exp\u00e9rience de la diff\u00e9rence que fait la qualit\u00e9 et ajoutez ces produits essentiels \u00e0 votre vie quotidienne. <strong>mocassins en cuir tress\u00e9 pour hommes<\/strong> \u00e0 votre collection ou \u00e0 votre inventaire d\u00e8s aujourd'hui. Ne manquez pas l'occasion d'offrir \u00e0 vos clients des chaussures qui se d\u00e9marquent vraiment.<\/p>","protected":false},"excerpt":{"rendered":"<ul>\n<li><strong>Excellence mat\u00e9rielle :<\/strong> Ext\u00e9rieur en cuir de veau de premi\u00e8re qualit\u00e9, int\u00e9rieur doubl\u00e9 de cuir de ch\u00e8vre doux pour un confort sup\u00e9rieur.<\/li>\n<li><strong>Semelle innovante :<\/strong> Semelle l\u00e9g\u00e8re Microlight pour une flexibilit\u00e9 et une durabilit\u00e9 accrues.<\/li>\n<li><strong>Hauteur optimale du talon :<\/strong> Talon subtil de 1 \u00e0 3 cm pour un style sophistiqu\u00e9 et un grand confort.<\/li>\n<li><strong>Tailles disponibles :<\/strong> Propos\u00e9 dans une gamme compl\u00e8te allant de 39 \u00e0 45.<\/li>\n<li><strong>Disponibilit\u00e9 en gros :<\/strong> Commande minimum de 8 paires pour les achats en gros.<\/li>\n<li><strong>Livraison efficace :<\/strong> D\u00e9lai d'ex\u00e9cution de 12 jours plus les frais d'exp\u00e9dition.<\/li>\n<\/ul>","protected":false},"featured_media":3391,"template":"","meta":{"_acf_changed":false,"_uag_custom_page_level_css":"","site-sidebar-layout":"default","site-content-layout":"","ast-site-content-layout":"default","site-content-style":"default","site-sidebar-style":"default","ast-global-header-display":"","ast-banner-title-visibility":"","ast-main-header-display":"","ast-hfb-above-header-display":"","ast-hfb-below-header-display":"","ast-hfb-mobile-header-display":"","site-post-title":"","ast-breadcrumbs-content":"","ast-featured-img":"","footer-sml-layout":"","ast-disable-related-posts":"","theme-transparent-header-meta":"default","adv-header-id-meta":"","stick-header-meta":"","header-above-stick-meta":"","header-main-stick-meta":"","header-below-stick-meta":"","astra-migrate-meta-layouts":"set","ast-page-background-enabled":"default","ast-page-background-meta":{"desktop":{"background-color":"var(--ast-global-color-4)","background-image":"","background-repeat":"repeat","background-position":"center center","background-size":"auto","background-attachment":"scroll","background-type":"","background-media":"","overlay-type":"","overlay-color":"","overlay-opacity":"","overlay-gradient":""},"tablet":{"background-color":"","background-image":"","background-repeat":"repeat","background-position":"center center","background-size":"auto","background-attachment":"scroll","background-type":"","background-media":"","overlay-type":"","overlay-color":"","overlay-opacity":"","overlay-gradient":""},"mobile":{"background-color":"","background-image":"","background-repeat":"repeat","background-position":"center center","background-size":"auto","background-attachment":"scroll","background-type":"","background-media":"","overlay-type":"","overlay-color":"","overlay-opacity":"","overlay-gradient":""}},"ast-content-background-meta":{"desktop":{"background-color":"var(--ast-global-color-5)","background-image":"","background-repeat":"repeat","background-position":"center center","background-size":"auto","background-attachment":"scroll","background-type":"","background-media":"","overlay-type":"","overlay-color":"","overlay-opacity":"","overlay-gradient":""},"tablet":{"background-color":"var(--ast-global-color-5)","background-image":"","background-repeat":"repeat","background-position":"center center","background-size":"auto","background-attachment":"scroll","background-type":"","background-media":"","overlay-type":"","overlay-color":"","overlay-opacity":"","overlay-gradient":""},"mobile":{"background-color":"var(--ast-global-color-5)","background-image":"","background-repeat":"repeat","background-position":"center center","background-size":"auto","background-attachment":"scroll","background-type":"","background-media":"","overlay-type":"","overlay-color":"","overlay-opacity":"","overlay-gradient":""}}},"product_brand":[],"product_cat":[47,430,40],"product_tag":[582,512,284,251,583,215,217,198,466,584,581],"class_list":{"0":"post-5004","1":"product","2":"type-product","3":"status-publish","4":"has-post-thumbnail","6":"product_cat-classic","7":"product_cat-men","8":"product_cat-mens-shoes","9":"product_tag-calfskin","10":"product_tag-casual-loafers","11":"product_tag-dress-shoes","12":"product_tag-formal-shoes","13":"product_tag-goatskin","14":"product_tag-leather-loafers","15":"product_tag-luxury-footwear","16":"product_tag-mens-fashion","17":"product_tag-microlight-sole","18":"product_tag-turkish-trade","19":"product_tag-woven-shoes","20":"desktop-align-center","21":"tablet-align-center","22":"mobile-align-center","24":"first","25":"instock","26":"shipping-taxable","27":"purchasable","28":"product-type-variable","29":"has-default-attributes"},"acf":[],"uagb_featured_image_src":{"full":["https:\/\/turkishtrade.co\/wp-content\/uploads\/2026\/01\/2400EJOMN00028-BLACK-DKM_7630.png",453,250,false],"thumbnail":["https:\/\/turkishtrade.co\/wp-content\/uploads\/2026\/01\/2400EJOMN00028-BLACK-DKM_7630-150x150.png",150,150,true],"medium":["https:\/\/turkishtrade.co\/wp-content\/uploads\/2026\/01\/2400EJOMN00028-BLACK-DKM_7630-300x166.png",300,166,true],"medium_large":["https:\/\/turkishtrade.co\/wp-content\/uploads\/2026\/01\/2400EJOMN00028-BLACK-DKM_7630.png",453,250,false],"large":["https:\/\/turkishtrade.co\/wp-content\/uploads\/2026\/01\/2400EJOMN00028-BLACK-DKM_7630.png",453,250,false],"1536x1536":["https:\/\/turkishtrade.co\/wp-content\/uploads\/2026\/01\/2400EJOMN00028-BLACK-DKM_7630.png",453,250,false],"2048x2048":["https:\/\/turkishtrade.co\/wp-content\/uploads\/2026\/01\/2400EJOMN00028-BLACK-DKM_7630.png",453,250,false],"trp-custom-language-flag":["https:\/\/turkishtrade.co\/wp-content\/uploads\/2026\/01\/2400EJOMN00028-BLACK-DKM_7630-18x10.png",18,10,true],"woocommerce_thumbnail":["https:\/\/turkishtrade.co\/wp-content\/uploads\/2026\/01\/2400EJOMN00028-BLACK-DKM_7630-400x250.png",400,250,true],"woocommerce_single":["https:\/\/turkishtrade.co\/wp-content\/uploads\/2026\/01\/2400EJOMN00028-BLACK-DKM_7630.png",453,250,false],"woocommerce_gallery_thumbnail":["https:\/\/turkishtrade.co\/wp-content\/uploads\/2026\/01\/2400EJOMN00028-BLACK-DKM_7630-100x100.png",100,100,true]},"uagb_author_info":{"display_name":"yaser olabi","author_link":"https:\/\/turkishtrade.co\/fr\/author\/"},"uagb_comment_info":0,"uagb_excerpt":"Material Excellence: Outer crafted from premium calfskin, inner lined with soft goatskin for superior comfort. Innovative Sole: Features a lightweight Microlight sole for enhanced flexibility and durability. Optimal Heel Height: Subtle 1-3 cm heel for sophisticated styling and comfort. Available Sizes: Offered in a comprehensive range from 39 to 45. Wholesale Availability: Minimum order of\u2026","_links":{"self":[{"href":"https:\/\/turkishtrade.co\/fr\/wp-json\/wp\/v2\/product\/5004","targetHints":{"allow":["GET"]}}],"collection":[{"href":"https:\/\/turkishtrade.co\/fr\/wp-json\/wp\/v2\/product"}],"about":[{"href":"https:\/\/turkishtrade.co\/fr\/wp-json\/wp\/v2\/types\/product"}],"wp:featuredmedia":[{"embeddable":true,"href":"https:\/\/turkishtrade.co\/fr\/wp-json\/wp\/v2\/media\/3391"}],"wp:attachment":[{"href":"https:\/\/turkishtrade.co\/fr\/wp-json\/wp\/v2\/media?parent=5004"}],"wp:term":[{"taxonomy":"product_brand","embeddable":true,"href":"https:\/\/turkishtrade.co\/fr\/wp-json\/wp\/v2\/product_brand?post=5004"},{"taxonomy":"product_cat","embeddable":true,"href":"https:\/\/turkishtrade.co\/fr\/wp-json\/wp\/v2\/product_cat?post=5004"},{"taxonomy":"product_tag","embeddable":true,"href":"https:\/\/turkishtrade.co\/fr\/wp-json\/wp\/v2\/product_tag?post=5004"}],"curies":[{"name":"wp","href":"https:\/\/api.w.org\/{rel}","templated":true}]}}