{"id":5001,"date":"2026-01-14T10:58:17","date_gmt":"2026-01-14T10:58:17","guid":{"rendered":"https:\/\/turkishtrade.co\/product\/mens-textured-leather-derby-shoes\/"},"modified":"2026-04-09T19:47:26","modified_gmt":"2026-04-09T19:47:26","slug":"mens-textured-leather-derby-shoes","status":"publish","type":"product","link":"https:\/\/turkishtrade.co\/fr\/shop\/mens-textured-leather-derby-shoes\/","title":{"rendered":"Chaussures derby en cuir textur\u00e9 de qualit\u00e9 sup\u00e9rieure pour hommes"},"content":{"rendered":"<p><strong>Chaussures derby en cuir textur\u00e9 pour hommes<\/strong><\/p>\n<p>Entrez dans un monde d'\u00e9l\u00e9gance raffin\u00e9e et de confort in\u00e9gal\u00e9 gr\u00e2ce \u00e0 notre collection exquise d'objets de d\u00e9coration. <strong>Chaussures derby en cuir textur\u00e9 de qualit\u00e9 sup\u00e9rieure pour hommes<\/strong>. Con\u00e7ues pour le gentleman moderne qui appr\u00e9cie un savoir-faire sup\u00e9rieur et un style distinctif, ces chaussures sont plus que de simples chaussures - elles sont une d\u00e9claration. Chaque paire est m\u00e9ticuleusement fabriqu\u00e9e \u00e0 l'aide des mat\u00e9riaux les plus nobles, garantissant \u00e0 la fois un toucher luxueux et une durabilit\u00e9 \u00e0 toute \u00e9preuve. Qu'il s'agisse de r\u00e9unions d'affaires importantes ou de rencontres sociales sophistiqu\u00e9es, ces chaussures Derby sont con\u00e7ues pour compl\u00e9ter votre tenue formelle ou d\u00e9contract\u00e9e avec une gr\u00e2ce sans effort.<\/p>\n<h3>Un savoir-faire in\u00e9gal\u00e9 et des mat\u00e9riaux de premi\u00e8re qualit\u00e9<\/h3>\n<p>L'aspect ext\u00e9rieur de ces v\u00e9hicules d'exception <strong>Derby en cuir textur\u00e9 pour hommes<\/strong> est fabriqu\u00e9e \u00e0 partir de cuir de vachette v\u00e9ritable de haute qualit\u00e9, r\u00e9put\u00e9 pour sa r\u00e9sistance, sa texture souple et sa finition \u00e9l\u00e9gante. Ce qui distingue vraiment ces chaussures, c'est le d\u00e9tail textur\u00e9 distinctif qui orne l'empeigne, ajoutant un \u00e9l\u00e9ment visuel intriguant qui rehausse leur attrait g\u00e9n\u00e9ral. Les tons riches et profonds disponibles, dont le noir classique et un brun chaud et br\u00fbl\u00e9, garantissent la polyvalence de toute garde-robe. \u00c0 l'int\u00e9rieur, vos pieds seront berc\u00e9s par une luxueuse doublure en cuir de ch\u00e8vre, offrant une respirabilit\u00e9 exceptionnelle et une \u00e9treinte douce et confortable \u00e0 chaque pas.<\/p>\n<p>Le confort et la stabilit\u00e9 sont primordiaux, c'est pourquoi ces chaussures Derby sont dot\u00e9es d'une semelle Microlight de pointe. Cette technologie de semelle innovante offre une remarquable l\u00e9g\u00e8ret\u00e9 et une excellente absorption des chocs, ce qui les rend id\u00e9ales pour un usage prolong\u00e9. La hauteur subtile du talon, comprise entre 1 et 3 cm, procure une \u00e9l\u00e9vation confortable sans compromettre la stabilit\u00e9, ce qui vous permet de vous d\u00e9placer en toute confiance tout au long de la journ\u00e9e. Chaque d\u00e9tail, des coutures pr\u00e9cises au syst\u00e8me de la\u00e7age robuste, t\u00e9moigne de l'engagement en faveur de la qualit\u00e9 de chaque paire de ces chaussures haut de gamme.<\/p>\n<h3>Le choix id\u00e9al pour les particuliers et les d\u00e9taillants exigeants<\/h3>\n<p>Notre <strong>Derby en cuir textur\u00e9 pour hommes<\/strong> sont disponibles dans une gamme compl\u00e8te de pointures allant de l'UE 39 \u00e0 l'UE 45, ce qui permet \u00e0 chaque client de trouver la chaussure id\u00e9ale. Que vous soyez un particulier cherchant \u00e0 rehausser votre style personnel ou un d\u00e9taillant cherchant \u00e0 stocker des chaussures formelles de haute qualit\u00e9 et tr\u00e8s demand\u00e9es, ces chaussures repr\u00e9sentent un investissement exceptionnel. Nous offrons des possibilit\u00e9s flexibles de vente en gros avec une quantit\u00e9 minimale de commande de seulement 8 paires, ce qui facilite l'int\u00e9gration de ces mod\u00e8les recherch\u00e9s dans votre inventaire. Avec des prix comp\u00e9titifs en USD par paire et un d\u00e9lai de livraison efficace de 12 jours plus les frais de port, il n'a jamais \u00e9t\u00e9 aussi simple d'obtenir ces chaussures exquises pour votre collection.<\/p>\n<p>La fusion de l'\u00e9l\u00e9gance traditionnelle et du design contemporain. Choisissez notre <strong>Chaussures derby en cuir textur\u00e9 pour hommes<\/strong> et faites l'exp\u00e9rience d'un m\u00e9lange parfait de style, de confort et de qualit\u00e9 durable.<\/p>","protected":false},"excerpt":{"rendered":"<ul>\n<li><b>Construction en cuir de premi\u00e8re qualit\u00e9 :<\/b> Fabriqu\u00e9 de mani\u00e8re experte avec un ext\u00e9rieur en cuir de vachette v\u00e9ritable et une doublure int\u00e9rieure en cuir de ch\u00e8vre luxueux.<\/li>\n<li><b>Design textur\u00e9 distinctif :<\/b> Elle pr\u00e9sente un d\u00e9tail textur\u00e9 unique sur l'empeigne, ajoutant un style sophistiqu\u00e9 \u00e0 la silhouette classique du Derby.<\/li>\n<li><b>Semelle ultral\u00e9g\u00e8re :<\/b> Con\u00e7ue pour un confort et une durabilit\u00e9 sup\u00e9rieurs, elle offre une excellente adh\u00e9rence avec un talon subtil de 1 \u00e0 3 cm.<\/li>\n<li><b>Gamme compl\u00e8te de tailles :<\/b> Disponible dans les tailles 39, 40, 41, 42, 43, 44 et 45 de l'UE, il convient parfaitement \u00e0 tous les hommes.<\/li>\n<li><b>Opportunit\u00e9 de vente en gros :<\/b> Commande minimum de 8 paires, id\u00e9ale pour les d\u00e9taillants et les acheteurs en gros.<\/li>\n<li><b>Livraison efficace :<\/b> Le d\u00e9lai de livraison est de 12 jours, plus les frais d'exp\u00e9dition, pour votre confort.<\/li>\n<li><b>Prix comp\u00e9titifs :<\/b> Prix en USD par paire pour les commandes en gros.<\/li>\n<\/ul>","protected":false},"featured_media":3390,"template":"","meta":{"_acf_changed":false,"_uag_custom_page_level_css":"","site-sidebar-layout":"default","site-content-layout":"","ast-site-content-layout":"default","site-content-style":"default","site-sidebar-style":"default","ast-global-header-display":"","ast-banner-title-visibility":"","ast-main-header-display":"","ast-hfb-above-header-display":"","ast-hfb-below-header-display":"","ast-hfb-mobile-header-display":"","site-post-title":"","ast-breadcrumbs-content":"","ast-featured-img":"","footer-sml-layout":"","ast-disable-related-posts":"","theme-transparent-header-meta":"default","adv-header-id-meta":"","stick-header-meta":"","header-above-stick-meta":"","header-main-stick-meta":"","header-below-stick-meta":"","astra-migrate-meta-layouts":"set","ast-page-background-enabled":"default","ast-page-background-meta":{"desktop":{"background-color":"var(--ast-global-color-4)","background-image":"","background-repeat":"repeat","background-position":"center center","background-size":"auto","background-attachment":"scroll","background-type":"","background-media":"","overlay-type":"","overlay-color":"","overlay-opacity":"","overlay-gradient":""},"tablet":{"background-color":"","background-image":"","background-repeat":"repeat","background-position":"center center","background-size":"auto","background-attachment":"scroll","background-type":"","background-media":"","overlay-type":"","overlay-color":"","overlay-opacity":"","overlay-gradient":""},"mobile":{"background-color":"","background-image":"","background-repeat":"repeat","background-position":"center center","background-size":"auto","background-attachment":"scroll","background-type":"","background-media":"","overlay-type":"","overlay-color":"","overlay-opacity":"","overlay-gradient":""}},"ast-content-background-meta":{"desktop":{"background-color":"var(--ast-global-color-5)","background-image":"","background-repeat":"repeat","background-position":"center center","background-size":"auto","background-attachment":"scroll","background-type":"","background-media":"","overlay-type":"","overlay-color":"","overlay-opacity":"","overlay-gradient":""},"tablet":{"background-color":"var(--ast-global-color-5)","background-image":"","background-repeat":"repeat","background-position":"center center","background-size":"auto","background-attachment":"scroll","background-type":"","background-media":"","overlay-type":"","overlay-color":"","overlay-opacity":"","overlay-gradient":""},"mobile":{"background-color":"var(--ast-global-color-5)","background-image":"","background-repeat":"repeat","background-position":"center center","background-size":"auto","background-attachment":"scroll","background-type":"","background-media":"","overlay-type":"","overlay-color":"","overlay-opacity":"","overlay-gradient":""}}},"product_brand":[],"product_cat":[47,430,40],"product_tag":[196,292,405,781,212,480,251,189,219,227,416,324,198,466,362,709,619,373,281],"class_list":{"0":"post-5001","1":"product","2":"type-product","3":"status-publish","4":"has-post-thumbnail","6":"product_cat-classic","7":"product_cat-men","8":"product_cat-mens-shoes","9":"product_tag-black-leather-shoes","10":"product_tag-brown-leather-shoes","11":"product_tag-business-shoes","12":"product_tag-cowhide-shoes","13":"product_tag-derby-shoes","14":"product_tag-elegant-shoes","15":"product_tag-formal-shoes","16":"product_tag-goat-leather-lining","17":"product_tag-handmade-shoes","18":"product_tag-leather-shoes","19":"product_tag-luxury-shoes","20":"product_tag-mens-dress-shoes","21":"product_tag-mens-fashion","22":"product_tag-microlight-sole","23":"product_tag-premium-footwear","24":"product_tag-quality-footwear","25":"product_tag-sophisticated-shoes","26":"product_tag-textured-leather","27":"product_tag-wholesale-shoes","28":"desktop-align-center","29":"tablet-align-center","30":"mobile-align-center","32":"first","33":"instock","34":"shipping-taxable","35":"purchasable","36":"product-type-variable","37":"has-default-attributes"},"acf":[],"uagb_featured_image_src":{"full":["https:\/\/turkishtrade.co\/wp-content\/uploads\/2026\/01\/2400EJOMN00027-BROWN-M_72_14.png",453,250,false],"thumbnail":["https:\/\/turkishtrade.co\/wp-content\/uploads\/2026\/01\/2400EJOMN00027-BROWN-M_72_14-150x150.png",150,150,true],"medium":["https:\/\/turkishtrade.co\/wp-content\/uploads\/2026\/01\/2400EJOMN00027-BROWN-M_72_14-300x166.png",300,166,true],"medium_large":["https:\/\/turkishtrade.co\/wp-content\/uploads\/2026\/01\/2400EJOMN00027-BROWN-M_72_14.png",453,250,false],"large":["https:\/\/turkishtrade.co\/wp-content\/uploads\/2026\/01\/2400EJOMN00027-BROWN-M_72_14.png",453,250,false],"1536x1536":["https:\/\/turkishtrade.co\/wp-content\/uploads\/2026\/01\/2400EJOMN00027-BROWN-M_72_14.png",453,250,false],"2048x2048":["https:\/\/turkishtrade.co\/wp-content\/uploads\/2026\/01\/2400EJOMN00027-BROWN-M_72_14.png",453,250,false],"trp-custom-language-flag":["https:\/\/turkishtrade.co\/wp-content\/uploads\/2026\/01\/2400EJOMN00027-BROWN-M_72_14-18x10.png",18,10,true],"woocommerce_thumbnail":["https:\/\/turkishtrade.co\/wp-content\/uploads\/2026\/01\/2400EJOMN00027-BROWN-M_72_14-400x250.png",400,250,true],"woocommerce_single":["https:\/\/turkishtrade.co\/wp-content\/uploads\/2026\/01\/2400EJOMN00027-BROWN-M_72_14.png",453,250,false],"woocommerce_gallery_thumbnail":["https:\/\/turkishtrade.co\/wp-content\/uploads\/2026\/01\/2400EJOMN00027-BROWN-M_72_14-100x100.png",100,100,true]},"uagb_author_info":{"display_name":"yaser olabi","author_link":"https:\/\/turkishtrade.co\/fr\/author\/"},"uagb_comment_info":0,"uagb_excerpt":"Premium Leather Construction: Expertly crafted with a genuine cowhide outer and luxurious goat leather inner lining. Distinctive Textured Design: Features a unique textured detail on the vamp, adding sophisticated style to the classic Derby silhouette. Lightweight Microlight Sole: Engineered for superior comfort and durability, providing excellent grip with a subtle 1-3 cm heel. Comprehensive Size\u2026","_links":{"self":[{"href":"https:\/\/turkishtrade.co\/fr\/wp-json\/wp\/v2\/product\/5001","targetHints":{"allow":["GET"]}}],"collection":[{"href":"https:\/\/turkishtrade.co\/fr\/wp-json\/wp\/v2\/product"}],"about":[{"href":"https:\/\/turkishtrade.co\/fr\/wp-json\/wp\/v2\/types\/product"}],"wp:featuredmedia":[{"embeddable":true,"href":"https:\/\/turkishtrade.co\/fr\/wp-json\/wp\/v2\/media\/3390"}],"wp:attachment":[{"href":"https:\/\/turkishtrade.co\/fr\/wp-json\/wp\/v2\/media?parent=5001"}],"wp:term":[{"taxonomy":"product_brand","embeddable":true,"href":"https:\/\/turkishtrade.co\/fr\/wp-json\/wp\/v2\/product_brand?post=5001"},{"taxonomy":"product_cat","embeddable":true,"href":"https:\/\/turkishtrade.co\/fr\/wp-json\/wp\/v2\/product_cat?post=5001"},{"taxonomy":"product_tag","embeddable":true,"href":"https:\/\/turkishtrade.co\/fr\/wp-json\/wp\/v2\/product_tag?post=5001"}],"curies":[{"name":"wp","href":"https:\/\/api.w.org\/{rel}","templated":true}]}}