{"id":4994,"date":"2026-01-14T10:57:30","date_gmt":"2026-01-14T10:57:30","guid":{"rendered":"https:\/\/turkishtrade.co\/product\/men-calf-leather-loafers\/"},"modified":"2026-04-09T19:47:44","modified_gmt":"2026-04-09T19:47:44","slug":"rare-mens-calf-leather-loafers","status":"publish","type":"product","link":"https:\/\/turkishtrade.co\/fr\/shop\/rare-mens-calf-leather-loafers\/","title":{"rendered":"Mocassins en cuir de veau de premi\u00e8re qualit\u00e9 pour hommes avec semelle Microlight"},"content":{"rendered":"<p><strong>Mocassins en cuir de veau pour hommes<\/strong><\/p>\n<p>Entrez dans l'\u00e9l\u00e9gance raffin\u00e9e avec notre <b>Mocassins en cuir de veau pour hommes<\/b>, Ces chaussures ont \u00e9t\u00e9 m\u00e9ticuleusement con\u00e7ues pour le gentleman moderne. Ces chaussures exquises \u00e0 enfiler sont plus que de simples chaussures ; elles sont une d\u00e9claration de style sophistiqu\u00e9 et de confort in\u00e9gal\u00e9. Chaque paire de nos <b>Mocassins en cuir de veau pour hommes<\/b> est fabriqu\u00e9 \u00e0 la main \u00e0 l'aide des mat\u00e9riaux les plus nobles, ce qui garantit une durabilit\u00e9 et une sensation de luxe qui durent des ann\u00e9es.<\/p>\n<h3>Qualit\u00e9 et confort in\u00e9gal\u00e9s<\/h3>\n<p>L'aspect ext\u00e9rieur de ces v\u00e9hicules d'exception <b>Mocassins en cuir de veau pour hommes<\/b> se targue d'un cuir de veau v\u00e9ritable de qualit\u00e9 sup\u00e9rieure, r\u00e9put\u00e9 pour sa texture lisse, son aspect riche et son \u00e9lasticit\u00e9. Cette mati\u00e8re exquise se moule \u00e0 votre pied au fil du temps, offrant un ajustement personnalis\u00e9 qui ne fait que s'am\u00e9liorer avec l'\u00e2ge. En compl\u00e9ment de l'ext\u00e9rieur robuste, l'int\u00e9rieur est doubl\u00e9 de cuir de ch\u00e8vre souple, offrant un toucher incroyablement doux et une respirabilit\u00e9 sup\u00e9rieure. Cette combinaison garantit le confort et la fra\u00eecheur de vos pieds tout au long de la journ\u00e9e. <b>Mocassins en cuir de veau pour hommes<\/b> parfait pour les longues heures au bureau ou les \u00e9v\u00e9nements sp\u00e9ciaux.<\/p>\n<p>La semelle Microlight innovante offre une base l\u00e9g\u00e8re mais solide. Cette technologie de pointe offre une excellente absorption des chocs et une grande flexibilit\u00e9, contribuant \u00e0 une foul\u00e9e sans effort. Avec une hauteur de talon subtile de 1 \u00e0 3 cm, ces \u00e9l\u00e9gantes chaussures \u00e0 talon sont tr\u00e8s confortables. <b>Mocassins en cuir de veau pour hommes<\/b> fournissent juste ce qu'il faut de portance sans compromettre la stabilit\u00e9 ou le confort, ce qui vous permet d'avoir l'air et de vous sentir au mieux de votre forme.<\/p>\n<h3>Un style polyvalent pour toutes les occasions<\/h3>\n<p>Notre <b>Mocassins en cuir de veau pour hommes<\/b> sont con\u00e7ues pour s'adapter \u00e0 tous les environnements. Que vous vous rendiez \u00e0 une r\u00e9union d'affaires, assistiez \u00e0 un \u00e9v\u00e9nement formel ou profitiez d'une sortie \u00e9l\u00e9gante et d\u00e9contract\u00e9e, ces chaussures rehaussent n'importe quel ensemble. Leur design intemporel, associ\u00e9 au riche lustre du cuir de veau de premi\u00e8re qualit\u00e9, en fait un compl\u00e9ment polyvalent \u00e0 toute garde-robe exigeante. Disponibles dans une large gamme de tailles allant de l'UE 39 \u00e0 45, il est facile de trouver la chaussure id\u00e9ale.<\/p>\n<h3>Opportunit\u00e9s pour le commerce de gros et de d\u00e9tail<\/h3>\n<p>Pour les entreprises qui cherchent \u00e0 stocker des chaussures de haute qualit\u00e9, ces produits de qualit\u00e9 sup\u00e9rieure sont des produits de qualit\u00e9 sup\u00e9rieure. <b>Mocassins en cuir de veau pour hommes<\/b> sont disponibles avec une commande minimum de 8 paires. Nous sommes fiers de notre service efficace, avec un d\u00e9lai de livraison d'environ 12 jours plus les frais de port. Faites \u00e9quipe avec nous pour offrir \u00e0 vos clients le nec plus ultra en mati\u00e8re de chaussures sophistiqu\u00e9es pour hommes. D\u00e9couvrez l'alliance de la tradition et de l'innovation avec nos chaussures pour hommes m\u00e9ticuleusement fabriqu\u00e9es. <b>Mocassins en cuir de veau pour hommes<\/b>, Un v\u00e9ritable t\u00e9moignage d'une fabrication de chaussures de qualit\u00e9 sup\u00e9rieure.<\/p>","protected":false},"excerpt":{"rendered":"<ul>\n<li><b>Mat\u00e9riaux de premi\u00e8re qualit\u00e9 :<\/b> Fabriqu\u00e9 en cuir de veau v\u00e9ritable avec une doublure en cuir de ch\u00e8vre souple pour un confort supr\u00eame.<\/li>\n<li><b>Semelle confortable :<\/b> Dot\u00e9e d'une semelle Microlight l\u00e9g\u00e8re et durable, elle garantit une facilit\u00e9 d'utilisation tout au long de la journ\u00e9e.<\/li>\n<li><b>Design \u00e9l\u00e9gant :<\/b> Style mocassin classique parfait pour les occasions formelles, professionnelles et d\u00e9contract\u00e9es.<\/li>\n<li><b>Talon subtil :<\/b> Con\u00e7u avec un talon raffin\u00e9 de 1 \u00e0 3 cm pour une meilleure posture et un attrait sophistiqu\u00e9.<\/li>\n<li><b>Tailles disponibles :<\/b> La gamme compl\u00e8te s'\u00e9tend de l'UE 39 \u00e0 l'UE 45 pour garantir un ajustement parfait.<\/li>\n<li><b>Disponibilit\u00e9 en vrac :<\/b> Commande minimale de 8 paires disponible pour les partenaires grossistes et d\u00e9taillants.<\/li>\n<\/ul>","protected":false},"featured_media":3385,"template":"","meta":{"_acf_changed":false,"_uag_custom_page_level_css":"","site-sidebar-layout":"default","site-content-layout":"","ast-site-content-layout":"default","site-content-style":"default","site-sidebar-style":"default","ast-global-header-display":"","ast-banner-title-visibility":"","ast-main-header-display":"","ast-hfb-above-header-display":"","ast-hfb-below-header-display":"","ast-hfb-mobile-header-display":"","site-post-title":"","ast-breadcrumbs-content":"","ast-featured-img":"","footer-sml-layout":"","ast-disable-related-posts":"","theme-transparent-header-meta":"default","adv-header-id-meta":"","stick-header-meta":"","header-above-stick-meta":"","header-main-stick-meta":"","header-below-stick-meta":"","astra-migrate-meta-layouts":"set","ast-page-background-enabled":"default","ast-page-background-meta":{"desktop":{"background-color":"var(--ast-global-color-4)","background-image":"","background-repeat":"repeat","background-position":"center center","background-size":"auto","background-attachment":"scroll","background-type":"","background-media":"","overlay-type":"","overlay-color":"","overlay-opacity":"","overlay-gradient":""},"tablet":{"background-color":"","background-image":"","background-repeat":"repeat","background-position":"center center","background-size":"auto","background-attachment":"scroll","background-type":"","background-media":"","overlay-type":"","overlay-color":"","overlay-opacity":"","overlay-gradient":""},"mobile":{"background-color":"","background-image":"","background-repeat":"repeat","background-position":"center center","background-size":"auto","background-attachment":"scroll","background-type":"","background-media":"","overlay-type":"","overlay-color":"","overlay-opacity":"","overlay-gradient":""}},"ast-content-background-meta":{"desktop":{"background-color":"var(--ast-global-color-5)","background-image":"","background-repeat":"repeat","background-position":"center center","background-size":"auto","background-attachment":"scroll","background-type":"","background-media":"","overlay-type":"","overlay-color":"","overlay-opacity":"","overlay-gradient":""},"tablet":{"background-color":"var(--ast-global-color-5)","background-image":"","background-repeat":"repeat","background-position":"center center","background-size":"auto","background-attachment":"scroll","background-type":"","background-media":"","overlay-type":"","overlay-color":"","overlay-opacity":"","overlay-gradient":""},"mobile":{"background-color":"var(--ast-global-color-5)","background-image":"","background-repeat":"repeat","background-position":"center center","background-size":"auto","background-attachment":"scroll","background-type":"","background-media":"","overlay-type":"","overlay-color":"","overlay-opacity":"","overlay-gradient":""}}},"product_brand":[],"product_cat":[47,430,40],"product_tag":[187,200,185,284,545,251,189,217,198,186,466,184,281],"class_list":{"0":"post-4994","1":"product","2":"type-product","3":"status-publish","4":"has-post-thumbnail","6":"product_cat-classic","7":"product_cat-men","8":"product_cat-mens-shoes","9":"product_tag-brown-leather-loafers","10":"product_tag-business-casual","11":"product_tag-calf-leather-shoes","12":"product_tag-dress-shoes","13":"product_tag-eu-39-45","14":"product_tag-formal-shoes","15":"product_tag-goat-leather-lining","16":"product_tag-luxury-footwear","17":"product_tag-mens-fashion","18":"product_tag-mens-loafers","19":"product_tag-microlight-sole","20":"product_tag-slip-on-shoes","21":"product_tag-wholesale-shoes","22":"desktop-align-center","23":"tablet-align-center","24":"mobile-align-center","26":"first","27":"instock","28":"shipping-taxable","29":"purchasable","30":"product-type-variable","31":"has-default-attributes"},"acf":[],"uagb_featured_image_src":{"full":["https:\/\/turkishtrade.co\/wp-content\/uploads\/2026\/01\/2400EJOMN00025-DARK-BROWN-Y_7660.png",453,250,false],"thumbnail":["https:\/\/turkishtrade.co\/wp-content\/uploads\/2026\/01\/2400EJOMN00025-DARK-BROWN-Y_7660-150x150.png",150,150,true],"medium":["https:\/\/turkishtrade.co\/wp-content\/uploads\/2026\/01\/2400EJOMN00025-DARK-BROWN-Y_7660-300x166.png",300,166,true],"medium_large":["https:\/\/turkishtrade.co\/wp-content\/uploads\/2026\/01\/2400EJOMN00025-DARK-BROWN-Y_7660.png",453,250,false],"large":["https:\/\/turkishtrade.co\/wp-content\/uploads\/2026\/01\/2400EJOMN00025-DARK-BROWN-Y_7660.png",453,250,false],"1536x1536":["https:\/\/turkishtrade.co\/wp-content\/uploads\/2026\/01\/2400EJOMN00025-DARK-BROWN-Y_7660.png",453,250,false],"2048x2048":["https:\/\/turkishtrade.co\/wp-content\/uploads\/2026\/01\/2400EJOMN00025-DARK-BROWN-Y_7660.png",453,250,false],"trp-custom-language-flag":["https:\/\/turkishtrade.co\/wp-content\/uploads\/2026\/01\/2400EJOMN00025-DARK-BROWN-Y_7660-18x10.png",18,10,true],"woocommerce_thumbnail":["https:\/\/turkishtrade.co\/wp-content\/uploads\/2026\/01\/2400EJOMN00025-DARK-BROWN-Y_7660-400x250.png",400,250,true],"woocommerce_single":["https:\/\/turkishtrade.co\/wp-content\/uploads\/2026\/01\/2400EJOMN00025-DARK-BROWN-Y_7660.png",453,250,false],"woocommerce_gallery_thumbnail":["https:\/\/turkishtrade.co\/wp-content\/uploads\/2026\/01\/2400EJOMN00025-DARK-BROWN-Y_7660-100x100.png",100,100,true]},"uagb_author_info":{"display_name":"yaser olabi","author_link":"https:\/\/turkishtrade.co\/fr\/author\/"},"uagb_comment_info":0,"uagb_excerpt":"Premium Materials: Crafted from genuine calf leather upper with a soft goat leather lining for supreme comfort. Comfortable Sole: Features a lightweight and durable Microlight sole, ensuring all-day ease. Elegant Design: Classic loafer style perfect for formal, business, and smart-casual occasions. Subtle Heel: Designed with a refined 1-3 cm heel for enhanced posture and sophisticated\u2026","_links":{"self":[{"href":"https:\/\/turkishtrade.co\/fr\/wp-json\/wp\/v2\/product\/4994","targetHints":{"allow":["GET"]}}],"collection":[{"href":"https:\/\/turkishtrade.co\/fr\/wp-json\/wp\/v2\/product"}],"about":[{"href":"https:\/\/turkishtrade.co\/fr\/wp-json\/wp\/v2\/types\/product"}],"wp:featuredmedia":[{"embeddable":true,"href":"https:\/\/turkishtrade.co\/fr\/wp-json\/wp\/v2\/media\/3385"}],"wp:attachment":[{"href":"https:\/\/turkishtrade.co\/fr\/wp-json\/wp\/v2\/media?parent=4994"}],"wp:term":[{"taxonomy":"product_brand","embeddable":true,"href":"https:\/\/turkishtrade.co\/fr\/wp-json\/wp\/v2\/product_brand?post=4994"},{"taxonomy":"product_cat","embeddable":true,"href":"https:\/\/turkishtrade.co\/fr\/wp-json\/wp\/v2\/product_cat?post=4994"},{"taxonomy":"product_tag","embeddable":true,"href":"https:\/\/turkishtrade.co\/fr\/wp-json\/wp\/v2\/product_tag?post=4994"}],"curies":[{"name":"wp","href":"https:\/\/api.w.org\/{rel}","templated":true}]}}