{"id":4991,"date":"2026-01-14T10:57:07","date_gmt":"2026-01-14T10:57:07","guid":{"rendered":"https:\/\/turkishtrade.co\/product\/mens-leather-monk-strap-shoes\/"},"modified":"2026-04-09T19:47:49","modified_gmt":"2026-04-09T19:47:49","slug":"mens-leather-monk-strap-shoes","status":"publish","type":"product","link":"https:\/\/turkishtrade.co\/fr\/shop\/mens-leather-monk-strap-shoes\/","title":{"rendered":"Chaussures en cuir de veau de premi\u00e8re qualit\u00e9 pour hommes, avec une seule bride Monk"},"content":{"rendered":"<p><strong>chaussures en cuir pour hommes<\/strong><\/p>\n<p>Entrez dans une sophistication in\u00e9gal\u00e9e gr\u00e2ce \u00e0 notre collection exquise de <strong>chaussures en cuir pour hommes<\/strong>. Con\u00e7ues pour le gentleman exigeant, ces chaussures allient l'\u00e9l\u00e9gance classique au confort contemporain. Fabriqu\u00e9es \u00e0 partir du cuir de veau le plus fin pour la surface ext\u00e9rieure, chaque paire exsude un \u00e9clat luxueux et promet une durabilit\u00e9 exceptionnelle. Le design distinctif de la bride monacale unique avec sa fermeture \u00e0 boucle \u00e9l\u00e9gante offre une alternative \u00e9l\u00e9gante aux lacets traditionnels, ce qui fait de ces chaussures des chaussures de luxe. <strong>chaussures en cuir pour hommes<\/strong> une pi\u00e8ce de choix pour toute garde-robe. Que vous assistiez \u00e0 une r\u00e9union d'affaires cruciale, \u00e0 un \u00e9v\u00e9nement formel ou que vous souhaitiez simplement rehausser votre tenue de tous les jours, ces chaussures sont con\u00e7ues pour impressionner par leur attrait intemporel.<\/p>\n<h3>Un confort in\u00e9gal\u00e9 et une qualit\u00e9 de fabrication sup\u00e9rieure<\/h3>\n<p>Notre engagement en faveur de la qualit\u00e9 est \u00e9vident dans chaque d\u00e9tail de ces produits remarquables. <strong>chaussures en cuir pour hommes<\/strong>. L'int\u00e9rieur est m\u00e9ticuleusement doubl\u00e9 de cuir de ch\u00e8vre souple, ce qui garantit un ajustement respirant et extr\u00eamement confortable d\u00e8s la premi\u00e8re utilisation. Cette doublure int\u00e9rieure bien pens\u00e9e s'adapte \u00e0 votre pied, offrant une sensation de sur-mesure tout au long de la journ\u00e9e. En compl\u00e9ment de la construction en cuir de qualit\u00e9 sup\u00e9rieure, la semelle l\u00e9g\u00e8re en microfibre est con\u00e7ue pour offrir souplesse et long\u00e9vit\u00e9 sans compromettre le style. Avec une hauteur de talon subtile de 1 \u00e0 3 cm, ces chaussures offrent une \u00e9l\u00e9vation parfaite tout en conservant stabilit\u00e9 et confort, ce qui en fait un choix id\u00e9al pour un usage prolong\u00e9 et un compl\u00e9ment essentiel \u00e0 toute collection de chaussures formelles.<\/p>\n<h3>Polyvalence et style durable<\/h3>\n<p>Ces produits polyvalents <strong>chaussures en cuir pour hommes<\/strong> sont disponibles dans une large gamme de tailles allant de l'UE 39 \u00e0 l'UE 45, garantissant un ajustement parfait \u00e0 un large \u00e9ventail de clients. Le design classique, enrichi par les tons riches du cuir de veau, s'associe sans effort \u00e0 une grande vari\u00e9t\u00e9 de tenues, des costumes d'affaires \u00e9l\u00e9gants aux ensembles d\u00e9contract\u00e9s, ce qui les rend vraiment adaptables. En investissant dans ces <strong>chaussures en cuir pour hommes<\/strong> c'est choisir un style intemporel qui restera d'actualit\u00e9 pour les saisons \u00e0 venir. Pour les entreprises \u00e0 la recherche de chaussures de haute qualit\u00e9, nous proposons une quantit\u00e9 minimale de commande de 8 paires, ce qui rend ces chaussures exceptionnelles accessibles aux grossistes. D\u00e9couvrez la fusion parfaite de la tradition et de la modernit\u00e9 avec des chaussures qui se distinguent par leur qualit\u00e9 et leur design.<\/p>","protected":false},"excerpt":{"rendered":"<ul>\n<li><strong>Mat\u00e9riau ext\u00e9rieur :<\/strong> Cuir de veau de premi\u00e8re qualit\u00e9<\/li>\n<li><strong>Mat\u00e9riau int\u00e9rieur :<\/strong> Doublure en cuir de ch\u00e8vre souple<\/li>\n<li><strong>Semelle :<\/strong> Semelle l\u00e9g\u00e8re pour un meilleur confort<\/li>\n<li><strong>Hauteur du talon :<\/strong> Subtil 1-3 cm<\/li>\n<li><strong>Tailles disponibles :<\/strong> UE 39, 40, 41, 42, 43, 44, 45<\/li>\n<li><strong>Quantit\u00e9 minimale de commande :<\/strong> 8 paires<\/li>\n<li><strong>D\u00e9lai de livraison estim\u00e9 :<\/strong> 12 jours + Exp\u00e9dition<\/li>\n<li><strong>Prix de gros :<\/strong> USD par paire<\/li>\n<\/ul>","protected":false},"featured_media":3383,"template":"","meta":{"_acf_changed":false,"_uag_custom_page_level_css":"","site-sidebar-layout":"default","site-content-layout":"","ast-site-content-layout":"default","site-content-style":"default","site-sidebar-style":"default","ast-global-header-display":"","ast-banner-title-visibility":"","ast-main-header-display":"","ast-hfb-above-header-display":"","ast-hfb-below-header-display":"","ast-hfb-mobile-header-display":"","site-post-title":"","ast-breadcrumbs-content":"","ast-featured-img":"","footer-sml-layout":"","ast-disable-related-posts":"","theme-transparent-header-meta":"default","adv-header-id-meta":"","stick-header-meta":"","header-above-stick-meta":"","header-main-stick-meta":"","header-below-stick-meta":"","astra-migrate-meta-layouts":"set","ast-page-background-enabled":"default","ast-page-background-meta":{"desktop":{"background-color":"var(--ast-global-color-4)","background-image":"","background-repeat":"repeat","background-position":"center center","background-size":"auto","background-attachment":"scroll","background-type":"","background-media":"","overlay-type":"","overlay-color":"","overlay-opacity":"","overlay-gradient":""},"tablet":{"background-color":"","background-image":"","background-repeat":"repeat","background-position":"center center","background-size":"auto","background-attachment":"scroll","background-type":"","background-media":"","overlay-type":"","overlay-color":"","overlay-opacity":"","overlay-gradient":""},"mobile":{"background-color":"","background-image":"","background-repeat":"repeat","background-position":"center center","background-size":"auto","background-attachment":"scroll","background-type":"","background-media":"","overlay-type":"","overlay-color":"","overlay-opacity":"","overlay-gradient":""}},"ast-content-background-meta":{"desktop":{"background-color":"var(--ast-global-color-5)","background-image":"","background-repeat":"repeat","background-position":"center center","background-size":"auto","background-attachment":"scroll","background-type":"","background-media":"","overlay-type":"","overlay-color":"","overlay-opacity":"","overlay-gradient":""},"tablet":{"background-color":"var(--ast-global-color-5)","background-image":"","background-repeat":"repeat","background-position":"center center","background-size":"auto","background-attachment":"scroll","background-type":"","background-media":"","overlay-type":"","overlay-color":"","overlay-opacity":"","overlay-gradient":""},"mobile":{"background-color":"var(--ast-global-color-5)","background-image":"","background-repeat":"repeat","background-position":"center center","background-size":"auto","background-attachment":"scroll","background-type":"","background-media":"","overlay-type":"","overlay-color":"","overlay-opacity":"","overlay-gradient":""}}},"product_brand":[],"product_cat":[47,430,40],"product_tag":[405,566,454,189,535,565,567,466,261,508,281],"class_list":{"0":"post-4991","1":"product","2":"type-product","3":"status-publish","4":"has-post-thumbnail","6":"product_cat-classic","7":"product_cat-men","8":"product_cat-mens-shoes","9":"product_tag-business-shoes","10":"product_tag-calfskin-shoes","11":"product_tag-elegant-footwear","12":"product_tag-goat-leather-lining","13":"product_tag-leather-dress-shoes","14":"product_tag-mens-formal-shoes","15":"product_tag-mens-luxury-shoes","16":"product_tag-microlight-sole","17":"product_tag-monk-strap-shoes","18":"product_tag-single-monk-strap","19":"product_tag-wholesale-shoes","20":"desktop-align-center","21":"tablet-align-center","22":"mobile-align-center","24":"first","25":"instock","26":"shipping-taxable","27":"purchasable","28":"product-type-variable","29":"has-default-attributes"},"acf":[],"uagb_featured_image_src":{"full":["https:\/\/turkishtrade.co\/wp-content\/uploads\/2026\/01\/2400EJOMN00024-DARK-BROWN-SL_239.png",453,250,false],"thumbnail":["https:\/\/turkishtrade.co\/wp-content\/uploads\/2026\/01\/2400EJOMN00024-DARK-BROWN-SL_239-150x150.png",150,150,true],"medium":["https:\/\/turkishtrade.co\/wp-content\/uploads\/2026\/01\/2400EJOMN00024-DARK-BROWN-SL_239-300x166.png",300,166,true],"medium_large":["https:\/\/turkishtrade.co\/wp-content\/uploads\/2026\/01\/2400EJOMN00024-DARK-BROWN-SL_239.png",453,250,false],"large":["https:\/\/turkishtrade.co\/wp-content\/uploads\/2026\/01\/2400EJOMN00024-DARK-BROWN-SL_239.png",453,250,false],"1536x1536":["https:\/\/turkishtrade.co\/wp-content\/uploads\/2026\/01\/2400EJOMN00024-DARK-BROWN-SL_239.png",453,250,false],"2048x2048":["https:\/\/turkishtrade.co\/wp-content\/uploads\/2026\/01\/2400EJOMN00024-DARK-BROWN-SL_239.png",453,250,false],"trp-custom-language-flag":["https:\/\/turkishtrade.co\/wp-content\/uploads\/2026\/01\/2400EJOMN00024-DARK-BROWN-SL_239-18x10.png",18,10,true],"woocommerce_thumbnail":["https:\/\/turkishtrade.co\/wp-content\/uploads\/2026\/01\/2400EJOMN00024-DARK-BROWN-SL_239-400x250.png",400,250,true],"woocommerce_single":["https:\/\/turkishtrade.co\/wp-content\/uploads\/2026\/01\/2400EJOMN00024-DARK-BROWN-SL_239.png",453,250,false],"woocommerce_gallery_thumbnail":["https:\/\/turkishtrade.co\/wp-content\/uploads\/2026\/01\/2400EJOMN00024-DARK-BROWN-SL_239-100x100.png",100,100,true]},"uagb_author_info":{"display_name":"yaser olabi","author_link":"https:\/\/turkishtrade.co\/fr\/author\/"},"uagb_comment_info":0,"uagb_excerpt":"Outer Material: Premium Calf Leather Inner Material: Soft Goat Leather Lining Sole: Lightweight Microlight Sole for Enhanced Comfort Heel Height: Subtle 1-3 cm Available Sizes: EU 39, 40, 41, 42, 43, 44, 45 Minimum Order Quantity: 8 Pairs Estimated Delivery Time: 12 days + Shipping Wholesale Price: USD per pair","_links":{"self":[{"href":"https:\/\/turkishtrade.co\/fr\/wp-json\/wp\/v2\/product\/4991","targetHints":{"allow":["GET"]}}],"collection":[{"href":"https:\/\/turkishtrade.co\/fr\/wp-json\/wp\/v2\/product"}],"about":[{"href":"https:\/\/turkishtrade.co\/fr\/wp-json\/wp\/v2\/types\/product"}],"wp:featuredmedia":[{"embeddable":true,"href":"https:\/\/turkishtrade.co\/fr\/wp-json\/wp\/v2\/media\/3383"}],"wp:attachment":[{"href":"https:\/\/turkishtrade.co\/fr\/wp-json\/wp\/v2\/media?parent=4991"}],"wp:term":[{"taxonomy":"product_brand","embeddable":true,"href":"https:\/\/turkishtrade.co\/fr\/wp-json\/wp\/v2\/product_brand?post=4991"},{"taxonomy":"product_cat","embeddable":true,"href":"https:\/\/turkishtrade.co\/fr\/wp-json\/wp\/v2\/product_cat?post=4991"},{"taxonomy":"product_tag","embeddable":true,"href":"https:\/\/turkishtrade.co\/fr\/wp-json\/wp\/v2\/product_tag?post=4991"}],"curies":[{"name":"wp","href":"https:\/\/api.w.org\/{rel}","templated":true}]}}