{"id":4984,"date":"2026-01-14T10:56:17","date_gmt":"2026-01-14T10:56:17","guid":{"rendered":"https:\/\/turkishtrade.co\/product\/mens-leather-loafers\/"},"modified":"2026-04-09T19:48:08","modified_gmt":"2026-04-09T19:48:08","slug":"mens-leather-loafers","status":"publish","type":"product","link":"https:\/\/turkishtrade.co\/fr\/shop\/mens-leather-loafers\/","title":{"rendered":"Mocassins en cuir pour hommes"},"content":{"rendered":"<p><strong>Mocassins en cuir pour hommes<\/strong><\/p>\n<p>Entrez dans une sophistication et un confort in\u00e9gal\u00e9s gr\u00e2ce \u00e0 nos produits de qualit\u00e9 sup\u00e9rieure. <strong>Mocassins en cuir pour hommes<\/strong>. Con\u00e7ues pour le gentleman moderne, ces chaussures \u00e0 enfiler allient harmonieusement l'\u00e9l\u00e9gance classique au style contemporain. Fabriqu\u00e9s \u00e0 partir des mat\u00e9riaux les plus nobles, ces mocassins ne sont pas seulement des chaussures, ils sont un investissement dans une qualit\u00e9 durable et un go\u00fbt raffin\u00e9. Que vous vous habilliez pour une r\u00e9union d'affaires, un \u00e9v\u00e9nement formel ou une sortie \u00e9l\u00e9gante et d\u00e9contract\u00e9e, ces mocassins sont un investissement dans une qualit\u00e9 durable et un go\u00fbt raffin\u00e9. <strong>mocassins en cuir pour hommes<\/strong> rehausseront votre ensemble gr\u00e2ce \u00e0 leur charme distinctif.<\/p>\n<h3>Un savoir-faire et des mat\u00e9riaux in\u00e9gal\u00e9s pour vos mocassins en cuir pour hommes<\/h3>\n<p>Chaque paire de nos <strong>Mocassins en cuir pour hommes<\/strong> est m\u00e9ticuleusement construit pour offrir \u00e0 la fois durabilit\u00e9 et confort luxueux. L'ext\u00e9rieur est fabriqu\u00e9 en cuir de veau de qualit\u00e9 sup\u00e9rieure, connu pour sa texture lisse, son \u00e9lasticit\u00e9 et sa finition \u00e9l\u00e9gante. Ce cuir de qualit\u00e9 sup\u00e9rieure conf\u00e8re un aspect sophistiqu\u00e9 qui ne fait que s'am\u00e9liorer avec le temps. \u00c0 l'int\u00e9rieur, vos pieds seront berc\u00e9s par la douce \u00e9treinte de la doublure en cuir de ch\u00e8vre v\u00e9ritable, qui assure la respirabilit\u00e9 et un confort exceptionnel tout au long de la journ\u00e9e. L'association judicieuse de ces cuirs exquis garantit une chaussure aussi agr\u00e9able \u00e0 porter qu'\u00e0 regarder.<\/p>\n<h3>Con\u00e7u pour le confort et le style<\/h3>\n<p>Au-del\u00e0 de leur apparence \u00e9tonnante, ces <strong>mocassins en cuir pour hommes<\/strong> donnent la priorit\u00e9 \u00e0 votre confort. Ils sont dot\u00e9s d'une semelle Microlight de pointe, con\u00e7ue pour \u00eatre remarquablement l\u00e9g\u00e8re et flexible, permettant un mouvement naturel et r\u00e9duisant la fatigue du pied. Un talon subtil de 1 \u00e0 3 cm procure juste ce qu'il faut d'\u00e9l\u00e9vation pour une foul\u00e9e assur\u00e9e, ce qui rend ces mocassins adapt\u00e9s \u00e0 un port prolong\u00e9. Disponibles dans les pointures 39 \u00e0 45, ces mocassins s'adaptent parfaitement \u00e0 un large \u00e9ventail de tailles de pieds. Le design \u00e9l\u00e9gant, d\u00e9clin\u00e9 en marine intemporelle et en marron riche, comprend des panneaux textur\u00e9s de bon go\u00fbt et un \u00e9l\u00e9gant accent m\u00e9tallique, qui ajoutent une touche unique \u00e0 ces mocassins essentiels. <strong>mocassins en cuir pour hommes<\/strong>.<\/p>\n<h3>Id\u00e9al pour les commandes en gros et en masse<\/h3>\n<p>Pour les d\u00e9taillants et les entreprises \u00e0 la recherche de chaussures de haute qualit\u00e9, ces <strong>Mocassins en cuir pour hommes<\/strong> sont disponibles pour les achats en gros avec une commande minimum de 8 paires. Nous sommes fiers de notre service efficace, avec un d\u00e9lai de livraison de 12 jours plus les frais d'exp\u00e9dition, ce qui vous assure de recevoir votre commande rapidement. Offrez \u00e0 vos clients le luxe et le confort de ces chaussures exceptionnelles. <strong>mocassins en cuir pour hommes<\/strong>, Un v\u00e9ritable t\u00e9moignage d'un savoir-faire sup\u00e9rieur et d'un style durable.<\/p>","protected":false},"excerpt":{"rendered":"<ul>\n<li><strong>Mat\u00e9riaux de premi\u00e8re qualit\u00e9 :<\/strong> Fabriqu\u00e9 avec un ext\u00e9rieur en cuir de veau durable et un int\u00e9rieur en cuir de ch\u00e8vre doux pour un confort ultime.<\/li>\n<li><strong>Semelle de confort :<\/strong> Dot\u00e9e d'une semelle Microlight l\u00e9g\u00e8re pour une flexibilit\u00e9 exceptionnelle et une utilisation tout au long de la journ\u00e9e.<\/li>\n<li><strong>Talon subtil :<\/strong> Un talon confortable de 1 \u00e0 3 cm offre une l\u00e9g\u00e8re portance sans compromettre la stabilit\u00e9.<\/li>\n<li><strong>Taille polyvalente :<\/strong> Disponible dans une large gamme de tailles allant de 39 \u00e0 45 pour garantir un ajustement parfait.<\/li>\n<li><strong>Disponibilit\u00e9 en vrac :<\/strong> Quantit\u00e9 minimale de commande de 8 paires, avec un d\u00e9lai de livraison de 12 jours plus les frais de port.<\/li>\n<li><strong>Design \u00e9l\u00e9gant :<\/strong> Disponible en marine sophistiqu\u00e9e et en marron classique, avec des panneaux textur\u00e9s distinctifs.<\/li>\n<\/ul>","protected":false},"featured_media":3379,"template":"","meta":{"_acf_changed":false,"_uag_custom_page_level_css":"","site-sidebar-layout":"default","site-content-layout":"","ast-site-content-layout":"default","site-content-style":"default","site-sidebar-style":"default","ast-global-header-display":"","ast-banner-title-visibility":"","ast-main-header-display":"","ast-hfb-above-header-display":"","ast-hfb-below-header-display":"","ast-hfb-mobile-header-display":"","site-post-title":"","ast-breadcrumbs-content":"","ast-featured-img":"","footer-sml-layout":"","ast-disable-related-posts":"","theme-transparent-header-meta":"default","adv-header-id-meta":"","stick-header-meta":"","header-above-stick-meta":"","header-main-stick-meta":"","header-below-stick-meta":"","astra-migrate-meta-layouts":"set","ast-page-background-enabled":"default","ast-page-background-meta":{"desktop":{"background-color":"var(--ast-global-color-4)","background-image":"","background-repeat":"repeat","background-position":"center center","background-size":"auto","background-attachment":"scroll","background-type":"","background-media":"","overlay-type":"","overlay-color":"","overlay-opacity":"","overlay-gradient":""},"tablet":{"background-color":"","background-image":"","background-repeat":"repeat","background-position":"center center","background-size":"auto","background-attachment":"scroll","background-type":"","background-media":"","overlay-type":"","overlay-color":"","overlay-opacity":"","overlay-gradient":""},"mobile":{"background-color":"","background-image":"","background-repeat":"repeat","background-position":"center center","background-size":"auto","background-attachment":"scroll","background-type":"","background-media":"","overlay-type":"","overlay-color":"","overlay-opacity":"","overlay-gradient":""}},"ast-content-background-meta":{"desktop":{"background-color":"var(--ast-global-color-5)","background-image":"","background-repeat":"repeat","background-position":"center center","background-size":"auto","background-attachment":"scroll","background-type":"","background-media":"","overlay-type":"","overlay-color":"","overlay-opacity":"","overlay-gradient":""},"tablet":{"background-color":"var(--ast-global-color-5)","background-image":"","background-repeat":"repeat","background-position":"center center","background-size":"auto","background-attachment":"scroll","background-type":"","background-media":"","overlay-type":"","overlay-color":"","overlay-opacity":"","overlay-gradient":""},"mobile":{"background-color":"var(--ast-global-color-5)","background-image":"","background-repeat":"repeat","background-position":"center center","background-size":"auto","background-attachment":"scroll","background-type":"","background-media":"","overlay-type":"","overlay-color":"","overlay-opacity":"","overlay-gradient":""}}},"product_brand":[],"product_cat":[47,430,40],"product_tag":[147,555,220,284,352,556,215,217,198,466,557,184,280],"class_list":{"0":"post-4984","1":"product","2":"type-product","3":"status-publish","4":"has-post-thumbnail","6":"product_cat-classic","7":"product_cat-men","8":"product_cat-mens-shoes","9":"product_tag-brown-loafers","10":"product_tag-calfskin-loafers","11":"product_tag-comfortable-loafers","12":"product_tag-dress-shoes","13":"product_tag-formal-loafers","14":"product_tag-goatskin-lining","15":"product_tag-leather-loafers","16":"product_tag-luxury-footwear","17":"product_tag-mens-fashion","18":"product_tag-microlight-sole","19":"product_tag-navy-loafers","20":"product_tag-slip-on-shoes","21":"product_tag-smart-casual-shoes","22":"desktop-align-center","23":"tablet-align-center","24":"mobile-align-center","26":"first","27":"instock","28":"shipping-taxable","29":"purchasable","30":"product-type-variable","31":"has-default-attributes"},"acf":[],"uagb_featured_image_src":{"full":["https:\/\/turkishtrade.co\/wp-content\/uploads\/2026\/01\/2400EJOMN00022-DARK-BROWN-DKS_7550.png",453,250,false],"thumbnail":["https:\/\/turkishtrade.co\/wp-content\/uploads\/2026\/01\/2400EJOMN00022-DARK-BROWN-DKS_7550-150x150.png",150,150,true],"medium":["https:\/\/turkishtrade.co\/wp-content\/uploads\/2026\/01\/2400EJOMN00022-DARK-BROWN-DKS_7550-300x166.png",300,166,true],"medium_large":["https:\/\/turkishtrade.co\/wp-content\/uploads\/2026\/01\/2400EJOMN00022-DARK-BROWN-DKS_7550.png",453,250,false],"large":["https:\/\/turkishtrade.co\/wp-content\/uploads\/2026\/01\/2400EJOMN00022-DARK-BROWN-DKS_7550.png",453,250,false],"1536x1536":["https:\/\/turkishtrade.co\/wp-content\/uploads\/2026\/01\/2400EJOMN00022-DARK-BROWN-DKS_7550.png",453,250,false],"2048x2048":["https:\/\/turkishtrade.co\/wp-content\/uploads\/2026\/01\/2400EJOMN00022-DARK-BROWN-DKS_7550.png",453,250,false],"trp-custom-language-flag":["https:\/\/turkishtrade.co\/wp-content\/uploads\/2026\/01\/2400EJOMN00022-DARK-BROWN-DKS_7550-18x10.png",18,10,true],"woocommerce_thumbnail":["https:\/\/turkishtrade.co\/wp-content\/uploads\/2026\/01\/2400EJOMN00022-DARK-BROWN-DKS_7550-400x250.png",400,250,true],"woocommerce_single":["https:\/\/turkishtrade.co\/wp-content\/uploads\/2026\/01\/2400EJOMN00022-DARK-BROWN-DKS_7550.png",453,250,false],"woocommerce_gallery_thumbnail":["https:\/\/turkishtrade.co\/wp-content\/uploads\/2026\/01\/2400EJOMN00022-DARK-BROWN-DKS_7550-100x100.png",100,100,true]},"uagb_author_info":{"display_name":"yaser olabi","author_link":"https:\/\/turkishtrade.co\/fr\/author\/"},"uagb_comment_info":0,"uagb_excerpt":"Premium Materials: Crafted with a durable calfskin leather exterior and a soft goatskin leather interior for ultimate comfort. Comfort Sole: Features a lightweight Microlight sole for exceptional flexibility and all-day wear. Subtle Heel: A comfortable 1-3 cm heel provides a slight lift without compromising stability. Versatile Sizing: Available in a wide range of sizes from\u2026","_links":{"self":[{"href":"https:\/\/turkishtrade.co\/fr\/wp-json\/wp\/v2\/product\/4984","targetHints":{"allow":["GET"]}}],"collection":[{"href":"https:\/\/turkishtrade.co\/fr\/wp-json\/wp\/v2\/product"}],"about":[{"href":"https:\/\/turkishtrade.co\/fr\/wp-json\/wp\/v2\/types\/product"}],"wp:featuredmedia":[{"embeddable":true,"href":"https:\/\/turkishtrade.co\/fr\/wp-json\/wp\/v2\/media\/3379"}],"wp:attachment":[{"href":"https:\/\/turkishtrade.co\/fr\/wp-json\/wp\/v2\/media?parent=4984"}],"wp:term":[{"taxonomy":"product_brand","embeddable":true,"href":"https:\/\/turkishtrade.co\/fr\/wp-json\/wp\/v2\/product_brand?post=4984"},{"taxonomy":"product_cat","embeddable":true,"href":"https:\/\/turkishtrade.co\/fr\/wp-json\/wp\/v2\/product_cat?post=4984"},{"taxonomy":"product_tag","embeddable":true,"href":"https:\/\/turkishtrade.co\/fr\/wp-json\/wp\/v2\/product_tag?post=4984"}],"curies":[{"name":"wp","href":"https:\/\/api.w.org\/{rel}","templated":true}]}}