{"id":4982,"date":"2026-01-14T10:55:54","date_gmt":"2026-01-14T10:55:54","guid":{"rendered":"https:\/\/turkishtrade.co\/product\/mens-brown-leather-oxfords\/"},"modified":"2026-04-09T19:48:12","modified_gmt":"2026-04-09T19:48:12","slug":"mens-brown-leather-oxfords","status":"publish","type":"product","link":"https:\/\/turkishtrade.co\/fr\/shop\/mens-brown-leather-oxfords\/","title":{"rendered":"Chaussures Oxford pour hommes en cuir marron avec accents en crocodile"},"content":{"rendered":"<p><strong>Oxfords en cuir marron pour hommes<\/strong><\/p>\n<p>D\u00e9couvrez l'incarnation du style classique et de l'artisanat raffin\u00e9 avec nos produits exquis. <strong>Oxfords en cuir marron pour hommes<\/strong>. Con\u00e7ues pour le gentleman exigeant, ces chaussures de ville sophistiqu\u00e9es allient harmonieusement l'\u00e9l\u00e9gance traditionnelle et les d\u00e9tails contemporains. Chaque paire de nos <strong>Oxfords en cuir marron pour hommes<\/strong> t\u00e9moigne d'une qualit\u00e9 artistique sup\u00e9rieure, promettant non seulement une apparence distingu\u00e9e, mais aussi un confort in\u00e9gal\u00e9 pour toute occasion formelle ou d\u00e9contract\u00e9e.<\/p>\n<h3>Une qualit\u00e9 et un design in\u00e9gal\u00e9s<\/h3>\n<p>Fabriqu\u00e9es \u00e0 partir du cuir de veau v\u00e9ritable le plus fin pour la surface ext\u00e9rieure, ces <strong>Oxfords en cuir marron pour hommes<\/strong> se distinguent par leur riche teinte marron fonc\u00e9 qui respire le luxe. Le design est rehauss\u00e9 par des accents de cuir gaufr\u00e9 au crocodile sur le bout du pied et les panneaux lat\u00e9raux, qui ajoutent une texture unique et une touche sophistiqu\u00e9e. Cette combinaison cr\u00e9e un contraste visuellement attrayant qui distingue ces Oxfords des chaussures formelles conventionnelles.<\/p>\n<p>L'int\u00e9rieur est doubl\u00e9 de cuir de ch\u00e8vre de premi\u00e8re qualit\u00e9, r\u00e9put\u00e9 pour sa douceur et sa respirabilit\u00e9 exceptionnelles. Cela garantit un confort maximal et permet \u00e0 vos pieds de se sentir frais tout au long de la journ\u00e9e, que vous participiez \u00e0 une r\u00e9union d'affaires exigeante ou \u00e0 un \u00e9v\u00e9nement sp\u00e9cial. L'int\u00e9gration judicieuse d'une semelle Microlight l\u00e9g\u00e8re offre un amorti, une flexibilit\u00e9 et un soutien excellents, ce qui fait de ces chaussures des chaussures de travail de qualit\u00e9. <strong>Oxfords en cuir marron pour hommes<\/strong> id\u00e9ales pour un usage prolong\u00e9. Dot\u00e9es d'un talon subtil de 1 \u00e0 3 cm, ces chaussures offrent la portance parfaite pour une d\u00e9marche assur\u00e9e, tout en conservant des proportions classiques.<\/p>\n<h3>Polyvalence et options de commande en gros<\/h3>\n<p>Notre <strong>Oxfords en cuir marron pour hommes<\/strong> sont incroyablement polyvalentes, s'associant parfaitement \u00e0 des costumes sur mesure, des pantalons \u00e9l\u00e9gants ou m\u00eame des tenues d\u00e9contract\u00e9es sophistiqu\u00e9es. Elles sont disponibles dans une large gamme de tailles allant de l'UE 39 \u00e0 l'UE 45, garantissant un ajustement parfait pour un large \u00e9ventail de clients. Pour les d\u00e9taillants et les entreprises, nous proposons des options de vente en gros attrayantes avec une quantit\u00e9 minimale de commande de 8 paires, ce qui vous permet de vous approvisionner en ces chaussures tr\u00e8s recherch\u00e9es. <strong>Oxfords en cuir marron pour hommes<\/strong>. Chaque commande fait l'objet d'une production m\u00e9ticuleuse, avec un d\u00e9lai de 12 jours plus l'exp\u00e9dition, ce qui garantit la qualit\u00e9 et la livraison en temps voulu de votre stock.<\/p>\n<p>Investissez dans des chaussures qui en disent long sur votre style et vos exigences. Nos <strong>Oxfords en cuir marron pour hommes<\/strong> sont plus que de simples chaussures ; elles sont une d\u00e9claration de classe et de qualit\u00e9 durable. D\u00e9couvrez le m\u00e9lange parfait de tradition, d'innovation et de confort \u00e0 chaque pas.<\/p>","protected":false},"excerpt":{"rendered":"<ul>\n<li><strong>Mat\u00e9riaux de premi\u00e8re qualit\u00e9 :<\/strong> Fabriqu\u00e9 en cuir de veau v\u00e9ritable \u00e0 l'ext\u00e9rieur et en cuir de ch\u00e8vre souple \u00e0 l'int\u00e9rieur pour un confort et une durabilit\u00e9 sup\u00e9rieurs.<\/li>\n<li><strong>Design \u00e9l\u00e9gant :<\/strong> Elle pr\u00e9sente un ton marron sophistiqu\u00e9 avec des accents en cuir gaufr\u00e9 de crocodile sur le bout du pied et le quartier.<\/li>\n<li><strong>Semelle de confort :<\/strong> La semelle l\u00e9g\u00e8re Microlight offre un excellent amorti et une grande souplesse pour une utilisation tout au long de la journ\u00e9e.<\/li>\n<li><strong>Hauteur optimale du talon :<\/strong> Talon subtil de 1 \u00e0 3 cm pour une allure classique et une posture confortable.<\/li>\n<li><strong>Tailles disponibles :<\/strong> UE 39, 40, 41, 42, 43, 44, 45.<\/li>\n<li><strong>Disponibilit\u00e9 en gros :<\/strong> Commande minimum de 8 paires.<\/li>\n<li><strong>Production et livraison :<\/strong> La production prend 12 jours, plus le temps d'exp\u00e9dition.<\/li>\n<\/ul>","protected":false},"featured_media":3377,"template":"","meta":{"_acf_changed":false,"_uag_custom_page_level_css":"","site-sidebar-layout":"default","site-content-layout":"","ast-site-content-layout":"default","site-content-style":"default","site-sidebar-style":"default","ast-global-header-display":"","ast-banner-title-visibility":"","ast-main-header-display":"","ast-hfb-above-header-display":"","ast-hfb-below-header-display":"","ast-hfb-mobile-header-display":"","site-post-title":"","ast-breadcrumbs-content":"","ast-featured-img":"","footer-sml-layout":"","ast-disable-related-posts":"","theme-transparent-header-meta":"default","adv-header-id-meta":"","stick-header-meta":"","header-above-stick-meta":"","header-main-stick-meta":"","header-below-stick-meta":"","astra-migrate-meta-layouts":"set","ast-page-background-enabled":"default","ast-page-background-meta":{"desktop":{"background-color":"var(--ast-global-color-4)","background-image":"","background-repeat":"repeat","background-position":"center center","background-size":"auto","background-attachment":"scroll","background-type":"","background-media":"","overlay-type":"","overlay-color":"","overlay-opacity":"","overlay-gradient":""},"tablet":{"background-color":"","background-image":"","background-repeat":"repeat","background-position":"center center","background-size":"auto","background-attachment":"scroll","background-type":"","background-media":"","overlay-type":"","overlay-color":"","overlay-opacity":"","overlay-gradient":""},"mobile":{"background-color":"","background-image":"","background-repeat":"repeat","background-position":"center center","background-size":"auto","background-attachment":"scroll","background-type":"","background-media":"","overlay-type":"","overlay-color":"","overlay-opacity":"","overlay-gradient":""}},"ast-content-background-meta":{"desktop":{"background-color":"var(--ast-global-color-5)","background-image":"","background-repeat":"repeat","background-position":"center center","background-size":"auto","background-attachment":"scroll","background-type":"","background-media":"","overlay-type":"","overlay-color":"","overlay-opacity":"","overlay-gradient":""},"tablet":{"background-color":"var(--ast-global-color-5)","background-image":"","background-repeat":"repeat","background-position":"center center","background-size":"auto","background-attachment":"scroll","background-type":"","background-media":"","overlay-type":"","overlay-color":"","overlay-opacity":"","overlay-gradient":""},"mobile":{"background-color":"var(--ast-global-color-5)","background-image":"","background-repeat":"repeat","background-position":"center center","background-size":"auto","background-attachment":"scroll","background-type":"","background-media":"","overlay-type":"","overlay-color":"","overlay-opacity":"","overlay-gradient":""}}},"product_brand":[],"product_cat":[47,430,40],"product_tag":[292,405,451,458,551,550,284,201,437,217,198,549,466],"class_list":{"0":"post-4982","1":"product","2":"type-product","3":"status-publish","4":"has-post-thumbnail","6":"product_cat-classic","7":"product_cat-men","8":"product_cat-mens-shoes","9":"product_tag-brown-leather-shoes","10":"product_tag-business-shoes","11":"product_tag-calfskin-leather","12":"product_tag-cap-toe-shoes","13":"product_tag-classic-style","14":"product_tag-crocodile-embossed-leather","15":"product_tag-dress-shoes","16":"product_tag-formal-footwear","17":"product_tag-goat-leather","18":"product_tag-luxury-footwear","19":"product_tag-mens-fashion","20":"product_tag-mens-oxfords","21":"product_tag-microlight-sole","22":"desktop-align-center","23":"tablet-align-center","24":"mobile-align-center","26":"first","27":"instock","28":"shipping-taxable","29":"purchasable","30":"product-type-variable","31":"has-default-attributes"},"acf":[],"uagb_featured_image_src":{"full":["https:\/\/turkishtrade.co\/wp-content\/uploads\/2026\/01\/2400EJOMN00017-DARK-BROWN-Z_874.png",453,250,false],"thumbnail":["https:\/\/turkishtrade.co\/wp-content\/uploads\/2026\/01\/2400EJOMN00017-DARK-BROWN-Z_874-150x150.png",150,150,true],"medium":["https:\/\/turkishtrade.co\/wp-content\/uploads\/2026\/01\/2400EJOMN00017-DARK-BROWN-Z_874-300x166.png",300,166,true],"medium_large":["https:\/\/turkishtrade.co\/wp-content\/uploads\/2026\/01\/2400EJOMN00017-DARK-BROWN-Z_874.png",453,250,false],"large":["https:\/\/turkishtrade.co\/wp-content\/uploads\/2026\/01\/2400EJOMN00017-DARK-BROWN-Z_874.png",453,250,false],"1536x1536":["https:\/\/turkishtrade.co\/wp-content\/uploads\/2026\/01\/2400EJOMN00017-DARK-BROWN-Z_874.png",453,250,false],"2048x2048":["https:\/\/turkishtrade.co\/wp-content\/uploads\/2026\/01\/2400EJOMN00017-DARK-BROWN-Z_874.png",453,250,false],"trp-custom-language-flag":["https:\/\/turkishtrade.co\/wp-content\/uploads\/2026\/01\/2400EJOMN00017-DARK-BROWN-Z_874-18x10.png",18,10,true],"woocommerce_thumbnail":["https:\/\/turkishtrade.co\/wp-content\/uploads\/2026\/01\/2400EJOMN00017-DARK-BROWN-Z_874-400x250.png",400,250,true],"woocommerce_single":["https:\/\/turkishtrade.co\/wp-content\/uploads\/2026\/01\/2400EJOMN00017-DARK-BROWN-Z_874.png",453,250,false],"woocommerce_gallery_thumbnail":["https:\/\/turkishtrade.co\/wp-content\/uploads\/2026\/01\/2400EJOMN00017-DARK-BROWN-Z_874-100x100.png",100,100,true]},"uagb_author_info":{"display_name":"yaser olabi","author_link":"https:\/\/turkishtrade.co\/fr\/author\/"},"uagb_comment_info":0,"uagb_excerpt":"Premium Materials: Crafted with genuine calfskin leather exterior and supple goat leather interior for superior comfort and durability. Elegant Design: Features a sophisticated brown tone with stylish crocodile-embossed leather accents on the cap-toe and quarter. Comfort Sole: Lightweight Microlight sole provides excellent cushioning and flexibility for all-day wear. Optimal Heel Height: Subtle 1-3 cm heel\u2026","_links":{"self":[{"href":"https:\/\/turkishtrade.co\/fr\/wp-json\/wp\/v2\/product\/4982","targetHints":{"allow":["GET"]}}],"collection":[{"href":"https:\/\/turkishtrade.co\/fr\/wp-json\/wp\/v2\/product"}],"about":[{"href":"https:\/\/turkishtrade.co\/fr\/wp-json\/wp\/v2\/types\/product"}],"wp:featuredmedia":[{"embeddable":true,"href":"https:\/\/turkishtrade.co\/fr\/wp-json\/wp\/v2\/media\/3377"}],"wp:attachment":[{"href":"https:\/\/turkishtrade.co\/fr\/wp-json\/wp\/v2\/media?parent=4982"}],"wp:term":[{"taxonomy":"product_brand","embeddable":true,"href":"https:\/\/turkishtrade.co\/fr\/wp-json\/wp\/v2\/product_brand?post=4982"},{"taxonomy":"product_cat","embeddable":true,"href":"https:\/\/turkishtrade.co\/fr\/wp-json\/wp\/v2\/product_cat?post=4982"},{"taxonomy":"product_tag","embeddable":true,"href":"https:\/\/turkishtrade.co\/fr\/wp-json\/wp\/v2\/product_tag?post=4982"}],"curies":[{"name":"wp","href":"https:\/\/api.w.org\/{rel}","templated":true}]}}