{"id":4977,"date":"2026-01-14T10:55:13","date_gmt":"2026-01-14T10:55:13","guid":{"rendered":"https:\/\/turkishtrade.co\/product\/mens-calf-leather-oxford-shoes\/"},"modified":"2026-04-09T19:48:22","modified_gmt":"2026-04-09T19:48:22","slug":"mens-calf-leather-oxford-shoes","status":"publish","type":"product","link":"https:\/\/turkishtrade.co\/fr\/shop\/mens-calf-leather-oxford-shoes\/","title":{"rendered":"Chaussures habill\u00e9es Oxford en cuir de veau fabriqu\u00e9es \u00e0 la main pour hommes"},"content":{"rendered":"<p><strong>Chaussures Oxford en cuir de veau pour hommes<\/strong><\/p>\n<p>Entrez dans l'\u00e9l\u00e9gance intemporelle avec notre gamme exquise de <b>Chaussures Oxford en cuir de veau pour hommes<\/b>. Con\u00e7ues pour l'homme exigeant, ces chaussures sont l'incarnation de la chaussure sophistiqu\u00e9e, alliant savoir-faire traditionnel et confort moderne. Chaque paire est m\u00e9ticuleusement fabriqu\u00e9e \u00e0 la main pour garantir non seulement une esth\u00e9tique sup\u00e9rieure, mais aussi une durabilit\u00e9 in\u00e9gal\u00e9e et un ajustement parfait.<\/p>\n<p>Que vous assistiez \u00e0 une r\u00e9union d'affaires importante, \u00e0 un \u00e9v\u00e9nement formel ou que vous souhaitiez simplement rehausser votre tenue professionnelle de tous les jours, ces chaussures Oxford sont votre meilleur compagnon.<\/p>\n<p><h3>Une qualit\u00e9 et un savoir-faire in\u00e9gal\u00e9s<\/h3>\n<\/p>\n<p>Notre engagement en faveur de la qualit\u00e9 commence par la s\u00e9lection de mat\u00e9riaux de premi\u00e8re qualit\u00e9. L'aspect ext\u00e9rieur de ces <b>Chaussures Oxford en cuir de veau pour hommes<\/b> est fabriqu\u00e9e en cuir de veau souple de qualit\u00e9 sup\u00e9rieure, r\u00e9put\u00e9 pour sa texture lisse, sa brillance naturelle et sa capacit\u00e9 \u00e0 se mouler parfaitement \u00e0 votre pied au fil du temps.<\/p>\n<p>Le choix du cuir de veau garantit un aspect et un toucher luxueux, faisant de chaque paire une pi\u00e8ce d'exception. L'attention port\u00e9e aux d\u00e9tails est \u00e9vidente dans les coutures pr\u00e9cises et le design classique du bout du pied, mettant en valeur l'expertise artisanale.<\/p>\n<p><h3>Un confort sup\u00e9rieur avec des int\u00e9rieurs luxueux<\/h3>\n<\/p>\n<p>Le confort est primordial dans notre philosophie de conception. L'int\u00e9rieur de ces <b>Chaussures Oxford en cuir de veau pour hommes<\/b> est enti\u00e8rement doubl\u00e9e de cuir de ch\u00e8vre souple et respirant. Cette doublure de qualit\u00e9 sup\u00e9rieure offre non seulement une sensation de douceur incroyable sur la peau, mais contribue \u00e9galement \u00e0 l'\u00e9vacuation de l'humidit\u00e9, ce qui permet \u00e0 vos pieds de rester confortables et frais pendant les journ\u00e9es les plus longues.<\/p>\n<p>L'int\u00e9rieur cossu est compl\u00e9t\u00e9 par une semelle l\u00e9g\u00e8re, con\u00e7ue pour la flexibilit\u00e9, une excellente absorption des chocs et une adh\u00e9rence fiable. Avec une hauteur de talon subtile de 1 \u00e0 3 cm, ces chaussures offrent un profil classique sans compromis sur le confort.<\/p>\n<p><h3>Un style polyvalent pour toutes les occasions<\/h3>\n<\/p>\n<p>Le design classique de ces <b>Chaussures Oxford en cuir de veau pour hommes<\/b> les rend incroyablement polyvalents. Ils constituent le choix id\u00e9al pour les environnements professionnels formels, ajoutant une touche d'autorit\u00e9 et d'\u00e9l\u00e9gance \u00e0 vos costumes et pantalons sur mesure. Au-del\u00e0 de la salle de conf\u00e9rence, ils s'adaptent parfaitement aux \u00e9v\u00e9nements en cravate noire, aux mariages et aux r\u00e9unions mondaines sophistiqu\u00e9es.<\/p>\n<p>Disponibles dans une gamme de tailles allant de 39 \u00e0 45 (EU), nous garantissons un ajustement parfait pour un large \u00e9ventail de clients. D\u00e9couvrez le m\u00e9lange de tradition et de style contemporain que seules nos chaussures Oxford haut de gamme peuvent offrir.<\/p>\n<p><h3>Possibilit\u00e9s de vente en gros et livraison fiable<\/h3>\n<\/p>\n<p>Pour les d\u00e9taillants et les entreprises qui cherchent \u00e0 stocker des chaussures pour hommes de haute qualit\u00e9, nos <b>Chaussures Oxford en cuir de veau pour hommes<\/b> sont disponibles \u00e0 l'achat en gros. Avec un minimum de commande de 8 paires, il est facile d'introduire ce produit de premi\u00e8re qualit\u00e9 aupr\u00e8s de votre client\u00e8le. Nous sommes fiers de notre service efficace, avec un d\u00e9lai de livraison d'environ 12 jours plus les frais d'exp\u00e9dition, ce qui garantit que votre commande arrive rapidement.<\/p>\n<p>Investissez dans des chaussures qui en disent long sur la qualit\u00e9 et le style.<\/p>","protected":false},"excerpt":{"rendered":"<ul>\n<li><b>Ext\u00e9rieur :<\/b> Cuir de veau de premi\u00e8re qualit\u00e9 pour une finition \u00e9l\u00e9gante et raffin\u00e9e.<\/li>\n<li><b>Int\u00e9rieur :<\/b> La doublure en cuir de ch\u00e8vre luxueux assure respirabilit\u00e9 et confort.<\/li>\n<li><b>Semelle :<\/b> Semelle l\u00e9g\u00e8re Microlight pour une excellente adh\u00e9rence et une utilisation tout au long de la journ\u00e9e.<\/li>\n<li><b>Hauteur du talon :<\/b> Subtil 1-3 cm pour un profil classique.<\/li>\n<li><b>Tailles disponibles :<\/b> 39, 40, 41, 42, 43, 44, 45 (UE).<\/li>\n<li><b>Commande minimale :<\/b> 8 paires - id\u00e9al pour les d\u00e9taillants et les acheteurs en gros.<\/li>\n<li><b>D\u00e9lai de livraison :<\/b> Environ 12 jours + frais de port.<\/li>\n<li><b>Prix de gros :<\/b> USD par paire (pour ce mod\u00e8le de chaussure).<\/li>\n<\/ul>","protected":false},"featured_media":3375,"template":"","meta":{"_acf_changed":false,"_uag_custom_page_level_css":"","site-sidebar-layout":"default","site-content-layout":"","ast-site-content-layout":"default","site-content-style":"default","site-sidebar-style":"default","ast-global-header-display":"","ast-banner-title-visibility":"","ast-main-header-display":"","ast-hfb-above-header-display":"","ast-hfb-below-header-display":"","ast-hfb-mobile-header-display":"","site-post-title":"","ast-breadcrumbs-content":"","ast-featured-img":"","footer-sml-layout":"","ast-disable-related-posts":"","theme-transparent-header-meta":"default","adv-header-id-meta":"","stick-header-meta":"","header-above-stick-meta":"","header-main-stick-meta":"","header-below-stick-meta":"","astra-migrate-meta-layouts":"set","ast-page-background-enabled":"default","ast-page-background-meta":{"desktop":{"background-color":"var(--ast-global-color-4)","background-image":"","background-repeat":"repeat","background-position":"center center","background-size":"auto","background-attachment":"scroll","background-type":"","background-media":"","overlay-type":"","overlay-color":"","overlay-opacity":"","overlay-gradient":""},"tablet":{"background-color":"","background-image":"","background-repeat":"repeat","background-position":"center center","background-size":"auto","background-attachment":"scroll","background-type":"","background-media":"","overlay-type":"","overlay-color":"","overlay-opacity":"","overlay-gradient":""},"mobile":{"background-color":"","background-image":"","background-repeat":"repeat","background-position":"center center","background-size":"auto","background-attachment":"scroll","background-type":"","background-media":"","overlay-type":"","overlay-color":"","overlay-opacity":"","overlay-gradient":""}},"ast-content-background-meta":{"desktop":{"background-color":"var(--ast-global-color-5)","background-image":"","background-repeat":"repeat","background-position":"center center","background-size":"auto","background-attachment":"scroll","background-type":"","background-media":"","overlay-type":"","overlay-color":"","overlay-opacity":"","overlay-gradient":""},"tablet":{"background-color":"var(--ast-global-color-5)","background-image":"","background-repeat":"repeat","background-position":"center center","background-size":"auto","background-attachment":"scroll","background-type":"","background-media":"","overlay-type":"","overlay-color":"","overlay-opacity":"","overlay-gradient":""},"mobile":{"background-color":"var(--ast-global-color-5)","background-image":"","background-repeat":"repeat","background-position":"center center","background-size":"auto","background-attachment":"scroll","background-type":"","background-media":"","overlay-type":"","overlay-color":"","overlay-opacity":"","overlay-gradient":""}}},"product_brand":[],"product_cat":[47,430,40],"product_tag":[540,405,185,541,284,454,251,189,297,416,198,359,466],"class_list":{"0":"post-4977","1":"product","2":"type-product","3":"status-publish","4":"has-post-thumbnail","6":"product_cat-classic","7":"product_cat-men","8":"product_cat-mens-shoes","9":"product_tag-black-oxford-shoes","10":"product_tag-business-shoes","11":"product_tag-calf-leather-shoes","12":"product_tag-cap-toe-oxfords","13":"product_tag-dress-shoes","14":"product_tag-elegant-footwear","15":"product_tag-formal-shoes","16":"product_tag-goat-leather-lining","17":"product_tag-handmade-leather-shoes","18":"product_tag-luxury-shoes","19":"product_tag-mens-fashion","20":"product_tag-mens-oxford-shoes","21":"product_tag-microlight-sole","22":"desktop-align-center","23":"tablet-align-center","24":"mobile-align-center","26":"first","27":"instock","28":"shipping-taxable","29":"purchasable","30":"product-type-variable","31":"has-default-attributes"},"acf":[],"uagb_featured_image_src":{"full":["https:\/\/turkishtrade.co\/wp-content\/uploads\/2026\/01\/2400EJOMN00015-DARK-BLUE-A_642.png",453,250,false],"thumbnail":["https:\/\/turkishtrade.co\/wp-content\/uploads\/2026\/01\/2400EJOMN00015-DARK-BLUE-A_642-150x150.png",150,150,true],"medium":["https:\/\/turkishtrade.co\/wp-content\/uploads\/2026\/01\/2400EJOMN00015-DARK-BLUE-A_642-300x166.png",300,166,true],"medium_large":["https:\/\/turkishtrade.co\/wp-content\/uploads\/2026\/01\/2400EJOMN00015-DARK-BLUE-A_642.png",453,250,false],"large":["https:\/\/turkishtrade.co\/wp-content\/uploads\/2026\/01\/2400EJOMN00015-DARK-BLUE-A_642.png",453,250,false],"1536x1536":["https:\/\/turkishtrade.co\/wp-content\/uploads\/2026\/01\/2400EJOMN00015-DARK-BLUE-A_642.png",453,250,false],"2048x2048":["https:\/\/turkishtrade.co\/wp-content\/uploads\/2026\/01\/2400EJOMN00015-DARK-BLUE-A_642.png",453,250,false],"trp-custom-language-flag":["https:\/\/turkishtrade.co\/wp-content\/uploads\/2026\/01\/2400EJOMN00015-DARK-BLUE-A_642-18x10.png",18,10,true],"woocommerce_thumbnail":["https:\/\/turkishtrade.co\/wp-content\/uploads\/2026\/01\/2400EJOMN00015-DARK-BLUE-A_642-400x250.png",400,250,true],"woocommerce_single":["https:\/\/turkishtrade.co\/wp-content\/uploads\/2026\/01\/2400EJOMN00015-DARK-BLUE-A_642.png",453,250,false],"woocommerce_gallery_thumbnail":["https:\/\/turkishtrade.co\/wp-content\/uploads\/2026\/01\/2400EJOMN00015-DARK-BLUE-A_642-100x100.png",100,100,true]},"uagb_author_info":{"display_name":"yaser olabi","author_link":"https:\/\/turkishtrade.co\/fr\/author\/"},"uagb_comment_info":0,"uagb_excerpt":"Exterior: Premium Calf Leather for a sleek, refined finish. Interior: Luxurious Goat Leather lining ensures breathability and comfort. Sole: Lightweight Microlight sole for excellent grip and all-day wear. Heel Height: Subtle 1-3 cm for a classic profile. Available Sizes: 39, 40, 41, 42, 43, 44, 45 (EU). Minimum Order: 8 pairs \u2013 ideal for retailers\u2026","_links":{"self":[{"href":"https:\/\/turkishtrade.co\/fr\/wp-json\/wp\/v2\/product\/4977","targetHints":{"allow":["GET"]}}],"collection":[{"href":"https:\/\/turkishtrade.co\/fr\/wp-json\/wp\/v2\/product"}],"about":[{"href":"https:\/\/turkishtrade.co\/fr\/wp-json\/wp\/v2\/types\/product"}],"wp:featuredmedia":[{"embeddable":true,"href":"https:\/\/turkishtrade.co\/fr\/wp-json\/wp\/v2\/media\/3375"}],"wp:attachment":[{"href":"https:\/\/turkishtrade.co\/fr\/wp-json\/wp\/v2\/media?parent=4977"}],"wp:term":[{"taxonomy":"product_brand","embeddable":true,"href":"https:\/\/turkishtrade.co\/fr\/wp-json\/wp\/v2\/product_brand?post=4977"},{"taxonomy":"product_cat","embeddable":true,"href":"https:\/\/turkishtrade.co\/fr\/wp-json\/wp\/v2\/product_cat?post=4977"},{"taxonomy":"product_tag","embeddable":true,"href":"https:\/\/turkishtrade.co\/fr\/wp-json\/wp\/v2\/product_tag?post=4977"}],"curies":[{"name":"wp","href":"https:\/\/api.w.org\/{rel}","templated":true}]}}