{"id":4974,"date":"2026-01-14T10:54:49","date_gmt":"2026-01-14T10:54:49","guid":{"rendered":"https:\/\/turkishtrade.co\/product\/men-crocodile-embossed-loafers\/"},"modified":"2026-04-09T19:48:29","modified_gmt":"2026-04-09T19:48:29","slug":"mens-crocodile-embossed-loafers-2","status":"publish","type":"product","link":"https:\/\/turkishtrade.co\/fr\/shop\/mens-crocodile-embossed-loafers-2\/","title":{"rendered":"Mocassins de luxe en cuir gaufr\u00e9 au crocodile pour hommes"},"content":{"rendered":"<p data-rm-block-id=\"block-1\">Entrez dans un monde d'\u00e9l\u00e9gance in\u00e9gal\u00e9e gr\u00e2ce \u00e0 notre collection exquise d'objets d'art. <strong>Mocassins gaufr\u00e9s en crocodile pour hommes<\/strong>. Con\u00e7ues pour les hommes exigeants, ces chaussures \u00e0 enfiler de luxe t\u00e9moignent d'un style sophistiqu\u00e9 et d'un savoir-faire sup\u00e9rieur. Chaque paire pr\u00e9sente une combinaison \u00e9tonnante de cuir de veau lisse de premi\u00e8re qualit\u00e9 et de cuir gaufr\u00e9 au crocodile richement textur\u00e9 sur l'empeigne et l'embout, cr\u00e9ant ainsi un chef-d'\u0153uvre visuel qui attire l'attention. Pour ceux qui appr\u00e9cient les d\u00e9tails distinctifs, ces <strong>Mocassins gaufr\u00e9s en crocodile pour hommes<\/strong> sont un compl\u00e9ment essentiel \u00e0 toute garde-robe raffin\u00e9e. Que vous vous rendiez \u00e0 une r\u00e9union d'affaires, \u00e0 un \u00e9v\u00e9nement formel ou \u00e0 une rencontre d\u00e9contract\u00e9e, ces pantalons de qualit\u00e9 sup\u00e9rieure vous permettront de vous sentir \u00e0 l'aise. <strong>Mocassins gaufr\u00e9s en crocodile pour hommes<\/strong> vous permettra de laisser une impression durable.<\/p>\n<h3 data-rm-block-id=\"block-2\">Un savoir-faire in\u00e9gal\u00e9 et des mat\u00e9riaux de premi\u00e8re qualit\u00e9 pour nos mocassins gaufr\u00e9s en crocodile pour hommes<\/h3>\n<p data-rm-block-id=\"block-3\">Notre engagement en faveur de la qualit\u00e9 est \u00e9vident dans chaque point de cette chaussure exceptionnelle. L'ext\u00e9rieur est m\u00e9ticuleusement fabriqu\u00e9 en cuir de veau de qualit\u00e9 sup\u00e9rieure, r\u00e9put\u00e9 pour sa texture souple, sa durabilit\u00e9 et sa capacit\u00e9 \u00e0 vieillir en beaut\u00e9. L'int\u00e9rieur est dot\u00e9 d'une doublure luxueuse en cuir de ch\u00e8vre souple, offrant un environnement incroyablement confortable et respirant \u00e0 vos pieds tout au long de la journ\u00e9e. Cette s\u00e9lection minutieuse de mat\u00e9riaux naturels ne fait pas que rehausser l'attrait esth\u00e9tique de ces \u00e9l\u00e9gantes chaussures \u00e0 talon. <strong>Mocassins gaufr\u00e9s en crocodile pour hommes<\/strong> mais garantit \u00e9galement un port durable et une exp\u00e9rience confortable, ce qui les distingue vraiment des autres.<\/p>\n<h3 data-rm-block-id=\"block-4\">Con\u00e7u pour le confort et la polyvalence<\/h3>\n<p data-rm-block-id=\"block-5\">Au-del\u00e0 de leur aspect saisissant, ces <strong>Mocassins gaufr\u00e9s en crocodile pour hommes<\/strong> sont con\u00e7ues pour un confort ultime. La semelle l\u00e9g\u00e8re Microlight offre une flexibilit\u00e9 et un soutien excellents, tandis que le talon subtil de 1 \u00e0 3 cm procure une \u00e9l\u00e9vation raffin\u00e9e sans compromettre la stabilit\u00e9. Disponibles dans une large gamme de pointures allant du 39 au 45, elles s'adaptent facilement \u00e0 votre morphologie. La conception \u00e0 enfiler garantit la commodit\u00e9, ce qui en fait un choix id\u00e9al pour l'homme moderne en d\u00e9placement qui refuse de faire des compromis sur le style ou le confort. Rehaussez votre collection de chaussures avec ces chaussures vraiment distingu\u00e9es. <strong>Mocassins gaufr\u00e9s en crocodile pour hommes<\/strong>, L'objectif est d'offrir \u00e0 l'utilisateur un service de qualit\u00e9, un m\u00e9lange de design intemporel et d'\u00e9l\u00e9gance contemporaine.<\/p>\n<h3 data-rm-block-id=\"block-6\">Disponibilit\u00e9 en gros et livraison fiable pour Mocassins gaufr\u00e9s en crocodile pour hommes<\/h3>\n<p data-rm-block-id=\"block-7\">Pour les d\u00e9taillants et les entreprises qui souhaitent proposer des chaussures haut de gamme, notre collection de <strong>Mocassins gaufr\u00e9s en crocodile pour hommes<\/strong> est disponible \u00e0 l'achat en gros. Avec une quantit\u00e9 minimale de commande de 8 paires, vous pouvez facilement vous approvisionner en ce mod\u00e8le recherch\u00e9 et satisfaire les clients les plus exigeants. Nous assurons un processus de commande sans faille avec un d\u00e9lai de livraison estim\u00e9 \u00e0 12 jours, plus les frais d'exp\u00e9dition. Investissez dans la qualit\u00e9 et le style qui s\u00e9duiront vos clients avec ces chaussures \u00e9l\u00e9gantes et durables. <strong>Mocassins gaufr\u00e9s en crocodile pour hommes<\/strong>.<\/p>","protected":false},"excerpt":{"rendered":"<ul>\n<li>Ext\u00e9rieur en cuir de veau de premi\u00e8re qualit\u00e9 avec d\u00e9tails gaufr\u00e9s en forme de crocodile<\/li>\n<li>Int\u00e9rieur en cuir de ch\u00e8vre luxueux pour un confort exceptionnel<\/li>\n<li>Semelle l\u00e9g\u00e8re Microlight avec un talon raffin\u00e9 de 1 \u00e0 3 cm<\/li>\n<li>Disponible dans les tailles 39-45 pour un ajustement parfait<\/li>\n<li>Quantit\u00e9 minimale de commande : 8 paires<\/li>\n<li>D\u00e9lai de livraison estim\u00e9 : 12 jours plus les frais de port<\/li>\n<\/ul>","protected":false},"featured_media":3373,"template":"","meta":{"_acf_changed":false,"_uag_custom_page_level_css":"","site-sidebar-layout":"default","site-content-layout":"","ast-site-content-layout":"default","site-content-style":"default","site-sidebar-style":"default","ast-global-header-display":"","ast-banner-title-visibility":"","ast-main-header-display":"","ast-hfb-above-header-display":"","ast-hfb-below-header-display":"","ast-hfb-mobile-header-display":"","site-post-title":"","ast-breadcrumbs-content":"","ast-featured-img":"","footer-sml-layout":"","ast-disable-related-posts":"","theme-transparent-header-meta":"default","adv-header-id-meta":"","stick-header-meta":"","header-above-stick-meta":"","header-main-stick-meta":"","header-below-stick-meta":"","astra-migrate-meta-layouts":"set","ast-page-background-enabled":"default","ast-page-background-meta":{"desktop":{"background-color":"var(--ast-global-color-4)","background-image":"","background-repeat":"repeat","background-position":"center center","background-size":"auto","background-attachment":"scroll","background-type":"","background-media":"","overlay-type":"","overlay-color":"","overlay-opacity":"","overlay-gradient":""},"tablet":{"background-color":"","background-image":"","background-repeat":"repeat","background-position":"center center","background-size":"auto","background-attachment":"scroll","background-type":"","background-media":"","overlay-type":"","overlay-color":"","overlay-opacity":"","overlay-gradient":""},"mobile":{"background-color":"","background-image":"","background-repeat":"repeat","background-position":"center center","background-size":"auto","background-attachment":"scroll","background-type":"","background-media":"","overlay-type":"","overlay-color":"","overlay-opacity":"","overlay-gradient":""}},"ast-content-background-meta":{"desktop":{"background-color":"var(--ast-global-color-5)","background-image":"","background-repeat":"repeat","background-position":"center center","background-size":"auto","background-attachment":"scroll","background-type":"","background-media":"","overlay-type":"","overlay-color":"","overlay-opacity":"","overlay-gradient":""},"tablet":{"background-color":"var(--ast-global-color-5)","background-image":"","background-repeat":"repeat","background-position":"center center","background-size":"auto","background-attachment":"scroll","background-type":"","background-media":"","overlay-type":"","overlay-color":"","overlay-opacity":"","overlay-gradient":""},"mobile":{"background-color":"var(--ast-global-color-5)","background-image":"","background-repeat":"repeat","background-position":"center center","background-size":"auto","background-attachment":"scroll","background-type":"","background-media":"","overlay-type":"","overlay-color":"","overlay-opacity":"","overlay-gradient":""}}},"product_brand":[],"product_cat":[47,430,40],"product_tag":[202,534,251,189,219,535,217,198,186,466,536,184,280,281],"class_list":{"0":"post-4974","1":"product","2":"type-product","3":"status-publish","4":"has-post-thumbnail","6":"product_cat-classic","7":"product_cat-men","8":"product_cat-mens-shoes","9":"product_tag-calf-leather","10":"product_tag-crocodile-embossed-shoes","11":"product_tag-formal-shoes","12":"product_tag-goat-leather-lining","13":"product_tag-handmade-shoes","14":"product_tag-leather-dress-shoes","15":"product_tag-luxury-footwear","16":"product_tag-mens-fashion","17":"product_tag-mens-loafers","18":"product_tag-microlight-sole","19":"product_tag-premium-leather-loafers","20":"product_tag-slip-on-shoes","21":"product_tag-smart-casual-shoes","22":"product_tag-wholesale-shoes","23":"desktop-align-center","24":"tablet-align-center","25":"mobile-align-center","27":"first","28":"instock","29":"shipping-taxable","30":"purchasable","31":"product-type-variable","32":"has-default-attributes"},"acf":[],"uagb_featured_image_src":{"full":["https:\/\/turkishtrade.co\/wp-content\/uploads\/2026\/01\/2400EJOMN00014-DARK-BROWN-M_132.png",453,250,false],"thumbnail":["https:\/\/turkishtrade.co\/wp-content\/uploads\/2026\/01\/2400EJOMN00014-DARK-BROWN-M_132-150x150.png",150,150,true],"medium":["https:\/\/turkishtrade.co\/wp-content\/uploads\/2026\/01\/2400EJOMN00014-DARK-BROWN-M_132-300x166.png",300,166,true],"medium_large":["https:\/\/turkishtrade.co\/wp-content\/uploads\/2026\/01\/2400EJOMN00014-DARK-BROWN-M_132.png",453,250,false],"large":["https:\/\/turkishtrade.co\/wp-content\/uploads\/2026\/01\/2400EJOMN00014-DARK-BROWN-M_132.png",453,250,false],"1536x1536":["https:\/\/turkishtrade.co\/wp-content\/uploads\/2026\/01\/2400EJOMN00014-DARK-BROWN-M_132.png",453,250,false],"2048x2048":["https:\/\/turkishtrade.co\/wp-content\/uploads\/2026\/01\/2400EJOMN00014-DARK-BROWN-M_132.png",453,250,false],"trp-custom-language-flag":["https:\/\/turkishtrade.co\/wp-content\/uploads\/2026\/01\/2400EJOMN00014-DARK-BROWN-M_132-18x10.png",18,10,true],"woocommerce_thumbnail":["https:\/\/turkishtrade.co\/wp-content\/uploads\/2026\/01\/2400EJOMN00014-DARK-BROWN-M_132-400x250.png",400,250,true],"woocommerce_single":["https:\/\/turkishtrade.co\/wp-content\/uploads\/2026\/01\/2400EJOMN00014-DARK-BROWN-M_132.png",453,250,false],"woocommerce_gallery_thumbnail":["https:\/\/turkishtrade.co\/wp-content\/uploads\/2026\/01\/2400EJOMN00014-DARK-BROWN-M_132-100x100.png",100,100,true]},"uagb_author_info":{"display_name":"yaser olabi","author_link":"https:\/\/turkishtrade.co\/fr\/author\/"},"uagb_comment_info":0,"uagb_excerpt":"Premium calf leather exterior with distinctive crocodile embossed detailing Luxurious goat leather interior for exceptional comfort Lightweight Microlight sole with a refined 1-3cm heel Available in sizes 39-45 for a perfect fit Minimum order quantity: 8 pairs Estimated delivery: 12 days plus shipping","_links":{"self":[{"href":"https:\/\/turkishtrade.co\/fr\/wp-json\/wp\/v2\/product\/4974","targetHints":{"allow":["GET"]}}],"collection":[{"href":"https:\/\/turkishtrade.co\/fr\/wp-json\/wp\/v2\/product"}],"about":[{"href":"https:\/\/turkishtrade.co\/fr\/wp-json\/wp\/v2\/types\/product"}],"wp:featuredmedia":[{"embeddable":true,"href":"https:\/\/turkishtrade.co\/fr\/wp-json\/wp\/v2\/media\/3373"}],"wp:attachment":[{"href":"https:\/\/turkishtrade.co\/fr\/wp-json\/wp\/v2\/media?parent=4974"}],"wp:term":[{"taxonomy":"product_brand","embeddable":true,"href":"https:\/\/turkishtrade.co\/fr\/wp-json\/wp\/v2\/product_brand?post=4974"},{"taxonomy":"product_cat","embeddable":true,"href":"https:\/\/turkishtrade.co\/fr\/wp-json\/wp\/v2\/product_cat?post=4974"},{"taxonomy":"product_tag","embeddable":true,"href":"https:\/\/turkishtrade.co\/fr\/wp-json\/wp\/v2\/product_tag?post=4974"}],"curies":[{"name":"wp","href":"https:\/\/api.w.org\/{rel}","templated":true}]}}