{"id":4964,"date":"2026-01-14T10:53:40","date_gmt":"2026-01-14T10:53:40","guid":{"rendered":"https:\/\/turkishtrade.co\/product\/mens-brown-leather-loafers\/"},"modified":"2026-04-09T19:48:51","modified_gmt":"2026-04-09T19:48:51","slug":"mens-brown-leather-loafers","status":"publish","type":"product","link":"https:\/\/turkishtrade.co\/fr\/shop\/mens-brown-leather-loafers\/","title":{"rendered":"Premium Mocassins en cuir de veau marron pour hommes"},"content":{"rendered":"<p><strong>Mocassins en cuir brun pour hommes<\/strong><\/p>\n<p>D\u00e9couvrez l'incarnation de l'\u00e9l\u00e9gance intemporelle et du confort in\u00e9gal\u00e9 avec nos mocassins en cuir de veau marron pour hommes. M\u00e9ticuleusement fabriqu\u00e9s \u00e0 la main pour le gentleman moderne, ces mocassins en cuir de veau marron de qualit\u00e9 sup\u00e9rieure vous offrent un confort in\u00e9gal\u00e9. <b>mocassins en cuir marron pour hommes<\/b> sont plus que de simples chaussures ; ils sont une d\u00e9claration de style sophistiqu\u00e9 et de qualit\u00e9 d'ex\u00e9cution. Des r\u00e9unions en salle de conf\u00e9rence aux brunchs du week-end, ces mocassins polyvalents promettent de rehausser votre look avec une gr\u00e2ce sans effort.<\/p>\n<p>Chaque paire de ces exquises <b>mocassins en cuir marron pour hommes<\/b> se caract\u00e9risent par un ext\u00e9rieur en cuir de veau de premi\u00e8re qualit\u00e9, connu pour sa texture lisse, sa durabilit\u00e9 et sa capacit\u00e9 \u00e0 d\u00e9velopper une belle patine au fil du temps. La riche teinte marron ajoute une touche de raffinement classique, ce qui en fait le compl\u00e9ment id\u00e9al d'un large \u00e9ventail de tenues, des costumes sur mesure aux ensembles d\u00e9contract\u00e9s \u00e9l\u00e9gants. Glissez-vous dans le luxe gr\u00e2ce \u00e0 un int\u00e9rieur enti\u00e8rement doubl\u00e9 de cuir de ch\u00e8vre souple, qui assure la respirabilit\u00e9, un confort supr\u00eame et une coupe ajust\u00e9e qui se moule \u00e0 votre pied \u00e0 chaque port. Cette combinaison judicieuse de mat\u00e9riaux garantit \u00e0 la fois une sensation de luxe et une qualit\u00e9 durable.<\/p>\n<h3>Un confort et une durabilit\u00e9 in\u00e9gal\u00e9s \u00e0 chaque pas<\/h3>\n<p>Con\u00e7us pour un confort qui dure toute la journ\u00e9e, nos <b>mocassins en cuir marron pour hommes<\/b> sont construites sur une semelle Microlight \u00e0 la fois l\u00e9g\u00e8re et robuste. Cette technologie de pointe offre un excellent amorti, une grande souplesse et une adh\u00e9rence sup\u00e9rieure, ce qui garantit la stabilit\u00e9 et r\u00e9duit la fatigue en cas de port prolong\u00e9. Le talon subtil de 1 \u00e0 3 cm de hauteur offre juste ce qu'il faut de relief sans compromettre le confort, ce qui fait de ces mocassins des chaussures id\u00e9ales pour une utilisation quotidienne. Disponibles dans une large gamme de tailles allant de l'UE 39 \u00e0 45, il n'a jamais \u00e9t\u00e9 aussi facile de trouver la chaussure id\u00e9ale. Nous comprenons l'importance de la qualit\u00e9 dans les moindres d\u00e9tails, et ces mocassins en sont l'illustration.<\/p>\n<p>Pour les d\u00e9taillants et les entreprises, ces <b>mocassins en cuir marron pour hommes<\/b> sont disponibles \u00e0 partir d'une quantit\u00e9 minimale de 8 paires. B\u00e9n\u00e9ficiez de prix de gros comp\u00e9titifs et offrez \u00e0 vos clients un produit qui allie luxe, confort et style durable. Avec un d\u00e9lai de livraison estim\u00e9 \u00e0 12 jours plus les frais de port, vous pouvez rapidement vous approvisionner en ces chaussures tr\u00e8s recherch\u00e9es. Investissez dans une paire de ces \u00e9l\u00e9gantes <b>mocassins en cuir marron pour hommes<\/b> et faites l'exp\u00e9rience d'un m\u00e9lange parfait d'art traditionnel et de design contemporain. Ils sont le choix d\u00e9finitif pour ceux qui appr\u00e9cient le cuir fin et le style impeccable.<\/p>","protected":false},"excerpt":{"rendered":"<ul>\n<li><b>Mat\u00e9riau ext\u00e9rieur :<\/b> Cuir de veau exquis<\/li>\n<li><b>Mat\u00e9riau int\u00e9rieur :<\/b> Doublure en cuir de ch\u00e8vre luxueux<\/li>\n<li><b>Semelle :<\/b> Semelle Microlight l\u00e9g\u00e8re et durable<\/li>\n<li><b>Hauteur du talon :<\/b> Talon confortable de 1 \u00e0 3 cm<\/li>\n<li><b>Tailles disponibles :<\/b> UE 39, 40, 41, 42, 43, 44, 45<\/li>\n<li><b>Commande minimale :<\/b> 8 paires pour le prix de gros<\/li>\n<li><b>Livraison estim\u00e9e :<\/b> 12 jours + Exp\u00e9dition<\/li>\n<\/ul>","protected":false},"featured_media":3366,"template":"","meta":{"_acf_changed":false,"_uag_custom_page_level_css":"","site-sidebar-layout":"default","site-content-layout":"","ast-site-content-layout":"default","site-content-style":"default","site-sidebar-style":"default","ast-global-header-display":"","ast-banner-title-visibility":"","ast-main-header-display":"","ast-hfb-above-header-display":"","ast-hfb-below-header-display":"","ast-hfb-mobile-header-display":"","site-post-title":"","ast-breadcrumbs-content":"","ast-featured-img":"","footer-sml-layout":"","ast-disable-related-posts":"","theme-transparent-header-meta":"default","adv-header-id-meta":"","stick-header-meta":"","header-above-stick-meta":"","header-main-stick-meta":"","header-below-stick-meta":"","astra-migrate-meta-layouts":"set","ast-page-background-enabled":"default","ast-page-background-meta":{"desktop":{"background-color":"var(--ast-global-color-4)","background-image":"","background-repeat":"repeat","background-position":"center center","background-size":"auto","background-attachment":"scroll","background-type":"","background-media":"","overlay-type":"","overlay-color":"","overlay-opacity":"","overlay-gradient":""},"tablet":{"background-color":"","background-image":"","background-repeat":"repeat","background-position":"center center","background-size":"auto","background-attachment":"scroll","background-type":"","background-media":"","overlay-type":"","overlay-color":"","overlay-opacity":"","overlay-gradient":""},"mobile":{"background-color":"","background-image":"","background-repeat":"repeat","background-position":"center center","background-size":"auto","background-attachment":"scroll","background-type":"","background-media":"","overlay-type":"","overlay-color":"","overlay-opacity":"","overlay-gradient":""}},"ast-content-background-meta":{"desktop":{"background-color":"var(--ast-global-color-5)","background-image":"","background-repeat":"repeat","background-position":"center center","background-size":"auto","background-attachment":"scroll","background-type":"","background-media":"","overlay-type":"","overlay-color":"","overlay-opacity":"","overlay-gradient":""},"tablet":{"background-color":"var(--ast-global-color-5)","background-image":"","background-repeat":"repeat","background-position":"center center","background-size":"auto","background-attachment":"scroll","background-type":"","background-media":"","overlay-type":"","overlay-color":"","overlay-opacity":"","overlay-gradient":""},"mobile":{"background-color":"var(--ast-global-color-5)","background-image":"","background-repeat":"repeat","background-position":"center center","background-size":"auto","background-attachment":"scroll","background-type":"","background-media":"","overlay-type":"","overlay-color":"","overlay-opacity":"","overlay-gradient":""}}},"product_brand":[],"product_cat":[47,430,40],"product_tag":[292,202,284,251,189,219,217,198,186,466,279,210,456],"class_list":{"0":"post-4964","1":"product","2":"type-product","3":"status-publish","4":"has-post-thumbnail","6":"product_cat-classic","7":"product_cat-men","8":"product_cat-mens-shoes","9":"product_tag-brown-leather-shoes","10":"product_tag-calf-leather","11":"product_tag-dress-shoes","12":"product_tag-formal-shoes","13":"product_tag-goat-leather-lining","14":"product_tag-handmade-shoes","15":"product_tag-luxury-footwear","16":"product_tag-mens-fashion","17":"product_tag-mens-loafers","18":"product_tag-microlight-sole","19":"product_tag-penny-loafers","20":"product_tag-smart-casual","21":"product_tag-wholesale-loafers","22":"desktop-align-center","23":"tablet-align-center","24":"mobile-align-center","26":"first","27":"instock","28":"shipping-taxable","29":"purchasable","30":"product-type-variable","31":"has-default-attributes"},"acf":[],"uagb_featured_image_src":{"full":["https:\/\/turkishtrade.co\/wp-content\/uploads\/2026\/01\/2400EJOMN00010-BROWN-C_449.png",453,250,false],"thumbnail":["https:\/\/turkishtrade.co\/wp-content\/uploads\/2026\/01\/2400EJOMN00010-BROWN-C_449-150x150.png",150,150,true],"medium":["https:\/\/turkishtrade.co\/wp-content\/uploads\/2026\/01\/2400EJOMN00010-BROWN-C_449-300x166.png",300,166,true],"medium_large":["https:\/\/turkishtrade.co\/wp-content\/uploads\/2026\/01\/2400EJOMN00010-BROWN-C_449.png",453,250,false],"large":["https:\/\/turkishtrade.co\/wp-content\/uploads\/2026\/01\/2400EJOMN00010-BROWN-C_449.png",453,250,false],"1536x1536":["https:\/\/turkishtrade.co\/wp-content\/uploads\/2026\/01\/2400EJOMN00010-BROWN-C_449.png",453,250,false],"2048x2048":["https:\/\/turkishtrade.co\/wp-content\/uploads\/2026\/01\/2400EJOMN00010-BROWN-C_449.png",453,250,false],"trp-custom-language-flag":["https:\/\/turkishtrade.co\/wp-content\/uploads\/2026\/01\/2400EJOMN00010-BROWN-C_449-18x10.png",18,10,true],"woocommerce_thumbnail":["https:\/\/turkishtrade.co\/wp-content\/uploads\/2026\/01\/2400EJOMN00010-BROWN-C_449-400x250.png",400,250,true],"woocommerce_single":["https:\/\/turkishtrade.co\/wp-content\/uploads\/2026\/01\/2400EJOMN00010-BROWN-C_449.png",453,250,false],"woocommerce_gallery_thumbnail":["https:\/\/turkishtrade.co\/wp-content\/uploads\/2026\/01\/2400EJOMN00010-BROWN-C_449-100x100.png",100,100,true]},"uagb_author_info":{"display_name":"yaser olabi","author_link":"https:\/\/turkishtrade.co\/fr\/author\/"},"uagb_comment_info":0,"uagb_excerpt":"Outer Material: Exquisite Calf Leather Inner Material: Luxurious Goat Leather Lining Sole: Lightweight and Durable Microlight Sole Heel Height: Comfortable 1-3 cm Heel Available Sizes: EU 39, 40, 41, 42, 43, 44, 45 Minimum Order: 8 Pairs for wholesale pricing Estimated Delivery: 12 Days + Shipping","_links":{"self":[{"href":"https:\/\/turkishtrade.co\/fr\/wp-json\/wp\/v2\/product\/4964","targetHints":{"allow":["GET"]}}],"collection":[{"href":"https:\/\/turkishtrade.co\/fr\/wp-json\/wp\/v2\/product"}],"about":[{"href":"https:\/\/turkishtrade.co\/fr\/wp-json\/wp\/v2\/types\/product"}],"wp:featuredmedia":[{"embeddable":true,"href":"https:\/\/turkishtrade.co\/fr\/wp-json\/wp\/v2\/media\/3366"}],"wp:attachment":[{"href":"https:\/\/turkishtrade.co\/fr\/wp-json\/wp\/v2\/media?parent=4964"}],"wp:term":[{"taxonomy":"product_brand","embeddable":true,"href":"https:\/\/turkishtrade.co\/fr\/wp-json\/wp\/v2\/product_brand?post=4964"},{"taxonomy":"product_cat","embeddable":true,"href":"https:\/\/turkishtrade.co\/fr\/wp-json\/wp\/v2\/product_cat?post=4964"},{"taxonomy":"product_tag","embeddable":true,"href":"https:\/\/turkishtrade.co\/fr\/wp-json\/wp\/v2\/product_tag?post=4964"}],"curies":[{"name":"wp","href":"https:\/\/api.w.org\/{rel}","templated":true}]}}