{"id":4955,"date":"2026-01-14T10:52:34","date_gmt":"2026-01-14T10:52:34","guid":{"rendered":"https:\/\/turkishtrade.co\/product\/black-monk-strap-shoes\/"},"modified":"2026-04-09T19:49:07","modified_gmt":"2026-04-09T19:49:07","slug":"black-monk-strap-shoes","status":"publish","type":"product","link":"https:\/\/turkishtrade.co\/fr\/shop\/black-monk-strap-shoes\/","title":{"rendered":"Chaussures Monk en cuir de veau noir pour hommes"},"content":{"rendered":"<p><strong>Chaussures Monk Strap noires<\/strong><\/p>\n<p>Rehaussez votre garde-robe formelle et d\u00e9contract\u00e9e avec nos exquises chaussures Monk Strap en cuir de veau noir pour hommes. Ces chaussures sophistiqu\u00e9es <b>Chaussures Monk Strap noires<\/b> sont m\u00e9ticuleusement fabriqu\u00e9es pour offrir un style, un confort et une durabilit\u00e9 in\u00e9gal\u00e9s. Con\u00e7ues pour le gentleman exigeant, elles incarnent l'\u00e9l\u00e9gance intemporelle, ce qui en fait la pierre angulaire de toute personne bien habill\u00e9e. Entrez dans un monde o\u00f9 la qualit\u00e9 rencontre le design classique \u00e0 chaque paire.<\/p>\n<h3>Un savoir-faire in\u00e9gal\u00e9 et des mat\u00e9riaux de premi\u00e8re qualit\u00e9<\/h3>\n<p>D\u00e9couvrez le luxe des mat\u00e9riaux authentiques \u00e0 chaque pas. L'ext\u00e9rieur de ces <b>Chaussures Monk Strap noires<\/b> est fabriqu\u00e9e en cuir de veau de premi\u00e8re qualit\u00e9 100%, connu pour sa finition lisse, son toucher souple et sa long\u00e9vit\u00e9 exceptionnelle. Ce cuir de premier choix n'apporte pas seulement une esth\u00e9tique raffin\u00e9e, mais garantit \u00e9galement que les chaussures se moulent parfaitement \u00e0 vos pieds au fil du temps, offrant ainsi un ajustement personnalis\u00e9. A l'int\u00e9rieur, vos pieds seront berc\u00e9s par une doublure en cuir de ch\u00e8vre doux et respirant, offrant un confort sup\u00e9rieur et des propri\u00e9t\u00e9s d'\u00e9vacuation de l'humidit\u00e9, vous permettant de rester \u00e0 l'aise tout au long de la journ\u00e9e.<\/p>\n<h3>Un design \u00e9l\u00e9gant pour toutes les occasions<\/h3>\n<p>Le design de l'unique lani\u00e8re de moine ajoute une touche de sophistication distinctive, mettant en valeur ces chaussures. <b>Chaussures Monk Strap noires<\/b> \u00e0 la diff\u00e9rence des chaussures \u00e0 lacets traditionnelles. Ce style \u00e0 la fois classique et contemporain est dot\u00e9 d'une \u00e9l\u00e9gante fermeture \u00e0 boucle, qui d\u00e9gage une impression de confiance et de go\u00fbt raffin\u00e9, et qui garantit un maintien s\u00fbr et \u00e9l\u00e9gant. Que vous assistiez \u00e0 une r\u00e9union d'affaires cruciale, \u00e0 un mariage formel ou \u00e0 une soir\u00e9e sophistiqu\u00e9e, ces chaussures polyvalentes vous permettront de vous sentir \u00e0 l'aise. <b>Chaussures Monk Strap noires<\/b> s'accordera parfaitement avec votre tenue, offrant une finition soign\u00e9e \u00e0 tout ensemble. Associez votre <b>Chaussures Monk Strap noires<\/b> avec un costume cintr\u00e9 ou un pantalon chino pour un look \u00e9l\u00e9gant sans effort.<\/p>\n<h3>Confort sup\u00e9rieur gr\u00e2ce \u00e0 la semelle Microlight<\/h3>\n<p>Le confort est primordial sans compromettre le style. Nos <b>Chaussures Monk Strap noires<\/b> sont construites sur une semelle microlight innovante, offrant un excellent amorti et une flexibilit\u00e9 l\u00e9g\u00e8re. Cette technologie de pointe garantit une foul\u00e9e confortable, r\u00e9duisant la fatigue du pied m\u00eame apr\u00e8s de longues heures pass\u00e9es debout. Avec une hauteur de talon subtile de 1 \u00e0 3 cm, ces chaussures offrent la bonne \u00e9l\u00e9vation pour une posture distingu\u00e9e, alliant praticit\u00e9 et esth\u00e9tique raffin\u00e9e. Faites l'exp\u00e9rience d'une qualit\u00e9 et d'un confort in\u00e9gal\u00e9s dans chacune de vos paires de chaussures. <b>Chaussures Monk Strap noires<\/b>.<\/p>\n<h3>Opportunit\u00e9 de vente en gros pour les d\u00e9taillants<\/h3>\n<p>Pour les entreprises et les d\u00e9taillants qui souhaitent offrir des chaussures de qualit\u00e9 \u00e0 leur client\u00e8le, ces chaussures d'exception ont \u00e9t\u00e9 con\u00e7ues pour r\u00e9pondre aux besoins des consommateurs. <b>Chaussures Monk Strap noires<\/b> sont disponibles \u00e0 l'achat en gros. Avec un minimum de commande de 8 paires, vous pouvez facilement vous approvisionner en ce style tr\u00e8s demand\u00e9, parfait pour les boutiques et les magasins en ligne. Nous sommes fiers d'assurer une livraison rapide, garantissant que votre commande arrive dans les 12 jours plus les frais d'exp\u00e9dition, pr\u00eate \u00e0 impressionner vos clients. Ces chaussures <b>Chaussures Monk Strap noires<\/b> repr\u00e9sentent un compl\u00e9ment pr\u00e9cieux \u00e0 toute collection de chaussures de luxe.<\/p>\n<p>Investissez dans une paire de <b>Chaussures Monk Strap noires<\/b> qui promettent non seulement du style, mais aussi un h\u00e9ritage durable de qualit\u00e9 et de confort. Adoptez le m\u00e9lange d'artisanat traditionnel et de design moderne, et sortez en toute confiance, en sachant que vous portez des chaussures qui font vraiment la diff\u00e9rence.<\/p>","protected":false},"excerpt":{"rendered":"<ul>\n<li>Ext\u00e9rieur en cuir de veau noir exquis<\/li>\n<li>Doublure int\u00e9rieure confortable en cuir de ch\u00e8vre<\/li>\n<li>Semelle Microlight durable et l\u00e9g\u00e8re<\/li>\n<li>Bracelet Monk unique et stylis\u00e9<\/li>\n<li>Disponible en tailles 39-45<\/li>\n<li>Commande minimum : 8 paires (prix de gros disponibles)<\/li>\n<\/ul>","protected":false},"featured_media":3361,"template":"","meta":{"_acf_changed":false,"_uag_custom_page_level_css":"","site-sidebar-layout":"default","site-content-layout":"","ast-site-content-layout":"default","site-content-style":"default","site-sidebar-style":"default","ast-global-header-display":"","ast-banner-title-visibility":"","ast-main-header-display":"","ast-hfb-above-header-display":"","ast-hfb-below-header-display":"","ast-hfb-mobile-header-display":"","site-post-title":"","ast-breadcrumbs-content":"","ast-featured-img":"","footer-sml-layout":"","ast-disable-related-posts":"","theme-transparent-header-meta":"default","adv-header-id-meta":"","stick-header-meta":"","header-above-stick-meta":"","header-main-stick-meta":"","header-below-stick-meta":"","astra-migrate-meta-layouts":"set","ast-page-background-enabled":"default","ast-page-background-meta":{"desktop":{"background-color":"var(--ast-global-color-4)","background-image":"","background-repeat":"repeat","background-position":"center center","background-size":"auto","background-attachment":"scroll","background-type":"","background-media":"","overlay-type":"","overlay-color":"","overlay-opacity":"","overlay-gradient":""},"tablet":{"background-color":"","background-image":"","background-repeat":"repeat","background-position":"center center","background-size":"auto","background-attachment":"scroll","background-type":"","background-media":"","overlay-type":"","overlay-color":"","overlay-opacity":"","overlay-gradient":""},"mobile":{"background-color":"","background-image":"","background-repeat":"repeat","background-position":"center center","background-size":"auto","background-attachment":"scroll","background-type":"","background-media":"","overlay-type":"","overlay-color":"","overlay-opacity":"","overlay-gradient":""}},"ast-content-background-meta":{"desktop":{"background-color":"var(--ast-global-color-5)","background-image":"","background-repeat":"repeat","background-position":"center center","background-size":"auto","background-attachment":"scroll","background-type":"","background-media":"","overlay-type":"","overlay-color":"","overlay-opacity":"","overlay-gradient":""},"tablet":{"background-color":"var(--ast-global-color-5)","background-image":"","background-repeat":"repeat","background-position":"center center","background-size":"auto","background-attachment":"scroll","background-type":"","background-media":"","overlay-type":"","overlay-color":"","overlay-opacity":"","overlay-gradient":""},"mobile":{"background-color":"var(--ast-global-color-5)","background-image":"","background-repeat":"repeat","background-position":"center center","background-size":"auto","background-attachment":"scroll","background-type":"","background-media":"","overlay-type":"","overlay-color":"","overlay-opacity":"","overlay-gradient":""}}},"product_brand":[],"product_cat":[47,430,40],"product_tag":[507,405,185,251,189,450,324,508,281],"class_list":{"0":"post-4955","1":"product","2":"type-product","3":"status-publish","4":"has-post-thumbnail","6":"product_cat-classic","7":"product_cat-men","8":"product_cat-mens-shoes","9":"product_tag-black-monk-strap-shoes","10":"product_tag-business-shoes","11":"product_tag-calf-leather-shoes","12":"product_tag-formal-shoes","13":"product_tag-goat-leather-lining","14":"product_tag-handcrafted-shoes","15":"product_tag-mens-dress-shoes","16":"product_tag-single-monk-strap","17":"product_tag-wholesale-shoes","18":"desktop-align-center","19":"tablet-align-center","20":"mobile-align-center","22":"first","23":"instock","24":"shipping-taxable","25":"purchasable","26":"product-type-variable","27":"has-default-attributes"},"acf":[],"uagb_featured_image_src":{"full":["https:\/\/turkishtrade.co\/wp-content\/uploads\/2026\/01\/2400EJOMN00007-BLACK-K_130.png",453,250,false],"thumbnail":["https:\/\/turkishtrade.co\/wp-content\/uploads\/2026\/01\/2400EJOMN00007-BLACK-K_130-150x150.png",150,150,true],"medium":["https:\/\/turkishtrade.co\/wp-content\/uploads\/2026\/01\/2400EJOMN00007-BLACK-K_130-300x166.png",300,166,true],"medium_large":["https:\/\/turkishtrade.co\/wp-content\/uploads\/2026\/01\/2400EJOMN00007-BLACK-K_130.png",453,250,false],"large":["https:\/\/turkishtrade.co\/wp-content\/uploads\/2026\/01\/2400EJOMN00007-BLACK-K_130.png",453,250,false],"1536x1536":["https:\/\/turkishtrade.co\/wp-content\/uploads\/2026\/01\/2400EJOMN00007-BLACK-K_130.png",453,250,false],"2048x2048":["https:\/\/turkishtrade.co\/wp-content\/uploads\/2026\/01\/2400EJOMN00007-BLACK-K_130.png",453,250,false],"trp-custom-language-flag":["https:\/\/turkishtrade.co\/wp-content\/uploads\/2026\/01\/2400EJOMN00007-BLACK-K_130-18x10.png",18,10,true],"woocommerce_thumbnail":["https:\/\/turkishtrade.co\/wp-content\/uploads\/2026\/01\/2400EJOMN00007-BLACK-K_130-400x250.png",400,250,true],"woocommerce_single":["https:\/\/turkishtrade.co\/wp-content\/uploads\/2026\/01\/2400EJOMN00007-BLACK-K_130.png",453,250,false],"woocommerce_gallery_thumbnail":["https:\/\/turkishtrade.co\/wp-content\/uploads\/2026\/01\/2400EJOMN00007-BLACK-K_130-100x100.png",100,100,true]},"uagb_author_info":{"display_name":"yaser olabi","author_link":"https:\/\/turkishtrade.co\/fr\/author\/"},"uagb_comment_info":0,"uagb_excerpt":"Exquisite Black Calf Leather Exterior Comfortable Goat Leather Interior Lining Durable and Lightweight Microlight Sole Stylish Single Monk Strap Design Available in Sizes 39-45 Minimum Order: 8 Pairs (Wholesale Pricing Available)","_links":{"self":[{"href":"https:\/\/turkishtrade.co\/fr\/wp-json\/wp\/v2\/product\/4955","targetHints":{"allow":["GET"]}}],"collection":[{"href":"https:\/\/turkishtrade.co\/fr\/wp-json\/wp\/v2\/product"}],"about":[{"href":"https:\/\/turkishtrade.co\/fr\/wp-json\/wp\/v2\/types\/product"}],"wp:featuredmedia":[{"embeddable":true,"href":"https:\/\/turkishtrade.co\/fr\/wp-json\/wp\/v2\/media\/3361"}],"wp:attachment":[{"href":"https:\/\/turkishtrade.co\/fr\/wp-json\/wp\/v2\/media?parent=4955"}],"wp:term":[{"taxonomy":"product_brand","embeddable":true,"href":"https:\/\/turkishtrade.co\/fr\/wp-json\/wp\/v2\/product_brand?post=4955"},{"taxonomy":"product_cat","embeddable":true,"href":"https:\/\/turkishtrade.co\/fr\/wp-json\/wp\/v2\/product_cat?post=4955"},{"taxonomy":"product_tag","embeddable":true,"href":"https:\/\/turkishtrade.co\/fr\/wp-json\/wp\/v2\/product_tag?post=4955"}],"curies":[{"name":"wp","href":"https:\/\/api.w.org\/{rel}","templated":true}]}}