{"id":4951,"date":"2026-01-14T10:51:55","date_gmt":"2026-01-14T10:51:55","guid":{"rendered":"https:\/\/turkishtrade.co\/product\/mens-blue-leather-ankle-boots\/"},"modified":"2026-04-09T19:49:13","modified_gmt":"2026-04-09T19:49:13","slug":"mens-blue-leather-ankle-boots","status":"publish","type":"product","link":"https:\/\/turkishtrade.co\/fr\/shop\/mens-blue-leather-ankle-boots\/","title":{"rendered":"Bottes de luxe en cuir de veau bleu pour hommes avec boucle"},"content":{"rendered":"<p><strong>Bottines en cuir bleu pour hommes<\/strong><\/p>\n<p>D\u00e9couvrez le summum de la sophistication gr\u00e2ce \u00e0 nos produits exquis. <strong>Bottines en cuir bleu pour hommes<\/strong>. Con\u00e7ues pour le gentleman exigeant, ces bottes allient harmonieusement l'\u00e9l\u00e9gance classique et le style contemporain. Chaque paire de ces <strong>Bottines en cuir bleu pour hommes<\/strong> t\u00e9moigne d'un savoir-faire sup\u00e9rieur et de mat\u00e9riaux de qualit\u00e9, garantissant un aspect et une sensation raffin\u00e9s en toute occasion.<\/p>\n<h3>Un savoir-faire in\u00e9gal\u00e9 et des mat\u00e9riaux de premi\u00e8re qualit\u00e9<\/h3>\n<p>Faites l'exp\u00e9rience d'un confort et d'un luxe in\u00e9gal\u00e9s gr\u00e2ce \u00e0 la construction m\u00e9ticuleuse de ces <strong>Bottines en cuir bleu pour hommes<\/strong>. L'ext\u00e9rieur est fabriqu\u00e9 en cuir de veau de premi\u00e8re qualit\u00e9, connu pour sa texture lisse, sa remarquable durabilit\u00e9 et sa capacit\u00e9 \u00e0 vieillir magnifiquement, en d\u00e9veloppant une riche patine au fil du temps. En compl\u00e9ment, l'int\u00e9rieur est somptueusement doubl\u00e9 de cuir de ch\u00e8vre souple, garantissant un ajustement respirant, confortable et semblable \u00e0 un gant, qui se moule parfaitement \u00e0 votre pied. Cette double construction en cuir est la cl\u00e9 de notre succ\u00e8s. <strong>Bottines en cuir bleu pour hommes<\/strong> Le talon est un mod\u00e8le \u00e0 part enti\u00e8re, qui offre \u00e0 la fois un attrait esth\u00e9tique et une r\u00e9sistance \u00e0 long terme. La hauteur subtile du talon, de 1 \u00e0 3 cm, procure une \u00e9l\u00e9vation confortable sans compromettre la stabilit\u00e9, ce qui est parfait pour une utilisation prolong\u00e9e.<\/p>\n<p>La teinte bleu fonc\u00e9 frappante de ces <strong>Bottines en cuir bleu pour hommes<\/strong> ajoute une touche sophistiqu\u00e9e \u00e0 n'importe quel ensemble, ce qui en fait un compl\u00e9ment polyvalent et essentiel \u00e0 votre collection de chaussures. L'\u00e9l\u00e9gante boucle sur l'empeigne ne se contente pas de rehausser leur attrait visuel d'une touche de classicisme, elle permet aussi de les ajuster en toute s\u00e9curit\u00e9. Sous vos pieds, la semelle Microlight innovante offre une l\u00e9g\u00e8ret\u00e9 et une flexibilit\u00e9 exceptionnelles, garantissant un confort tout au long de la journ\u00e9e, que vous naviguiez dans les rues de la ville ou que vous assistiez \u00e0 un \u00e9v\u00e9nement sp\u00e9cial. Chaque point et chaque d\u00e9tail refl\u00e8tent un engagement de qualit\u00e9 que vous pouvez ressentir \u00e0 chaque pas dans ces chaussures luxueuses. <strong>Bottines en cuir bleu pour hommes<\/strong>.<\/p>\n<h3>Une polyvalence pour toutes les occasions et un avantage pour les grossistes<\/h3>\n<p>Les bottines en cuir bleu pour hommes, disponibles dans les tailles 39 \u00e0 45, conviennent parfaitement \u00e0 de nombreuses personnes et sont id\u00e9ales pour rehausser une tenue d'affaires, un look d\u00e9contract\u00e9 ou une tenue de soir\u00e9e avec une touche d'\u00e9l\u00e9gance. Leur design intemporel leur permet de s'int\u00e9grer durablement dans n'importe quelle garde-robe. Les d\u00e9taillants peuvent acheter ces bottes \u00e0 la mode en gros avec une commande minimum de 8 paires et b\u00e9n\u00e9ficier d'une livraison rapide dans les 12 jours, ce qui en fait un ajout pr\u00e9cieux \u00e0 l'inventaire. Investissez dans ces bottes pour un m\u00e9lange d'\u00e9l\u00e9gance, de confort et de durabilit\u00e9.<\/p>\n<p>&nbsp;<\/p>","protected":false},"excerpt":{"rendered":"<ul>\n<li><strong>Mat\u00e9riaux de premi\u00e8re qualit\u00e9 :<\/strong> Fabriqu\u00e9 avec un luxueux cuir de veau \u00e0 l'ext\u00e9rieur et un int\u00e9rieur en cuir de ch\u00e8vre souple pour un confort ultime.<\/li>\n<li><strong>Semelle Microlight durable :<\/strong> Offre une l\u00e9g\u00e8ret\u00e9 et une adh\u00e9rence exceptionnelles pour une utilisation tout au long de la journ\u00e9e.<\/li>\n<li><strong>Design \u00e9l\u00e9gant :<\/strong> Il pr\u00e9sente une teinte bleue sophistiqu\u00e9e et une boucle \u00e9l\u00e9gante.<\/li>\n<li><strong>Confortable :<\/strong> Disponible dans les tailles 39-45.<\/li>\n<li><strong>Opportunit\u00e9 de vente en gros :<\/strong> Commande minimum de 8 paires disponible avec un d\u00e9lai de livraison de 12 jours + frais de port.<\/li>\n<\/ul>","protected":false},"featured_media":3355,"template":"","meta":{"_acf_changed":false,"_uag_custom_page_level_css":"","site-sidebar-layout":"default","site-content-layout":"","ast-site-content-layout":"default","site-content-style":"default","site-sidebar-style":"default","ast-global-header-display":"","ast-banner-title-visibility":"","ast-main-header-display":"","ast-hfb-above-header-display":"","ast-hfb-below-header-display":"","ast-hfb-mobile-header-display":"","site-post-title":"","ast-breadcrumbs-content":"","ast-featured-img":"","footer-sml-layout":"","ast-disable-related-posts":"","theme-transparent-header-meta":"default","adv-header-id-meta":"","stick-header-meta":"","header-above-stick-meta":"","header-main-stick-meta":"","header-below-stick-meta":"","astra-migrate-meta-layouts":"set","ast-page-background-enabled":"default","ast-page-background-meta":{"desktop":{"background-color":"var(--ast-global-color-4)","background-image":"","background-repeat":"repeat","background-position":"center center","background-size":"auto","background-attachment":"scroll","background-type":"","background-media":"","overlay-type":"","overlay-color":"","overlay-opacity":"","overlay-gradient":""},"tablet":{"background-color":"","background-image":"","background-repeat":"repeat","background-position":"center center","background-size":"auto","background-attachment":"scroll","background-type":"","background-media":"","overlay-type":"","overlay-color":"","overlay-opacity":"","overlay-gradient":""},"mobile":{"background-color":"","background-image":"","background-repeat":"repeat","background-position":"center center","background-size":"auto","background-attachment":"scroll","background-type":"","background-media":"","overlay-type":"","overlay-color":"","overlay-opacity":"","overlay-gradient":""}},"ast-content-background-meta":{"desktop":{"background-color":"var(--ast-global-color-5)","background-image":"","background-repeat":"repeat","background-position":"center center","background-size":"auto","background-attachment":"scroll","background-type":"","background-media":"","overlay-type":"","overlay-color":"","overlay-opacity":"","overlay-gradient":""},"tablet":{"background-color":"var(--ast-global-color-5)","background-image":"","background-repeat":"repeat","background-position":"center center","background-size":"auto","background-attachment":"scroll","background-type":"","background-media":"","overlay-type":"","overlay-color":"","overlay-opacity":"","overlay-gradient":""},"mobile":{"background-color":"var(--ast-global-color-5)","background-image":"","background-repeat":"repeat","background-position":"center center","background-size":"auto","background-attachment":"scroll","background-type":"","background-media":"","overlay-type":"","overlay-color":"","overlay-opacity":"","overlay-gradient":""}}},"product_brand":[],"product_cat":[52,47,430,40],"product_tag":[463,475,477,202,464,478,437,476,461,198,466,362,471,473],"class_list":{"0":"post-4951","1":"product","2":"type-product","3":"status-publish","4":"has-post-thumbnail","6":"product_cat-boots","7":"product_cat-classic","8":"product_cat-men","9":"product_cat-mens-shoes","10":"product_tag-ankle-boots","11":"product_tag-blue-boots","12":"product_tag-buckle-boots","13":"product_tag-calf-leather","14":"product_tag-dress-boots","15":"product_tag-formal-boots","16":"product_tag-goat-leather","17":"product_tag-leather-boots","18":"product_tag-mens-boots","19":"product_tag-mens-fashion","20":"product_tag-microlight-sole","21":"product_tag-premium-footwear","22":"product_tag-smart-casual-boots","23":"product_tag-wholesale-boots","24":"desktop-align-center","25":"tablet-align-center","26":"mobile-align-center","28":"first","29":"instock","30":"shipping-taxable","31":"purchasable","32":"product-type-variable","33":"has-default-attributes"},"acf":[],"uagb_featured_image_src":{"full":["https:\/\/turkishtrade.co\/wp-content\/uploads\/2026\/01\/2400EJOMN00110-DARK-BLUE-C_552.png",453,250,false],"thumbnail":["https:\/\/turkishtrade.co\/wp-content\/uploads\/2026\/01\/2400EJOMN00110-DARK-BLUE-C_552-150x150.png",150,150,true],"medium":["https:\/\/turkishtrade.co\/wp-content\/uploads\/2026\/01\/2400EJOMN00110-DARK-BLUE-C_552-300x166.png",300,166,true],"medium_large":["https:\/\/turkishtrade.co\/wp-content\/uploads\/2026\/01\/2400EJOMN00110-DARK-BLUE-C_552.png",453,250,false],"large":["https:\/\/turkishtrade.co\/wp-content\/uploads\/2026\/01\/2400EJOMN00110-DARK-BLUE-C_552.png",453,250,false],"1536x1536":["https:\/\/turkishtrade.co\/wp-content\/uploads\/2026\/01\/2400EJOMN00110-DARK-BLUE-C_552.png",453,250,false],"2048x2048":["https:\/\/turkishtrade.co\/wp-content\/uploads\/2026\/01\/2400EJOMN00110-DARK-BLUE-C_552.png",453,250,false],"trp-custom-language-flag":["https:\/\/turkishtrade.co\/wp-content\/uploads\/2026\/01\/2400EJOMN00110-DARK-BLUE-C_552-18x10.png",18,10,true],"woocommerce_thumbnail":["https:\/\/turkishtrade.co\/wp-content\/uploads\/2026\/01\/2400EJOMN00110-DARK-BLUE-C_552-400x250.png",400,250,true],"woocommerce_single":["https:\/\/turkishtrade.co\/wp-content\/uploads\/2026\/01\/2400EJOMN00110-DARK-BLUE-C_552.png",453,250,false],"woocommerce_gallery_thumbnail":["https:\/\/turkishtrade.co\/wp-content\/uploads\/2026\/01\/2400EJOMN00110-DARK-BLUE-C_552-100x100.png",100,100,true]},"uagb_author_info":{"display_name":"yaser olabi","author_link":"https:\/\/turkishtrade.co\/fr\/author\/"},"uagb_comment_info":0,"uagb_excerpt":"Premium Materials: Crafted with luxurious calf leather exterior and soft goat leather interior for ultimate comfort. Durable Microlight Sole: Provides exceptional lightness and grip for all-day wear. Stylish Design: Features a sophisticated blue hue and elegant buckle detail. Comfortable Fit: Available in sizes 39-45. Wholesale Opportunity: Minimum order of 8 pairs available with a delivery\u2026","_links":{"self":[{"href":"https:\/\/turkishtrade.co\/fr\/wp-json\/wp\/v2\/product\/4951","targetHints":{"allow":["GET"]}}],"collection":[{"href":"https:\/\/turkishtrade.co\/fr\/wp-json\/wp\/v2\/product"}],"about":[{"href":"https:\/\/turkishtrade.co\/fr\/wp-json\/wp\/v2\/types\/product"}],"wp:featuredmedia":[{"embeddable":true,"href":"https:\/\/turkishtrade.co\/fr\/wp-json\/wp\/v2\/media\/3355"}],"wp:attachment":[{"href":"https:\/\/turkishtrade.co\/fr\/wp-json\/wp\/v2\/media?parent=4951"}],"wp:term":[{"taxonomy":"product_brand","embeddable":true,"href":"https:\/\/turkishtrade.co\/fr\/wp-json\/wp\/v2\/product_brand?post=4951"},{"taxonomy":"product_cat","embeddable":true,"href":"https:\/\/turkishtrade.co\/fr\/wp-json\/wp\/v2\/product_cat?post=4951"},{"taxonomy":"product_tag","embeddable":true,"href":"https:\/\/turkishtrade.co\/fr\/wp-json\/wp\/v2\/product_tag?post=4951"}],"curies":[{"name":"wp","href":"https:\/\/api.w.org\/{rel}","templated":true}]}}