{"id":4947,"date":"2026-01-14T10:50:58","date_gmt":"2026-01-14T10:50:58","guid":{"rendered":"https:\/\/turkishtrade.co\/product\/mens-calf-leather-ankle-boots\/"},"modified":"2026-04-10T08:05:43","modified_gmt":"2026-04-10T08:05:43","slug":"mens-calf-leather-ankle-boots","status":"publish","type":"product","link":"https:\/\/turkishtrade.co\/fr\/shop\/mens-calf-leather-ankle-boots\/","title":{"rendered":"Bottes exquises en cuir de veau avec boucle pour hommes"},"content":{"rendered":"<p><strong>Bottines en cuir de veau pour hommes<\/strong><\/p>\n<p>Entrez dans un style et un confort in\u00e9gal\u00e9s gr\u00e2ce \u00e0 la collection Exquisite. <b>Bottines en cuir de veau pour hommes<\/b>. Con\u00e7ues pour le gentleman exigeant, ces bottes allient parfaitement l'\u00e9l\u00e9gance classique \u00e0 la sophistication moderne. Chaque paire est m\u00e9ticuleusement fabriqu\u00e9e \u00e0 partir des mat\u00e9riaux les plus nobles, promettant non seulement une esth\u00e9tique \u00e9tonnante, mais aussi une durabilit\u00e9 et une r\u00e9sistance \u00e0 l'usure exceptionnelles. Que vous vous habilliez pour un \u00e9v\u00e9nement formel, une r\u00e9union d'affaires ou une sortie d\u00e9contract\u00e9e et sophistiqu\u00e9e, ces bottes sont faites pour vous. <b>bottines en cuir de veau pour hommes<\/b> sont con\u00e7us pour rehausser votre look.<\/p>\n<h3>Un savoir-faire et des mat\u00e9riaux de qualit\u00e9 sup\u00e9rieure<\/h3>\n<p>Notre engagement en faveur de la qualit\u00e9 commence par la s\u00e9lection de mat\u00e9riaux de premi\u00e8re qualit\u00e9. L'ext\u00e9rieur de ces luxueuses bottines est fabriqu\u00e9 en cuir de veau v\u00e9ritable 100%, connu pour sa texture souple, son \u00e9clat naturel et sa remarquable r\u00e9sistance. Ce cuir de qualit\u00e9 sup\u00e9rieure garantit que vos <b>bottines en cuir de veau pour hommes<\/b> Les chaussures en cuir de ch\u00e8vre n'ont pas seulement un aspect magnifique, elles r\u00e9sistent aussi \u00e0 l'\u00e9preuve du temps et acqui\u00e8rent une patine unique au fil des ans. \u00c0 l'int\u00e9rieur, vos pieds seront envelopp\u00e9s dans le confort lisse et respirant d'une doublure en cuir de ch\u00e8vre v\u00e9ritable. Cette couche interne offre un toucher incroyablement doux et \u00e9vacue l'humidit\u00e9 pour garder vos pieds frais et confortables tout au long de la journ\u00e9e, ce qui en fait le mod\u00e8le id\u00e9al. <b>bottines en cuir de veau pour hommes<\/b> pour une utilisation prolong\u00e9e.<\/p>\n<h3>Design \u00e9l\u00e9gant et polyvalence<\/h3>\n<p>La conception de ces <b>bottines en cuir de veau pour hommes<\/b> est un chef-d'\u0153uvre d'\u00e9l\u00e9gance discr\u00e8te. Dot\u00e9es d'une boucle distinctive sur l'empeigne, ces bottes ajoutent une touche de caract\u00e8re raffin\u00e9 \u00e0 tout ensemble. La silhouette \u00e9l\u00e9gante et le talon soigneusement construit (1-3 cm) offrent un profil sophistiqu\u00e9 qui s'associe sans effort avec des costumes sur mesure, des pantalons \u00e9l\u00e9gants ou m\u00eame des jeans haut de gamme. Disponibles en noir classique, en marron riche et en bleu \u00e9clatant, ces bottes s'adaptent \u00e0 toutes les garde-robes et \u00e0 tous les styles. La semelle Microlight, \u00e0 la fois robuste et l\u00e9g\u00e8re, garantit une foul\u00e9e assur\u00e9e, offrant une traction et une flexibilit\u00e9 excellentes sans compromettre le design \u00e9l\u00e9gant. Ces bottes sont vraiment exceptionnelles <b>bottines en cuir de veau pour hommes<\/b> pour toutes les occasions.<\/p>\n<h3>Confort et commodit\u00e9 pour l'homme moderne<\/h3>\n<p>Le confort est primordial, et ces <b>bottines en cuir de veau pour hommes<\/b> livrent. La conception ergonomique combin\u00e9e \u00e0 l'int\u00e9rieur en cuir de ch\u00e8vre souple garantit un ajustement confortable. Disponibles dans une large gamme de tailles allant de l'UE 39 \u00e0 45, nous garantissons un ajustement parfait pour un large \u00e9ventail de messieurs. Pour nos partenaires grossistes, nous proposons ces chaussures exceptionnelles. <b>bottines en cuir de veau pour hommes<\/b> avec une quantit\u00e9 minimale de commande de 8 paires. Avec un d\u00e9lai de production de 12 jours plus les frais d'exp\u00e9dition, vous pouvez rapidement vous approvisionner en un produit qui promet une forte demande et la satisfaction du client. Investissez dans une paire de ces exquises <b>bottines en cuir de veau pour hommes<\/b> et faites l'exp\u00e9rience de la fusion parfaite du luxe, du confort et du style intemporel.<\/p>","protected":false},"excerpt":{"rendered":"<ul>\n<li><b>Mat\u00e9riau ext\u00e9rieur de qualit\u00e9 sup\u00e9rieure :<\/b> Fabriqu\u00e9 en cuir de veau v\u00e9ritable 100% pour une durabilit\u00e9 et une finition sophistiqu\u00e9e.<\/li>\n<li><b>Doublure int\u00e9rieure luxueuse :<\/b> Le cuir de ch\u00e8vre souple et respirant assure un confort sup\u00e9rieur \u00e0 chaque pas.<\/li>\n<li><b>Semelle Microlight durable :<\/b> Offre une excellente adh\u00e9rence et une flexibilit\u00e9 l\u00e9g\u00e8re pour une utilisation tout au long de la journ\u00e9e.<\/li>\n<li><b>Design \u00e9l\u00e9gant :<\/b> Il est dot\u00e9 d'un bracelet \u00e0 boucle distinctif, disponible en noir classique, en marron riche et en bleu \u00e9l\u00e9gant.<\/li>\n<li><b>Taille polyvalente :<\/b> Disponible dans les tailles 39-45 de l'UE pour convenir \u00e0 un large \u00e9ventail d'hommes.<\/li>\n<li><b>Disponibilit\u00e9 en gros :<\/b> Commande minimum de 8 paires avec un d\u00e9lai de 12 jours + exp\u00e9dition. Id\u00e9al pour les d\u00e9taillants.<\/li>\n<\/ul>","protected":false},"featured_media":3357,"template":"","meta":{"_acf_changed":false,"_uag_custom_page_level_css":"","site-sidebar-layout":"default","site-content-layout":"","ast-site-content-layout":"default","site-content-style":"default","site-sidebar-style":"default","ast-global-header-display":"","ast-banner-title-visibility":"","ast-main-header-display":"","ast-hfb-above-header-display":"","ast-hfb-below-header-display":"","ast-hfb-mobile-header-display":"","site-post-title":"","ast-breadcrumbs-content":"","ast-featured-img":"","footer-sml-layout":"","ast-disable-related-posts":"","theme-transparent-header-meta":"default","adv-header-id-meta":"","stick-header-meta":"","header-above-stick-meta":"","header-main-stick-meta":"","header-below-stick-meta":"","astra-migrate-meta-layouts":"set","ast-page-background-enabled":"default","ast-page-background-meta":{"desktop":{"background-color":"var(--ast-global-color-4)","background-image":"","background-repeat":"repeat","background-position":"center center","background-size":"auto","background-attachment":"scroll","background-type":"","background-media":"","overlay-type":"","overlay-color":"","overlay-opacity":"","overlay-gradient":""},"tablet":{"background-color":"","background-image":"","background-repeat":"repeat","background-position":"center center","background-size":"auto","background-attachment":"scroll","background-type":"","background-media":"","overlay-type":"","overlay-color":"","overlay-opacity":"","overlay-gradient":""},"mobile":{"background-color":"","background-image":"","background-repeat":"repeat","background-position":"center center","background-size":"auto","background-attachment":"scroll","background-type":"","background-media":"","overlay-type":"","overlay-color":"","overlay-opacity":"","overlay-gradient":""}},"ast-content-background-meta":{"desktop":{"background-color":"var(--ast-global-color-5)","background-image":"","background-repeat":"repeat","background-position":"center center","background-size":"auto","background-attachment":"scroll","background-type":"","background-media":"","overlay-type":"","overlay-color":"","overlay-opacity":"","overlay-gradient":""},"tablet":{"background-color":"var(--ast-global-color-5)","background-image":"","background-repeat":"repeat","background-position":"center center","background-size":"auto","background-attachment":"scroll","background-type":"","background-media":"","overlay-type":"","overlay-color":"","overlay-opacity":"","overlay-gradient":""},"mobile":{"background-color":"var(--ast-global-color-5)","background-image":"","background-repeat":"repeat","background-position":"center center","background-size":"auto","background-attachment":"scroll","background-type":"","background-media":"","overlay-type":"","overlay-color":"","overlay-opacity":"","overlay-gradient":""}}},"product_brand":[],"product_cat":[52,47,430,40],"product_tag":[463,468,470,469,467,462,474,464,201,189,351,465,461,198,466,472,471,473],"class_list":{"0":"post-4947","1":"product","2":"type-product","3":"status-publish","4":"has-post-thumbnail","6":"product_cat-boots","7":"product_cat-classic","8":"product_cat-men","9":"product_cat-mens-shoes","10":"product_tag-ankle-boots","11":"product_tag-black-calf-leather-boots","12":"product_tag-blue-calf-leather-boots","13":"product_tag-brown-calf-leather-boots","14":"product_tag-buckle-strap-boots","15":"product_tag-calf-leather-boots","16":"product_tag-comfortable-boots","17":"product_tag-dress-boots","18":"product_tag-formal-footwear","19":"product_tag-goat-leather-lining","20":"product_tag-leather-footwear","21":"product_tag-luxury-boots","22":"product_tag-mens-boots","23":"product_tag-mens-fashion","24":"product_tag-microlight-sole","25":"product_tag-premium-boots","26":"product_tag-smart-casual-boots","27":"product_tag-wholesale-boots","28":"desktop-align-center","29":"tablet-align-center","30":"mobile-align-center","32":"first","33":"instock","34":"shipping-taxable","35":"purchasable","36":"product-type-variable","37":"has-default-attributes"},"acf":[],"uagb_featured_image_src":{"full":["https:\/\/turkishtrade.co\/wp-content\/uploads\/2026\/01\/2400EJOMN00006-BROWN-C_552.png",453,250,false],"thumbnail":["https:\/\/turkishtrade.co\/wp-content\/uploads\/2026\/01\/2400EJOMN00006-BROWN-C_552-150x150.png",150,150,true],"medium":["https:\/\/turkishtrade.co\/wp-content\/uploads\/2026\/01\/2400EJOMN00006-BROWN-C_552-300x166.png",300,166,true],"medium_large":["https:\/\/turkishtrade.co\/wp-content\/uploads\/2026\/01\/2400EJOMN00006-BROWN-C_552.png",453,250,false],"large":["https:\/\/turkishtrade.co\/wp-content\/uploads\/2026\/01\/2400EJOMN00006-BROWN-C_552.png",453,250,false],"1536x1536":["https:\/\/turkishtrade.co\/wp-content\/uploads\/2026\/01\/2400EJOMN00006-BROWN-C_552.png",453,250,false],"2048x2048":["https:\/\/turkishtrade.co\/wp-content\/uploads\/2026\/01\/2400EJOMN00006-BROWN-C_552.png",453,250,false],"trp-custom-language-flag":["https:\/\/turkishtrade.co\/wp-content\/uploads\/2026\/01\/2400EJOMN00006-BROWN-C_552-18x10.png",18,10,true],"woocommerce_thumbnail":["https:\/\/turkishtrade.co\/wp-content\/uploads\/2026\/01\/2400EJOMN00006-BROWN-C_552-400x250.png",400,250,true],"woocommerce_single":["https:\/\/turkishtrade.co\/wp-content\/uploads\/2026\/01\/2400EJOMN00006-BROWN-C_552.png",453,250,false],"woocommerce_gallery_thumbnail":["https:\/\/turkishtrade.co\/wp-content\/uploads\/2026\/01\/2400EJOMN00006-BROWN-C_552-100x100.png",100,100,true]},"uagb_author_info":{"display_name":"yaser olabi","author_link":"https:\/\/turkishtrade.co\/fr\/author\/"},"uagb_comment_info":0,"uagb_excerpt":"Premium Outer Material: Crafted from 100% genuine Calf Leather for durability and a sophisticated finish. Luxurious Inner Lining: Soft and breathable Goat Leather ensures superior comfort with every step. Durable Microlight Sole: Provides excellent grip and lightweight flexibility for all-day wear. Elegant Design: Features a distinctive buckle strap detail, available in classic black, rich brown,\u2026","_links":{"self":[{"href":"https:\/\/turkishtrade.co\/fr\/wp-json\/wp\/v2\/product\/4947","targetHints":{"allow":["GET"]}}],"collection":[{"href":"https:\/\/turkishtrade.co\/fr\/wp-json\/wp\/v2\/product"}],"about":[{"href":"https:\/\/turkishtrade.co\/fr\/wp-json\/wp\/v2\/types\/product"}],"wp:featuredmedia":[{"embeddable":true,"href":"https:\/\/turkishtrade.co\/fr\/wp-json\/wp\/v2\/media\/3357"}],"wp:attachment":[{"href":"https:\/\/turkishtrade.co\/fr\/wp-json\/wp\/v2\/media?parent=4947"}],"wp:term":[{"taxonomy":"product_brand","embeddable":true,"href":"https:\/\/turkishtrade.co\/fr\/wp-json\/wp\/v2\/product_brand?post=4947"},{"taxonomy":"product_cat","embeddable":true,"href":"https:\/\/turkishtrade.co\/fr\/wp-json\/wp\/v2\/product_cat?post=4947"},{"taxonomy":"product_tag","embeddable":true,"href":"https:\/\/turkishtrade.co\/fr\/wp-json\/wp\/v2\/product_tag?post=4947"}],"curies":[{"name":"wp","href":"https:\/\/api.w.org\/{rel}","templated":true}]}}