{"id":4944,"date":"2026-01-14T10:50:28","date_gmt":"2026-01-14T10:50:28","guid":{"rendered":"https:\/\/turkishtrade.co\/product\/classic-calf-leather-loafers\/"},"modified":"2026-04-09T19:49:31","modified_gmt":"2026-04-09T19:49:31","slug":"classic-calf-leather-loafers","status":"publish","type":"product","link":"https:\/\/turkishtrade.co\/fr\/shop\/classic-calf-leather-loafers\/","title":{"rendered":"Mocassins classiques en cuir de veau pour hommes"},"content":{"rendered":"<p><strong>Mocassins classiques en cuir de veau<\/strong><\/p>\n<p>Entrez dans un monde o\u00f9 l'\u00e9l\u00e9gance classique rencontre le confort moderne gr\u00e2ce \u00e0 notre collection exquise d'objets de d\u00e9coration. <strong>Mocassins classiques en cuir de veau<\/strong>. Con\u00e7us pour l'homme exigeant, ces mocassins sont plus que de simples chaussures ; ils sont l'expression d'un style sophistiqu\u00e9 et d'un savoir-faire in\u00e9gal\u00e9. Chaque paire de nos <strong>Mocassins classiques en cuir de veau<\/strong> est m\u00e9ticuleusement fabriqu\u00e9 \u00e0 partir de cuir de veau v\u00e9ritable de premi\u00e8re qualit\u00e9 pour l'ext\u00e9rieur, offrant un look \u00e9l\u00e9gant et poli qui passe sans effort de la salle de conf\u00e9rence \u00e0 l'escapade du week-end.<\/p>\n<h3>Un confort et une qualit\u00e9 in\u00e9gal\u00e9s<\/h3>\n<p>Faites l'exp\u00e9rience d'un confort luxueux \u00e0 chaque pas, gr\u00e2ce \u00e0 la doublure en cuir de ch\u00e8vre souple qui caresse vos pieds. Ce mat\u00e9riau de surface int\u00e9rieure de qualit\u00e9 sup\u00e9rieure assure une bonne respirabilit\u00e9 et un toucher doux. <strong>Mocassins classiques en cuir de veau<\/strong> parfaites pour un usage prolong\u00e9. La semelle TPU robuste offre une adh\u00e9rence et une durabilit\u00e9 exceptionnelles, tandis que le talon subtil de 1 \u00e0 3 cm offre juste ce qu'il faut d'\u00e9l\u00e9vation pour une foul\u00e9e assur\u00e9e sans compromis sur le confort. Notre engagement envers la qualit\u00e9 signifie que vous investissez dans des chaussures qui r\u00e9sistent \u00e0 l'\u00e9preuve du temps, tant au niveau du style que de la construction.<\/p>\n<h3>Une polyvalence pour toutes les occasions<\/h3>\n<p>Que vous vous habilliez pour un \u00e9v\u00e9nement formel ou que vous recherchiez une touche de raffinement pour votre tenue d\u00e9contract\u00e9e, ces chaussures de style penny <strong>Mocassins classiques en cuir de veau<\/strong> sont votre choix id\u00e9al. Leur design intemporel leur permet de s'adapter \u00e0 un large \u00e9ventail de tenues, qu'il s'agisse de costumes sur mesure, de pantalons \u00e9l\u00e9gants, de pantalons chinos ou de jeans de qualit\u00e9 sup\u00e9rieure. Disponibles dans une gamme de couleurs sophistiqu\u00e9es telles que le brun riche, le bourgogne fonc\u00e9 et le noir \u00e9l\u00e9gant (en finition brillante ou mate), vous pouvez choisir la paire parfaite pour correspondre \u00e0 votre esth\u00e9tique personnelle. Nous proposons une large gamme de tailles allant de l'UE 39 \u00e0 l'UE 45, ce qui garantit une coupe parfaite pour chaque client.<\/p>\n<h3>Vente en gros et livraison dans les d\u00e9lais<\/h3>\n<p>Pour les d\u00e9taillants et les entreprises qui souhaitent proposer des chaussures haut de gamme, nos <strong>Mocassins classiques en cuir de veau<\/strong> sont disponibles \u00e0 l'achat en gros. Nous demandons une quantit\u00e9 minimale de commande de 8 paires seulement, ce qui facilite le stockage de ces chaussures populaires et de haute qualit\u00e9. Avec un d\u00e9lai de production et de livraison efficace d'environ 12 jours plus les frais d'exp\u00e9dition, vous pouvez rapidement r\u00e9approvisionner votre stock et r\u00e9pondre \u00e0 la demande de vos clients. Nos prix comp\u00e9titifs, avec des couleurs sp\u00e9cifiques et d'autres, garantissent un excellent rapport qualit\u00e9-prix pour un travail de qualit\u00e9 sup\u00e9rieure. Am\u00e9liorez votre collection de chaussures ou \u00e9largissez votre offre de produits avec nos superbes chaussures \u00e0 talon. <strong>Mocassins classiques en cuir de veau<\/strong> aujourd'hui, r\u00e9put\u00e9s pour leur attrait et leur confort durables.<\/p>","protected":false},"excerpt":{"rendered":"<ul>\n<li><strong>Mat\u00e9riaux de premi\u00e8re qualit\u00e9 :<\/strong> La tige est en cuir de veau v\u00e9ritable et la doublure en cuir de ch\u00e8vre souple pour un confort et une durabilit\u00e9 optimaux.<\/li>\n<li><strong>Style polyvalent :<\/strong> Mocassins classiques, convenant aussi bien aux occasions formelles que d\u00e9contract\u00e9es.<\/li>\n<li><strong>Semelle durable :<\/strong> Dot\u00e9e d'une semelle TPU r\u00e9sistante et d'un talon subtil de 1 \u00e0 3 cm pour la stabilit\u00e9 et le confort.<\/li>\n<li><strong>Tailles disponibles :<\/strong> UE 39, 40, 41, 42, 43, 44, 45.<\/li>\n<li><strong>Disponibilit\u00e9 en gros :<\/strong> Quantit\u00e9 minimale de commande de 8 paires.<\/li>\n<li><strong>Livraison efficace :<\/strong> Production et livraison dans un d\u00e9lai de 12 jours plus le temps d'exp\u00e9dition.<\/li>\n<\/ul>","protected":false},"featured_media":3353,"template":"","meta":{"_acf_changed":false,"_uag_custom_page_level_css":"","site-sidebar-layout":"default","site-content-layout":"","ast-site-content-layout":"default","site-content-style":"default","site-sidebar-style":"default","ast-global-header-display":"","ast-banner-title-visibility":"","ast-main-header-display":"","ast-hfb-above-header-display":"","ast-hfb-below-header-display":"","ast-hfb-mobile-header-display":"","site-post-title":"","ast-breadcrumbs-content":"","ast-featured-img":"","footer-sml-layout":"","ast-disable-related-posts":"","theme-transparent-header-meta":"default","adv-header-id-meta":"","stick-header-meta":"","header-above-stick-meta":"","header-main-stick-meta":"","header-below-stick-meta":"","astra-migrate-meta-layouts":"set","ast-page-background-enabled":"default","ast-page-background-meta":{"desktop":{"background-color":"var(--ast-global-color-4)","background-image":"","background-repeat":"repeat","background-position":"center center","background-size":"auto","background-attachment":"scroll","background-type":"","background-media":"","overlay-type":"","overlay-color":"","overlay-opacity":"","overlay-gradient":""},"tablet":{"background-color":"","background-image":"","background-repeat":"repeat","background-position":"center center","background-size":"auto","background-attachment":"scroll","background-type":"","background-media":"","overlay-type":"","overlay-color":"","overlay-opacity":"","overlay-gradient":""},"mobile":{"background-color":"","background-image":"","background-repeat":"repeat","background-position":"center center","background-size":"auto","background-attachment":"scroll","background-type":"","background-media":"","overlay-type":"","overlay-color":"","overlay-opacity":"","overlay-gradient":""}},"ast-content-background-meta":{"desktop":{"background-color":"var(--ast-global-color-5)","background-image":"","background-repeat":"repeat","background-position":"center center","background-size":"auto","background-attachment":"scroll","background-type":"","background-media":"","overlay-type":"","overlay-color":"","overlay-opacity":"","overlay-gradient":""},"tablet":{"background-color":"var(--ast-global-color-5)","background-image":"","background-repeat":"repeat","background-position":"center center","background-size":"auto","background-attachment":"scroll","background-type":"","background-media":"","overlay-type":"","overlay-color":"","overlay-opacity":"","overlay-gradient":""},"mobile":{"background-color":"var(--ast-global-color-5)","background-image":"","background-repeat":"repeat","background-position":"center center","background-size":"auto","background-attachment":"scroll","background-type":"","background-media":"","overlay-type":"","overlay-color":"","overlay-opacity":"","overlay-gradient":""}}},"product_brand":[],"product_cat":[48,47,430,40],"product_tag":[405,202,449,457,284,251,437,227,148,384,225,279,452,456],"class_list":{"0":"post-4944","1":"product","2":"type-product","3":"status-publish","4":"has-post-thumbnail","6":"product_cat-casual","7":"product_cat-classic","8":"product_cat-men","9":"product_cat-mens-shoes","10":"product_tag-business-shoes","11":"product_tag-calf-leather","12":"product_tag-casual-shoes","13":"product_tag-classic-loafers","14":"product_tag-dress-shoes","15":"product_tag-formal-shoes","16":"product_tag-goat-leather","17":"product_tag-leather-shoes","18":"product_tag-loafers","19":"product_tag-luxury-loafers","20":"product_tag-mens-footwear","21":"product_tag-penny-loafers","22":"product_tag-tpu-sole","23":"product_tag-wholesale-loafers","24":"desktop-align-center","25":"tablet-align-center","26":"mobile-align-center","28":"first","29":"instock","30":"shipping-taxable","31":"purchasable","32":"product-type-variable","33":"has-default-attributes"},"acf":[],"uagb_featured_image_src":{"full":["https:\/\/turkishtrade.co\/wp-content\/uploads\/2026\/01\/2400EJOMN00002-DARK-BURGUNDY-ZL_103-150-USD.png",453,250,false],"thumbnail":["https:\/\/turkishtrade.co\/wp-content\/uploads\/2026\/01\/2400EJOMN00002-DARK-BURGUNDY-ZL_103-150-USD.png",150,83,false],"medium":["https:\/\/turkishtrade.co\/wp-content\/uploads\/2026\/01\/2400EJOMN00002-DARK-BURGUNDY-ZL_103-150-USD.png",300,166,false],"medium_large":["https:\/\/turkishtrade.co\/wp-content\/uploads\/2026\/01\/2400EJOMN00002-DARK-BURGUNDY-ZL_103-150-USD.png",453,250,false],"large":["https:\/\/turkishtrade.co\/wp-content\/uploads\/2026\/01\/2400EJOMN00002-DARK-BURGUNDY-ZL_103-150-USD.png",453,250,false],"1536x1536":["https:\/\/turkishtrade.co\/wp-content\/uploads\/2026\/01\/2400EJOMN00002-DARK-BURGUNDY-ZL_103-150-USD.png",453,250,false],"2048x2048":["https:\/\/turkishtrade.co\/wp-content\/uploads\/2026\/01\/2400EJOMN00002-DARK-BURGUNDY-ZL_103-150-USD.png",453,250,false],"trp-custom-language-flag":["https:\/\/turkishtrade.co\/wp-content\/uploads\/2026\/01\/2400EJOMN00002-DARK-BURGUNDY-ZL_103-150-USD.png",18,10,false],"woocommerce_thumbnail":["https:\/\/turkishtrade.co\/wp-content\/uploads\/2026\/01\/2400EJOMN00002-DARK-BURGUNDY-ZL_103-150-USD-400x250.png",400,250,true],"woocommerce_single":["https:\/\/turkishtrade.co\/wp-content\/uploads\/2026\/01\/2400EJOMN00002-DARK-BURGUNDY-ZL_103-150-USD.png",453,250,false],"woocommerce_gallery_thumbnail":["https:\/\/turkishtrade.co\/wp-content\/uploads\/2026\/01\/2400EJOMN00002-DARK-BURGUNDY-ZL_103-150-USD-100x100.png",100,100,true]},"uagb_author_info":{"display_name":"yaser olabi","author_link":"https:\/\/turkishtrade.co\/fr\/author\/"},"uagb_comment_info":0,"uagb_excerpt":"Premium Materials: Crafted with genuine calf leather upper and soft goat leather lining for ultimate comfort and durability. Versatile Style: Classic penny loafer design, suitable for both formal and casual occasions. Durable Sole: Features a resilient TPU sole with a subtle 1-3 cm heel for stability and comfort. Available Sizes: EU 39, 40, 41, 42,\u2026","_links":{"self":[{"href":"https:\/\/turkishtrade.co\/fr\/wp-json\/wp\/v2\/product\/4944","targetHints":{"allow":["GET"]}}],"collection":[{"href":"https:\/\/turkishtrade.co\/fr\/wp-json\/wp\/v2\/product"}],"about":[{"href":"https:\/\/turkishtrade.co\/fr\/wp-json\/wp\/v2\/types\/product"}],"wp:featuredmedia":[{"embeddable":true,"href":"https:\/\/turkishtrade.co\/fr\/wp-json\/wp\/v2\/media\/3353"}],"wp:attachment":[{"href":"https:\/\/turkishtrade.co\/fr\/wp-json\/wp\/v2\/media?parent=4944"}],"wp:term":[{"taxonomy":"product_brand","embeddable":true,"href":"https:\/\/turkishtrade.co\/fr\/wp-json\/wp\/v2\/product_brand?post=4944"},{"taxonomy":"product_cat","embeddable":true,"href":"https:\/\/turkishtrade.co\/fr\/wp-json\/wp\/v2\/product_cat?post=4944"},{"taxonomy":"product_tag","embeddable":true,"href":"https:\/\/turkishtrade.co\/fr\/wp-json\/wp\/v2\/product_tag?post=4944"}],"curies":[{"name":"wp","href":"https:\/\/api.w.org\/{rel}","templated":true}]}}