{"id":4943,"date":"2026-01-14T10:50:14","date_gmt":"2026-01-14T10:50:14","guid":{"rendered":"https:\/\/turkishtrade.co\/product\/mens-classic-leather-loafers\/"},"modified":"2026-04-09T19:49:38","modified_gmt":"2026-04-09T19:49:38","slug":"mens-classic-leather-loafers","status":"publish","type":"product","link":"https:\/\/turkishtrade.co\/fr\/shop\/mens-classic-leather-loafers\/","title":{"rendered":"Mocassins classiques en cuir pour hommes, fabriqu\u00e9s \u00e0 la main"},"content":{"rendered":"<p><strong>Mocassins classiques en cuir pour hommes<\/strong><\/p>\n<p>Entrez dans l'\u00e9l\u00e9gance intemporelle et le confort in\u00e9gal\u00e9 de notre collection d'objets de d\u00e9coration. <b>Mocassins classiques en cuir pour hommes, fabriqu\u00e9s \u00e0 la main<\/b>. Con\u00e7us pour les hommes exigeants, ces mocassins exquis allient harmonieusement l'artisanat traditionnel et le style contemporain. Chaque paire est m\u00e9ticuleusement construite, refl\u00e9tant un engagement pour la qualit\u00e9 et le d\u00e9tail qui est \u00e9vident d\u00e8s le premier coup d'\u0153il.<\/p>\n<p>Notre <b>Mocassins classiques en cuir pour hommes<\/b> sont dot\u00e9es d'un ext\u00e9rieur en cuir de veau de premi\u00e8re qualit\u00e9, choisi pour sa texture souple, sa brillance naturelle et sa remarquable durabilit\u00e9. Ce mat\u00e9riau ext\u00e9rieur de haute qualit\u00e9 n'a pas seulement un aspect sophistiqu\u00e9, il se moule \u00e9galement \u00e0 votre pied au fil du temps, garantissant un ajustement personnalis\u00e9. L'int\u00e9rieur est doubl\u00e9 de cuir de ch\u00e8vre incroyablement doux, offrant un confort respirant qui permet \u00e0 vos pieds de rester \u00e0 l'aise tout au long de la journ\u00e9e, qu'il s'agisse d'une journ\u00e9e de travail bien remplie ou d'un week-end d\u00e9contract\u00e9.<\/p>\n<h3>Un confort et une durabilit\u00e9 in\u00e9gal\u00e9s<\/h3>\n<p>Au-del\u00e0 de leur esth\u00e9tique \u00e9tonnante, ces <b>Mocassins classiques en cuir pour hommes<\/b> sont con\u00e7ues pour la performance. La semelle TPU robuste offre une traction et une flexibilit\u00e9 exceptionnelles, rendant chaque pas s\u00fbr et confortable. Contrairement aux semelles en cuir traditionnelles, le mat\u00e9riau TPU offre une meilleure absorption des chocs et une meilleure r\u00e9sistance \u00e0 l'usure, ce qui garantit que vos mocassins resteront un \u00e9l\u00e9ment essentiel de votre garde-robe pendant de nombreuses ann\u00e9es. Un talon subtil de 1 \u00e0 3 cm ajoute une touche de raffinement sans compromettre la stabilit\u00e9, ce qui est parfait pour conserver une apparence soign\u00e9e.<\/p>\n<h3>Un style polyvalent pour toutes les occasions<\/h3>\n<p>Que vous vous habilliez pour une r\u00e9union d'entreprise, un \u00e9v\u00e9nement sp\u00e9cial ou que vous souhaitiez simplement rehausser votre tenue de tous les jours, ces <b>Mocassins classiques en cuir pour hommes<\/b> sont incroyablement polyvalents. Leur design \u00e9l\u00e9gant \u00e0 bout pointu et l'accent m\u00e9tallique d\u00e9coratif de bon go\u00fbt (comme on peut le voir sur notre variante marron) exsudent une sophistication raffin\u00e9e. Associez-les \u00e0 un costume cintr\u00e9 pour un look professionnel classique, ou \u00e0 un pantalon chino et un manteau de sport pour un ensemble chic et d\u00e9contract\u00e9. Disponibles dans des teintes riches comme le marron et le bourgogne fonc\u00e9, ainsi que dans d'autres couleurs, vous pouvez choisir la nuance parfaite pour compl\u00e9ter votre style personnel.<\/p>\n<h3>Possibilit\u00e9s de vente en gros et artisanat<\/h3>\n<p>Nous sommes fiers de proposer ces produits artisanaux. <b>Mocassins classiques en cuir pour hommes<\/b> aux entreprises et aux d\u00e9taillants. Avec une quantit\u00e9 minimale de commande de 8 paires, nous nous adressons \u00e0 ceux qui souhaitent fournir \u00e0 leurs clients des chaussures de qualit\u00e9 sup\u00e9rieure. Notre processus de production efficace garantit une livraison dans les 12 jours plus les frais d'exp\u00e9dition, ce qui vous permet d'approvisionner rapidement votre stock avec ces mod\u00e8les recherch\u00e9s. Investissez dans des chaussures qui r\u00e9sistent \u00e0 l'\u00e9preuve du temps et de la mode, et offrez \u00e0 votre client\u00e8le le nec plus ultra en mati\u00e8re de mocassins de luxe pour hommes.<\/p>","protected":false},"excerpt":{"rendered":"<ul>\n<li><b>Mat\u00e9riaux de premi\u00e8re qualit\u00e9 :<\/b> Fabriqu\u00e9 en cuir de veau luxueux \u00e0 l'ext\u00e9rieur et en cuir de ch\u00e8vre souple \u00e0 l'int\u00e9rieur.<\/li>\n<li><b>Semelle durable :<\/b> \u00c9quip\u00e9e d'une semelle TPU r\u00e9sistante pour une meilleure adh\u00e9rence et une plus grande long\u00e9vit\u00e9.<\/li>\n<li><b>Talon \u00e9l\u00e9gant :<\/b> Talon subtil de 1 \u00e0 3 cm de hauteur pour une allure sophistiqu\u00e9e.<\/li>\n<li><b>Style polyvalent :<\/b> Id\u00e9al pour les ensembles classiques et d\u00e9contract\u00e9s.<\/li>\n<li><b>Tailles disponibles :<\/b> L'UE se situe entre 39 et 45.<\/li>\n<li><b>Disponibilit\u00e9 en vrac :<\/b> Commande minimum de 8 paires ; parfait pour les partenaires grossistes et d\u00e9taillants.<\/li>\n<li><b>Production et exp\u00e9dition :<\/b> Livraison dans un d\u00e9lai de 12 jours plus le temps d'exp\u00e9dition.<\/li>\n<\/ul>","protected":false},"featured_media":3348,"template":"","meta":{"_acf_changed":false,"_uag_custom_page_level_css":"","site-sidebar-layout":"default","site-content-layout":"","ast-site-content-layout":"default","site-content-style":"default","site-sidebar-style":"default","ast-global-header-display":"","ast-banner-title-visibility":"","ast-main-header-display":"","ast-hfb-above-header-display":"","ast-hfb-below-header-display":"","ast-hfb-mobile-header-display":"","site-post-title":"","ast-breadcrumbs-content":"","ast-featured-img":"","footer-sml-layout":"","ast-disable-related-posts":"","theme-transparent-header-meta":"default","adv-header-id-meta":"","stick-header-meta":"","header-above-stick-meta":"","header-main-stick-meta":"","header-below-stick-meta":"","astra-migrate-meta-layouts":"set","ast-page-background-enabled":"default","ast-page-background-meta":{"desktop":{"background-color":"var(--ast-global-color-4)","background-image":"","background-repeat":"repeat","background-position":"center center","background-size":"auto","background-attachment":"scroll","background-type":"","background-media":"","overlay-type":"","overlay-color":"","overlay-opacity":"","overlay-gradient":""},"tablet":{"background-color":"","background-image":"","background-repeat":"repeat","background-position":"center center","background-size":"auto","background-attachment":"scroll","background-type":"","background-media":"","overlay-type":"","overlay-color":"","overlay-opacity":"","overlay-gradient":""},"mobile":{"background-color":"","background-image":"","background-repeat":"repeat","background-position":"center center","background-size":"auto","background-attachment":"scroll","background-type":"","background-media":"","overlay-type":"","overlay-color":"","overlay-opacity":"","overlay-gradient":""}},"ast-content-background-meta":{"desktop":{"background-color":"var(--ast-global-color-5)","background-image":"","background-repeat":"repeat","background-position":"center center","background-size":"auto","background-attachment":"scroll","background-type":"","background-media":"","overlay-type":"","overlay-color":"","overlay-opacity":"","overlay-gradient":""},"tablet":{"background-color":"var(--ast-global-color-5)","background-image":"","background-repeat":"repeat","background-position":"center center","background-size":"auto","background-attachment":"scroll","background-type":"","background-media":"","overlay-type":"","overlay-color":"","overlay-opacity":"","overlay-gradient":""},"mobile":{"background-color":"var(--ast-global-color-5)","background-image":"","background-repeat":"repeat","background-position":"center center","background-size":"auto","background-attachment":"scroll","background-type":"","background-media":"","overlay-type":"","overlay-color":"","overlay-opacity":"","overlay-gradient":""}}},"product_brand":[],"product_cat":[48,47,430,40],"product_tag":[147,453,451,449,145,222,455,284,454,437,450,215,198,186,184,452,281],"class_list":{"0":"post-4943","1":"product","2":"type-product","3":"status-publish","4":"has-post-thumbnail","6":"product_cat-casual","7":"product_cat-classic","8":"product_cat-men","9":"product_cat-mens-shoes","10":"product_tag-brown-loafers","11":"product_tag-bulk-footwear","12":"product_tag-calfskin-leather","13":"product_tag-casual-shoes","14":"product_tag-classic-shoes","15":"product_tag-comfortable-shoes","16":"product_tag-dark-burgundy-loafers","17":"product_tag-dress-shoes","18":"product_tag-elegant-footwear","19":"product_tag-goat-leather","20":"product_tag-handcrafted-shoes","21":"product_tag-leather-loafers","22":"product_tag-mens-fashion","23":"product_tag-mens-loafers","24":"product_tag-slip-on-shoes","25":"product_tag-tpu-sole","26":"product_tag-wholesale-shoes","27":"desktop-align-center","28":"tablet-align-center","29":"mobile-align-center","31":"first","32":"instock","33":"sale","34":"shipping-taxable","35":"purchasable","36":"product-type-variable","37":"has-default-attributes"},"acf":[],"uagb_featured_image_src":{"full":["https:\/\/turkishtrade.co\/wp-content\/uploads\/2026\/01\/2400EJOMN00001-BROWN-ZL_101.png",453,250,false],"thumbnail":["https:\/\/turkishtrade.co\/wp-content\/uploads\/2026\/01\/2400EJOMN00001-BROWN-ZL_101-150x150.png",150,150,true],"medium":["https:\/\/turkishtrade.co\/wp-content\/uploads\/2026\/01\/2400EJOMN00001-BROWN-ZL_101-300x166.png",300,166,true],"medium_large":["https:\/\/turkishtrade.co\/wp-content\/uploads\/2026\/01\/2400EJOMN00001-BROWN-ZL_101.png",453,250,false],"large":["https:\/\/turkishtrade.co\/wp-content\/uploads\/2026\/01\/2400EJOMN00001-BROWN-ZL_101.png",453,250,false],"1536x1536":["https:\/\/turkishtrade.co\/wp-content\/uploads\/2026\/01\/2400EJOMN00001-BROWN-ZL_101.png",453,250,false],"2048x2048":["https:\/\/turkishtrade.co\/wp-content\/uploads\/2026\/01\/2400EJOMN00001-BROWN-ZL_101.png",453,250,false],"trp-custom-language-flag":["https:\/\/turkishtrade.co\/wp-content\/uploads\/2026\/01\/2400EJOMN00001-BROWN-ZL_101-18x10.png",18,10,true],"woocommerce_thumbnail":["https:\/\/turkishtrade.co\/wp-content\/uploads\/2026\/01\/2400EJOMN00001-BROWN-ZL_101-400x250.png",400,250,true],"woocommerce_single":["https:\/\/turkishtrade.co\/wp-content\/uploads\/2026\/01\/2400EJOMN00001-BROWN-ZL_101.png",453,250,false],"woocommerce_gallery_thumbnail":["https:\/\/turkishtrade.co\/wp-content\/uploads\/2026\/01\/2400EJOMN00001-BROWN-ZL_101-100x100.png",100,100,true]},"uagb_author_info":{"display_name":"yaser olabi","author_link":"https:\/\/turkishtrade.co\/fr\/author\/"},"uagb_comment_info":0,"uagb_excerpt":"Premium Materials: Crafted with luxurious calfskin leather exterior and soft goat leather interior. Durable Sole: Equipped with a resilient TPU sole for superior grip and longevity. Elegant Heel: Subtle 1-3 cm heel height for a sophisticated lift. Versatile Style: Ideal for both classic formal and stylish casual ensembles. Available Sizes: Ranging from EU 39 to\u2026","_links":{"self":[{"href":"https:\/\/turkishtrade.co\/fr\/wp-json\/wp\/v2\/product\/4943","targetHints":{"allow":["GET"]}}],"collection":[{"href":"https:\/\/turkishtrade.co\/fr\/wp-json\/wp\/v2\/product"}],"about":[{"href":"https:\/\/turkishtrade.co\/fr\/wp-json\/wp\/v2\/types\/product"}],"wp:featuredmedia":[{"embeddable":true,"href":"https:\/\/turkishtrade.co\/fr\/wp-json\/wp\/v2\/media\/3348"}],"wp:attachment":[{"href":"https:\/\/turkishtrade.co\/fr\/wp-json\/wp\/v2\/media?parent=4943"}],"wp:term":[{"taxonomy":"product_brand","embeddable":true,"href":"https:\/\/turkishtrade.co\/fr\/wp-json\/wp\/v2\/product_brand?post=4943"},{"taxonomy":"product_cat","embeddable":true,"href":"https:\/\/turkishtrade.co\/fr\/wp-json\/wp\/v2\/product_cat?post=4943"},{"taxonomy":"product_tag","embeddable":true,"href":"https:\/\/turkishtrade.co\/fr\/wp-json\/wp\/v2\/product_tag?post=4943"}],"curies":[{"name":"wp","href":"https:\/\/api.w.org\/{rel}","templated":true}]}}