{"id":967,"date":"2025-11-15T15:07:59","date_gmt":"2025-11-15T15:07:59","guid":{"rendered":"https:\/\/turkishtrade.co\/?page_id=967"},"modified":"2025-11-29T20:12:49","modified_gmt":"2025-11-29T20:12:49","slug":"co2-emissions","status":"publish","type":"page","link":"https:\/\/turkishtrade.co\/fr\/sustainability\/co2-emissions\/","title":{"rendered":"\u00c9missions de CO2"},"content":{"rendered":"<div class=\"wp-block-uagb-container uagb-block-d84fc8d7 alignfull uagb-is-root-container\"><div class=\"uagb-container-inner-blocks-wrap\">\n<h1 class=\"wp-block-heading has-text-align-center has-ast-global-color-5-color has-text-color has-link-color wp-elements-d2636d3e8a73bb3e6ad26bb88cae33e4\">\u00c9missions de CO2<\/h1>\n<\/div><\/div>\n\n\n\n<div class=\"wp-block-uagb-container uagb-block-e60423d6 alignfull uagb-is-root-container\"><div class=\"uagb-container-inner-blocks-wrap\">\n<h2 class=\"wp-block-heading\">R\u00e9duire les \u00e9missions de CO2 : Notre engagement<\/h2>\n\n\n\n<p>Nous reconnaissons que les \u00e9missions de CO2 sont l'une des principales causes du changement climatique. C'est pourquoi notre entreprise s'est engag\u00e9e \u00e0 r\u00e9duire de mani\u00e8re mesurable et continue les \u00e9missions de carbone dans toutes ses activit\u00e9s.<\/p>\n\n\n\n<h3 class=\"wp-block-heading\">Mesurer notre empreinte carbone<\/h3>\n\n\n\n<p>Nous utilisons des normes internationales et des m\u00e9thodes scientifiques pour calculer avec pr\u00e9cision nos \u00e9missions de CO2. Cela nous permet de suivre les progr\u00e8s r\u00e9alis\u00e9s et de fixer des objectifs d'am\u00e9lioration r\u00e9alistes.<\/p>\n\n\n\n<div class=\"wp-block-uagb-image alignleft uagb-block-edb8ae28 wp-block-uagb-image--layout-default wp-block-uagb-image--effect-static wp-block-uagb-image--align-left\"><figure class=\"wp-block-uagb-image__figure\"><img decoding=\"async\" srcset=\"https:\/\/turkishtrade.co\/wp-content\/uploads\/2025\/11\/CO2-Emissions-img.webp ,https:\/\/turkishtrade.co\/wp-content\/uploads\/2025\/11\/CO2-Emissions-img.webp 780w, https:\/\/turkishtrade.co\/wp-content\/uploads\/2025\/11\/CO2-Emissions-img.webp 360w\" sizes=\"auto, (max-width: 480px) 150px\" src=\"https:\/\/turkishtrade.co\/wp-content\/uploads\/2025\/11\/CO2-Emissions-img.webp\" alt=\"co2 emissions img\" class=\"uag-image-1024\" width=\"1000\" height=\"560\" title=\"\u00e9missions de co2 img\" loading=\"lazy\" role=\"img\"\/><\/figure><\/div>\n\n\n\n<h4 class=\"wp-block-heading\">Comment nous r\u00e9duisons notre production de CO2<\/h4>\n\n\n\n<h5 class=\"wp-block-heading has-medium-font-size\">1. Optimisation de l'\u00e9nergie<\/h5>\n\n\n\n<p>Utilisation de machines efficaces et de sources d'\u00e9nergie renouvelables.<\/p>\n\n\n\n<h5 class=\"wp-block-heading has-medium-font-size\">2. Des transports propres<\/h5>\n\n\n\n<p>Encourager les v\u00e9hicules \u00e9lectriques, optimiser les itin\u00e9raires de livraison et r\u00e9duire les d\u00e9placements inutiles.<\/p>\n\n\n\n<h5 class=\"wp-block-heading has-medium-font-size\">3. Fabrication intelligente<\/h5>\n\n\n\n<p>R\u00e9duire les d\u00e9chets, am\u00e9liorer l'efficacit\u00e9 de la production et utiliser des mati\u00e8res premi\u00e8res respectueuses de l'environnement.<\/p>\n\n\n\n<h5 class=\"wp-block-heading has-medium-font-size\">4. Programmes de recyclage<\/h5>\n\n\n\n<p>Le recyclage des mat\u00e9riaux r\u00e9duit consid\u00e9rablement les \u00e9missions li\u00e9es \u00e0 la production de nouvelles ressources.<\/p>\n\n\n\n<h4 class=\"wp-block-heading\">Objectifs \u00e0 long terme en mati\u00e8re de carbone<\/h4>\n\n\n\n<p>Notre objectif est de r\u00e9duire consid\u00e9rablement les \u00e9missions de CO2 en adoptant des technologies plus propres, des options \u00e9nerg\u00e9tiques durables et des syst\u00e8mes de production plus intelligents.<\/p>\n\n\n\n<h4 class=\"wp-block-heading\">Une partie de notre vision du d\u00e9veloppement durable<\/h4>\n\n\n\n<p>La r\u00e9duction des \u00e9missions de CO2 est directement li\u00e9e \u00e0 notre <a href=\"https:\/\/turkishtrade.co\/sustainability\/green-mission\/\" data-type=\"page\" data-id=\"955\">Mission verte<\/a> et soutient notre programme mondial de <a href=\"https:\/\/turkishtrade.co\/sustainability\/\" data-type=\"page\" data-id=\"927\">Durabilit\u00e9<\/a> initiatives.<\/p>\n<\/div><\/div>","protected":false},"excerpt":{"rendered":"<p>CO2 Emissions Reducing CO2 Emissions: Our Commitment We recognize that CO2 emissions are one of the leading causes of climate [&hellip;]<\/p>\n","protected":false},"author":1,"featured_media":0,"parent":927,"menu_order":0,"comment_status":"closed","ping_status":"closed","template":"","meta":{"_acf_changed":false,"_uag_custom_page_level_css":"","site-sidebar-layout":"default","site-content-layout":"","ast-site-content-layout":"default","site-content-style":"default","site-sidebar-style":"default","ast-global-header-display":"","ast-banner-title-visibility":"","ast-main-header-display":"","ast-hfb-above-header-display":"","ast-hfb-below-header-display":"","ast-hfb-mobile-header-display":"","site-post-title":"disabled","ast-breadcrumbs-content":"","ast-featured-img":"","footer-sml-layout":"","ast-disable-related-posts":"","theme-transparent-header-meta":"","adv-header-id-meta":"","stick-header-meta":"","header-above-stick-meta":"","header-main-stick-meta":"","header-below-stick-meta":"","astra-migrate-meta-layouts":"default","ast-page-background-enabled":"default","ast-page-background-meta":{"desktop":{"background-color":"var(--ast-global-color-4)","background-image":"","background-repeat":"repeat","background-position":"center center","background-size":"auto","background-attachment":"scroll","background-type":"","background-media":"","overlay-type":"","overlay-color":"","overlay-opacity":"","overlay-gradient":""},"tablet":{"background-color":"","background-image":"","background-repeat":"repeat","background-position":"center center","background-size":"auto","background-attachment":"scroll","background-type":"","background-media":"","overlay-type":"","overlay-color":"","overlay-opacity":"","overlay-gradient":""},"mobile":{"background-color":"","background-image":"","background-repeat":"repeat","background-position":"center center","background-size":"auto","background-attachment":"scroll","background-type":"","background-media":"","overlay-type":"","overlay-color":"","overlay-opacity":"","overlay-gradient":""}},"ast-content-background-meta":{"desktop":{"background-color":"var(--ast-global-color-5)","background-image":"","background-repeat":"repeat","background-position":"center center","background-size":"auto","background-attachment":"scroll","background-type":"","background-media":"","overlay-type":"","overlay-color":"","overlay-opacity":"","overlay-gradient":""},"tablet":{"background-color":"var(--ast-global-color-5)","background-image":"","background-repeat":"repeat","background-position":"center center","background-size":"auto","background-attachment":"scroll","background-type":"","background-media":"","overlay-type":"","overlay-color":"","overlay-opacity":"","overlay-gradient":""},"mobile":{"background-color":"var(--ast-global-color-5)","background-image":"","background-repeat":"repeat","background-position":"center center","background-size":"auto","background-attachment":"scroll","background-type":"","background-media":"","overlay-type":"","overlay-color":"","overlay-opacity":"","overlay-gradient":""}},"footnotes":""},"class_list":["post-967","page","type-page","status-publish","hentry"],"acf":[],"_hostinger_reach_plugin_has_subscription_block":false,"_hostinger_reach_plugin_is_elementor":false,"uagb_featured_image_src":{"full":false,"thumbnail":false,"medium":false,"medium_large":false,"large":false,"1536x1536":false,"2048x2048":false,"trp-custom-language-flag":false,"woocommerce_thumbnail":false,"woocommerce_single":false,"woocommerce_gallery_thumbnail":false},"uagb_author_info":{"display_name":"\u0628\u0631\u0643\u0627\u062a \u0627\u0644\u064a\u0648\u0633\u0641","author_link":"https:\/\/turkishtrade.co\/fr\/author\/salih-2-1-2003-993gmail-com\/"},"uagb_comment_info":0,"uagb_excerpt":"CO2 Emissions Reducing CO2 Emissions: Our Commitment We recognize that CO2 emissions are one of the leading causes of climate [&hellip;]","_links":{"self":[{"href":"https:\/\/turkishtrade.co\/fr\/wp-json\/wp\/v2\/pages\/967","targetHints":{"allow":["GET"]}}],"collection":[{"href":"https:\/\/turkishtrade.co\/fr\/wp-json\/wp\/v2\/pages"}],"about":[{"href":"https:\/\/turkishtrade.co\/fr\/wp-json\/wp\/v2\/types\/page"}],"author":[{"embeddable":true,"href":"https:\/\/turkishtrade.co\/fr\/wp-json\/wp\/v2\/users\/1"}],"replies":[{"embeddable":true,"href":"https:\/\/turkishtrade.co\/fr\/wp-json\/wp\/v2\/comments?post=967"}],"version-history":[{"count":13,"href":"https:\/\/turkishtrade.co\/fr\/wp-json\/wp\/v2\/pages\/967\/revisions"}],"predecessor-version":[{"id":1140,"href":"https:\/\/turkishtrade.co\/fr\/wp-json\/wp\/v2\/pages\/967\/revisions\/1140"}],"up":[{"embeddable":true,"href":"https:\/\/turkishtrade.co\/fr\/wp-json\/wp\/v2\/pages\/927"}],"wp:attachment":[{"href":"https:\/\/turkishtrade.co\/fr\/wp-json\/wp\/v2\/media?parent=967"}],"curies":[{"name":"wp","href":"https:\/\/api.w.org\/{rel}","templated":true}]}}