{"id":955,"date":"2025-11-15T14:07:00","date_gmt":"2025-11-15T14:07:00","guid":{"rendered":"https:\/\/turkishtrade.co\/?page_id=955"},"modified":"2025-11-29T20:11:37","modified_gmt":"2025-11-29T20:11:37","slug":"green-mission","status":"publish","type":"page","link":"https:\/\/turkishtrade.co\/fr\/sustainability\/green-mission\/","title":{"rendered":"Mission verte"},"content":{"rendered":"<div class=\"wp-block-uagb-container uagb-block-dbb76509 alignfull uagb-is-root-container\"><div class=\"uagb-container-inner-blocks-wrap\">\n<h1 class=\"wp-block-heading has-text-align-center has-ast-global-color-5-color has-text-color has-link-color wp-elements-daf10be26753644a79bce8e750d2b53a\">Mission verte<\/h1>\n<\/div><\/div>\n\n\n\n<div class=\"wp-block-uagb-container uagb-block-26b6462b alignfull uagb-is-root-container\"><div class=\"uagb-container-inner-blocks-wrap\">\n<h2 class=\"wp-block-heading\"><strong>Notre mission verte<\/strong><\/h2>\n\n\n\n<p>Notre mission \u00e9cologique refl\u00e8te notre engagement \u00e0 prot\u00e9ger l'environnement en utilisant des mat\u00e9riaux durables, des pratiques \u00e9conomes en \u00e9nergie et des m\u00e9thodes de production respectueuses de l'environnement. Gr\u00e2ce \u00e0 une am\u00e9lioration continue et \u00e0 une prise de d\u00e9cision consciente, nous visons \u00e0 cr\u00e9er un avenir plus vert pour notre communaut\u00e9 et la plan\u00e8te.<\/p>\n\n\n\n<h3 class=\"wp-block-heading\"><strong>Mat\u00e9riaux respectueux de l'environnement<\/strong><\/h3>\n\n\n\n<p>Nous utilisons des mat\u00e9riaux recyclables, renouvelables et d'origine responsable afin de r\u00e9duire l'impact sur l'environnement tout en maintenant la qualit\u00e9 des produits \u00e0 un niveau \u00e9lev\u00e9. Cette approche favorise la durabilit\u00e9 \u00e0 long terme et minimise les d\u00e9chets.<\/p>\n\n\n\n<h4 class=\"wp-block-heading\"><strong>Op\u00e9rations \u00e9conomes en \u00e9nergie<\/strong><\/h4>\n\n\n\n<p>Nos processus de production s'appuient sur des technologies d'\u00e9conomie d'\u00e9nergie con\u00e7ues pour r\u00e9duire la consommation d'\u00e9lectricit\u00e9 et les \u00e9missions nocives. En optimisant notre flux de travail, nous contribuons \u00e0 un syst\u00e8me de fabrication plus propre et plus responsable.<\/p>\n\n\n\n<div class=\"wp-block-uagb-image alignleft uagb-block-894d023d wp-block-uagb-image--layout-default wp-block-uagb-image--effect-static wp-block-uagb-image--align-left\"><figure class=\"wp-block-uagb-image__figure\"><img decoding=\"async\" srcset=\"https:\/\/turkishtrade.co\/wp-content\/uploads\/2025\/11\/green-mission-img.webp ,https:\/\/turkishtrade.co\/wp-content\/uploads\/2025\/11\/green-mission-img.webp 780w, https:\/\/turkishtrade.co\/wp-content\/uploads\/2025\/11\/green-mission-img.webp 360w\" sizes=\"auto, (max-width: 480px) 150px\" src=\"https:\/\/turkishtrade.co\/wp-content\/uploads\/2025\/11\/green-mission-img.webp\" alt=\"Green Mission sustainable green mission practices\" class=\"uag-image-1009\" width=\"1000\" height=\"667\" title=\"mission verte img\" loading=\"lazy\" role=\"img\"\/><\/figure><\/div>\n\n\n\n<h4 class=\"wp-block-heading\"><strong>Engagement z\u00e9ro d\u00e9chet<\/strong><\/h4>\n\n\n\n<p>Nous suivons le principe \u201cgaspiller moins, r\u00e9utiliser plus\u201d. Dans la mesure du possible, les mat\u00e9riaux sont r\u00e9utilis\u00e9s ou recycl\u00e9s. Cela nous permet de r\u00e9duire la quantit\u00e9 de d\u00e9chets envoy\u00e9s dans les d\u00e9charges et de soutenir une \u00e9conomie circulaire.<\/p>\n\n\n\n<h4 class=\"wp-block-heading\"><strong>Sensibilisation et \u00e9ducation \u00e0 l'\u00e9cologie<\/strong><\/h4>\n\n\n\n<p>Nous pensons que le changement environnemental commence par une prise de conscience. C'est pourquoi nous formons activement notre \u00e9quipe, nos clients et nos partenaires aux pratiques durables et \u00e0 l'importance d'adopter des habitudes respectueuses de l'environnement.<\/p>\n\n\n\n<h4 class=\"wp-block-heading\"><strong>Une partie de notre programme de d\u00e9veloppement durable<\/strong><\/h4>\n\n\n\n<p>Notre mission verte s'inscrit dans le cadre plus large de notre strat\u00e9gie de d\u00e9veloppement durable et contribue directement \u00e0 la r\u00e9duction des \u00e9missions de CO\u2082, \u00e0 l'am\u00e9lioration de l'efficacit\u00e9 des ressources et \u00e0 la promotion de la sant\u00e9 environnementale \u00e0 long terme.<\/p>\n<\/div><\/div>\n\n\n\n<p><strong>En savoir plus sur notre <a href=\"https:\/\/turkishtrade.co\/sustainability\/\" data-type=\"page\" data-id=\"927\">Durabilit\u00e9<\/a> Strat\u00e9gie<\/strong> <\/p>\n\n\n\n<p>Pour plus d'informations sur les normes mondiales de d\u00e9veloppement durable, consultez le site : <a href=\"https:\/\/www.un.org\/sustainabledevelopment\/\" target=\"_blank\" rel=\"noreferrer noopener nofollow\">https:\/\/www.un.org\/sustainabledevelopment\/<\/a><\/p>\n\n\n\n<p><\/p>","protected":false},"excerpt":{"rendered":"<p>Green Mission Our Green Mission Our Green Mission reflects our commitment to protecting the environment by using sustainable materials, energy-efficient [&hellip;]<\/p>\n","protected":false},"author":1,"featured_media":0,"parent":927,"menu_order":0,"comment_status":"closed","ping_status":"closed","template":"","meta":{"_acf_changed":false,"_uag_custom_page_level_css":"","site-sidebar-layout":"default","site-content-layout":"","ast-site-content-layout":"default","site-content-style":"default","site-sidebar-style":"default","ast-global-header-display":"","ast-banner-title-visibility":"","ast-main-header-display":"","ast-hfb-above-header-display":"","ast-hfb-below-header-display":"","ast-hfb-mobile-header-display":"","site-post-title":"disabled","ast-breadcrumbs-content":"","ast-featured-img":"","footer-sml-layout":"","ast-disable-related-posts":"","theme-transparent-header-meta":"","adv-header-id-meta":"","stick-header-meta":"","header-above-stick-meta":"","header-main-stick-meta":"","header-below-stick-meta":"","astra-migrate-meta-layouts":"default","ast-page-background-enabled":"default","ast-page-background-meta":{"desktop":{"background-color":"var(--ast-global-color-4)","background-image":"","background-repeat":"repeat","background-position":"center center","background-size":"auto","background-attachment":"scroll","background-type":"","background-media":"","overlay-type":"","overlay-color":"","overlay-opacity":"","overlay-gradient":""},"tablet":{"background-color":"","background-image":"","background-repeat":"repeat","background-position":"center center","background-size":"auto","background-attachment":"scroll","background-type":"","background-media":"","overlay-type":"","overlay-color":"","overlay-opacity":"","overlay-gradient":""},"mobile":{"background-color":"","background-image":"","background-repeat":"repeat","background-position":"center center","background-size":"auto","background-attachment":"scroll","background-type":"","background-media":"","overlay-type":"","overlay-color":"","overlay-opacity":"","overlay-gradient":""}},"ast-content-background-meta":{"desktop":{"background-color":"var(--ast-global-color-5)","background-image":"","background-repeat":"repeat","background-position":"center center","background-size":"auto","background-attachment":"scroll","background-type":"","background-media":"","overlay-type":"","overlay-color":"","overlay-opacity":"","overlay-gradient":""},"tablet":{"background-color":"var(--ast-global-color-5)","background-image":"","background-repeat":"repeat","background-position":"center center","background-size":"auto","background-attachment":"scroll","background-type":"","background-media":"","overlay-type":"","overlay-color":"","overlay-opacity":"","overlay-gradient":""},"mobile":{"background-color":"var(--ast-global-color-5)","background-image":"","background-repeat":"repeat","background-position":"center center","background-size":"auto","background-attachment":"scroll","background-type":"","background-media":"","overlay-type":"","overlay-color":"","overlay-opacity":"","overlay-gradient":""}},"footnotes":""},"class_list":["post-955","page","type-page","status-publish","hentry"],"acf":[],"_hostinger_reach_plugin_has_subscription_block":false,"_hostinger_reach_plugin_is_elementor":false,"uagb_featured_image_src":{"full":false,"thumbnail":false,"medium":false,"medium_large":false,"large":false,"1536x1536":false,"2048x2048":false,"trp-custom-language-flag":false,"woocommerce_thumbnail":false,"woocommerce_single":false,"woocommerce_gallery_thumbnail":false},"uagb_author_info":{"display_name":"\u0628\u0631\u0643\u0627\u062a \u0627\u0644\u064a\u0648\u0633\u0641","author_link":"https:\/\/turkishtrade.co\/fr\/author\/salih-2-1-2003-993gmail-com\/"},"uagb_comment_info":0,"uagb_excerpt":"Green Mission Our Green Mission Our Green Mission reflects our commitment to protecting the environment by using sustainable materials, energy-efficient [&hellip;]","_links":{"self":[{"href":"https:\/\/turkishtrade.co\/fr\/wp-json\/wp\/v2\/pages\/955","targetHints":{"allow":["GET"]}}],"collection":[{"href":"https:\/\/turkishtrade.co\/fr\/wp-json\/wp\/v2\/pages"}],"about":[{"href":"https:\/\/turkishtrade.co\/fr\/wp-json\/wp\/v2\/types\/page"}],"author":[{"embeddable":true,"href":"https:\/\/turkishtrade.co\/fr\/wp-json\/wp\/v2\/users\/1"}],"replies":[{"embeddable":true,"href":"https:\/\/turkishtrade.co\/fr\/wp-json\/wp\/v2\/comments?post=955"}],"version-history":[{"count":10,"href":"https:\/\/turkishtrade.co\/fr\/wp-json\/wp\/v2\/pages\/955\/revisions"}],"predecessor-version":[{"id":1139,"href":"https:\/\/turkishtrade.co\/fr\/wp-json\/wp\/v2\/pages\/955\/revisions\/1139"}],"up":[{"embeddable":true,"href":"https:\/\/turkishtrade.co\/fr\/wp-json\/wp\/v2\/pages\/927"}],"wp:attachment":[{"href":"https:\/\/turkishtrade.co\/fr\/wp-json\/wp\/v2\/media?parent=955"}],"curies":[{"name":"wp","href":"https:\/\/api.w.org\/{rel}","templated":true}]}}