{"id":927,"date":"2025-11-15T12:48:35","date_gmt":"2025-11-15T12:48:35","guid":{"rendered":"https:\/\/turkishtrade.co\/?page_id=927"},"modified":"2025-11-15T19:32:41","modified_gmt":"2025-11-15T19:32:41","slug":"sustainability","status":"publish","type":"page","link":"https:\/\/turkishtrade.co\/fr\/sustainability\/","title":{"rendered":"Durabilit\u00e9"},"content":{"rendered":"<div class=\"wp-block-uagb-container uagb-block-2bc4dc5c alignfull uagb-is-root-container\"><div class=\"uagb-container-inner-blocks-wrap\">\n<div class=\"wp-block-uagb-advanced-heading uagb-block-ea348862\"><h1 class=\"uagb-heading-text\">Durabilit\u00e9<\/h1><\/div>\n<\/div><\/div>\n\n\n\n<div class=\"wp-block-uagb-container uagb-block-d99d9cd1 alignfull uagb-is-root-container\"><div class=\"uagb-container-inner-blocks-wrap\">\n<h2 class=\"wp-block-heading\" style=\"font-size:40px\">Ce que la durabilit\u00e9 signifie pour nous<\/h2>\n\n\n\n<p>Pour notre entreprise, le d\u00e9veloppement durable est plus qu'une politique - c'est un engagement \u00e0 long terme \u00e0 faire des choix responsables qui prot\u00e8gent notre plan\u00e8te, soutiennent les communaut\u00e9s et garantissent un meilleur avenir aux g\u00e9n\u00e9rations futures. Nous pensons que le v\u00e9ritable progr\u00e8s vient de l'\u00e9quilibre entre l'innovation et la responsabilit\u00e9 environnementale.<\/p>\n\n\n\n<h2 class=\"wp-block-heading\" style=\"font-size:40px\">Notre vision durable de l'avenir<\/h2>\n\n\n\n<p>Nous visons \u00e0 op\u00e9rer de mani\u00e8re \u00e0 r\u00e9duire les d\u00e9chets, \u00e0 pr\u00e9server les ressources naturelles et \u00e0 minimiser l'impact sur l'environnement. En int\u00e9grant des mat\u00e9riaux respectueux de l'environnement, en am\u00e9liorant les processus de production et en encourageant une consommation consciente, nous \u0153uvrons pour un monde plus propre et plus efficace.<\/p>\n<\/div><\/div>\n\n\n\n<div class=\"wp-block-uagb-container uagb-block-5959d039 alignfull uagb-is-root-container\"><div class=\"uagb-container-inner-blocks-wrap\">\n<div class=\"wp-block-uagb-container uagb-block-19152043\">\n<div class=\"wp-block-uagb-image uagb-block-4aa350b0 wp-block-uagb-image--layout-default wp-block-uagb-image--effect-static wp-block-uagb-image--align-none\"><figure class=\"wp-block-uagb-image__figure\"><img decoding=\"async\" srcset=\"https:\/\/turkishtrade.co\/wp-content\/uploads\/2025\/11\/sustainability-img-1-1024x683.webp ,https:\/\/turkishtrade.co\/wp-content\/uploads\/2025\/11\/sustainability-img-1.webp 780w, https:\/\/turkishtrade.co\/wp-content\/uploads\/2025\/11\/sustainability-img-1.webp 360w\" sizes=\"auto, (max-width: 480px) 150px\" src=\"https:\/\/turkishtrade.co\/wp-content\/uploads\/2025\/11\/sustainability-img-1-1024x683.webp\" alt=\"sustainability img\" class=\"uag-image-938\" width=\"1536\" height=\"1024\" title=\"img de durabilit\u00e9\" loading=\"lazy\" role=\"img\"\/><\/figure><\/div>\n<\/div>\n\n\n\n<div class=\"wp-block-uagb-container uagb-block-cba31f59\">\n<h2 class=\"wp-block-heading\" style=\"font-size:35px\">Les piliers de notre strat\u00e9gie de d\u00e9veloppement durable<\/h2>\n\n\n\n<h3 class=\"wp-block-heading\" style=\"font-size:25px\">1. Responsabilit\u00e9 environnementale<\/h3>\n\n\n\n<p>Nous d\u00e9veloppons activement des solutions qui r\u00e9duisent la pollution, \u00e9conomisent l'\u00e9nergie et soutiennent la biodiversit\u00e9.<\/p>\n\n\n\n<h3 class=\"wp-block-heading\" style=\"font-size:25px\">2. Production \u00e9thique<\/h3>\n\n\n\n<p>Nous veillons \u00e0 ce que toutes nos activit\u00e9s respectent des normes de travail \u00e9quitables, des pratiques de fabrication s\u00fbres et des cha\u00eenes d'approvisionnement transparentes.<\/p>\n\n\n\n<h3 class=\"wp-block-heading\" style=\"font-size:25px\">3. Action pour le climat<\/h3>\n\n\n\n<p>La r\u00e9duction de l'empreinte carbone est l'une de nos principales priorit\u00e9s, soutenue par des programmes de mesure et d'am\u00e9lioration continus.<\/p>\n\n\n\n<h3 class=\"wp-block-heading\" style=\"font-size:25px\">4. L'engagement communautaire<\/h3>\n\n\n\n<p>Nous investissons dans des programmes de sensibilisation, d'\u00e9ducation au d\u00e9veloppement durable et de partenariats communautaires.<\/p>\n<\/div>\n<\/div><\/div>\n\n\n\n<div class=\"wp-block-uagb-container uagb-block-daf2f44b alignfull uagb-is-root-container\"><div class=\"uagb-container-inner-blocks-wrap\">\n<h2 class=\"wp-block-heading has-ast-global-color-5-color has-text-color has-link-color wp-elements-09dc09e8ece30959b28348550e2456fc\" style=\"font-size:35px\">Comment nous mesurons notre impact<\/h2>\n\n\n\n<p class=\"has-ast-global-color-5-color has-text-color has-link-color wp-elements-dfb7ca756fdfd7271dc5b4bd730bf99a\">Nous suivons en permanence nos r\u00e9alisations en mati\u00e8re de r\u00e9duction des d\u00e9chets, d'efficacit\u00e9 \u00e9nerg\u00e9tique et de contr\u00f4le des \u00e9missions. Ces rapports nous aident \u00e0 identifier les domaines dans lesquels nous pouvons nous am\u00e9liorer et innover.<\/p>\n\n\n\n<h2 class=\"wp-block-heading has-ast-global-color-5-color has-text-color has-link-color wp-elements-2fe79ea680e8170e8f96b0403420f34e\" style=\"font-size:30px\">En savoir plus<\/h2>\n\n\n\n<p class=\"has-ast-global-color-5-color has-text-color has-link-color wp-elements-7f4b8139b4d37e7b59113dd1266ac84c\">Pour en savoir plus sur nos initiatives environnementales :<\/p>\n\n\n\n<ul class=\"wp-block-list\">\n<li class=\"has-ast-global-color-5-color has-text-color has-link-color wp-elements-48a31318921a6cfbe145bd0150d3c709\">Visitez notre <strong><a href=\"https:\/\/turkishtrade.co\/sustainability\/green-mission\/\" data-type=\"page\" data-id=\"955\">Mission verte<\/a><\/strong> page<\/li>\n\n\n\n<li class=\"has-ast-global-color-5-color has-text-color has-link-color wp-elements-4eed89d05f6e17762fbb3fcfb30ee179\">D\u00e9couvrez comment nous r\u00e9duisons nos <strong><a href=\"https:\/\/turkishtrade.co\/sustainability\/co2-emissions\/\" data-type=\"page\" data-id=\"967\">\u00c9missions de CO2<\/a><\/strong><\/li>\n<\/ul>\n<\/div><\/div>","protected":false},"excerpt":{"rendered":"<p>Sustainability What Sustainability Means to Us At our company, sustainability is more than a policy \u2014 it is a long-term [&hellip;]<\/p>\n","protected":false},"author":1,"featured_media":0,"parent":0,"menu_order":0,"comment_status":"closed","ping_status":"closed","template":"","meta":{"_acf_changed":false,"_uag_custom_page_level_css":"","site-sidebar-layout":"default","site-content-layout":"","ast-site-content-layout":"default","site-content-style":"default","site-sidebar-style":"default","ast-global-header-display":"","ast-banner-title-visibility":"","ast-main-header-display":"","ast-hfb-above-header-display":"","ast-hfb-below-header-display":"","ast-hfb-mobile-header-display":"","site-post-title":"disabled","ast-breadcrumbs-content":"","ast-featured-img":"","footer-sml-layout":"","ast-disable-related-posts":"","theme-transparent-header-meta":"","adv-header-id-meta":"","stick-header-meta":"","header-above-stick-meta":"","header-main-stick-meta":"","header-below-stick-meta":"","astra-migrate-meta-layouts":"default","ast-page-background-enabled":"default","ast-page-background-meta":{"desktop":{"background-color":"var(--ast-global-color-4)","background-image":"","background-repeat":"repeat","background-position":"center center","background-size":"auto","background-attachment":"scroll","background-type":"","background-media":"","overlay-type":"","overlay-color":"","overlay-opacity":"","overlay-gradient":""},"tablet":{"background-color":"","background-image":"","background-repeat":"repeat","background-position":"center center","background-size":"auto","background-attachment":"scroll","background-type":"","background-media":"","overlay-type":"","overlay-color":"","overlay-opacity":"","overlay-gradient":""},"mobile":{"background-color":"","background-image":"","background-repeat":"repeat","background-position":"center center","background-size":"auto","background-attachment":"scroll","background-type":"","background-media":"","overlay-type":"","overlay-color":"","overlay-opacity":"","overlay-gradient":""}},"ast-content-background-meta":{"desktop":{"background-color":"var(--ast-global-color-5)","background-image":"","background-repeat":"repeat","background-position":"center center","background-size":"auto","background-attachment":"scroll","background-type":"","background-media":"","overlay-type":"","overlay-color":"","overlay-opacity":"","overlay-gradient":""},"tablet":{"background-color":"var(--ast-global-color-5)","background-image":"","background-repeat":"repeat","background-position":"center center","background-size":"auto","background-attachment":"scroll","background-type":"","background-media":"","overlay-type":"","overlay-color":"","overlay-opacity":"","overlay-gradient":""},"mobile":{"background-color":"var(--ast-global-color-5)","background-image":"","background-repeat":"repeat","background-position":"center center","background-size":"auto","background-attachment":"scroll","background-type":"","background-media":"","overlay-type":"","overlay-color":"","overlay-opacity":"","overlay-gradient":""}},"footnotes":""},"class_list":["post-927","page","type-page","status-publish","hentry"],"acf":[],"_hostinger_reach_plugin_has_subscription_block":false,"_hostinger_reach_plugin_is_elementor":false,"uagb_featured_image_src":{"full":false,"thumbnail":false,"medium":false,"medium_large":false,"large":false,"1536x1536":false,"2048x2048":false,"trp-custom-language-flag":false,"woocommerce_thumbnail":false,"woocommerce_single":false,"woocommerce_gallery_thumbnail":false},"uagb_author_info":{"display_name":"\u0628\u0631\u0643\u0627\u062a \u0627\u0644\u064a\u0648\u0633\u0641","author_link":"https:\/\/turkishtrade.co\/fr\/author\/salih-2-1-2003-993gmail-com\/"},"uagb_comment_info":0,"uagb_excerpt":"Sustainability What Sustainability Means to Us At our company, sustainability is more than a policy \u2014 it is a long-term [&hellip;]","_links":{"self":[{"href":"https:\/\/turkishtrade.co\/fr\/wp-json\/wp\/v2\/pages\/927","targetHints":{"allow":["GET"]}}],"collection":[{"href":"https:\/\/turkishtrade.co\/fr\/wp-json\/wp\/v2\/pages"}],"about":[{"href":"https:\/\/turkishtrade.co\/fr\/wp-json\/wp\/v2\/types\/page"}],"author":[{"embeddable":true,"href":"https:\/\/turkishtrade.co\/fr\/wp-json\/wp\/v2\/users\/1"}],"replies":[{"embeddable":true,"href":"https:\/\/turkishtrade.co\/fr\/wp-json\/wp\/v2\/comments?post=927"}],"version-history":[{"count":16,"href":"https:\/\/turkishtrade.co\/fr\/wp-json\/wp\/v2\/pages\/927\/revisions"}],"predecessor-version":[{"id":1022,"href":"https:\/\/turkishtrade.co\/fr\/wp-json\/wp\/v2\/pages\/927\/revisions\/1022"}],"wp:attachment":[{"href":"https:\/\/turkishtrade.co\/fr\/wp-json\/wp\/v2\/media?parent=927"}],"curies":[{"name":"wp","href":"https:\/\/api.w.org\/{rel}","templated":true}]}}