{"id":485,"date":"2025-11-01T14:41:19","date_gmt":"2025-11-01T14:41:19","guid":{"rendered":"https:\/\/turkishtrade.co\/about-us\/"},"modified":"2026-03-28T16:01:50","modified_gmt":"2026-03-28T16:01:50","slug":"about-us","status":"publish","type":"page","link":"https:\/\/turkishtrade.co\/fr\/about-us\/","title":{"rendered":"A propos de nous"},"content":{"rendered":"<div class=\"wp-block-uagb-container uagb-block-bea5283e alignfull uagb-is-root-container\"><div class=\"uagb-container-inner-blocks-wrap\">\n<div class=\"wp-block-uagb-advanced-heading uagb-block-fc6aaff1\"><h1 class=\"uagb-heading-text\">A propos de nous<\/h1><\/div>\n<\/div><\/div>\n\n\n\n<div class=\"wp-block-uagb-container uagb-block-29842745 alignfull uagb-is-root-container\"><div class=\"uagb-container-inner-blocks-wrap\">\n<div class=\"wp-block-uagb-info-box uagb-block-2554c78b uagb-infobox__content-wrap  uagb-infobox-icon-above-title uagb-infobox-image-valign-top\"><div class=\"uagb-ifb-content\"><div class=\"uagb-ifb-title-wrap\"><h2 class=\"uagb-ifb-title\">\u00c0 propos du Turkish Trade<\/h2><\/div><\/div><\/div>\n\n\n\n<div class=\"wp-block-uagb-separator uagb-block-c1f8b284\"><div class=\"uagb-separator-spacing-wrapper\"><div class=\"wp-block-uagb-separator__inner\" style=\"--my-background-image:\"><\/div><\/div><\/div>\n\n\n\n<div class=\"wp-block-uagb-container uagb-block-2bc90d6f\">\n<div class=\"wp-block-uagb-advanced-heading uagb-block-9f1ae72a\"><h5 class=\"uagb-heading-text\">Au <strong>Turkish Trade<\/strong>, Nous ne nous contentons pas de fabriquer des chaussures, nous cr\u00e9ons une d\u00e9claration de style, de qualit\u00e9 et d'identit\u00e9.<br>Notre voyage a commenc\u00e9 par une passion pour <strong>Artisanat turc authentique<\/strong>,<br>o\u00f9 chaque point de couture raconte une histoire de d\u00e9vouement et d'\u00e9l\u00e9gance.<\/h5><\/div>\n\n\n\n<div class=\"wp-block-uagb-info-box uagb-block-71da6051 uagb-infobox__content-wrap  uagb-infobox-icon-above-title uagb-infobox-image-valign-top\"><div class=\"uagb-ifb-content\"><div class=\"uagb-ifb-title-wrap\"><\/div><p class=\"uagb-ifb-desc\">Nous sommes fiers de produire <strong>chaussures turques de luxe<\/strong> qui combine des techniques traditionnelles<br>avec un design moderne pour atteindre l'\u00e9quilibre parfait entre <strong>confort et sophistication<\/strong>.<br>Chaque paire est soigneusement fabriqu\u00e9e \u00e0 la main \u00e0 partir de <strong>cuir naturel de premi\u00e8re qualit\u00e9<\/strong>,<br>refl\u00e9tant le riche patrimoine et l'art de la Turquie.<br>Notre mission est simple : apporter <strong>L'excellence turque<\/strong> au monde.<br>Des ateliers locaux aux portes du monde entier,<br>nous veillons \u00e0 ce que chaque client fasse l'exp\u00e9rience de la beaut\u00e9 de <strong>perfection artisanale<\/strong>,<br>\u00e9labor\u00e9s avec amour, pr\u00e9cision et dans un style intemporel.<\/p><\/div><\/div>\n<\/div>\n<\/div><\/div>\n\n\n\n<div class=\"wp-block-uagb-container uagb-block-03daffa8 alignfull uagb-is-root-container\"><div class=\"uagb-container-inner-blocks-wrap\">\n<div class=\"wp-block-uagb-info-box uagb-block-3625f0bd uagb-infobox__content-wrap  uagb-infobox-icon-above-title uagb-infobox-image-valign-top\"><div class=\"uagb-ifb-content\"><div class=\"uagb-ifb-title-wrap\"><h3 class=\"uagb-ifb-title\">Notre vision<\/h3><\/div><p class=\"uagb-ifb-desc\"><strong>Turkish Trade<\/strong> a pour objectif de devenir l'un des <strong>les grands noms de l'industrie de la mode turque<\/strong> et un <strong>une marque respect\u00e9e dans le monde entier<\/strong> qui repr\u00e9sente l'excellence de la <strong>Fabriqu\u00e9 en Turquie<\/strong>.<br>Guid\u00e9e par les valeurs de <strong>durabilit\u00e9, innovation et cr\u00e9ativit\u00e9<\/strong>, nous aspirons \u00e0 <strong>fa\u00e7onner les tendances mondiales de la mode<\/strong> et d\u00e9finissent les styles de demain.<br>Nous voulons \u00eatre non seulement un fournisseur de produits turcs de qualit\u00e9 sup\u00e9rieure, mais aussi un fournisseur de produits de qualit\u00e9 sup\u00e9rieure. <strong>partenaire commercial fiable<\/strong> qui s'adapte rapidement aux changements du march\u00e9 avec une <strong>une approche orient\u00e9e vers les solutions<\/strong>.<br>Notre objectif ultime est de rendre <strong>Turkish Trade<\/strong> a <strong>une marque mondialement reconnue<\/strong> connu pour <strong>une qualit\u00e9 \u00e9lev\u00e9e, un design moderne et une philosophie ax\u00e9e sur le client<\/strong>.<\/p><\/div><\/div>\n<\/div><\/div>\n\n\n\n<div class=\"wp-block-uagb-container uagb-block-4ad07b0b alignfull uagb-is-root-container\"><div class=\"uagb-container-inner-blocks-wrap\">\n<div class=\"wp-block-uagb-container uagb-block-dde14a08\">\n<div class=\"wp-block-uagb-advanced-heading uagb-block-819b66ad\"><h4 class=\"uagb-heading-text\">Notre mission<br><\/h4><\/div>\n<\/div>\n\n\n\n<div class=\"wp-block-uagb-container uagb-block-9276b384\">\n<div class=\"wp-block-uagb-info-box uagb-block-d2c339f6 uagb-infobox__content-wrap  uagb-infobox-icon-above-title uagb-infobox-image-valign-top\"><div class=\"uagb-ifb-content\"><div class=\"uagb-ifb-title-wrap\"><p class=\"uagb-ifb-title\">Avec plus de <strong>16 ans d'exp\u00e9rience<\/strong>, <strong>Turkish Trade<\/strong> est une entreprise de premier plan qui se consacre \u00e0 l'apport de la <strong>force, cr\u00e9ativit\u00e9 et savoir-faire de la mode turque<\/strong> au march\u00e9 mondial.<br>Notre objectif est de fournir \u00e0 nos clients <strong>chaussures et v\u00eatements turcs de haute qualit\u00e9<\/strong> \u00e0 des prix comp\u00e9titifs et avec un service fiable.<br>En tant que marque, nous donnons toujours la priorit\u00e9 <strong>satisfaction des clients<\/strong>, adh\u00e9rer \u00e0 <strong>pratiques commerciales \u00e9thiques<\/strong>, et embrasser <strong>l'innovation continue<\/strong>.<br>En \u00e9tablissant des partenariats internationaux solides, nous nous effor\u00e7ons d'am\u00e9liorer la qualit\u00e9 de vie des citoyens. <strong>Mode turque<\/strong> reconnu, fiable et pr\u00e9f\u00e9r\u00e9 dans le monde entier.<\/p><\/div><\/div><\/div>\n<\/div>\n\n\n\n<div class=\"wp-block-uagb-separator uagb-block-5f83295c\"><div class=\"wp-block-uagb-separator__inner\" style=\"--my-background-image:\"><\/div><\/div>\n<\/div><\/div>\n\n\n\n<div class=\"wp-block-uagb-container uagb-block-ccc4e980 alignfull uagb-is-root-container\"><div class=\"uagb-container-inner-blocks-wrap\">\n<div class=\"wp-block-uagb-container uagb-block-9aa8d9e0\">\n<div class=\"wp-block-uagb-info-box uagb-block-d1091790 uagb-infobox__content-wrap  uagb-infobox-icon-above-title uagb-infobox-image-valign-top\"><div class=\"uagb-ifb-content\"><div class=\"uagb-ifb-title-wrap\"><h6 class=\"uagb-ifb-title-prefix\"><strong>Entrez dans l'\u00e9l\u00e9gance - <\/strong><\/h6><h2 class=\"uagb-ifb-title\"><strong>D\u00e9couvrez l'artisanat turc dans toute sa splendeur.<\/strong><\/h2><\/div><p class=\"uagb-ifb-desc\">D\u00e9couvrez nos <strong>chaussures de luxe faites \u00e0 la main<\/strong> fabriqu\u00e9 \u00e0 partir de <strong>cuir v\u00e9ritable de premi\u00e8re qualit\u00e9<\/strong>,<br>o\u00f9 <strong>le confort rencontre le style intemporel<\/strong>.<br>Achetez maintenant et d\u00e9couvrez la v\u00e9ritable essence de la <strong>Qualit\u00e9 turque<\/strong> et <strong>sophistication mondiale<\/strong>.<\/p><\/div><\/div>\n\n\n\n<div class=\"wp-block-uagb-buttons uagb-buttons__outer-wrap uagb-btn__default-btn uagb-btn-tablet__default-btn uagb-btn-mobile__default-btn uagb-block-181e40e0\"><div class=\"uagb-buttons__wrap uagb-buttons-layout-wrap\">\n<div class=\"wp-block-uagb-buttons-child uagb-buttons__outer-wrap uagb-block-4687be33 wp-block-button\"><div class=\"uagb-button__wrapper\"><a class=\"uagb-buttons-repeater wp-block-button__link\" aria-label=\"\" href=\"https:\/\/turkishtrade.co\/shop\/\" rel=\"follow noopener\" target=\"_self\" role=\"button\"><div class=\"uagb-button__link\">Acheter<\/div><\/a><\/div><\/div>\n<\/div><\/div>\n<\/div>\n<\/div><\/div>","protected":false},"excerpt":{"rendered":"<p>About Us At Turkish Trade, we don\u2019t just make shoes \u2014 we create a statement of style, quality, and identity.Our [&hellip;]<\/p>\n","protected":false},"author":1,"featured_media":0,"parent":0,"menu_order":0,"comment_status":"closed","ping_status":"closed","template":"","meta":{"_acf_changed":false,"_uag_custom_page_level_css":"","site-sidebar-layout":"default","site-content-layout":"","ast-site-content-layout":"default","site-content-style":"default","site-sidebar-style":"default","ast-global-header-display":"","ast-banner-title-visibility":"","ast-main-header-display":"","ast-hfb-above-header-display":"","ast-hfb-below-header-display":"","ast-hfb-mobile-header-display":"","site-post-title":"disabled","ast-breadcrumbs-content":"","ast-featured-img":"","footer-sml-layout":"","ast-disable-related-posts":"","theme-transparent-header-meta":"enabled","adv-header-id-meta":"","stick-header-meta":"","header-above-stick-meta":"","header-main-stick-meta":"","header-below-stick-meta":"","astra-migrate-meta-layouts":"default","ast-page-background-enabled":"default","ast-page-background-meta":{"desktop":{"background-color":"var(--ast-global-color-4)","background-image":"","background-repeat":"repeat","background-position":"center center","background-size":"auto","background-attachment":"scroll","background-type":"","background-media":"","overlay-type":"","overlay-color":"","overlay-opacity":"","overlay-gradient":""},"tablet":{"background-color":"","background-image":"","background-repeat":"repeat","background-position":"center center","background-size":"auto","background-attachment":"scroll","background-type":"","background-media":"","overlay-type":"","overlay-color":"","overlay-opacity":"","overlay-gradient":""},"mobile":{"background-color":"","background-image":"","background-repeat":"repeat","background-position":"center center","background-size":"auto","background-attachment":"scroll","background-type":"","background-media":"","overlay-type":"","overlay-color":"","overlay-opacity":"","overlay-gradient":""}},"ast-content-background-meta":{"desktop":{"background-color":"var(--ast-global-color-5)","background-image":"","background-repeat":"repeat","background-position":"center center","background-size":"auto","background-attachment":"scroll","background-type":"","background-media":"","overlay-type":"","overlay-color":"","overlay-opacity":"","overlay-gradient":""},"tablet":{"background-color":"var(--ast-global-color-5)","background-image":"","background-repeat":"repeat","background-position":"center center","background-size":"auto","background-attachment":"scroll","background-type":"","background-media":"","overlay-type":"","overlay-color":"","overlay-opacity":"","overlay-gradient":""},"mobile":{"background-color":"var(--ast-global-color-5)","background-image":"","background-repeat":"repeat","background-position":"center center","background-size":"auto","background-attachment":"scroll","background-type":"","background-media":"","overlay-type":"","overlay-color":"","overlay-opacity":"","overlay-gradient":""}},"footnotes":""},"class_list":["post-485","page","type-page","status-publish","hentry"],"acf":[],"_hostinger_reach_plugin_has_subscription_block":false,"_hostinger_reach_plugin_is_elementor":false,"uagb_featured_image_src":{"full":false,"thumbnail":false,"medium":false,"medium_large":false,"large":false,"1536x1536":false,"2048x2048":false,"trp-custom-language-flag":false,"woocommerce_thumbnail":false,"woocommerce_single":false,"woocommerce_gallery_thumbnail":false},"uagb_author_info":{"display_name":"\u0628\u0631\u0643\u0627\u062a \u0627\u0644\u064a\u0648\u0633\u0641","author_link":"https:\/\/turkishtrade.co\/fr\/author\/salih-2-1-2003-993gmail-com\/"},"uagb_comment_info":0,"uagb_excerpt":"About Us At Turkish Trade, we don\u2019t just make shoes \u2014 we create a statement of style, quality, and identity.Our [&hellip;]","_links":{"self":[{"href":"https:\/\/turkishtrade.co\/fr\/wp-json\/wp\/v2\/pages\/485","targetHints":{"allow":["GET"]}}],"collection":[{"href":"https:\/\/turkishtrade.co\/fr\/wp-json\/wp\/v2\/pages"}],"about":[{"href":"https:\/\/turkishtrade.co\/fr\/wp-json\/wp\/v2\/types\/page"}],"author":[{"embeddable":true,"href":"https:\/\/turkishtrade.co\/fr\/wp-json\/wp\/v2\/users\/1"}],"replies":[{"embeddable":true,"href":"https:\/\/turkishtrade.co\/fr\/wp-json\/wp\/v2\/comments?post=485"}],"version-history":[{"count":26,"href":"https:\/\/turkishtrade.co\/fr\/wp-json\/wp\/v2\/pages\/485\/revisions"}],"predecessor-version":[{"id":8943,"href":"https:\/\/turkishtrade.co\/fr\/wp-json\/wp\/v2\/pages\/485\/revisions\/8943"}],"wp:attachment":[{"href":"https:\/\/turkishtrade.co\/fr\/wp-json\/wp\/v2\/media?parent=485"}],"curies":[{"name":"wp","href":"https:\/\/api.w.org\/{rel}","templated":true}]}}