{"id":10,"date":"2026-01-28T18:55:56","date_gmt":"2026-01-28T18:55:56","guid":{"rendered":"https:\/\/turkishtrade.co\/?page_id=10"},"modified":"2026-01-28T19:17:05","modified_gmt":"2026-01-28T19:17:05","slug":"refund_returns","status":"publish","type":"page","link":"https:\/\/turkishtrade.co\/fr\/refund_returns\/","title":{"rendered":"Politique de remboursement et de retour"},"content":{"rendered":"<div class=\"wp-block-uagb-container uagb-block-2bc4dc5c alignfull uagb-is-root-container\"><div class=\"uagb-container-inner-blocks-wrap\">\n<div class=\"wp-block-uagb-advanced-heading uagb-block-ea348862\"><h1 class=\"uagb-heading-text\">Politique de remboursement et de retour<\/h1><\/div>\n<\/div><\/div>\n\n\n\n<div class=\"wp-block-uagb-container uagb-block-d99d9cd1 alignfull uagb-is-root-container\"><div class=\"uagb-container-inner-blocks-wrap\">\n<h2 class=\"wp-block-heading\" style=\"font-size:40px\">RETOURS<\/h2>\n\n\n\n<p>Nous avons une politique de retour de 30 jours, ce qui signifie que vous avez 30 jours apr\u00e8s avoir re\u00e7u votre article pour demander un retour.<\/p>\n\n\n\n<p>&nbsp;Pour pouvoir \u00eatre retourn\u00e9, votre article doit \u00eatre dans le m\u00eame \u00e9tat que celui dans lequel vous l'avez re\u00e7u, non port\u00e9 ou non utilis\u00e9, avec les \u00e9tiquettes et dans son emballage d'origine. Vous aurez \u00e9galement besoin du re\u00e7u ou de la preuve d'achat.<\/p>\n\n\n\n<p>Pour entamer une proc\u00e9dure de retour, vous pouvez nous contacter \u00e0 l'adresse suivante <a href=\"mailto:info@turkishtrade.co\">info@turkishtrade.co<\/a> &nbsp;Veuillez noter que les retours devront \u00eatre envoy\u00e9s \u00e0 l'adresse suivante : De\u011firmi\u00e7em Mah. \u015eehit Mehmet Sait El\u00e7i Sok. No:8 Emir \u0130\u015f Merkezi Kat:2 No:8 \u015eehitkamil\/GAZ\u0130ANTEP, 27090, T\u00fcrkiye<\/p>\n\n\n\n<p>Si votre retour est accept\u00e9, nous vous enverrons une \u00e9tiquette de retour, ainsi que des instructions sur la mani\u00e8re et le lieu d'envoi de votre colis. Les articles renvoy\u00e9s sans demande pr\u00e9alable de retour ne seront pas accept\u00e9s. Veuillez noter que si votre pays de r\u00e9sidence n'est pas la Turquie, l'exp\u00e9dition de vos marchandises peut prendre plus de temps que pr\u00e9vu.<\/p>\n\n\n\n<p>Vous pouvez toujours nous contacter pour toute question concernant les retours \u00e0 l'adresse suivante <a href=\"mailto:info@turkishtrade.co\">info@turkishtrade.co<\/a><\/p>\n\n\n\n<p>Dommages et int\u00e9r\u00eats<\/p>\n\n\n\n<p>Veuillez inspecter votre commande \u00e0 la r\u00e9ception et nous contacter imm\u00e9diatement si l'article est d\u00e9fectueux, endommag\u00e9 ou si vous recevez le mauvais article, afin que nous puissions \u00e9valuer le probl\u00e8me et y rem\u00e9dier.<\/p>\n\n\n\n<p>Certains types d'articles ne peuvent pas \u00eatre retourn\u00e9s, comme les produits p\u00e9rissables (tels que les aliments, les fleurs ou les plantes), les produits personnalis\u00e9s (tels que les commandes sp\u00e9ciales ou les articles personnalis\u00e9s) et les produits de soins personnels (tels que les produits de beaut\u00e9). Nous n'acceptons pas non plus les retours de produits dangereux, de liquides inflammables ou de gaz. N'h\u00e9sitez pas \u00e0 nous contacter si vous avez des questions ou des inqui\u00e9tudes concernant votre article sp\u00e9cifique.<\/p>\n\n\n\n<p>Malheureusement, nous n'acceptons pas les retours sur les articles sold\u00e9s ou les cartes-cadeaux.<\/p>\n\n\n\n<p>\u00c9changes<\/p>\n\n\n\n<p>Le moyen le plus rapide de s'assurer d'obtenir ce que l'on veut est de retourner l'article que l'on a et, une fois le retour accept\u00e9, d'effectuer un achat s\u00e9par\u00e9 pour le nouvel article.<\/p>\n\n\n\n<p>Union europ\u00e9enne P\u00e9riode de r\u00e9flexion de 3 jours<\/p>\n\n\n\n<p>Nonobstant ce qui pr\u00e9c\u00e8de, si la marchandise est exp\u00e9di\u00e9e dans l'Union europ\u00e9enne, vous avez le droit d'annuler ou de retourner votre commande dans un d\u00e9lai de trois jours, pour quelque raison que ce soit et sans justification. Comme ci-dessus, votre article doit \u00eatre dans le m\u00eame \u00e9tat que celui dans lequel vous l'avez re\u00e7u, non port\u00e9 ou non utilis\u00e9, avec les \u00e9tiquettes, et dans son emballage d'origine. Vous aurez \u00e9galement besoin du re\u00e7u ou de la preuve d'achat.<\/p>\n\n\n\n<p>Remboursements<\/p>\n\n\n\n<p>Nous vous informerons une fois que nous aurons re\u00e7u et inspect\u00e9 votre retour pour vous faire savoir si le remboursement a \u00e9t\u00e9 approuv\u00e9 ou non. Si le remboursement est approuv\u00e9, vous serez automatiquement rembours\u00e9 sur votre mode de paiement d'origine dans les 10 jours ouvrables. N'oubliez pas que le traitement et l'affichage du remboursement par votre banque ou votre soci\u00e9t\u00e9 de carte de cr\u00e9dit peuvent prendre un certain temps.<\/p>\n\n\n\n<p>Si plus de 15 jours ouvrables se sont \u00e9coul\u00e9s depuis que nous avons approuv\u00e9 votre retour, veuillez nous contacter \u00e0 l'adresse info@turkishtrade.co.<\/p>\n<\/div><\/div>","protected":false},"excerpt":{"rendered":"<p>Refund and Returns Policy RETURNS We have a 30-day return policy, which means you have 30 days after receiving your [&hellip;]<\/p>\n","protected":false},"author":1,"featured_media":0,"parent":0,"menu_order":0,"comment_status":"closed","ping_status":"closed","template":"","meta":{"_acf_changed":false,"_uag_custom_page_level_css":"","site-sidebar-layout":"default","site-content-layout":"","ast-site-content-layout":"default","site-content-style":"default","site-sidebar-style":"default","ast-global-header-display":"","ast-banner-title-visibility":"","ast-main-header-display":"","ast-hfb-above-header-display":"","ast-hfb-below-header-display":"","ast-hfb-mobile-header-display":"","site-post-title":"disabled","ast-breadcrumbs-content":"","ast-featured-img":"","footer-sml-layout":"","ast-disable-related-posts":"","theme-transparent-header-meta":"","adv-header-id-meta":"","stick-header-meta":"","header-above-stick-meta":"","header-main-stick-meta":"","header-below-stick-meta":"","astra-migrate-meta-layouts":"default","ast-page-background-enabled":"default","ast-page-background-meta":{"desktop":{"background-color":"var(--ast-global-color-4)","background-image":"","background-repeat":"repeat","background-position":"center center","background-size":"auto","background-attachment":"scroll","background-type":"","background-media":"","overlay-type":"","overlay-color":"","overlay-opacity":"","overlay-gradient":""},"tablet":{"background-color":"","background-image":"","background-repeat":"repeat","background-position":"center center","background-size":"auto","background-attachment":"scroll","background-type":"","background-media":"","overlay-type":"","overlay-color":"","overlay-opacity":"","overlay-gradient":""},"mobile":{"background-color":"","background-image":"","background-repeat":"repeat","background-position":"center center","background-size":"auto","background-attachment":"scroll","background-type":"","background-media":"","overlay-type":"","overlay-color":"","overlay-opacity":"","overlay-gradient":""}},"ast-content-background-meta":{"desktop":{"background-color":"var(--ast-global-color-5)","background-image":"","background-repeat":"repeat","background-position":"center center","background-size":"auto","background-attachment":"scroll","background-type":"","background-media":"","overlay-type":"","overlay-color":"","overlay-opacity":"","overlay-gradient":""},"tablet":{"background-color":"var(--ast-global-color-5)","background-image":"","background-repeat":"repeat","background-position":"center center","background-size":"auto","background-attachment":"scroll","background-type":"","background-media":"","overlay-type":"","overlay-color":"","overlay-opacity":"","overlay-gradient":""},"mobile":{"background-color":"var(--ast-global-color-5)","background-image":"","background-repeat":"repeat","background-position":"center center","background-size":"auto","background-attachment":"scroll","background-type":"","background-media":"","overlay-type":"","overlay-color":"","overlay-opacity":"","overlay-gradient":""}},"footnotes":""},"class_list":["post-10","page","type-page","status-publish","hentry"],"acf":[],"_hostinger_reach_plugin_has_subscription_block":false,"_hostinger_reach_plugin_is_elementor":false,"uagb_featured_image_src":{"full":false,"thumbnail":false,"medium":false,"medium_large":false,"large":false,"1536x1536":false,"2048x2048":false,"trp-custom-language-flag":false,"woocommerce_thumbnail":false,"woocommerce_single":false,"woocommerce_gallery_thumbnail":false},"uagb_author_info":{"display_name":"\u0628\u0631\u0643\u0627\u062a \u0627\u0644\u064a\u0648\u0633\u0641","author_link":"https:\/\/turkishtrade.co\/fr\/author\/salih-2-1-2003-993gmail-com\/"},"uagb_comment_info":0,"uagb_excerpt":"Refund and Returns Policy RETURNS We have a 30-day return policy, which means you have 30 days after receiving your [&hellip;]","_links":{"self":[{"href":"https:\/\/turkishtrade.co\/fr\/wp-json\/wp\/v2\/pages\/10","targetHints":{"allow":["GET"]}}],"collection":[{"href":"https:\/\/turkishtrade.co\/fr\/wp-json\/wp\/v2\/pages"}],"about":[{"href":"https:\/\/turkishtrade.co\/fr\/wp-json\/wp\/v2\/types\/page"}],"author":[{"embeddable":true,"href":"https:\/\/turkishtrade.co\/fr\/wp-json\/wp\/v2\/users\/1"}],"replies":[{"embeddable":true,"href":"https:\/\/turkishtrade.co\/fr\/wp-json\/wp\/v2\/comments?post=10"}],"version-history":[{"count":9,"href":"https:\/\/turkishtrade.co\/fr\/wp-json\/wp\/v2\/pages\/10\/revisions"}],"predecessor-version":[{"id":7594,"href":"https:\/\/turkishtrade.co\/fr\/wp-json\/wp\/v2\/pages\/10\/revisions\/7594"}],"wp:attachment":[{"href":"https:\/\/turkishtrade.co\/fr\/wp-json\/wp\/v2\/media?parent=10"}],"curies":[{"name":"wp","href":"https:\/\/api.w.org\/{rel}","templated":true}]}}