{"id":8593,"date":"2026-01-29T14:51:20","date_gmt":"2026-01-29T14:51:20","guid":{"rendered":"https:\/\/turkishtrade.co\/?post_type=product&#038;p=8593"},"modified":"2026-04-09T20:20:23","modified_gmt":"2026-04-09T20:20:23","slug":"mens-yellow-calf-leather-loafers","status":"publish","type":"product","link":"https:\/\/turkishtrade.co\/es\/shop\/mens-yellow-calf-leather-loafers\/","title":{"rendered":"Mocasines de hombre en piel de becerro amarillo Ultimate | Mocasines de hombre en piel de becerro amarillo de primera calidad"},"content":{"rendered":"<p><strong>Mocasines de hombre de piel de becerro amarilla<\/strong>. M\u00e1xima calidad y dise\u00f1o.<\/p>\n<p>Sum\u00e9rjase en un estilo y un confort incomparables con nuestro exquisito <strong>Mocasines de hombre de piel de becerro amarilla<\/strong>. Elaborados para el caballero exigente, estos mocasines combinan a la perfecci\u00f3n el dise\u00f1o tradicional con el atractivo contempor\u00e1neo, convirti\u00e9ndolos en un complemento esencial para cualquier armario sofisticado. El vibrante tono amarillo llama la atenci\u00f3n al instante, ofreciendo una declaraci\u00f3n audaz pero refinada que te distingue de la multitud. No son s\u00f3lo unos zapatos; son una declaraci\u00f3n de elegancia sin esfuerzo y calidad superior, que definen realmente lo que es la alta calidad. <strong>Mocasines de hombre de piel de becerro amarilla<\/strong> deber\u00eda ser.<\/p>\n<h3>Materiales de primera calidad y comodidad EVA en nuestros mocasines de piel de becerro amarilla<\/h3>\n<p>Nuestro compromiso con la calidad comienza con los materiales. Cada par de estos excepcionales mocasines informales est\u00e1 meticulosamente fabricado con la mejor piel de becerro de primera calidad, conocida por su incre\u00edble suavidad, durabilidad y lujoso tacto. Esta elecci\u00f3n de material garantiza que sus <strong>Mocasines de hombre de piel de becerro amarilla<\/strong> no s\u00f3lo tendr\u00e1 un aspecto impresionante, sino que tambi\u00e9n resistir\u00e1 el paso del tiempo, desarrollando una p\u00e1tina \u00fanica que contar\u00e1 su historia. Garantizamos que la piel de becerro utilizada en estos llamativos mocasines de piel de becerro amarilla es del m\u00e1s alto nivel.<\/p>\n<p>M\u00e1s all\u00e1 del exterior, la comodidad es primordial. El interior est\u00e1 forrado con piel de cabra flexible y transpirable, que proporciona un abrazo incre\u00edblemente suave y delicado a tus pies. Este forro de cabra de primera calidad absorbe la humedad y garantiza una circulaci\u00f3n \u00f3ptima del aire, manteniendo los pies frescos y c\u00f3modos durante todo el d\u00eda, incluso durante un uso prolongado. Como complemento, la ligera suela de EVA ofrece una amortiguaci\u00f3n y flexibilidad superiores, mejorando tu experiencia al caminar. Experimenta la diferencia que marcan la verdadera artesan\u00eda y los materiales superiores con nuestros <strong>Mocasines de hombre de piel de becerro amarilla<\/strong>, Dise\u00f1ado para el m\u00e1ximo bienestar de los pies y comodidad durante todo el d\u00eda.<\/p>\n<h3>Dise\u00f1o distintivo y estilo vers\u00e1til para sus mocasines amarillos<\/h3>\n<p>La cl\u00e1sica silueta de mocas\u00edn se eleva con cuidados detalles de dise\u00f1o. La meticulosa costura a mano a lo largo de la pala muestra la atenci\u00f3n al detalle, mientras que un sofisticado medall\u00f3n met\u00e1lico a\u00f1ade un toque de elegancia \u00fanica. La suela de EVA, robusta pero flexible, ofrece una excelente tracci\u00f3n y sujeci\u00f3n, haciendo que estos <strong>Mocasines de hombre de piel de becerro amarilla<\/strong> ideales para diversas ocasiones. Tanto si te mueves por las calles de la ciudad como si asistes a una reuni\u00f3n de negocios informal o disfrutas de un fin de semana de ocio, estos mocasines amarillos de piel de ternero se adaptan a la perfecci\u00f3n a tu estilo de vida.<\/p>\n<p>Estos vers\u00e1tiles mocasines casuales combinan a la perfecci\u00f3n con todo tipo de conjuntos. Comb\u00ednalos con unos pantalones chinos entallados y una americana para un conjunto elegante e informal, o con unos pantalones de lino o unos shorts para un look de vacaciones relajado pero elegante. El color distintivo garantiza que tu calzado cause una impresi\u00f3n memorable, solidificando tus credenciales de estilo. Para quienes aprecian el calzado que combina forma y funcionalidad, estos son los zapatos ideales. <strong>Mocasines de hombre de piel de becerro amarilla<\/strong>, que ofrece un estilo y una comodidad incomparables en un llamativo tono amarillo que complementa a la perfecci\u00f3n a cualquier persona a la moda que busque mocasines amarillos de primera calidad.<\/p>\n<h3>Oportunidades de venta al por mayor para socios minoristas de Mocasines de hombre de piel de becerro amarilla<\/h3>\n<p>Estamos orgullosos de ofrecer estos productos de alta calidad <strong>Mocasines de hombre de piel de becerro amarilla<\/strong> para la compra al por mayor. Los minoristas y las empresas que buscan ofrecer a sus clientes calzado de primera calidad, elegante y c\u00f3modo encontrar\u00e1n estos mocasines de piel de becerro amarillo como una excelente adici\u00f3n a su inventario. Con una cantidad m\u00ednima de pedido de 8 pares, es f\u00e1cil de abastecerse de este estilo popular y satisfacer la demanda de calzado de los hombres excepcionales. Ofrezca a su clientela la oportunidad de experimentar el lujo y el dise\u00f1o \u00fanico de estos extraordinarios mocasines. <strong>Mocasines de hombre de piel de becerro amarilla<\/strong>, perfecto para sus gustos m\u00e1s exigentes.<\/p>\n<p>Disponibles en una amplia gama de tallas de la UE 40 a la 44, nuestras <strong>Mocasines de hombre de piel de becerro amarilla<\/strong> prometen un ajuste perfecto y un estilo perdurable. Invierta hoy mismo en calidad, comodidad y estilo inconfundible con estos exquisitos mocasines de piel de ternero amarilla.<\/p>","protected":false},"excerpt":{"rendered":"<ul>\n<li>Parte superior de piel de becerro de primera calidad para una mayor durabilidad y un tacto lujoso<\/li>\n<li>Forro de piel de cabra suave y transpirable para mayor comodidad durante todo el d\u00eda<\/li>\n<li>Suela ligera de EVA para mayor amortiguaci\u00f3n y flexibilidad<\/li>\n<li>Tono amarillo vibrante con dise\u00f1o de mocas\u00edn cl\u00e1sico y detalle de medall\u00f3n met\u00e1lico<\/li>\n<li>Perfecto para ocasiones informales y elegantes<\/li>\n<li>Disponible en tallas UE 40-44<\/li>\n<li>Oportunidades al por mayor disponibles (pedido m\u00ednimo: 8 pares)<\/li>\n<\/ul>","protected":false},"featured_media":6749,"template":"","meta":{"_acf_changed":false,"_uag_custom_page_level_css":"","site-sidebar-layout":"default","site-content-layout":"","ast-site-content-layout":"default","site-content-style":"default","site-sidebar-style":"default","ast-global-header-display":"","ast-banner-title-visibility":"","ast-main-header-display":"","ast-hfb-above-header-display":"","ast-hfb-below-header-display":"","ast-hfb-mobile-header-display":"","site-post-title":"","ast-breadcrumbs-content":"","ast-featured-img":"","footer-sml-layout":"","ast-disable-related-posts":"","theme-transparent-header-meta":"","adv-header-id-meta":"","stick-header-meta":"","header-above-stick-meta":"","header-main-stick-meta":"","header-below-stick-meta":"","astra-migrate-meta-layouts":"default","ast-page-background-enabled":"default","ast-page-background-meta":{"desktop":{"background-color":"var(--ast-global-color-4)","background-image":"","background-repeat":"repeat","background-position":"center center","background-size":"auto","background-attachment":"scroll","background-type":"","background-media":"","overlay-type":"","overlay-color":"","overlay-opacity":"","overlay-gradient":""},"tablet":{"background-color":"","background-image":"","background-repeat":"repeat","background-position":"center center","background-size":"auto","background-attachment":"scroll","background-type":"","background-media":"","overlay-type":"","overlay-color":"","overlay-opacity":"","overlay-gradient":""},"mobile":{"background-color":"","background-image":"","background-repeat":"repeat","background-position":"center center","background-size":"auto","background-attachment":"scroll","background-type":"","background-media":"","overlay-type":"","overlay-color":"","overlay-opacity":"","overlay-gradient":""}},"ast-content-background-meta":{"desktop":{"background-color":"var(--ast-global-color-5)","background-image":"","background-repeat":"repeat","background-position":"center center","background-size":"auto","background-attachment":"scroll","background-type":"","background-media":"","overlay-type":"","overlay-color":"","overlay-opacity":"","overlay-gradient":""},"tablet":{"background-color":"var(--ast-global-color-5)","background-image":"","background-repeat":"repeat","background-position":"center center","background-size":"auto","background-attachment":"scroll","background-type":"","background-media":"","overlay-type":"","overlay-color":"","overlay-opacity":"","overlay-gradient":""},"mobile":{"background-color":"var(--ast-global-color-5)","background-image":"","background-repeat":"repeat","background-position":"center center","background-size":"auto","background-attachment":"scroll","background-type":"","background-media":"","overlay-type":"","overlay-color":"","overlay-opacity":"","overlay-gradient":""}}},"product_brand":[],"product_cat":[48,49,430,1200],"product_tag":[185,449,438,1249,762,186,1437,374,350,1436],"class_list":{"0":"post-8593","1":"product","2":"type-product","3":"status-publish","4":"has-post-thumbnail","6":"product_cat-casual","7":"product_cat-loafer","8":"product_cat-men","9":"product_cat-mens-shoes-2","10":"product_tag-calf-leather-shoes","11":"product_tag-casual-shoes","12":"product_tag-eva-sole","13":"product_tag-goat-lining","14":"product_tag-loafer-shoes","15":"product_tag-mens-loafers","16":"product_tag-mens-yellow-shoes","17":"product_tag-premium-loafers","18":"product_tag-stylish-mens-footwear","19":"product_tag-yellow-loafers","20":"desktop-align-center","21":"tablet-align-center","22":"mobile-align-center","24":"first","25":"instock","26":"shipping-taxable","27":"purchasable","28":"product-type-variable","29":"has-default-attributes"},"acf":[],"uagb_featured_image_src":{"full":["https:\/\/turkishtrade.co\/wp-content\/uploads\/2026\/01\/2600QLOMN00045-YELLOW.png",453,250,false],"thumbnail":["https:\/\/turkishtrade.co\/wp-content\/uploads\/2026\/01\/2600QLOMN00045-YELLOW-150x150.png",150,150,true],"medium":["https:\/\/turkishtrade.co\/wp-content\/uploads\/2026\/01\/2600QLOMN00045-YELLOW-300x166.png",300,166,true],"medium_large":["https:\/\/turkishtrade.co\/wp-content\/uploads\/2026\/01\/2600QLOMN00045-YELLOW.png",453,250,false],"large":["https:\/\/turkishtrade.co\/wp-content\/uploads\/2026\/01\/2600QLOMN00045-YELLOW.png",453,250,false],"1536x1536":["https:\/\/turkishtrade.co\/wp-content\/uploads\/2026\/01\/2600QLOMN00045-YELLOW.png",453,250,false],"2048x2048":["https:\/\/turkishtrade.co\/wp-content\/uploads\/2026\/01\/2600QLOMN00045-YELLOW.png",453,250,false],"trp-custom-language-flag":["https:\/\/turkishtrade.co\/wp-content\/uploads\/2026\/01\/2600QLOMN00045-YELLOW-18x10.png",18,10,true],"woocommerce_thumbnail":["https:\/\/turkishtrade.co\/wp-content\/uploads\/2026\/01\/2600QLOMN00045-YELLOW-400x250.png",400,250,true],"woocommerce_single":["https:\/\/turkishtrade.co\/wp-content\/uploads\/2026\/01\/2600QLOMN00045-YELLOW.png",453,250,false],"woocommerce_gallery_thumbnail":["https:\/\/turkishtrade.co\/wp-content\/uploads\/2026\/01\/2600QLOMN00045-YELLOW-100x100.png",100,100,true]},"uagb_author_info":{"display_name":"python python","author_link":"https:\/\/turkishtrade.co\/es\/author\/"},"uagb_comment_info":0,"uagb_excerpt":"Premium Calf Leather Upper for Durability and Luxurious Feel Soft and Breathable Goat Leather Lining for All-Day Comfort Lightweight EVA Sole for Superior Cushioning and Flexibility Vibrant Yellow Hue with Classic Loafer Design &amp; Metallic Medallion Detail Perfect for Casual to Smart-Casual Occasions Available in EU Sizes 40-44 Wholesale Opportunities Available (Minimum Order: 8 Pairs)","_links":{"self":[{"href":"https:\/\/turkishtrade.co\/es\/wp-json\/wp\/v2\/product\/8593","targetHints":{"allow":["GET"]}}],"collection":[{"href":"https:\/\/turkishtrade.co\/es\/wp-json\/wp\/v2\/product"}],"about":[{"href":"https:\/\/turkishtrade.co\/es\/wp-json\/wp\/v2\/types\/product"}],"wp:featuredmedia":[{"embeddable":true,"href":"https:\/\/turkishtrade.co\/es\/wp-json\/wp\/v2\/media\/6749"}],"wp:attachment":[{"href":"https:\/\/turkishtrade.co\/es\/wp-json\/wp\/v2\/media?parent=8593"}],"wp:term":[{"taxonomy":"product_brand","embeddable":true,"href":"https:\/\/turkishtrade.co\/es\/wp-json\/wp\/v2\/product_brand?post=8593"},{"taxonomy":"product_cat","embeddable":true,"href":"https:\/\/turkishtrade.co\/es\/wp-json\/wp\/v2\/product_cat?post=8593"},{"taxonomy":"product_tag","embeddable":true,"href":"https:\/\/turkishtrade.co\/es\/wp-json\/wp\/v2\/product_tag?post=8593"}],"curies":[{"name":"wp","href":"https:\/\/api.w.org\/{rel}","templated":true}]}}