{"id":8591,"date":"2026-01-29T14:51:20","date_gmt":"2026-01-29T14:51:20","guid":{"rendered":"https:\/\/turkishtrade.co\/?post_type=product&#038;p=8591"},"modified":"2026-04-09T20:20:29","modified_gmt":"2026-04-09T20:20:29","slug":"mens-calf-leather-loafers-20","status":"publish","type":"product","link":"https:\/\/turkishtrade.co\/es\/shop\/mens-calf-leather-loafers-20\/","title":{"rendered":"Mocasines de hombre en piel de becerro Authentic | Mocasines de hombre en piel de becerro azul marino de primera calidad"},"content":{"rendered":"<p><strong>Mocasines de hombre de piel de becerro<\/strong>. Calidad y dise\u00f1o aut\u00e9nticos.<\/p>\n<p>Disfrute de un confort sofisticado y un estilo atemporal con nuestros <strong>Mocasines de hombre de piel de becerro<\/strong>. Dise\u00f1ados para el caballero exigente, estos exquisitos mocasines casuales combinan a la perfecci\u00f3n la elegancia cl\u00e1sica con la practicidad moderna. Elaborados con la mejor piel de ternero aut\u00e9ntica, cada par promete no s\u00f3lo una durabilidad excepcional, sino tambi\u00e9n un tacto lujoso que se enriquecer\u00e1 con el paso del tiempo. Disfrute de una calidad y un dise\u00f1o incomparables con estos excepcionales mocasines. <strong>Mocasines de hombre de piel de becerro<\/strong>.<\/p>\n<h3>Artesan\u00eda inigualable y materiales de primera calidad<\/h3>\n<p>En el coraz\u00f3n de estos mocasines se encuentra un compromiso con los materiales superiores. El exterior est\u00e1 confeccionado en flexible piel de becerro plena flor, famosa por su resistencia, suavidad y hermosa textura natural. Esto garantiza que su calzado resista el uso diario manteniendo un aspecto pulido. En el interior, tus pies estar\u00e1n acunados por un forro de cuero de cabra lujosamente suave, conocido por su transpirabilidad y propiedades de absorci\u00f3n de la humedad, garantizando una comodidad y frescura excepcionales durante todo el d\u00eda. La base es una suela de EVA ligera pero robusta, dise\u00f1ada para proporcionar una excelente amortiguaci\u00f3n, flexibilidad y un agarre fiable sin a\u00f1adir volumen innecesario. Estos elementos se combinan para crear <strong>Mocasines de hombre de piel de becerro<\/strong> que ofrecen tanto forma como funci\u00f3n.<\/p>\n<h3>Estilo sin esfuerzo para cualquier ocasi\u00f3n<\/h3>\n<p>El dise\u00f1o de estos <strong>Mocasines de hombre de piel de becerro<\/strong> exuda una sofisticaci\u00f3n discreta. Con un cl\u00e1sico detalle de borla y una meticulosa construcci\u00f3n de mocas\u00edn cosido a mano, capturan la esencia de la est\u00e9tica tradicional de los mocasines. El intenso tono azul marino ofrece una alternativa vers\u00e1til y elegante al negro o el marr\u00f3n convencionales, por lo que son incre\u00edblemente f\u00e1ciles de combinar con una amplia gama de atuendos. Estos mocasines son la elecci\u00f3n ideal para a\u00f1adir un toque de refinada elegancia a cualquier conjunto, desde un elegante atuendo informal de oficina hasta prendas relajadas de fin de semana. Son la quintaesencia del mocas\u00edn informal para el hombre moderno.<\/p>\n<h3>Confort para todo el d\u00eda<\/h3>\n<p>La comodidad es primordial en nuestra filosof\u00eda de dise\u00f1o. La combinaci\u00f3n de la flexible piel de becerro, el suave forro de piel de cabra y la flexible suela de EVA garantiza una experiencia de uso incre\u00edblemente c\u00f3moda de la ma\u00f1ana a la noche. Estas <strong>Mocasines de hombre de piel de becerro<\/strong> se adaptan al contorno de tus pies, proporcionando una amortiguaci\u00f3n de apoyo y reduciendo la fatiga. Disponibles en una amplia gama de tallas UE desde la 40 hasta la 44, garantizamos un ajuste perfecto y ce\u00f1ido, que le permitir\u00e1 moverse con facilidad y confianza, le lleve donde le lleve el d\u00eda.<\/p>\n<h3>Oportunidades exclusivas para mayoristas<\/h3>\n<p>Para las empresas que buscan enriquecer su inventario con calzado de alta calidad y de gran demanda, estos productos premium <strong>Mocasines de hombre de piel de becerro<\/strong> est\u00e1n disponibles para su compra al por mayor. Requerimos un pedido m\u00ednimo de 8 pares, por lo que es conveniente para los minoristas almacenar una colecci\u00f3n significativa. Ofrezca a sus clientes un producto que ejemplifica la experta artesan\u00eda turca, los materiales superiores y el estilo duradero: un favorito garantizado para su armario.<\/p>\n<p>Invierta en un par de nuestros excepcionales <strong>Mocasines de hombre de piel de becerro<\/strong> hoy mismo y redefina sus est\u00e1ndares de lujo, comodidad y calzado informal sofisticado. Eleve su estilo personal o mejore su oferta minorista con un producto fabricado para impresionar y durar.<\/p>","protected":false},"excerpt":{"rendered":"<ul>\n<li>Fabricado en piel de ternero aut\u00e9ntica y flexible para una calidad duradera<\/li>\n<li>El forro de piel de cabra lujosamente suave garantiza un confort y una transpirabilidad superiores<\/li>\n<li>Suela de EVA ligera y flexible que proporciona amortiguaci\u00f3n durante todo el d\u00eda<\/li>\n<li>Presenta un detalle cl\u00e1sico de borla y meticulosas costuras de mocas\u00edn<\/li>\n<li>Sofisticado tono azul marino, perfecto para un estilo vers\u00e1til<\/li>\n<li>Disponible en tallas UE 40-44 para un ajuste perfecto<\/li>\n<li>Ideal para pedidos al por mayor con una cantidad m\u00ednima de 8 pares<\/li>\n<\/ul>","protected":false},"featured_media":6747,"template":"","meta":{"_acf_changed":false,"_uag_custom_page_level_css":"","site-sidebar-layout":"default","site-content-layout":"","ast-site-content-layout":"default","site-content-style":"default","site-sidebar-style":"default","ast-global-header-display":"","ast-banner-title-visibility":"","ast-main-header-display":"","ast-hfb-above-header-display":"","ast-hfb-below-header-display":"","ast-hfb-mobile-header-display":"","site-post-title":"","ast-breadcrumbs-content":"","ast-featured-img":"","footer-sml-layout":"","ast-disable-related-posts":"","theme-transparent-header-meta":"","adv-header-id-meta":"","stick-header-meta":"","header-above-stick-meta":"","header-main-stick-meta":"","header-below-stick-meta":"","astra-migrate-meta-layouts":"default","ast-page-background-enabled":"default","ast-page-background-meta":{"desktop":{"background-color":"var(--ast-global-color-4)","background-image":"","background-repeat":"repeat","background-position":"center center","background-size":"auto","background-attachment":"scroll","background-type":"","background-media":"","overlay-type":"","overlay-color":"","overlay-opacity":"","overlay-gradient":""},"tablet":{"background-color":"","background-image":"","background-repeat":"repeat","background-position":"center center","background-size":"auto","background-attachment":"scroll","background-type":"","background-media":"","overlay-type":"","overlay-color":"","overlay-opacity":"","overlay-gradient":""},"mobile":{"background-color":"","background-image":"","background-repeat":"repeat","background-position":"center center","background-size":"auto","background-attachment":"scroll","background-type":"","background-media":"","overlay-type":"","overlay-color":"","overlay-opacity":"","overlay-gradient":""}},"ast-content-background-meta":{"desktop":{"background-color":"var(--ast-global-color-5)","background-image":"","background-repeat":"repeat","background-position":"center center","background-size":"auto","background-attachment":"scroll","background-type":"","background-media":"","overlay-type":"","overlay-color":"","overlay-opacity":"","overlay-gradient":""},"tablet":{"background-color":"var(--ast-global-color-5)","background-image":"","background-repeat":"repeat","background-position":"center center","background-size":"auto","background-attachment":"scroll","background-type":"","background-media":"","overlay-type":"","overlay-color":"","overlay-opacity":"","overlay-gradient":""},"mobile":{"background-color":"var(--ast-global-color-5)","background-image":"","background-repeat":"repeat","background-position":"center center","background-size":"auto","background-attachment":"scroll","background-type":"","background-media":"","overlay-type":"","overlay-color":"","overlay-opacity":"","overlay-gradient":""}}},"product_brand":[],"product_cat":[48,49,430,1200],"product_tag":[185,449,287,189,967,186,372,557,525,349],"class_list":{"0":"post-8591","1":"product","2":"type-product","3":"status-publish","4":"has-post-thumbnail","6":"product_cat-casual","7":"product_cat-loafer","8":"product_cat-men","9":"product_cat-mens-shoes-2","10":"product_tag-calf-leather-shoes","11":"product_tag-casual-shoes","12":"product_tag-eva-sole-shoes","13":"product_tag-goat-leather-lining","14":"product_tag-leather-casual-shoes","15":"product_tag-mens-loafers","16":"product_tag-mens-slip-on-shoes","17":"product_tag-navy-loafers","18":"product_tag-premium-leather-footwear","19":"product_tag-tassel-loafers","20":"desktop-align-center","21":"tablet-align-center","22":"mobile-align-center","24":"first","25":"instock","26":"shipping-taxable","27":"purchasable","28":"product-type-variable","29":"has-default-attributes"},"acf":[],"uagb_featured_image_src":{"full":["https:\/\/turkishtrade.co\/wp-content\/uploads\/2026\/01\/2600QLOMN00043-GREY.png",453,250,false],"thumbnail":["https:\/\/turkishtrade.co\/wp-content\/uploads\/2026\/01\/2600QLOMN00043-GREY-150x150.png",150,150,true],"medium":["https:\/\/turkishtrade.co\/wp-content\/uploads\/2026\/01\/2600QLOMN00043-GREY-300x166.png",300,166,true],"medium_large":["https:\/\/turkishtrade.co\/wp-content\/uploads\/2026\/01\/2600QLOMN00043-GREY.png",453,250,false],"large":["https:\/\/turkishtrade.co\/wp-content\/uploads\/2026\/01\/2600QLOMN00043-GREY.png",453,250,false],"1536x1536":["https:\/\/turkishtrade.co\/wp-content\/uploads\/2026\/01\/2600QLOMN00043-GREY.png",453,250,false],"2048x2048":["https:\/\/turkishtrade.co\/wp-content\/uploads\/2026\/01\/2600QLOMN00043-GREY.png",453,250,false],"trp-custom-language-flag":["https:\/\/turkishtrade.co\/wp-content\/uploads\/2026\/01\/2600QLOMN00043-GREY-18x10.png",18,10,true],"woocommerce_thumbnail":["https:\/\/turkishtrade.co\/wp-content\/uploads\/2026\/01\/2600QLOMN00043-GREY-400x250.png",400,250,true],"woocommerce_single":["https:\/\/turkishtrade.co\/wp-content\/uploads\/2026\/01\/2600QLOMN00043-GREY.png",453,250,false],"woocommerce_gallery_thumbnail":["https:\/\/turkishtrade.co\/wp-content\/uploads\/2026\/01\/2600QLOMN00043-GREY-100x100.png",100,100,true]},"uagb_author_info":{"display_name":"python python","author_link":"https:\/\/turkishtrade.co\/es\/author\/"},"uagb_comment_info":0,"uagb_excerpt":"Crafted from genuine, supple calf leather for lasting quality Luxuriously soft goat leather lining ensures superior comfort and breathability Lightweight and flexible EVA sole provides all-day cushioning Features a classic tassel detail and meticulous moccasin stitching Sophisticated navy hue, perfect for versatile styling Available in EU sizes 40-44 for a perfect fit Ideal for wholesale&hellip;","_links":{"self":[{"href":"https:\/\/turkishtrade.co\/es\/wp-json\/wp\/v2\/product\/8591","targetHints":{"allow":["GET"]}}],"collection":[{"href":"https:\/\/turkishtrade.co\/es\/wp-json\/wp\/v2\/product"}],"about":[{"href":"https:\/\/turkishtrade.co\/es\/wp-json\/wp\/v2\/types\/product"}],"wp:featuredmedia":[{"embeddable":true,"href":"https:\/\/turkishtrade.co\/es\/wp-json\/wp\/v2\/media\/6747"}],"wp:attachment":[{"href":"https:\/\/turkishtrade.co\/es\/wp-json\/wp\/v2\/media?parent=8591"}],"wp:term":[{"taxonomy":"product_brand","embeddable":true,"href":"https:\/\/turkishtrade.co\/es\/wp-json\/wp\/v2\/product_brand?post=8591"},{"taxonomy":"product_cat","embeddable":true,"href":"https:\/\/turkishtrade.co\/es\/wp-json\/wp\/v2\/product_cat?post=8591"},{"taxonomy":"product_tag","embeddable":true,"href":"https:\/\/turkishtrade.co\/es\/wp-json\/wp\/v2\/product_tag?post=8591"}],"curies":[{"name":"wp","href":"https:\/\/api.w.org\/{rel}","templated":true}]}}