{"id":8565,"date":"2026-01-29T14:51:05","date_gmt":"2026-01-29T14:51:05","guid":{"rendered":"https:\/\/turkishtrade.co\/?post_type=product&#038;p=8565"},"modified":"2026-04-09T20:21:00","modified_gmt":"2026-04-09T20:21:00","slug":"mens-calf-leather-loafers-22","status":"publish","type":"product","link":"https:\/\/turkishtrade.co\/es\/shop\/mens-calf-leather-loafers-22\/","title":{"rendered":"Mocasines de hombre en piel de becerro Elite | Mocasines de hombre en piel de becerro blanco"},"content":{"rendered":"<p><strong>Mocasines de hombre de piel de becerro<\/strong>. Calidad y dise\u00f1o de \u00e9lite.<\/p>\n<p>Eleve su colecci\u00f3n de calzado con nuestros exquisitos <strong>Mocasines de hombre en piel de becerro blanca<\/strong>, dise\u00f1ados para el caballero exigente que valora tanto el estilo como la comodidad. Estos mocasines de primera calidad est\u00e1n meticulosamente confeccionados en aut\u00e9ntica piel de ternero y ofrecen un exterior suave, duradero y sofisticado. El color blanco n\u00edtido, combinado con un estampado sutil pero distintivo en la parte superior, garantiza que estos mocasines se ajusten a su estilo. <strong>mocasines de hombre de piel de becerro<\/strong> destacan, lo que las convierte en una opci\u00f3n vers\u00e1til para multitud de ocasiones informales y elegantes.<\/p>\n<h3>Comodidad y calidad inigualables<\/h3>\n<p>Experimente una comodidad inigualable a cada paso, gracias al lujoso forro de piel de cabra. Conocido por su suavidad y transpirabilidad, el interior de piel de cabra acuna tus pies, proporcionando un entorno agradable incluso durante un uso prolongado. A diferencia de las alternativas sint\u00e9ticas, las propiedades naturales de la piel de cabra ayudan a regular la temperatura y a evacuar la humedad, garantizando que tus pies se mantengan frescos. La base de estos excepcionales <strong>mocasines de piel de becerro para hombre<\/strong> es una suela de EVA ligera y flexible. Esta avanzada tecnolog\u00eda de suela absorbe los impactos, reduce la fatiga y ofrece una excelente tracci\u00f3n, por lo que estas zapatillas son ideales para el uso diario.<\/p>\n<h3>Versatilidad con estilo para el hombre moderno<\/h3>\n<p>Nuestra <strong>Mocasines de hombre en piel de becerro blanca<\/strong> son algo m\u00e1s que zapatos: son una declaraci\u00f3n de elegancia discreta. La silueta cl\u00e1sica del mocas\u00edn, actualizada con elementos de dise\u00f1o modernos, combina sin esfuerzo con diversos conjuntos. Imag\u00ednatelos con unos chinos entallados para un look de oficina relajado, con unos pantalones de lino para una noche de verano o incluso con unos vaqueros oscuros para un sofisticado conjunto de fin de semana. Estos <strong>mocasines de hombre de piel de becerro<\/strong> est\u00e1n dise\u00f1ados para complementar su estilo personal, ofreciendo una mezcla de artesan\u00eda tradicional y est\u00e9tica contempor\u00e1nea. Disponibles en una amplia gama de tallas, de la 40 a la 44, encontrar el ajuste perfecto es muy sencillo.<\/p>\n<h3>Durabilidad y artesan\u00eda<\/h3>\n<p>Cada par de estos <strong>mocasines blancos premium<\/strong> es un testimonio de artesan\u00eda superior. Desde la cuidadosa selecci\u00f3n de piel de becerro de alta calidad para el empeine hasta la precisi\u00f3n de las costuras y el acabado, se ha tenido en cuenta hasta el \u00faltimo detalle. Su robusta construcci\u00f3n garantiza <strong>mocasines de piel de becerro<\/strong> est\u00e1n hechos para durar, manteniendo su aspecto impecable y su c\u00f3modo ajuste a lo largo del tiempo. Invierta en un calzado que no s\u00f3lo tenga buen aspecto, sino que tambi\u00e9n ofrezca calidad y comodidad duraderas. Para las empresas que desean ofrecer a sus clientes calzado de primera calidad, estas <strong>mocasines de hombre de piel de becerro<\/strong> est\u00e1n disponibles para su compra al por mayor, con un pedido m\u00ednimo de 8 pares.<\/p>","protected":false},"excerpt":{"rendered":"<ul>\n<li>Confeccionados en aut\u00e9ntica piel de becerro para un acabado sofisticado.<\/li>\n<li>El lujoso forro de piel de cabra garantiza una transpirabilidad y un confort excepcionales.<\/li>\n<li>La suela ligera de EVA proporciona una amortiguaci\u00f3n y flexibilidad superiores.<\/li>\n<li>Elegante dise\u00f1o de mocas\u00edn informal con un exclusivo estampado en la parte superior.<\/li>\n<li>Disponible en una amplia gama de tallas: 40, 41, 42, 43, 44.<\/li>\n<li>Se aceptan pedidos al por mayor con una compra m\u00ednima de 8 pares.<\/li>\n<\/ul>","protected":false},"featured_media":6736,"template":"","meta":{"_acf_changed":false,"_uag_custom_page_level_css":"","site-sidebar-layout":"default","site-content-layout":"","ast-site-content-layout":"default","site-content-style":"default","site-sidebar-style":"default","ast-global-header-display":"","ast-banner-title-visibility":"","ast-main-header-display":"","ast-hfb-above-header-display":"","ast-hfb-below-header-display":"","ast-hfb-mobile-header-display":"","site-post-title":"","ast-breadcrumbs-content":"","ast-featured-img":"","footer-sml-layout":"","ast-disable-related-posts":"","theme-transparent-header-meta":"","adv-header-id-meta":"","stick-header-meta":"","header-above-stick-meta":"","header-main-stick-meta":"","header-below-stick-meta":"","astra-migrate-meta-layouts":"default","ast-page-background-enabled":"default","ast-page-background-meta":{"desktop":{"background-color":"var(--ast-global-color-4)","background-image":"","background-repeat":"repeat","background-position":"center center","background-size":"auto","background-attachment":"scroll","background-type":"","background-media":"","overlay-type":"","overlay-color":"","overlay-opacity":"","overlay-gradient":""},"tablet":{"background-color":"","background-image":"","background-repeat":"repeat","background-position":"center center","background-size":"auto","background-attachment":"scroll","background-type":"","background-media":"","overlay-type":"","overlay-color":"","overlay-opacity":"","overlay-gradient":""},"mobile":{"background-color":"","background-image":"","background-repeat":"repeat","background-position":"center center","background-size":"auto","background-attachment":"scroll","background-type":"","background-media":"","overlay-type":"","overlay-color":"","overlay-opacity":"","overlay-gradient":""}},"ast-content-background-meta":{"desktop":{"background-color":"var(--ast-global-color-5)","background-image":"","background-repeat":"repeat","background-position":"center center","background-size":"auto","background-attachment":"scroll","background-type":"","background-media":"","overlay-type":"","overlay-color":"","overlay-opacity":"","overlay-gradient":""},"tablet":{"background-color":"var(--ast-global-color-5)","background-image":"","background-repeat":"repeat","background-position":"center center","background-size":"auto","background-attachment":"scroll","background-type":"","background-media":"","overlay-type":"","overlay-color":"","overlay-opacity":"","overlay-gradient":""},"mobile":{"background-color":"var(--ast-global-color-5)","background-image":"","background-repeat":"repeat","background-position":"center center","background-size":"auto","background-attachment":"scroll","background-type":"","background-media":"","overlay-type":"","overlay-color":"","overlay-opacity":"","overlay-gradient":""}}},"product_brand":[],"product_cat":[48,49,430,1200],"product_tag":[263,449,438,1249,227,384,198,186,184,1432],"class_list":{"0":"post-8565","1":"product","2":"type-product","3":"status-publish","4":"has-post-thumbnail","6":"product_cat-casual","7":"product_cat-loafer","8":"product_cat-men","9":"product_cat-mens-shoes-2","10":"product_tag-calf-leather-loafers","11":"product_tag-casual-shoes","12":"product_tag-eva-sole","13":"product_tag-goat-lining","14":"product_tag-leather-shoes","15":"product_tag-luxury-loafers","16":"product_tag-mens-fashion","17":"product_tag-mens-loafers","18":"product_tag-slip-on-shoes","19":"product_tag-white-loafers","20":"desktop-align-center","21":"tablet-align-center","22":"mobile-align-center","24":"first","25":"instock","26":"shipping-taxable","27":"purchasable","28":"product-type-variable","29":"has-default-attributes"},"acf":[],"uagb_featured_image_src":{"full":["https:\/\/turkishtrade.co\/wp-content\/uploads\/2026\/01\/2600QLOMN00032-WHITE.png",453,250,false],"thumbnail":["https:\/\/turkishtrade.co\/wp-content\/uploads\/2026\/01\/2600QLOMN00032-WHITE-150x150.png",150,150,true],"medium":["https:\/\/turkishtrade.co\/wp-content\/uploads\/2026\/01\/2600QLOMN00032-WHITE-300x166.png",300,166,true],"medium_large":["https:\/\/turkishtrade.co\/wp-content\/uploads\/2026\/01\/2600QLOMN00032-WHITE.png",453,250,false],"large":["https:\/\/turkishtrade.co\/wp-content\/uploads\/2026\/01\/2600QLOMN00032-WHITE.png",453,250,false],"1536x1536":["https:\/\/turkishtrade.co\/wp-content\/uploads\/2026\/01\/2600QLOMN00032-WHITE.png",453,250,false],"2048x2048":["https:\/\/turkishtrade.co\/wp-content\/uploads\/2026\/01\/2600QLOMN00032-WHITE.png",453,250,false],"trp-custom-language-flag":["https:\/\/turkishtrade.co\/wp-content\/uploads\/2026\/01\/2600QLOMN00032-WHITE-18x10.png",18,10,true],"woocommerce_thumbnail":["https:\/\/turkishtrade.co\/wp-content\/uploads\/2026\/01\/2600QLOMN00032-WHITE-400x250.png",400,250,true],"woocommerce_single":["https:\/\/turkishtrade.co\/wp-content\/uploads\/2026\/01\/2600QLOMN00032-WHITE.png",453,250,false],"woocommerce_gallery_thumbnail":["https:\/\/turkishtrade.co\/wp-content\/uploads\/2026\/01\/2600QLOMN00032-WHITE-100x100.png",100,100,true]},"uagb_author_info":{"display_name":"python python","author_link":"https:\/\/turkishtrade.co\/es\/author\/"},"uagb_comment_info":0,"uagb_excerpt":"Crafted from genuine calf leather for a sophisticated finish. Luxurious goat leather lining ensures exceptional breathability and comfort. Lightweight EVA sole provides superior cushioning and flexibility. Stylish casual loafer design with a unique patterned upper. Available in a wide range of sizes: 40, 41, 42, 43, 44. Wholesale orders welcome with a minimum purchase of&hellip;","_links":{"self":[{"href":"https:\/\/turkishtrade.co\/es\/wp-json\/wp\/v2\/product\/8565","targetHints":{"allow":["GET"]}}],"collection":[{"href":"https:\/\/turkishtrade.co\/es\/wp-json\/wp\/v2\/product"}],"about":[{"href":"https:\/\/turkishtrade.co\/es\/wp-json\/wp\/v2\/types\/product"}],"wp:featuredmedia":[{"embeddable":true,"href":"https:\/\/turkishtrade.co\/es\/wp-json\/wp\/v2\/media\/6736"}],"wp:attachment":[{"href":"https:\/\/turkishtrade.co\/es\/wp-json\/wp\/v2\/media?parent=8565"}],"wp:term":[{"taxonomy":"product_brand","embeddable":true,"href":"https:\/\/turkishtrade.co\/es\/wp-json\/wp\/v2\/product_brand?post=8565"},{"taxonomy":"product_cat","embeddable":true,"href":"https:\/\/turkishtrade.co\/es\/wp-json\/wp\/v2\/product_cat?post=8565"},{"taxonomy":"product_tag","embeddable":true,"href":"https:\/\/turkishtrade.co\/es\/wp-json\/wp\/v2\/product_tag?post=8565"}],"curies":[{"name":"wp","href":"https:\/\/api.w.org\/{rel}","templated":true}]}}