{"id":8554,"date":"2026-01-29T14:51:04","date_gmt":"2026-01-29T14:51:04","guid":{"rendered":"https:\/\/turkishtrade.co\/?post_type=product&#038;p=8554"},"modified":"2026-04-09T20:21:34","modified_gmt":"2026-04-09T20:21:34","slug":"mens-calf-leather-loafers-14","status":"publish","type":"product","link":"https:\/\/turkishtrade.co\/es\/shop\/mens-calf-leather-loafers-14\/","title":{"rendered":"Mocasines de hombre en piel de becerro Incredible | Mocasines de hombre en piel de becerro de primera calidad"},"content":{"rendered":"<p><strong>Mocasines de hombre de piel de becerro<\/strong>. Calidad y dise\u00f1o incre\u00edbles.<\/p>\n<p>Sum\u00e9rjase en un estilo y un confort incomparables con nuestro exquisito <strong>Mocasines de hombre de piel de becerro<\/strong>. Dise\u00f1ados para el hombre moderno que aprecia tanto el lujo como la practicidad, estos mocasines son el ep\u00edtome de la elegancia informal. Cada par est\u00e1 meticulosamente confeccionado en piel de ternero de alta calidad, ofreciendo un aspecto sofisticado y una notable durabilidad que resistir\u00e1n el paso del tiempo. El exclusivo patr\u00f3n texturizado de la parte superior, complementado con un llamativo adorno met\u00e1lico, los convierte en el modelo perfecto para cualquier ocasi\u00f3n. <strong>Mocasines de hombre de piel de becerro<\/strong> aparte del calzado ordinario.<\/p>\n<p>Experimenta un confort sublime a cada paso, gracias al forro de piel de cabra suave y transpirable. Este interior de primera calidad garantiza que tus pies permanezcan frescos y c\u00f3modos durante todo el d\u00eda, adapt\u00e1ndose perfectamente al contorno natural del pie. La ligera suela de EVA mejora a\u00fan m\u00e1s la experiencia de caminar, proporcionando una excelente amortiguaci\u00f3n y flexibilidad. Tanto si te mueves por las calles de la ciudad como si disfrutas de un relajado fin de semana, estas <strong>Mocasines de hombre de piel de becerro<\/strong> ofrecen una base c\u00f3moda para cualquier conjunto informal.<\/p>\n<h3>Artesan\u00eda y dise\u00f1o inigualables<\/h3>\n<p>Nuestro compromiso con la calidad es evidente en cada puntada y cada detalle. La piel de ternero cuidadosamente seleccionada no s\u00f3lo confiere a estos mocasines para hombre un tacto lujoso, sino tambi\u00e9n un atractivo est\u00e9tico distintivo. El intrincado dibujo de la pala y los laterales a\u00f1ade un car\u00e1cter \u00fanico, mientras que el llamativo adorno met\u00e1lico act\u00faa como sofisticado punto focal. No son s\u00f3lo unos zapatos, son una pieza \u00fanica que combina el dise\u00f1o tradicional de los mocasines con un toque contempor\u00e1neo. Los sutiles detalles de cosido a lo largo de la puntera del mocas\u00edn resaltan a\u00fan m\u00e1s la artesan\u00eda, haciendo de estos zapatos de primera calidad una pieza \u00fanica. <strong>Mocasines de hombre de piel de becerro<\/strong> un producto imprescindible para los paladares m\u00e1s exigentes.<\/p>\n<h3>Perfecto para cualquier ocasi\u00f3n informal<\/h3>\n<p>La versatilidad es clave cuando se trata de calzado moderno, y estos <strong>Mocasines de hombre de piel de becerro<\/strong> entregar. Su dise\u00f1o desenfadado y refinado los hace adecuados para una amplia variedad de ocasiones. Comb\u00ednalos con pantalones chinos para un look elegante e informal, o con vaqueros para un estilo chic sin esfuerzo. El tono neutro de la piel facilita la combinaci\u00f3n con tu vestuario, ofreciendo infinitas posibilidades de estilo. Con tallas que van de la 40 a la 44, garantizamos un ajuste perfecto para una amplia base de clientes que buscan calzado masculino de alta calidad.<\/p>\n<h3>Oportunidad de venta al por mayor para minoristas<\/h3>\n<p>Para los minoristas que buscan ofrecer a sus clientes un calzado de primera calidad, elegante y c\u00f3modo, estas <strong>Mocasines de hombre de piel de becerro<\/strong> presentan una excelente oportunidad. Con una cantidad m\u00ednima de pedido de s\u00f3lo 8 pares, puede abastecerse f\u00e1cilmente de estos solicitados mocasines para hombre. Aumente su inventario con un producto que promete calidad y un gran atractivo para el cliente. Ofrezca a su clientela los mejores mocasines de piel de ternero, que combinan un dise\u00f1o excepcional con un uso diario. Invierta en un calzado que destaque y satisfaga.<\/p>","protected":false},"excerpt":{"rendered":"<ul>\n<li>Fabricada en piel de becerro de primera calidad para ofrecer un aspecto y una calidad superiores<\/li>\n<li>El lujoso forro de piel de cabra garantiza el m\u00e1ximo confort y transpirabilidad<\/li>\n<li>Suela de EVA ligera y flexible que proporciona una amortiguaci\u00f3n excepcional<\/li>\n<li>Presenta un distintivo dise\u00f1o texturizado y un ornamento met\u00e1lico \u00fanico<\/li>\n<li>Disponible en una amplia gama de tallas: EU 40, 41, 42, 43, 44<\/li>\n<li>Pedido m\u00ednimo: 8 Pares (Oportunidades de venta al por mayor disponibles)<\/li>\n<\/ul>","protected":false},"featured_media":6725,"template":"","meta":{"_acf_changed":false,"_uag_custom_page_level_css":"","site-sidebar-layout":"default","site-content-layout":"","ast-site-content-layout":"default","site-content-style":"default","site-sidebar-style":"default","ast-global-header-display":"","ast-banner-title-visibility":"","ast-main-header-display":"","ast-hfb-above-header-display":"","ast-hfb-below-header-display":"","ast-hfb-mobile-header-display":"","site-post-title":"","ast-breadcrumbs-content":"","ast-featured-img":"","footer-sml-layout":"","ast-disable-related-posts":"","theme-transparent-header-meta":"","adv-header-id-meta":"","stick-header-meta":"","header-above-stick-meta":"","header-main-stick-meta":"","header-below-stick-meta":"","astra-migrate-meta-layouts":"default","ast-page-background-enabled":"default","ast-page-background-meta":{"desktop":{"background-color":"var(--ast-global-color-4)","background-image":"","background-repeat":"repeat","background-position":"center center","background-size":"auto","background-attachment":"scroll","background-type":"","background-media":"","overlay-type":"","overlay-color":"","overlay-opacity":"","overlay-gradient":""},"tablet":{"background-color":"","background-image":"","background-repeat":"repeat","background-position":"center center","background-size":"auto","background-attachment":"scroll","background-type":"","background-media":"","overlay-type":"","overlay-color":"","overlay-opacity":"","overlay-gradient":""},"mobile":{"background-color":"","background-image":"","background-repeat":"repeat","background-position":"center center","background-size":"auto","background-attachment":"scroll","background-type":"","background-media":"","overlay-type":"","overlay-color":"","overlay-opacity":"","overlay-gradient":""}},"ast-content-background-meta":{"desktop":{"background-color":"var(--ast-global-color-5)","background-image":"","background-repeat":"repeat","background-position":"center center","background-size":"auto","background-attachment":"scroll","background-type":"","background-media":"","overlay-type":"","overlay-color":"","overlay-opacity":"","overlay-gradient":""},"tablet":{"background-color":"var(--ast-global-color-5)","background-image":"","background-repeat":"repeat","background-position":"center center","background-size":"auto","background-attachment":"scroll","background-type":"","background-media":"","overlay-type":"","overlay-color":"","overlay-opacity":"","overlay-gradient":""},"mobile":{"background-color":"var(--ast-global-color-5)","background-image":"","background-repeat":"repeat","background-position":"center center","background-size":"auto","background-attachment":"scroll","background-type":"","background-media":"","overlay-type":"","overlay-color":"","overlay-opacity":"","overlay-gradient":""}}},"product_brand":[],"product_cat":[48,49,430,1200],"product_tag":[185,512,530,287,189,1425,186,760,1426,262],"class_list":{"0":"post-8554","1":"product","2":"type-product","3":"status-publish","4":"has-post-thumbnail","6":"product_cat-casual","7":"product_cat-loafer","8":"product_cat-men","9":"product_cat-mens-shoes-2","10":"product_tag-calf-leather-shoes","11":"product_tag-casual-loafers","12":"product_tag-designer-loafers","13":"product_tag-eva-sole-shoes","14":"product_tag-goat-leather-lining","15":"product_tag-leather-comfort-shoes","16":"product_tag-mens-loafers","17":"product_tag-tan-loafers","18":"product_tag-unique-mens-footwear","19":"product_tag-wholesale-mens-shoes","20":"desktop-align-center","21":"tablet-align-center","22":"mobile-align-center","24":"first","25":"instock","26":"shipping-taxable","27":"purchasable","28":"product-type-variable","29":"has-default-attributes"},"acf":[],"uagb_featured_image_src":{"full":["https:\/\/turkishtrade.co\/wp-content\/uploads\/2026\/01\/2600QLOMN00021-BEIGE.png",453,250,false],"thumbnail":["https:\/\/turkishtrade.co\/wp-content\/uploads\/2026\/01\/2600QLOMN00021-BEIGE-150x150.png",150,150,true],"medium":["https:\/\/turkishtrade.co\/wp-content\/uploads\/2026\/01\/2600QLOMN00021-BEIGE-300x166.png",300,166,true],"medium_large":["https:\/\/turkishtrade.co\/wp-content\/uploads\/2026\/01\/2600QLOMN00021-BEIGE.png",453,250,false],"large":["https:\/\/turkishtrade.co\/wp-content\/uploads\/2026\/01\/2600QLOMN00021-BEIGE.png",453,250,false],"1536x1536":["https:\/\/turkishtrade.co\/wp-content\/uploads\/2026\/01\/2600QLOMN00021-BEIGE.png",453,250,false],"2048x2048":["https:\/\/turkishtrade.co\/wp-content\/uploads\/2026\/01\/2600QLOMN00021-BEIGE.png",453,250,false],"trp-custom-language-flag":["https:\/\/turkishtrade.co\/wp-content\/uploads\/2026\/01\/2600QLOMN00021-BEIGE-18x10.png",18,10,true],"woocommerce_thumbnail":["https:\/\/turkishtrade.co\/wp-content\/uploads\/2026\/01\/2600QLOMN00021-BEIGE-400x250.png",400,250,true],"woocommerce_single":["https:\/\/turkishtrade.co\/wp-content\/uploads\/2026\/01\/2600QLOMN00021-BEIGE.png",453,250,false],"woocommerce_gallery_thumbnail":["https:\/\/turkishtrade.co\/wp-content\/uploads\/2026\/01\/2600QLOMN00021-BEIGE-100x100.png",100,100,true]},"uagb_author_info":{"display_name":"python python","author_link":"https:\/\/turkishtrade.co\/es\/author\/"},"uagb_comment_info":0,"uagb_excerpt":"Crafted from premium Calf Leather for superior quality and look Luxurious Goat Leather lining ensures ultimate comfort and breathability Lightweight and flexible EVA Sole provides exceptional cushioning Features a distinctive textured design and unique metal ornament Available in a comprehensive size range: EU 40, 41, 42, 43, 44 Minimum Order: 8 Pairs (Wholesale opportunities available)","_links":{"self":[{"href":"https:\/\/turkishtrade.co\/es\/wp-json\/wp\/v2\/product\/8554","targetHints":{"allow":["GET"]}}],"collection":[{"href":"https:\/\/turkishtrade.co\/es\/wp-json\/wp\/v2\/product"}],"about":[{"href":"https:\/\/turkishtrade.co\/es\/wp-json\/wp\/v2\/types\/product"}],"wp:featuredmedia":[{"embeddable":true,"href":"https:\/\/turkishtrade.co\/es\/wp-json\/wp\/v2\/media\/6725"}],"wp:attachment":[{"href":"https:\/\/turkishtrade.co\/es\/wp-json\/wp\/v2\/media?parent=8554"}],"wp:term":[{"taxonomy":"product_brand","embeddable":true,"href":"https:\/\/turkishtrade.co\/es\/wp-json\/wp\/v2\/product_brand?post=8554"},{"taxonomy":"product_cat","embeddable":true,"href":"https:\/\/turkishtrade.co\/es\/wp-json\/wp\/v2\/product_cat?post=8554"},{"taxonomy":"product_tag","embeddable":true,"href":"https:\/\/turkishtrade.co\/es\/wp-json\/wp\/v2\/product_tag?post=8554"}],"curies":[{"name":"wp","href":"https:\/\/api.w.org\/{rel}","templated":true}]}}