{"id":8533,"date":"2026-01-29T14:50:51","date_gmt":"2026-01-29T14:50:51","guid":{"rendered":"https:\/\/turkishtrade.co\/?post_type=product&#038;p=8533"},"modified":"2026-04-09T20:21:48","modified_gmt":"2026-04-09T20:21:48","slug":"mens-classic-leather-dress-shoes","status":"publish","type":"product","link":"https:\/\/turkishtrade.co\/es\/shop\/mens-classic-leather-dress-shoes\/","title":{"rendered":"Zapatos de vestir cl\u00e1sicos de cuero para hombre Premium | Zapatos de vestir cl\u00e1sicos de cuero negro para hombre"},"content":{"rendered":"<p>Abrace la elegancia atemporal con nuestro exquisito <strong>Zapatos de vestir cl\u00e1sicos de piel para hombre<\/strong>. Creados para el caballero exigente, estos zapatos son el ep\u00edtome de la sofisticaci\u00f3n y la comodidad. Cada par est\u00e1 meticulosamente fabricado en aut\u00e9ntica piel de vacuno de primera calidad, que ofrece una textura rica y una durabilidad excepcional que resistir\u00e1 el paso del tiempo. El cl\u00e1sico acabado en negro garantiza su versatilidad, haciendo de estos <strong>Zapatos de vestir cl\u00e1sicos de piel para hombre<\/strong> perfectas para una amplia gama de eventos formales, reuniones de negocios o incluso ropa informal elevada. El refinado dise\u00f1o presenta una puntera cl\u00e1sica y sutiles y elegantes perforaciones a lo largo de la pala, que a\u00f1aden un toque de distinci\u00f3n sin comprometer su atractivo cl\u00e1sico.<\/p>\n<p>M\u00e1s all\u00e1 de su llamativo aspecto, la comodidad es primordial en nuestros <strong>Zapatos de vestir cl\u00e1sicos de piel para hombre<\/strong>. El interior cuenta con un lujoso forro de piel de cabra, famosa por su incre\u00edble suavidad, transpirabilidad y propiedades de absorci\u00f3n de la humedad, lo que garantiza que tus pies permanezcan c\u00f3modos durante todo el d\u00eda. Desp\u00eddete de la incomodidad, ya que este forro de primera calidad se amolda a tu pie para un ajuste personalizado. La robusta pero ligera suela de EVA proporciona una amortiguaci\u00f3n superior, flexibilidad y una excelente tracci\u00f3n, ofreciendo una zancada segura en diversas superficies. Esta mezcla de artesan\u00eda tradicional y ciencia moderna de los materiales da como resultado un zapato que no s\u00f3lo es visualmente impresionante, sino tambi\u00e9n incre\u00edblemente pr\u00e1ctico para el uso diario.<\/p>\n<p>Estos <strong>Zapatos de vestir cl\u00e1sicos de piel para hombre<\/strong> est\u00e1n dise\u00f1ados para ser la piedra angular de cualquier armario sofisticado. Su estilo duradero y su construcci\u00f3n excepcional garantizan que seguir\u00e1n siendo la elecci\u00f3n favorita en los a\u00f1os venideros. Tanto si asiste a una boda, como si va a dar una presentaci\u00f3n o simplemente quiere realzar su atuendo diario, estos zapatos son el toque final perfecto. Entendemos la necesidad de calidad en cantidad, por lo que estos zapatos de primera calidad son el complemento perfecto. <strong>Zapatos de vestir cl\u00e1sicos de piel para hombre<\/strong> est\u00e1n disponibles para su compra al por mayor. Con un pedido m\u00ednimo de solo 8 pares, las empresas pueden abastecerse f\u00e1cilmente de este calzado popular y muy solicitado, que satisface a los clientes que buscan estilo y sustancia. Disponibles en una amplia gama de tallas, de la 40 a la 44, garantizan un ajuste perfecto para muchos. Invierta en un par que combina calidad sin igual, comodidad y una est\u00e9tica realmente cl\u00e1sica.<\/p>","protected":false},"excerpt":{"rendered":"<ul>\n<li>Parte superior de piel de vacuno 100% fabricada a mano<\/li>\n<li>Lujoso forro de piel de cabra para mayor comodidad y transpirabilidad<\/li>\n<li>Dise\u00f1o de zapato de vestir cl\u00e1sico atemporal con sutiles detalles perforados<\/li>\n<li>Equipada con una suela de EVA ligera y duradera para un agarre superior<\/li>\n<li>Disponible en tallas de hombre 40, 41, 42, 43, 44<\/li>\n<li>Venta al por mayor disponible con un pedido m\u00ednimo de 8 pares<\/li>\n<\/ul>","protected":false},"featured_media":6772,"template":"","meta":{"_acf_changed":false,"_uag_custom_page_level_css":"","site-sidebar-layout":"default","site-content-layout":"","ast-site-content-layout":"default","site-content-style":"default","site-sidebar-style":"default","ast-global-header-display":"","ast-banner-title-visibility":"","ast-main-header-display":"","ast-hfb-above-header-display":"","ast-hfb-below-header-display":"","ast-hfb-mobile-header-display":"","site-post-title":"","ast-breadcrumbs-content":"","ast-featured-img":"","footer-sml-layout":"","ast-disable-related-posts":"","theme-transparent-header-meta":"","adv-header-id-meta":"","stick-header-meta":"","header-above-stick-meta":"","header-main-stick-meta":"","header-below-stick-meta":"","astra-migrate-meta-layouts":"default","ast-page-background-enabled":"default","ast-page-background-meta":{"desktop":{"background-color":"var(--ast-global-color-4)","background-image":"","background-repeat":"repeat","background-position":"center center","background-size":"auto","background-attachment":"scroll","background-type":"","background-media":"","overlay-type":"","overlay-color":"","overlay-opacity":"","overlay-gradient":""},"tablet":{"background-color":"","background-image":"","background-repeat":"repeat","background-position":"center center","background-size":"auto","background-attachment":"scroll","background-type":"","background-media":"","overlay-type":"","overlay-color":"","overlay-opacity":"","overlay-gradient":""},"mobile":{"background-color":"","background-image":"","background-repeat":"repeat","background-position":"center center","background-size":"auto","background-attachment":"scroll","background-type":"","background-media":"","overlay-type":"","overlay-color":"","overlay-opacity":"","overlay-gradient":""}},"ast-content-background-meta":{"desktop":{"background-color":"var(--ast-global-color-5)","background-image":"","background-repeat":"repeat","background-position":"center center","background-size":"auto","background-attachment":"scroll","background-type":"","background-media":"","overlay-type":"","overlay-color":"","overlay-opacity":"","overlay-gradient":""},"tablet":{"background-color":"var(--ast-global-color-5)","background-image":"","background-repeat":"repeat","background-position":"center center","background-size":"auto","background-attachment":"scroll","background-type":"","background-media":"","overlay-type":"","overlay-color":"","overlay-opacity":"","overlay-gradient":""},"mobile":{"background-color":"var(--ast-global-color-5)","background-image":"","background-repeat":"repeat","background-position":"center center","background-size":"auto","background-attachment":"scroll","background-type":"","background-media":"","overlay-type":"","overlay-color":"","overlay-opacity":"","overlay-gradient":""}}},"product_brand":[],"product_cat":[47,430,1200],"product_tag":[196,405,458,145,438,251,221,360,324,281],"class_list":{"0":"post-8533","1":"product","2":"type-product","3":"status-publish","4":"has-post-thumbnail","6":"product_cat-classic","7":"product_cat-men","8":"product_cat-mens-shoes-2","9":"product_tag-black-leather-shoes","10":"product_tag-business-shoes","11":"product_tag-cap-toe-shoes","12":"product_tag-classic-shoes","13":"product_tag-eva-sole","14":"product_tag-formal-shoes","15":"product_tag-genuine-leather","16":"product_tag-leather-oxfords","17":"product_tag-mens-dress-shoes","18":"product_tag-wholesale-shoes","19":"desktop-align-center","20":"tablet-align-center","21":"mobile-align-center","23":"first","24":"instock","25":"shipping-taxable","26":"purchasable","27":"product-type-variable","28":"has-default-attributes"},"acf":[],"uagb_featured_image_src":{"full":["https:\/\/turkishtrade.co\/wp-content\/uploads\/2026\/01\/2600QLOMN00017-BLACK.png",453,250,false],"thumbnail":["https:\/\/turkishtrade.co\/wp-content\/uploads\/2026\/01\/2600QLOMN00017-BLACK-150x150.png",150,150,true],"medium":["https:\/\/turkishtrade.co\/wp-content\/uploads\/2026\/01\/2600QLOMN00017-BLACK-300x166.png",300,166,true],"medium_large":["https:\/\/turkishtrade.co\/wp-content\/uploads\/2026\/01\/2600QLOMN00017-BLACK.png",453,250,false],"large":["https:\/\/turkishtrade.co\/wp-content\/uploads\/2026\/01\/2600QLOMN00017-BLACK.png",453,250,false],"1536x1536":["https:\/\/turkishtrade.co\/wp-content\/uploads\/2026\/01\/2600QLOMN00017-BLACK.png",453,250,false],"2048x2048":["https:\/\/turkishtrade.co\/wp-content\/uploads\/2026\/01\/2600QLOMN00017-BLACK.png",453,250,false],"trp-custom-language-flag":["https:\/\/turkishtrade.co\/wp-content\/uploads\/2026\/01\/2600QLOMN00017-BLACK-18x10.png",18,10,true],"woocommerce_thumbnail":["https:\/\/turkishtrade.co\/wp-content\/uploads\/2026\/01\/2600QLOMN00017-BLACK-400x250.png",400,250,true],"woocommerce_single":["https:\/\/turkishtrade.co\/wp-content\/uploads\/2026\/01\/2600QLOMN00017-BLACK.png",453,250,false],"woocommerce_gallery_thumbnail":["https:\/\/turkishtrade.co\/wp-content\/uploads\/2026\/01\/2600QLOMN00017-BLACK-100x100.png",100,100,true]},"uagb_author_info":{"display_name":"python python","author_link":"https:\/\/turkishtrade.co\/es\/author\/"},"uagb_comment_info":0,"uagb_excerpt":"Handcrafted from 100% genuine cow leather upper Luxurious goat leather lining for ultimate comfort and breathability Timeless classic dress shoe design with subtle perforated details Equipped with a lightweight and durable EVA sole for superior grip Available in men's sizes 40, 41, 42, 43, 44 Wholesale available with a minimum order of 8 pairs","_links":{"self":[{"href":"https:\/\/turkishtrade.co\/es\/wp-json\/wp\/v2\/product\/8533","targetHints":{"allow":["GET"]}}],"collection":[{"href":"https:\/\/turkishtrade.co\/es\/wp-json\/wp\/v2\/product"}],"about":[{"href":"https:\/\/turkishtrade.co\/es\/wp-json\/wp\/v2\/types\/product"}],"wp:featuredmedia":[{"embeddable":true,"href":"https:\/\/turkishtrade.co\/es\/wp-json\/wp\/v2\/media\/6772"}],"wp:attachment":[{"href":"https:\/\/turkishtrade.co\/es\/wp-json\/wp\/v2\/media?parent=8533"}],"wp:term":[{"taxonomy":"product_brand","embeddable":true,"href":"https:\/\/turkishtrade.co\/es\/wp-json\/wp\/v2\/product_brand?post=8533"},{"taxonomy":"product_cat","embeddable":true,"href":"https:\/\/turkishtrade.co\/es\/wp-json\/wp\/v2\/product_cat?post=8533"},{"taxonomy":"product_tag","embeddable":true,"href":"https:\/\/turkishtrade.co\/es\/wp-json\/wp\/v2\/product_tag?post=8533"}],"curies":[{"name":"wp","href":"https:\/\/api.w.org\/{rel}","templated":true}]}}