{"id":8532,"date":"2026-01-29T14:50:51","date_gmt":"2026-01-29T14:50:51","guid":{"rendered":"https:\/\/turkishtrade.co\/?post_type=product&#038;p=8532"},"modified":"2026-04-09T20:21:50","modified_gmt":"2026-04-09T20:21:50","slug":"mens-black-leather-oxford-shoes-6","status":"publish","type":"product","link":"https:\/\/turkishtrade.co\/es\/shop\/mens-black-leather-oxford-shoes-6\/","title":{"rendered":"Zapatos Oxford de Cuero Negro para Hombre Aut\u00e9ntico | Zapatos Oxford de Cuero Negro para Hombre Cl\u00e1sico Cap-Toe"},"content":{"rendered":"<p><strong>Zapatos Oxford de cuero negro para hombre<\/strong>. Calidad y dise\u00f1o aut\u00e9nticos.<\/p>\n<p>Entre en la elegancia atemporal con nuestra exquisita colecci\u00f3n de <strong>Zapatos Oxford de cuero negro para hombre<\/strong>. Dise\u00f1ados para el caballero exigente, estos cl\u00e1sicos zapatos Oxford con puntera en punta son el ep\u00edtome de la sofisticaci\u00f3n y el estilo. Elaborados con la mejor piel de ternero aut\u00e9ntica, cada par exhibe una calidad superior y atenci\u00f3n al detalle. El elegante acabado en negro los convierte en el accesorio perfecto para cualquier evento formal, reuni\u00f3n de negocios u ocasi\u00f3n informal de alto nivel. Si elige nuestros <strong>Zapatos Oxford de cuero negro para hombre<\/strong>, con un estilo duradero y una comodidad sin igual.<\/p>\n<h3>Calidad y comodidad inigualables<\/h3>\n<p>Nuestra <strong>Zapatos Oxford de cuero negro para hombre<\/strong> no se limitan a la est\u00e9tica, sino que est\u00e1n pensados para ofrecer comodidad y durabilidad. El exterior est\u00e1 confeccionado en piel de ternero de primera calidad, conocida por su textura suave, su resistencia y su capacidad para desarrollar una hermosa p\u00e1tina con el paso del tiempo. En el interior, tus pies estar\u00e1n acunados por un lujoso forro de piel de cabra, que ofrece una transpirabilidad excepcional y un tacto suave que evita las molestias, incluso tras horas de uso. Esta cuidada combinaci\u00f3n de materiales garantiza que estos <strong>Zapatos Oxford de cuero negro para hombre<\/strong> proporcionan elegancia y confort.<\/p>\n<h3>Dise\u00f1o cl\u00e1sico, confort moderno<\/h3>\n<p>El dise\u00f1o de estos Oxford presenta una puntera cl\u00e1sica, sello distintivo del calzado formal tradicional. El empeine presenta sutiles y elegantes perforaciones que a\u00f1aden un toque de car\u00e1cter distintivo sin comprometer su atractivo formal. El tradicional cierre de cordones garantiza un ajuste seguro y regulable. La suela de EVA, ligera y flexible, proporciona una excelente amortiguaci\u00f3n y absorci\u00f3n de impactos, haciendo que estos zapatos cl\u00e1sicos sean sorprendentemente c\u00f3modos para el uso diario. Disponibles en una amplia gama de tallas de la UE, de la 40 a la 44, encontrar el par perfecto de <strong>Zapatos Oxford de cuero negro para hombre<\/strong> nunca ha sido tan f\u00e1cil.<\/p>\n<h3>Ideal para minoristas: Oportunidades para mayoristas<\/h3>\n<p>Para las empresas que buscan calzado formal de alta calidad, nuestro <strong>Zapatos Oxford de cuero negro para hombre<\/strong> representan una oportunidad excepcional para la venta al por mayor. Con una cantidad m\u00ednima de pedido de s\u00f3lo 8 pares, los minoristas pueden abastecerse f\u00e1cilmente de una gama de tallas para satisfacer la demanda de los clientes. Estos zapatos son un elemento b\u00e1sico para cualquier colecci\u00f3n de ropa formal de los hombres, prometiendo la satisfacci\u00f3n del cliente y la repetici\u00f3n de negocios. Aumente su inventario con estos <strong>Zapatos Oxford de cuero negro para hombre<\/strong>, de la marca, reconocida por su artesan\u00eda y su atractivo cl\u00e1sico. Ofrezca a sus clientes lo mejor en calzado formal y vea c\u00f3mo crecen sus ventas.<\/p>","protected":false},"excerpt":{"rendered":"<ul>\n<li><strong>Artesan\u00eda de primera calidad:<\/strong> Fabricado en aut\u00e9ntica piel de becerro para un acabado elegante y pulido.<\/li>\n<li><strong>Confort superior:<\/strong> Forrado con suave piel de cabra para una transpirabilidad y comodidad excepcionales.<\/li>\n<li><strong>Dise\u00f1o cl\u00e1sico:<\/strong> Estilo Oxford atemporal con puntera y sofisticados detalles perforados.<\/li>\n<li><strong>Duradero y ligero:<\/strong> Equipado con una suela de EVA para una mayor flexibilidad y durabilidad.<\/li>\n<li><strong>Tallas disponibles:<\/strong> Tallas UE 40, 41, 42, 43, 44 para garantizar un ajuste perfecto.<\/li>\n<li><strong>Oportunidad de venta al por mayor:<\/strong> El pedido m\u00ednimo de 8 pares los hace ideales para los minoristas.<\/li>\n<\/ul>","protected":false},"featured_media":6771,"template":"","meta":{"_acf_changed":false,"_uag_custom_page_level_css":"","site-sidebar-layout":"default","site-content-layout":"","ast-site-content-layout":"default","site-content-style":"default","site-sidebar-style":"default","ast-global-header-display":"","ast-banner-title-visibility":"","ast-main-header-display":"","ast-hfb-above-header-display":"","ast-hfb-below-header-display":"","ast-hfb-mobile-header-display":"","site-post-title":"","ast-breadcrumbs-content":"","ast-featured-img":"","footer-sml-layout":"","ast-disable-related-posts":"","theme-transparent-header-meta":"","adv-header-id-meta":"","stick-header-meta":"","header-above-stick-meta":"","header-main-stick-meta":"","header-below-stick-meta":"","astra-migrate-meta-layouts":"default","ast-page-background-enabled":"default","ast-page-background-meta":{"desktop":{"background-color":"var(--ast-global-color-4)","background-image":"","background-repeat":"repeat","background-position":"center center","background-size":"auto","background-attachment":"scroll","background-type":"","background-media":"","overlay-type":"","overlay-color":"","overlay-opacity":"","overlay-gradient":""},"tablet":{"background-color":"","background-image":"","background-repeat":"repeat","background-position":"center center","background-size":"auto","background-attachment":"scroll","background-type":"","background-media":"","overlay-type":"","overlay-color":"","overlay-opacity":"","overlay-gradient":""},"mobile":{"background-color":"","background-image":"","background-repeat":"repeat","background-position":"center center","background-size":"auto","background-attachment":"scroll","background-type":"","background-media":"","overlay-type":"","overlay-color":"","overlay-opacity":"","overlay-gradient":""}},"ast-content-background-meta":{"desktop":{"background-color":"var(--ast-global-color-5)","background-image":"","background-repeat":"repeat","background-position":"center center","background-size":"auto","background-attachment":"scroll","background-type":"","background-media":"","overlay-type":"","overlay-color":"","overlay-opacity":"","overlay-gradient":""},"tablet":{"background-color":"var(--ast-global-color-5)","background-image":"","background-repeat":"repeat","background-position":"center center","background-size":"auto","background-attachment":"scroll","background-type":"","background-media":"","overlay-type":"","overlay-color":"","overlay-opacity":"","overlay-gradient":""},"mobile":{"background-color":"var(--ast-global-color-5)","background-image":"","background-repeat":"repeat","background-position":"center center","background-size":"auto","background-attachment":"scroll","background-type":"","background-media":"","overlay-type":"","overlay-color":"","overlay-opacity":"","overlay-gradient":""}}},"product_brand":[],"product_cat":[47,430,1200],"product_tag":[653,809,287,952,189,615,766,324,262],"class_list":{"0":"post-8532","1":"product","2":"type-product","3":"status-publish","4":"has-post-thumbnail","6":"product_cat-classic","7":"product_cat-men","8":"product_cat-mens-shoes-2","9":"product_tag-black-oxfords","10":"product_tag-classic-mens-footwear","11":"product_tag-eva-sole-shoes","12":"product_tag-genuine-leather-shoes","13":"product_tag-goat-leather-lining","14":"product_tag-leather-formal-shoes","15":"product_tag-mens-black-leather-oxford-shoes","16":"product_tag-mens-dress-shoes","17":"product_tag-wholesale-mens-shoes","18":"desktop-align-center","19":"tablet-align-center","20":"mobile-align-center","22":"first","23":"instock","24":"shipping-taxable","25":"purchasable","26":"product-type-variable","27":"has-default-attributes"},"acf":[],"uagb_featured_image_src":{"full":["https:\/\/turkishtrade.co\/wp-content\/uploads\/2026\/01\/2600QLOMN00016-BLACK.png",453,250,false],"thumbnail":["https:\/\/turkishtrade.co\/wp-content\/uploads\/2026\/01\/2600QLOMN00016-BLACK-150x150.png",150,150,true],"medium":["https:\/\/turkishtrade.co\/wp-content\/uploads\/2026\/01\/2600QLOMN00016-BLACK-300x166.png",300,166,true],"medium_large":["https:\/\/turkishtrade.co\/wp-content\/uploads\/2026\/01\/2600QLOMN00016-BLACK.png",453,250,false],"large":["https:\/\/turkishtrade.co\/wp-content\/uploads\/2026\/01\/2600QLOMN00016-BLACK.png",453,250,false],"1536x1536":["https:\/\/turkishtrade.co\/wp-content\/uploads\/2026\/01\/2600QLOMN00016-BLACK.png",453,250,false],"2048x2048":["https:\/\/turkishtrade.co\/wp-content\/uploads\/2026\/01\/2600QLOMN00016-BLACK.png",453,250,false],"trp-custom-language-flag":["https:\/\/turkishtrade.co\/wp-content\/uploads\/2026\/01\/2600QLOMN00016-BLACK-18x10.png",18,10,true],"woocommerce_thumbnail":["https:\/\/turkishtrade.co\/wp-content\/uploads\/2026\/01\/2600QLOMN00016-BLACK-400x250.png",400,250,true],"woocommerce_single":["https:\/\/turkishtrade.co\/wp-content\/uploads\/2026\/01\/2600QLOMN00016-BLACK.png",453,250,false],"woocommerce_gallery_thumbnail":["https:\/\/turkishtrade.co\/wp-content\/uploads\/2026\/01\/2600QLOMN00016-BLACK-100x100.png",100,100,true]},"uagb_author_info":{"display_name":"python python","author_link":"https:\/\/turkishtrade.co\/es\/author\/"},"uagb_comment_info":0,"uagb_excerpt":"Premium Craftsmanship: Made from genuine calf leather for a sleek, polished finish. Superior Comfort: Lined with soft goat leather for exceptional breathability and comfort. Classic Design: Timeless cap-toe Oxford style with sophisticated perforated detailing. Durable &amp; Lightweight: Equipped with an EVA sole for flexibility and long-lasting wear. Available Sizes: EU sizes 40, 41, 42, 43,&hellip;","_links":{"self":[{"href":"https:\/\/turkishtrade.co\/es\/wp-json\/wp\/v2\/product\/8532","targetHints":{"allow":["GET"]}}],"collection":[{"href":"https:\/\/turkishtrade.co\/es\/wp-json\/wp\/v2\/product"}],"about":[{"href":"https:\/\/turkishtrade.co\/es\/wp-json\/wp\/v2\/types\/product"}],"wp:featuredmedia":[{"embeddable":true,"href":"https:\/\/turkishtrade.co\/es\/wp-json\/wp\/v2\/media\/6771"}],"wp:attachment":[{"href":"https:\/\/turkishtrade.co\/es\/wp-json\/wp\/v2\/media?parent=8532"}],"wp:term":[{"taxonomy":"product_brand","embeddable":true,"href":"https:\/\/turkishtrade.co\/es\/wp-json\/wp\/v2\/product_brand?post=8532"},{"taxonomy":"product_cat","embeddable":true,"href":"https:\/\/turkishtrade.co\/es\/wp-json\/wp\/v2\/product_cat?post=8532"},{"taxonomy":"product_tag","embeddable":true,"href":"https:\/\/turkishtrade.co\/es\/wp-json\/wp\/v2\/product_tag?post=8532"}],"curies":[{"name":"wp","href":"https:\/\/api.w.org\/{rel}","templated":true}]}}