{"id":8530,"date":"2026-01-29T14:50:50","date_gmt":"2026-01-29T14:50:50","guid":{"rendered":"https:\/\/turkishtrade.co\/?post_type=product&#038;p=8530"},"modified":"2026-04-09T20:22:00","modified_gmt":"2026-04-09T20:22:00","slug":"black-leather-classic-mens-shoes","status":"publish","type":"product","link":"https:\/\/turkishtrade.co\/es\/shop\/black-leather-classic-mens-shoes\/","title":{"rendered":"Zapatos de hombre cl\u00e1sicos de cuero negro | con forro de cabra"},"content":{"rendered":"<p><strong>Zapatos de hombre cl\u00e1sicos de cuero negro<\/strong>. La mejor calidad y dise\u00f1o.<\/p>\n<p>Sum\u00e9rjase en una elegancia y un confort incomparables con nuestro exquisito <strong>Zapatos de hombre cl\u00e1sicos de cuero negro<\/strong>. Dise\u00f1ados para el caballero exigente, estos zapatos combinan la artesan\u00eda tradicional con la comodidad moderna, convirti\u00e9ndolos en la piedra angular de cualquier armario sofisticado. Elaborado a partir de la mejor piel de becerro, la parte superior cuenta con un acabado rico y suave complementado con sutiles detalles perforados en el empeine y una puntera distinguida, que exuda un encanto atemporal.<\/p>\n<h3>Calidad y comodidad inigualables<\/h3>\n<p>El interior de estos notables <strong>Zapatos de hombre cl\u00e1sicos de cuero negro<\/strong> es tan impresionante como su exterior. Forradas con piel de cabra de primera calidad, ofrecen una transpirabilidad superior y un ajuste suave como un guante que se adapta a tu pie para ofrecerte comodidad todo el d\u00eda. Desp\u00eddete de la incomodidad, ya que las propiedades naturales de la piel de cabra garantizan una sensaci\u00f3n de lujo a cada paso. La robusta pero ligera suela de EVA proporciona una excelente amortiguaci\u00f3n y sujeci\u00f3n, haciendo que estas <strong>Zapatos de hombre cl\u00e1sicos de cuero negro<\/strong> ideal para largas jornadas de pie, ya sea en la sala de juntas o disfrutando de un evento especial.<\/p>\n<h3>Estilo vers\u00e1til para cualquier ocasi\u00f3n<\/h3>\n<p>Nuestra <strong>Zapatos de hombre cl\u00e1sicos de cuero negro<\/strong> son la personificaci\u00f3n del calzado vers\u00e1til. Su elegante dise\u00f1o sin cordones garantiza la comodidad, mientras que su est\u00e9tica cl\u00e1sica los hace adecuados para una amplia gama de ocasiones. Comb\u00ednalos con un elegante traje de negocios para un look profesional, o con unos pantalones de sastrer\u00eda y un abrigo deportivo para un conjunto informal y elegante. El tono negro intenso garantiza que se integrar\u00e1n a la perfecci\u00f3n en tu vestuario, ofreci\u00e9ndote infinitas posibilidades de estilo. Tanto para reuniones formales como para el d\u00eda a d\u00eda en la oficina, estos zapatos est\u00e1n dise\u00f1ados para causar una impresi\u00f3n duradera.<\/p>\n<h3>Oportunidad para mayoristas<\/h3>\n<p>Para los minoristas y las empresas que desean ofrecer calzado de alta calidad, estas <strong>Zapatos de hombre cl\u00e1sicos de cuero negro<\/strong> est\u00e1n disponibles para su compra al por mayor. Requerimos un pedido m\u00ednimo de 8 pares, lo que le permite abastecerse de este popular estilo. Ofrezca a sus clientes una mezcla de lujo, comodidad y estilo duradero que les har\u00e1 volver. Eleve su inventario con nuestros meticulosamente elaborados <strong>Zapatos de hombre cl\u00e1sicos de cuero negro<\/strong>, un testimonio de calidad y moda atemporal.<\/p>","protected":false},"excerpt":{"rendered":"<ul>\n<li>Parte superior de piel de becerro de primera calidad para una durabilidad sofisticada.<\/li>\n<li>El lujoso forro de piel de cabra garantiza un confort y una transpirabilidad excepcionales.<\/li>\n<li>Dise\u00f1o atemporal sin cordones con elegante puntera y detalles perforados.<\/li>\n<li>La suela de EVA ligera y flexible proporciona comodidad durante todo el d\u00eda y un agarre fiable.<\/li>\n<li>Disponible en tallas de hombre 40-44 para garantizar un ajuste perfecto.<\/li>\n<li>Pedidos al por mayor disponibles con un m\u00ednimo de 8 pares por pedido.<\/li>\n<\/ul>","protected":false},"featured_media":6768,"template":"","meta":{"_acf_changed":false,"_uag_custom_page_level_css":"","site-sidebar-layout":"default","site-content-layout":"","ast-site-content-layout":"default","site-content-style":"default","site-sidebar-style":"default","ast-global-header-display":"","ast-banner-title-visibility":"","ast-main-header-display":"","ast-hfb-above-header-display":"","ast-hfb-below-header-display":"","ast-hfb-mobile-header-display":"","site-post-title":"","ast-breadcrumbs-content":"","ast-featured-img":"","footer-sml-layout":"","ast-disable-related-posts":"","theme-transparent-header-meta":"","adv-header-id-meta":"","stick-header-meta":"","header-above-stick-meta":"","header-main-stick-meta":"","header-below-stick-meta":"","astra-migrate-meta-layouts":"default","ast-page-background-enabled":"default","ast-page-background-meta":{"desktop":{"background-color":"var(--ast-global-color-4)","background-image":"","background-repeat":"repeat","background-position":"center center","background-size":"auto","background-attachment":"scroll","background-type":"","background-media":"","overlay-type":"","overlay-color":"","overlay-opacity":"","overlay-gradient":""},"tablet":{"background-color":"","background-image":"","background-repeat":"repeat","background-position":"center center","background-size":"auto","background-attachment":"scroll","background-type":"","background-media":"","overlay-type":"","overlay-color":"","overlay-opacity":"","overlay-gradient":""},"mobile":{"background-color":"","background-image":"","background-repeat":"repeat","background-position":"center center","background-size":"auto","background-attachment":"scroll","background-type":"","background-media":"","overlay-type":"","overlay-color":"","overlay-opacity":"","overlay-gradient":""}},"ast-content-background-meta":{"desktop":{"background-color":"var(--ast-global-color-5)","background-image":"","background-repeat":"repeat","background-position":"center center","background-size":"auto","background-attachment":"scroll","background-type":"","background-media":"","overlay-type":"","overlay-color":"","overlay-opacity":"","overlay-gradient":""},"tablet":{"background-color":"var(--ast-global-color-5)","background-image":"","background-repeat":"repeat","background-position":"center center","background-size":"auto","background-attachment":"scroll","background-type":"","background-media":"","overlay-type":"","overlay-color":"","overlay-opacity":"","overlay-gradient":""},"mobile":{"background-color":"var(--ast-global-color-5)","background-image":"","background-repeat":"repeat","background-position":"center center","background-size":"auto","background-attachment":"scroll","background-type":"","background-media":"","overlay-type":"","overlay-color":"","overlay-opacity":"","overlay-gradient":""}}},"product_brand":[],"product_cat":[47,430,1200],"product_tag":[196,405,202,458,145,438,251,1249,1083,281],"class_list":{"0":"post-8530","1":"product","2":"type-product","3":"status-publish","4":"has-post-thumbnail","6":"product_cat-classic","7":"product_cat-men","8":"product_cat-mens-shoes-2","9":"product_tag-black-leather-shoes","10":"product_tag-business-shoes","11":"product_tag-calf-leather","12":"product_tag-cap-toe-shoes","13":"product_tag-classic-shoes","14":"product_tag-eva-sole","15":"product_tag-formal-shoes","16":"product_tag-goat-lining","17":"product_tag-mens-slip-on","18":"product_tag-wholesale-shoes","19":"desktop-align-center","20":"tablet-align-center","21":"mobile-align-center","23":"first","24":"instock","25":"shipping-taxable","26":"purchasable","27":"product-type-variable","28":"has-default-attributes"},"acf":[],"uagb_featured_image_src":{"full":["https:\/\/turkishtrade.co\/wp-content\/uploads\/2026\/01\/2600QLOMN00014-BLACK.png",453,250,false],"thumbnail":["https:\/\/turkishtrade.co\/wp-content\/uploads\/2026\/01\/2600QLOMN00014-BLACK-150x150.png",150,150,true],"medium":["https:\/\/turkishtrade.co\/wp-content\/uploads\/2026\/01\/2600QLOMN00014-BLACK-300x166.png",300,166,true],"medium_large":["https:\/\/turkishtrade.co\/wp-content\/uploads\/2026\/01\/2600QLOMN00014-BLACK.png",453,250,false],"large":["https:\/\/turkishtrade.co\/wp-content\/uploads\/2026\/01\/2600QLOMN00014-BLACK.png",453,250,false],"1536x1536":["https:\/\/turkishtrade.co\/wp-content\/uploads\/2026\/01\/2600QLOMN00014-BLACK.png",453,250,false],"2048x2048":["https:\/\/turkishtrade.co\/wp-content\/uploads\/2026\/01\/2600QLOMN00014-BLACK.png",453,250,false],"trp-custom-language-flag":["https:\/\/turkishtrade.co\/wp-content\/uploads\/2026\/01\/2600QLOMN00014-BLACK-18x10.png",18,10,true],"woocommerce_thumbnail":["https:\/\/turkishtrade.co\/wp-content\/uploads\/2026\/01\/2600QLOMN00014-BLACK-400x250.png",400,250,true],"woocommerce_single":["https:\/\/turkishtrade.co\/wp-content\/uploads\/2026\/01\/2600QLOMN00014-BLACK.png",453,250,false],"woocommerce_gallery_thumbnail":["https:\/\/turkishtrade.co\/wp-content\/uploads\/2026\/01\/2600QLOMN00014-BLACK-100x100.png",100,100,true]},"uagb_author_info":{"display_name":"python python","author_link":"https:\/\/turkishtrade.co\/es\/author\/"},"uagb_comment_info":0,"uagb_excerpt":"Premium calf leather upper for sophisticated durability. Luxurious goat leather lining ensures exceptional comfort and breathability. Timeless slip-on design with elegant cap toe and perforated detailing. Lightweight and flexible EVA sole provides all-day comfort and reliable grip. Available in men's sizes 40-44 to ensure a perfect fit. Wholesale orders available with a minimum of 8&hellip;","_links":{"self":[{"href":"https:\/\/turkishtrade.co\/es\/wp-json\/wp\/v2\/product\/8530","targetHints":{"allow":["GET"]}}],"collection":[{"href":"https:\/\/turkishtrade.co\/es\/wp-json\/wp\/v2\/product"}],"about":[{"href":"https:\/\/turkishtrade.co\/es\/wp-json\/wp\/v2\/types\/product"}],"wp:featuredmedia":[{"embeddable":true,"href":"https:\/\/turkishtrade.co\/es\/wp-json\/wp\/v2\/media\/6768"}],"wp:attachment":[{"href":"https:\/\/turkishtrade.co\/es\/wp-json\/wp\/v2\/media?parent=8530"}],"wp:term":[{"taxonomy":"product_brand","embeddable":true,"href":"https:\/\/turkishtrade.co\/es\/wp-json\/wp\/v2\/product_brand?post=8530"},{"taxonomy":"product_cat","embeddable":true,"href":"https:\/\/turkishtrade.co\/es\/wp-json\/wp\/v2\/product_cat?post=8530"},{"taxonomy":"product_tag","embeddable":true,"href":"https:\/\/turkishtrade.co\/es\/wp-json\/wp\/v2\/product_tag?post=8530"}],"curies":[{"name":"wp","href":"https:\/\/api.w.org\/{rel}","templated":true}]}}