{"id":8528,"date":"2026-01-29T14:50:50","date_gmt":"2026-01-29T14:50:50","guid":{"rendered":"https:\/\/turkishtrade.co\/?post_type=product&#038;p=8528"},"modified":"2026-04-09T20:22:12","modified_gmt":"2026-04-09T20:22:12","slug":"mens-calf-leather-loafers-13","status":"publish","type":"product","link":"https:\/\/turkishtrade.co\/es\/shop\/mens-calf-leather-loafers-13\/","title":{"rendered":"Mocasines de hombre en piel de becerro genuina | Mocasines de hombre en piel de becerro negra de primera calidad"},"content":{"rendered":"<p><strong>Mocasines de hombre de piel de becerro<\/strong>. Calidad y dise\u00f1o aut\u00e9nticos.<\/p>\n<p>Experimente una comodidad sin igual y un estilo sofisticado con nuestro <b>Mocasines de hombre en piel de becerro negra de primera calidad<\/b>. Meticulosamente elaborados para el caballero moderno, estos zapatos slip-on cl\u00e1sicos est\u00e1n dise\u00f1ados para elevar su guardarropa, ofreciendo una mezcla perfecta de elegancia atemporal y practicidad cotidiana. Cada par ejemplifica la artesan\u00eda superior, por lo que una adici\u00f3n esencial tanto para eventos formales y ropa casual refinada, asegurando que paso a paso en la confianza y el estilo.<\/p>\n<h3>Calidad y artesan\u00eda inigualables<\/h3>\n<p>Nuestra <b>Mocasines de hombre de piel de becerro<\/b> est\u00e1n fabricados con la mejor piel de ternero aut\u00e9ntica, famosa por su lujosa textura suave, su excepcional durabilidad y su capacidad para desarrollar una hermosa p\u00e1tina con el paso del tiempo. El elegante acabado en negro proporciona una est\u00e9tica vers\u00e1til que combina sin esfuerzo con una amplia gama de atuendos, desde trajes a medida hasta elegantes pantalones informales. En el interior, sus pies estar\u00e1n acunados por un forro de piel de cabra suntuosamente suave. Este forro de primera calidad no s\u00f3lo es incre\u00edblemente c\u00f3modo, sino tambi\u00e9n muy transpirable, lo que garantiza que tus pies se mantengan frescos y c\u00f3modos durante los d\u00edas m\u00e1s largos. La meticulosa atenci\u00f3n al detalle en cada puntada y costura dice mucho de la calidad superior que puedes esperar de estos mocasines.<\/p>\n<h3>La comodidad se une a la durabilidad con las suelas de EVA<\/h3>\n<p>M\u00e1s all\u00e1 de su exquisito exterior, estos <b>Mocasines de hombre de piel de becerro<\/b> cuentan con una suela de EVA ligera pero incre\u00edblemente resistente. Esta avanzada tecnolog\u00eda de suela proporciona una amortiguaci\u00f3n y absorci\u00f3n de impactos excepcionales, reduciendo la fatiga y permitiendo un uso c\u00f3modo durante todo el d\u00eda. El duradero material EVA tambi\u00e9n ofrece un agarre fiable, garantizando la estabilidad en diversas superficies. Tanto si se desplaza por las calles de la ciudad como si acude a una reuni\u00f3n de negocios crucial, podr\u00e1 pisar con una confianza y facilidad inquebrantables. La silueta cl\u00e1sica, combinada con la moderna tecnolog\u00eda de la suela, hace de estos mocasines un b\u00e1sico de armario vers\u00e1til e indispensable.<\/p>\n<h3>Estilo vers\u00e1til para cualquier ocasi\u00f3n<\/h3>\n<p>El dise\u00f1o atemporal de estos mocasines negros de piel de ternero los hace adecuados para multitud de ocasiones. Son la elecci\u00f3n ideal para los profesionales de negocios que buscan un look pulido y sofisticado, perfecto para combinar con trajes o pantalones de vestir. Para un conjunto m\u00e1s relajado pero igualmente refinado, comb\u00ednelos con chinos o vaqueros oscuros y una impecable camisa abotonada. El c\u00f3modo estilo slip-on ofrece una elegancia sin esfuerzo y sin renunciar a la sofisticaci\u00f3n, lo que las convierte en una opci\u00f3n perfecta para personas ocupadas que aprecian tanto la moda como la funcionalidad. Disponibles en una amplia gama de tallas EU 40, 41, 42, 43 y 44, encontrar el ajuste perfecto es sencillo.<\/p>\n<h3>Oportunidades al por mayor<\/h3>\n<p>Para los minoristas y las empresas que desean ofrecer calzado de alta calidad, nuestros <b>Mocasines de hombre de piel de becerro<\/b> est\u00e1n disponibles para su compra al por mayor. Requerimos un pedido m\u00ednimo de 8 pares, lo que le permite abastecer su inventario con productos de primera calidad y codiciados que sus clientes adorar\u00e1n. As\u00f3ciese con nosotros para ofrecer un calzado excepcional que combina a la perfecci\u00f3n la elegancia cl\u00e1sica con la comodidad contempor\u00e1nea y la calidad duradera.<\/p>","protected":false},"excerpt":{"rendered":"<ul>\n<li>Fabricados en aut\u00e9ntica piel de ternero para ofrecer un aspecto lujoso y una durabilidad excepcional.<\/li>\n<li>El forro de piel de cabra suave y transpirable garantiza la m\u00e1xima comodidad durante todo el d\u00eda.<\/li>\n<li>Dise\u00f1o cl\u00e1sico de mocas\u00edn sin cordones, perfecto tanto para atuendos formales como informales.<\/li>\n<li>Suela de EVA ligera y de apoyo que proporciona una excelente amortiguaci\u00f3n y agarre.<\/li>\n<li>Disponible en tallas UE: 40, 41, 42, 43, 44.<\/li>\n<li>Disponibilidad al por mayor con un pedido m\u00ednimo de 8 pares.<\/li>\n<\/ul>","protected":false},"featured_media":6764,"template":"","meta":{"_acf_changed":false,"_uag_custom_page_level_css":"","site-sidebar-layout":"default","site-content-layout":"","ast-site-content-layout":"default","site-content-style":"default","site-sidebar-style":"default","ast-global-header-display":"","ast-banner-title-visibility":"","ast-main-header-display":"","ast-hfb-above-header-display":"","ast-hfb-below-header-display":"","ast-hfb-mobile-header-display":"","site-post-title":"","ast-breadcrumbs-content":"","ast-featured-img":"","footer-sml-layout":"","ast-disable-related-posts":"","theme-transparent-header-meta":"","adv-header-id-meta":"","stick-header-meta":"","header-above-stick-meta":"","header-main-stick-meta":"","header-below-stick-meta":"","astra-migrate-meta-layouts":"default","ast-page-background-enabled":"default","ast-page-background-meta":{"desktop":{"background-color":"var(--ast-global-color-4)","background-image":"","background-repeat":"repeat","background-position":"center center","background-size":"auto","background-attachment":"scroll","background-type":"","background-media":"","overlay-type":"","overlay-color":"","overlay-opacity":"","overlay-gradient":""},"tablet":{"background-color":"","background-image":"","background-repeat":"repeat","background-position":"center center","background-size":"auto","background-attachment":"scroll","background-type":"","background-media":"","overlay-type":"","overlay-color":"","overlay-opacity":"","overlay-gradient":""},"mobile":{"background-color":"","background-image":"","background-repeat":"repeat","background-position":"center center","background-size":"auto","background-attachment":"scroll","background-type":"","background-media":"","overlay-type":"","overlay-color":"","overlay-opacity":"","overlay-gradient":""}},"ast-content-background-meta":{"desktop":{"background-color":"var(--ast-global-color-5)","background-image":"","background-repeat":"repeat","background-position":"center center","background-size":"auto","background-attachment":"scroll","background-type":"","background-media":"","overlay-type":"","overlay-color":"","overlay-opacity":"","overlay-gradient":""},"tablet":{"background-color":"var(--ast-global-color-5)","background-image":"","background-repeat":"repeat","background-position":"center center","background-size":"auto","background-attachment":"scroll","background-type":"","background-media":"","overlay-type":"","overlay-color":"","overlay-opacity":"","overlay-gradient":""},"mobile":{"background-color":"var(--ast-global-color-5)","background-image":"","background-repeat":"repeat","background-position":"center center","background-size":"auto","background-attachment":"scroll","background-type":"","background-media":"","overlay-type":"","overlay-color":"","overlay-opacity":"","overlay-gradient":""}}},"product_brand":[],"product_cat":[47,430,1200],"product_tag":[1422,263,457,438,1423,1258,286,525,977,262],"class_list":{"0":"post-8528","1":"product","2":"type-product","3":"status-publish","4":"has-post-thumbnail","6":"product_cat-classic","7":"product_cat-men","8":"product_cat-mens-shoes-2","9":"product_tag-black-slip-ons","10":"product_tag-calf-leather-loafers","11":"product_tag-classic-loafers","12":"product_tag-eva-sole","13":"product_tag-formal-casual-loafers","14":"product_tag-goat-lined-shoes","15":"product_tag-mens-leather-shoes","16":"product_tag-premium-leather-footwear","17":"product_tag-timeless-style","18":"product_tag-wholesale-mens-shoes","19":"desktop-align-center","20":"tablet-align-center","21":"mobile-align-center","23":"first","24":"instock","25":"shipping-taxable","26":"purchasable","27":"product-type-variable","28":"has-default-attributes"},"acf":[],"uagb_featured_image_src":{"full":["https:\/\/turkishtrade.co\/wp-content\/uploads\/2026\/01\/2600QLOMN00012-BLACK.png",453,250,false],"thumbnail":["https:\/\/turkishtrade.co\/wp-content\/uploads\/2026\/01\/2600QLOMN00012-BLACK-150x150.png",150,150,true],"medium":["https:\/\/turkishtrade.co\/wp-content\/uploads\/2026\/01\/2600QLOMN00012-BLACK-300x166.png",300,166,true],"medium_large":["https:\/\/turkishtrade.co\/wp-content\/uploads\/2026\/01\/2600QLOMN00012-BLACK.png",453,250,false],"large":["https:\/\/turkishtrade.co\/wp-content\/uploads\/2026\/01\/2600QLOMN00012-BLACK.png",453,250,false],"1536x1536":["https:\/\/turkishtrade.co\/wp-content\/uploads\/2026\/01\/2600QLOMN00012-BLACK.png",453,250,false],"2048x2048":["https:\/\/turkishtrade.co\/wp-content\/uploads\/2026\/01\/2600QLOMN00012-BLACK.png",453,250,false],"trp-custom-language-flag":["https:\/\/turkishtrade.co\/wp-content\/uploads\/2026\/01\/2600QLOMN00012-BLACK-18x10.png",18,10,true],"woocommerce_thumbnail":["https:\/\/turkishtrade.co\/wp-content\/uploads\/2026\/01\/2600QLOMN00012-BLACK-400x250.png",400,250,true],"woocommerce_single":["https:\/\/turkishtrade.co\/wp-content\/uploads\/2026\/01\/2600QLOMN00012-BLACK.png",453,250,false],"woocommerce_gallery_thumbnail":["https:\/\/turkishtrade.co\/wp-content\/uploads\/2026\/01\/2600QLOMN00012-BLACK-100x100.png",100,100,true]},"uagb_author_info":{"display_name":"python python","author_link":"https:\/\/turkishtrade.co\/es\/author\/"},"uagb_comment_info":0,"uagb_excerpt":"Crafted from genuine calf leather for a luxurious look and exceptional durability. Soft and breathable goat leather lining ensures supreme all-day comfort. Classic slip-on loafer design, perfect for both formal and smart-casual attire. Lightweight and supportive EVA sole provides excellent cushioning and grip. Available in EU sizes: 40, 41, 42, 43, 44. Wholesale availability with&hellip;","_links":{"self":[{"href":"https:\/\/turkishtrade.co\/es\/wp-json\/wp\/v2\/product\/8528","targetHints":{"allow":["GET"]}}],"collection":[{"href":"https:\/\/turkishtrade.co\/es\/wp-json\/wp\/v2\/product"}],"about":[{"href":"https:\/\/turkishtrade.co\/es\/wp-json\/wp\/v2\/types\/product"}],"wp:featuredmedia":[{"embeddable":true,"href":"https:\/\/turkishtrade.co\/es\/wp-json\/wp\/v2\/media\/6764"}],"wp:attachment":[{"href":"https:\/\/turkishtrade.co\/es\/wp-json\/wp\/v2\/media?parent=8528"}],"wp:term":[{"taxonomy":"product_brand","embeddable":true,"href":"https:\/\/turkishtrade.co\/es\/wp-json\/wp\/v2\/product_brand?post=8528"},{"taxonomy":"product_cat","embeddable":true,"href":"https:\/\/turkishtrade.co\/es\/wp-json\/wp\/v2\/product_cat?post=8528"},{"taxonomy":"product_tag","embeddable":true,"href":"https:\/\/turkishtrade.co\/es\/wp-json\/wp\/v2\/product_tag?post=8528"}],"curies":[{"name":"wp","href":"https:\/\/api.w.org\/{rel}","templated":true}]}}