{"id":8524,"date":"2026-01-29T14:50:50","date_gmt":"2026-01-29T14:50:50","guid":{"rendered":"https:\/\/turkishtrade.co\/?post_type=product&#038;p=8524"},"modified":"2026-04-09T20:22:23","modified_gmt":"2026-04-09T20:22:23","slug":"mens-burgundy-leather-loafers","status":"publish","type":"product","link":"https:\/\/turkishtrade.co\/es\/shop\/mens-burgundy-leather-loafers\/","title":{"rendered":"Mocasines de hombre en piel burdeos Inmejorable | Mocasines de hombre en piel de becerro burdeos Casual"},"content":{"rendered":"<h3>Eleve su estilo con nuestros mocasines de piel burdeos de primera calidad para hombre<\/h3>\n<p>Descubra la mezcla perfecta de sofisticaci\u00f3n y confort con nuestra exquisita colecci\u00f3n de <strong>Mocasines de piel burdeos para hombre<\/strong>. Dise\u00f1ados para el caballero moderno, estos mocasines son m\u00e1s que un calzado: son una declaraci\u00f3n de gusto refinado y un compromiso con la calidad. Confeccionados con la mejor piel de ternero, el intenso tono burdeos ofrece un atractivo distintivo y vers\u00e1til, adecuado para un sinf\u00edn de ocasiones, desde relajadas salidas de fin de semana hasta elegantes entornos de negocios informales. El sutil acabado desgastado a\u00f1ade car\u00e1cter, garantizando que cada par posea un encanto \u00fanico que te distinga.<\/p>\n<p>Experimente una comodidad inigualable a cada paso, gracias a la cuidada construcci\u00f3n de estos excepcionales mocasines. El interior est\u00e1 meticulosamente forrado con piel de cabra suave y transpirable, que no s\u00f3lo envuelve tus pies en un lujoso confort sino que tambi\u00e9n ayuda a regular la temperatura, manteniendo tus pies frescos durante todo el d\u00eda. Desp\u00eddete de la incomodidad y da la bienvenida a un zapato dise\u00f1ado para durar. La suela flexible y ligera de EVA aumenta a\u00fan m\u00e1s esta comodidad, proporcionando una excelente absorci\u00f3n de impactos y una sensaci\u00f3n el\u00e1stica que hace que caminar sea un verdadero placer. Este innovador material para la suela garantiza la durabilidad sin a\u00f1adir peso innecesario, haciendo que estas <strong>Mocasines de piel burdeos para hombre<\/strong> una opci\u00f3n ideal para llevar a diario.<\/p>\n<h3>Artesan\u00eda y dise\u00f1o sin concesiones<\/h3>\n<p>Cada par de estos mocasines muestra una artesan\u00eda superior, evidente en cada puntada y detalle. El cl\u00e1sico dise\u00f1o sin cordones se realza con un elegante pespunte de mocas\u00edn alrededor de la puntera, un detalle atemporal que aumenta su atractivo artesanal. Un sutil pero elegante adorno de hebilla met\u00e1lica en la pala aporta un toque de estilo contempor\u00e1neo, que complementa a la perfecci\u00f3n la silueta tradicional del mocas\u00edn. No son s\u00f3lo zapatos; son un testimonio de dise\u00f1o duradero y atenci\u00f3n meticulosa a los detalles, lo que garantiza que ser\u00e1n una parte apreciada de su guardarropa en las temporadas venideras. Las tallas disponibles abarcan una amplia gama, garantizando un ajuste perfecto para las tallas 40, 41, 42, 43 y 44 (tallaje europeo).<\/p>\n<p>Ya sea para vestir un par de chinos para salir por la noche o para a\u00f1adir un toque de clase a tus vaqueros favoritos, estas <strong>Mocasines de piel burdeos para hombre<\/strong> son incre\u00edblemente vers\u00e1tiles. Pasan sin esfuerzo de lo informal a lo elegante, lo que los convierte en un complemento indispensable en la colecci\u00f3n de zapatos de cualquier hombre exigente. Para minoristas y empresas que buscan ofrecer calzado de primera calidad, estos mocasines excepcionales est\u00e1n disponibles para su compra al por mayor con un pedido m\u00ednimo de 8 pares. Eleve su inventario con un producto que promete tanto estilo como sustancia, garantizando la satisfacci\u00f3n del cliente. Invierta en calidad, invierta en estilo y cause una impresi\u00f3n duradera con un calzado que dice mucho sobre la excelencia.<\/p>","protected":false},"excerpt":{"rendered":"<ul>\n<li>Parte superior de piel de ternero de primera calidad para un aspecto distinguido<\/li>\n<li>El forro de piel de cabra suave y transpirable garantiza la comodidad durante todo el d\u00eda<\/li>\n<li>Suela de EVA ligera y flexible para caminar sin esfuerzo<\/li>\n<li>Dise\u00f1o cl\u00e1sico sin cordones con un moderno detalle de hebilla y pespuntes de mocas\u00edn<\/li>\n<li>Perfecto para realzar tus atuendos informales y semiformales<\/li>\n<li>Disponible para pedidos al por mayor (m\u00ednimo 8 pares)<\/li>\n<\/ul>","protected":false},"featured_media":6760,"template":"","meta":{"_acf_changed":false,"_uag_custom_page_level_css":"","site-sidebar-layout":"default","site-content-layout":"","ast-site-content-layout":"default","site-content-style":"default","site-sidebar-style":"default","ast-global-header-display":"","ast-banner-title-visibility":"","ast-main-header-display":"","ast-hfb-above-header-display":"","ast-hfb-below-header-display":"","ast-hfb-mobile-header-display":"","site-post-title":"","ast-breadcrumbs-content":"","ast-featured-img":"","footer-sml-layout":"","ast-disable-related-posts":"","theme-transparent-header-meta":"","adv-header-id-meta":"","stick-header-meta":"","header-above-stick-meta":"","header-main-stick-meta":"","header-below-stick-meta":"","astra-migrate-meta-layouts":"default","ast-page-background-enabled":"default","ast-page-background-meta":{"desktop":{"background-color":"var(--ast-global-color-4)","background-image":"","background-repeat":"repeat","background-position":"center center","background-size":"auto","background-attachment":"scroll","background-type":"","background-media":"","overlay-type":"","overlay-color":"","overlay-opacity":"","overlay-gradient":""},"tablet":{"background-color":"","background-image":"","background-repeat":"repeat","background-position":"center center","background-size":"auto","background-attachment":"scroll","background-type":"","background-media":"","overlay-type":"","overlay-color":"","overlay-opacity":"","overlay-gradient":""},"mobile":{"background-color":"","background-image":"","background-repeat":"repeat","background-position":"center center","background-size":"auto","background-attachment":"scroll","background-type":"","background-media":"","overlay-type":"","overlay-color":"","overlay-opacity":"","overlay-gradient":""}},"ast-content-background-meta":{"desktop":{"background-color":"var(--ast-global-color-5)","background-image":"","background-repeat":"repeat","background-position":"center center","background-size":"auto","background-attachment":"scroll","background-type":"","background-media":"","overlay-type":"","overlay-color":"","overlay-opacity":"","overlay-gradient":""},"tablet":{"background-color":"var(--ast-global-color-5)","background-image":"","background-repeat":"repeat","background-position":"center center","background-size":"auto","background-attachment":"scroll","background-type":"","background-media":"","overlay-type":"","overlay-color":"","overlay-opacity":"","overlay-gradient":""},"mobile":{"background-color":"var(--ast-global-color-5)","background-image":"","background-repeat":"repeat","background-position":"center center","background-size":"auto","background-attachment":"scroll","background-type":"","background-media":"","overlay-type":"","overlay-color":"","overlay-opacity":"","overlay-gradient":""}}},"product_brand":[],"product_cat":[48,49,430,1200],"product_tag":[859,185,512,326,1258,1410,244,286,1411,184],"class_list":{"0":"post-8524","1":"product","2":"type-product","3":"status-publish","4":"has-post-thumbnail","6":"product_cat-casual","7":"product_cat-loafer","8":"product_cat-men","9":"product_cat-mens-shoes-2","10":"product_tag-burgundy-loafers","11":"product_tag-calf-leather-shoes","12":"product_tag-casual-loafers","13":"product_tag-eva-sole-loafers","14":"product_tag-goat-lined-shoes","15":"product_tag-mens-burgundy-leather-loafers","16":"product_tag-mens-fashion-loafers","17":"product_tag-mens-leather-shoes","18":"product_tag-moccasin-loafers","19":"product_tag-slip-on-shoes","20":"desktop-align-center","21":"tablet-align-center","22":"mobile-align-center","24":"first","25":"instock","26":"shipping-taxable","27":"purchasable","28":"product-type-variable","29":"has-default-attributes"},"acf":[],"uagb_featured_image_src":{"full":["https:\/\/turkishtrade.co\/wp-content\/uploads\/2026\/01\/2600QLOMN00008-BURGUNDEY.png",453,250,false],"thumbnail":["https:\/\/turkishtrade.co\/wp-content\/uploads\/2026\/01\/2600QLOMN00008-BURGUNDEY-150x150.png",150,150,true],"medium":["https:\/\/turkishtrade.co\/wp-content\/uploads\/2026\/01\/2600QLOMN00008-BURGUNDEY-300x166.png",300,166,true],"medium_large":["https:\/\/turkishtrade.co\/wp-content\/uploads\/2026\/01\/2600QLOMN00008-BURGUNDEY.png",453,250,false],"large":["https:\/\/turkishtrade.co\/wp-content\/uploads\/2026\/01\/2600QLOMN00008-BURGUNDEY.png",453,250,false],"1536x1536":["https:\/\/turkishtrade.co\/wp-content\/uploads\/2026\/01\/2600QLOMN00008-BURGUNDEY.png",453,250,false],"2048x2048":["https:\/\/turkishtrade.co\/wp-content\/uploads\/2026\/01\/2600QLOMN00008-BURGUNDEY.png",453,250,false],"trp-custom-language-flag":["https:\/\/turkishtrade.co\/wp-content\/uploads\/2026\/01\/2600QLOMN00008-BURGUNDEY-18x10.png",18,10,true],"woocommerce_thumbnail":["https:\/\/turkishtrade.co\/wp-content\/uploads\/2026\/01\/2600QLOMN00008-BURGUNDEY-400x250.png",400,250,true],"woocommerce_single":["https:\/\/turkishtrade.co\/wp-content\/uploads\/2026\/01\/2600QLOMN00008-BURGUNDEY.png",453,250,false],"woocommerce_gallery_thumbnail":["https:\/\/turkishtrade.co\/wp-content\/uploads\/2026\/01\/2600QLOMN00008-BURGUNDEY-100x100.png",100,100,true]},"uagb_author_info":{"display_name":"python python","author_link":"https:\/\/turkishtrade.co\/es\/author\/"},"uagb_comment_info":0,"uagb_excerpt":"Premium calf leather upper for a distinguished look Soft, breathable goat leather lining ensures all-day comfort Lightweight and flexible EVA sole for effortless walking Classic slip-on design with a modern buckle detail and moccasin stitching Perfect for elevating your casual and semi-formal attire Available for wholesale orders (minimum 8 pairs)","_links":{"self":[{"href":"https:\/\/turkishtrade.co\/es\/wp-json\/wp\/v2\/product\/8524","targetHints":{"allow":["GET"]}}],"collection":[{"href":"https:\/\/turkishtrade.co\/es\/wp-json\/wp\/v2\/product"}],"about":[{"href":"https:\/\/turkishtrade.co\/es\/wp-json\/wp\/v2\/types\/product"}],"wp:featuredmedia":[{"embeddable":true,"href":"https:\/\/turkishtrade.co\/es\/wp-json\/wp\/v2\/media\/6760"}],"wp:attachment":[{"href":"https:\/\/turkishtrade.co\/es\/wp-json\/wp\/v2\/media?parent=8524"}],"wp:term":[{"taxonomy":"product_brand","embeddable":true,"href":"https:\/\/turkishtrade.co\/es\/wp-json\/wp\/v2\/product_brand?post=8524"},{"taxonomy":"product_cat","embeddable":true,"href":"https:\/\/turkishtrade.co\/es\/wp-json\/wp\/v2\/product_cat?post=8524"},{"taxonomy":"product_tag","embeddable":true,"href":"https:\/\/turkishtrade.co\/es\/wp-json\/wp\/v2\/product_tag?post=8524"}],"curies":[{"name":"wp","href":"https:\/\/api.w.org\/{rel}","templated":true}]}}