{"id":8522,"date":"2026-01-29T14:50:50","date_gmt":"2026-01-29T14:50:50","guid":{"rendered":"https:\/\/turkishtrade.co\/?post_type=product&#038;p=8522"},"modified":"2026-04-09T20:22:29","modified_gmt":"2026-04-09T20:22:29","slug":"mens-brown-leather-monk-strap-shoes-4","status":"publish","type":"product","link":"https:\/\/turkishtrade.co\/es\/shop\/mens-brown-leather-monk-strap-shoes-4\/","title":{"rendered":"Zapatos Monk Strap de Hombre en Piel Marr\u00f3n Genuina | con Suela Eva"},"content":{"rendered":"<p><strong>Zapatos Monk Strap de piel marr\u00f3n para hombre<\/strong>. Calidad y dise\u00f1o aut\u00e9nticos.<\/p>\n<p>Sum\u00e9rjase en un estilo y un confort incomparables con nuestro exquisito <strong>Zapatos Monk Strap de piel marr\u00f3n para hombre<\/strong>. Dise\u00f1ados para el hombre moderno que valora tanto la est\u00e9tica como la durabilidad, estos zapatos son una mezcla perfecta de elegancia cl\u00e1sica y funcionalidad contempor\u00e1nea. Tanto si buscas un look business refinado como un conjunto casual elegante, estos vers\u00e1tiles zapatos con correa monje prometen elevar tu colecci\u00f3n de calzado.<\/p>\n<h3>Artesan\u00eda inigualable y materiales de primera calidad<\/h3>\n<p>Nuestra <strong>Zapatos Monk Strap de piel marr\u00f3n para hombre<\/strong> est\u00e1n fabricados meticulosamente con los mejores materiales. La parte superior es de piel de ternero de primera calidad, conocida por su excepcional calidad, textura suave y resistencia duradera. Esta piel de alta calidad no s\u00f3lo proporciona un aspecto sofisticado, sino que tambi\u00e9n se amolda al pie con el paso del tiempo, garantizando un ajuste personalizado y c\u00f3modo. En el interior, sus pies experimentar\u00e1n el suave abrazo del forro de aut\u00e9ntica piel de cabra, que ofrece una transpirabilidad superior y propiedades de evacuaci\u00f3n de la humedad, manteniendo sus pies frescos y c\u00f3modos durante todo el d\u00eda. Las robustas costuras y la atenci\u00f3n al detalle reflejan un compromiso con la calidad que resiste el paso del tiempo.<\/p>\n<h3>La comodidad se une al estilo moderno con la suela de EVA<\/h3>\n<p>Dise\u00f1adas para el individuo din\u00e1mico, estas <strong>Zapatos Monk Strap de piel marr\u00f3n para hombre<\/strong> cuentan con una suela de EVA ligera pero incre\u00edblemente duradera. Este innovador material proporciona una excelente amortiguaci\u00f3n, reduciendo la fatiga y garantizando el confort incluso tras horas de uso. El distintivo dise\u00f1o de doble correa monje, con sus elegantes hebillas, a\u00f1ade un toque de sofisticaci\u00f3n cl\u00e1sica, haciendo de estos zapatos una pieza destacada. A la vez que encarnan el atractivo atemporal de los zapatos cl\u00e1sicos, su c\u00f3moda suela de EVA y su dise\u00f1o vers\u00e1til les permiten pasar sin problemas a la categor\u00eda de zapatos informales o incluso de elegantes mocasines. Disponibles en una amplia gama de tallas, de la UE 40 a la 44, encontrar el ajuste perfecto nunca ha sido tan f\u00e1cil.<\/p>\n<p>Perfectos para todo tipo de ocasiones, estos zapatos monk strap de piel marr\u00f3n combinan a la perfecci\u00f3n con trajes de sastrer\u00eda, pantalones elegantes o incluso vaqueros de vestir. Su intenso tono marr\u00f3n ofrece flexibilidad de estilo y complementa varias paletas de colores de su armario. Invierta en un par de zapatos que no s\u00f3lo tengan un aspecto excepcional, sino que tambi\u00e9n le proporcionen una comodidad y calidad duraderas. Para las empresas que buscan un calzado de alta calidad, estos <strong>Zapatos Monk Strap de piel marr\u00f3n para hombre<\/strong> est\u00e1n disponibles para pedidos al por mayor, con una cantidad m\u00ednima de 8 pares.<\/p>","protected":false},"excerpt":{"rendered":"<ul>\n<li>Parte superior de piel de becerro de primera calidad para un aspecto y un tacto superiores<\/li>\n<li>Lujoso forro de piel de cabra para un confort transpirable<\/li>\n<li>Suela de EVA duradera y ligera para llevarla todo el d\u00eda<\/li>\n<li>Sofisticado dise\u00f1o de doble correa monje<\/li>\n<li>Estilo vers\u00e1til adecuado para conjuntos informales, cl\u00e1sicos o business casual<\/li>\n<li>Disponible en tallas UE 40, 41, 42, 43, 44<\/li>\n<li>Se aceptan pedidos al por mayor (pedido m\u00ednimo: 8 pares)<\/li>\n<\/ul>","protected":false},"featured_media":6758,"template":"","meta":{"_acf_changed":false,"_uag_custom_page_level_css":"","site-sidebar-layout":"default","site-content-layout":"","ast-site-content-layout":"default","site-content-style":"default","site-sidebar-style":"default","ast-global-header-display":"","ast-banner-title-visibility":"","ast-main-header-display":"","ast-hfb-above-header-display":"","ast-hfb-below-header-display":"","ast-hfb-mobile-header-display":"","site-post-title":"","ast-breadcrumbs-content":"","ast-featured-img":"","footer-sml-layout":"","ast-disable-related-posts":"","theme-transparent-header-meta":"","adv-header-id-meta":"","stick-header-meta":"","header-above-stick-meta":"","header-main-stick-meta":"","header-below-stick-meta":"","astra-migrate-meta-layouts":"default","ast-page-background-enabled":"default","ast-page-background-meta":{"desktop":{"background-color":"var(--ast-global-color-4)","background-image":"","background-repeat":"repeat","background-position":"center center","background-size":"auto","background-attachment":"scroll","background-type":"","background-media":"","overlay-type":"","overlay-color":"","overlay-opacity":"","overlay-gradient":""},"tablet":{"background-color":"","background-image":"","background-repeat":"repeat","background-position":"center center","background-size":"auto","background-attachment":"scroll","background-type":"","background-media":"","overlay-type":"","overlay-color":"","overlay-opacity":"","overlay-gradient":""},"mobile":{"background-color":"","background-image":"","background-repeat":"repeat","background-position":"center center","background-size":"auto","background-attachment":"scroll","background-type":"","background-media":"","overlay-type":"","overlay-color":"","overlay-opacity":"","overlay-gradient":""}},"ast-content-background-meta":{"desktop":{"background-color":"var(--ast-global-color-5)","background-image":"","background-repeat":"repeat","background-position":"center center","background-size":"auto","background-attachment":"scroll","background-type":"","background-media":"","overlay-type":"","overlay-color":"","overlay-opacity":"","overlay-gradient":""},"tablet":{"background-color":"var(--ast-global-color-5)","background-image":"","background-repeat":"repeat","background-position":"center center","background-size":"auto","background-attachment":"scroll","background-type":"","background-media":"","overlay-type":"","overlay-color":"","overlay-opacity":"","overlay-gradient":""},"mobile":{"background-color":"var(--ast-global-color-5)","background-image":"","background-repeat":"repeat","background-position":"center center","background-size":"auto","background-attachment":"scroll","background-type":"","background-media":"","overlay-type":"","overlay-color":"","overlay-opacity":"","overlay-gradient":""}}},"product_brand":[],"product_cat":[48,47,49,430,1200],"product_tag":[292,512,644,1420,287,1419,324,261,546,281],"class_list":{"0":"post-8522","1":"product","2":"type-product","3":"status-publish","4":"has-post-thumbnail","6":"product_cat-casual","7":"product_cat-classic","8":"product_cat-loafer","9":"product_cat-men","10":"product_cat-mens-shoes-2","11":"product_tag-brown-leather-shoes","12":"product_tag-casual-loafers","13":"product_tag-classic-footwear","14":"product_tag-double-buckle-shoes","15":"product_tag-eva-sole-shoes","16":"product_tag-leather-mens-shoes","17":"product_tag-mens-dress-shoes","18":"product_tag-monk-strap-shoes","19":"product_tag-stylish-mens-shoes","20":"product_tag-wholesale-shoes","21":"desktop-align-center","22":"tablet-align-center","23":"mobile-align-center","25":"first","26":"instock","27":"shipping-taxable","28":"purchasable","29":"product-type-variable","30":"has-default-attributes"},"acf":[],"uagb_featured_image_src":{"full":["https:\/\/turkishtrade.co\/wp-content\/uploads\/2026\/01\/2600QLOMN00006-BROWN.png",453,250,false],"thumbnail":["https:\/\/turkishtrade.co\/wp-content\/uploads\/2026\/01\/2600QLOMN00006-BROWN-150x150.png",150,150,true],"medium":["https:\/\/turkishtrade.co\/wp-content\/uploads\/2026\/01\/2600QLOMN00006-BROWN-300x166.png",300,166,true],"medium_large":["https:\/\/turkishtrade.co\/wp-content\/uploads\/2026\/01\/2600QLOMN00006-BROWN.png",453,250,false],"large":["https:\/\/turkishtrade.co\/wp-content\/uploads\/2026\/01\/2600QLOMN00006-BROWN.png",453,250,false],"1536x1536":["https:\/\/turkishtrade.co\/wp-content\/uploads\/2026\/01\/2600QLOMN00006-BROWN.png",453,250,false],"2048x2048":["https:\/\/turkishtrade.co\/wp-content\/uploads\/2026\/01\/2600QLOMN00006-BROWN.png",453,250,false],"trp-custom-language-flag":["https:\/\/turkishtrade.co\/wp-content\/uploads\/2026\/01\/2600QLOMN00006-BROWN-18x10.png",18,10,true],"woocommerce_thumbnail":["https:\/\/turkishtrade.co\/wp-content\/uploads\/2026\/01\/2600QLOMN00006-BROWN-400x250.png",400,250,true],"woocommerce_single":["https:\/\/turkishtrade.co\/wp-content\/uploads\/2026\/01\/2600QLOMN00006-BROWN.png",453,250,false],"woocommerce_gallery_thumbnail":["https:\/\/turkishtrade.co\/wp-content\/uploads\/2026\/01\/2600QLOMN00006-BROWN-100x100.png",100,100,true]},"uagb_author_info":{"display_name":"python python","author_link":"https:\/\/turkishtrade.co\/es\/author\/"},"uagb_comment_info":0,"uagb_excerpt":"Premium Calf Leather Upper for superior look and feel Luxurious Goat Leather Lining for breathable comfort Durable and Lightweight EVA Sole for all-day wear Sophisticated Double Monk Strap Design Versatile style suitable for casual, classic, or business casual outfits Available in EU Sizes 40, 41, 42, 43, 44 Wholesale Orders Welcome (Minimum Order: 8 Pairs)","_links":{"self":[{"href":"https:\/\/turkishtrade.co\/es\/wp-json\/wp\/v2\/product\/8522","targetHints":{"allow":["GET"]}}],"collection":[{"href":"https:\/\/turkishtrade.co\/es\/wp-json\/wp\/v2\/product"}],"about":[{"href":"https:\/\/turkishtrade.co\/es\/wp-json\/wp\/v2\/types\/product"}],"wp:featuredmedia":[{"embeddable":true,"href":"https:\/\/turkishtrade.co\/es\/wp-json\/wp\/v2\/media\/6758"}],"wp:attachment":[{"href":"https:\/\/turkishtrade.co\/es\/wp-json\/wp\/v2\/media?parent=8522"}],"wp:term":[{"taxonomy":"product_brand","embeddable":true,"href":"https:\/\/turkishtrade.co\/es\/wp-json\/wp\/v2\/product_brand?post=8522"},{"taxonomy":"product_cat","embeddable":true,"href":"https:\/\/turkishtrade.co\/es\/wp-json\/wp\/v2\/product_cat?post=8522"},{"taxonomy":"product_tag","embeddable":true,"href":"https:\/\/turkishtrade.co\/es\/wp-json\/wp\/v2\/product_tag?post=8522"}],"curies":[{"name":"wp","href":"https:\/\/api.w.org\/{rel}","templated":true}]}}