{"id":8494,"date":"2026-01-29T14:50:39","date_gmt":"2026-01-29T14:50:39","guid":{"rendered":"https:\/\/turkishtrade.co\/?post_type=product&#038;p=8494"},"modified":"2026-04-09T20:23:04","modified_gmt":"2026-04-09T20:23:04","slug":"womens-chunky-faux-leather-sneakers","status":"publish","type":"product","link":"https:\/\/turkishtrade.co\/es\/shop\/womens-chunky-faux-leather-sneakers\/","title":{"rendered":"Zapatillas de piel sint\u00e9tica gruesas para mujer Garantizado | Zapatillas de piel sint\u00e9tica gruesas para mujer Beige"},"content":{"rendered":"<p><strong>Zapatillas de piel sint\u00e9tica gruesas para mujer<\/strong>. Calidad y dise\u00f1o garantizados.<\/p>\n<p>Ad\u00e9ntrese en las \u00faltimas tendencias con nuestra excepcional colecci\u00f3n de <strong>zapatillas gruesas de piel sint\u00e9tica para mujer<\/strong>. Dise\u00f1adas para la mujer moderna que valora tanto el estilo como la comodidad, estas bellezas beige son un complemento imprescindible en cualquier armario. La suela gruesa distintiva no s\u00f3lo ofrece una est\u00e9tica contempor\u00e1nea, sino que tambi\u00e9n proporciona una amortiguaci\u00f3n superior y apoyo, por lo que son perfectos para navegar por las calles de la ciudad ocupada o disfrutar de un fin de semana relajado.<\/p>\n<h3>Eleve su look diario con una comodidad elegante<\/h3>\n<p>Nuestra <strong>zapatillas gruesas de piel sint\u00e9tica para mujer<\/strong> est\u00e1n meticulosamente fabricados para garantizar su durabilidad y un tacto de primera calidad. El exterior de piel sint\u00e9tica de alta calidad ofrece un aspecto elegante y pulido, f\u00e1cil de mantener y respetuoso con el medio ambiente. En el interior, tus pies disfrutar\u00e1n de la comodidad de un suave forro de tela, dise\u00f1ado para proporcionar transpirabilidad y un ajuste perfecto durante todo el d\u00eda. Tanto si vas al gimnasio como si quedas con tus amigos para tomar un caf\u00e9 o hacer recados, estas zapatillas te garantizan que lo har\u00e1s todo con una comodidad y un estilo incomparables.<\/p>\n<p>La robusta suela de poliuretano (PU) es una caracter\u00edstica definitoria, dando a estos zapatos su codiciado perfil grueso. Este material es conocido por su excelente amortiguaci\u00f3n, flexibilidad y larga duraci\u00f3n, lo que garantiza que tu inversi\u00f3n en estas zapatillas sea lo m\u00e1s segura posible. <strong>zapatillas gruesas de piel sint\u00e9tica para mujer<\/strong> para las pr\u00f3ximas temporadas. Disponibles en las populares tallas 36, 37, 38 y 39, nos adaptamos a una amplia gama de tama\u00f1os de pie, garantizando un ajuste perfecto para muchos.<\/p>\n<h3>La versatilidad se une a la tendencia: Su nuevo calzado<\/h3>\n<p>Estas zapatillas gruesas de color beige son incre\u00edblemente vers\u00e1tiles y combinan a la perfecci\u00f3n con una gran variedad de conjuntos. Comb\u00ednalas con tus vaqueros favoritos y una camiseta para un look informal pero conjuntado, o p\u00f3ntelas con un vestido midi para un conjunto inesperado y a la \u00faltima. Su color beige neutro las hace f\u00e1cilmente combinables con casi cualquier paleta de colores, por lo que estas <strong>zapatillas gruesas de piel sint\u00e9tica para mujer<\/strong> una piedra angular de tu atuendo diario. Adopta la tendencia athleisure sin renunciar a la elegancia ni a la comodidad.<\/p>\n<h3>Calidad excepcional y disponibilidad al por mayor<\/h3>\n<p>Nos enorgullecemos de ofrecer un calzado que destaca por su calidad y dise\u00f1o. Estos <strong>zapatillas gruesas de piel sint\u00e9tica para mujer<\/strong> no son una excepci\u00f3n, ya que representan la mezcla perfecta de tendencias modernas y funcionalidad pr\u00e1ctica. Para los minoristas que buscan art\u00edculos populares y de gran demanda, estas zapatillas son una oportunidad fant\u00e1stica. Ofrecemos la posibilidad de comprar al por mayor con un pedido m\u00ednimo de tan solo 8 pares, lo que permite a las empresas a\u00f1adir f\u00e1cilmente estas zapatillas modernas y c\u00f3modas a su oferta. <strong>zapatillas gruesas de piel sint\u00e9tica para mujer<\/strong> a su inventario. Ofrezca a sus clientes la combinaci\u00f3n perfecta de dise\u00f1o vanguardista y comodidad para el d\u00eda a d\u00eda.<\/p>","protected":false},"excerpt":{"rendered":"<ul>\n<li>Zapatillas de piel sint\u00e9tica para mujer, disponibles en las tallas 36-39.<\/li>\n<li>Confeccionada con un interior de tejido suave y transpirable y un elegante exterior de piel sint\u00e9tica.<\/li>\n<li>Equipadas con una suela de poliuretano (PU) robusta y c\u00f3moda para llevarlas todo el d\u00eda.<\/li>\n<li>Dise\u00f1adas para ofrecer versatilidad, estas deportivas son perfectas para salidas informales y estilos athleisure.<\/li>\n<li>Oportunidad de venta al por mayor: Pedido m\u00ednimo de 8 pares.<\/li>\n<\/ul>","protected":false},"featured_media":6779,"template":"","meta":{"_acf_changed":false,"_uag_custom_page_level_css":"","site-sidebar-layout":"default","site-content-layout":"","ast-site-content-layout":"default","site-content-style":"default","site-sidebar-style":"default","ast-global-header-display":"","ast-banner-title-visibility":"","ast-main-header-display":"","ast-hfb-above-header-display":"","ast-hfb-below-header-display":"","ast-hfb-mobile-header-display":"","site-post-title":"","ast-breadcrumbs-content":"","ast-featured-img":"","footer-sml-layout":"","ast-disable-related-posts":"","theme-transparent-header-meta":"default","adv-header-id-meta":"","stick-header-meta":"","header-above-stick-meta":"","header-main-stick-meta":"","header-below-stick-meta":"","astra-migrate-meta-layouts":"set","ast-page-background-enabled":"default","ast-page-background-meta":{"desktop":{"background-color":"var(--ast-global-color-4)","background-image":"","background-repeat":"repeat","background-position":"center center","background-size":"auto","background-attachment":"scroll","background-type":"","background-media":"","overlay-type":"","overlay-color":"","overlay-opacity":"","overlay-gradient":""},"tablet":{"background-color":"","background-image":"","background-repeat":"repeat","background-position":"center center","background-size":"auto","background-attachment":"scroll","background-type":"","background-media":"","overlay-type":"","overlay-color":"","overlay-opacity":"","overlay-gradient":""},"mobile":{"background-color":"","background-image":"","background-repeat":"repeat","background-position":"center center","background-size":"auto","background-attachment":"scroll","background-type":"","background-media":"","overlay-type":"","overlay-color":"","overlay-opacity":"","overlay-gradient":""}},"ast-content-background-meta":{"desktop":{"background-color":"var(--ast-global-color-5)","background-image":"","background-repeat":"repeat","background-position":"center center","background-size":"auto","background-attachment":"scroll","background-type":"","background-media":"","overlay-type":"","overlay-color":"","overlay-opacity":"","overlay-gradient":""},"tablet":{"background-color":"var(--ast-global-color-5)","background-image":"","background-repeat":"repeat","background-position":"center center","background-size":"auto","background-attachment":"scroll","background-type":"","background-media":"","overlay-type":"","overlay-color":"","overlay-opacity":"","overlay-gradient":""},"mobile":{"background-color":"var(--ast-global-color-5)","background-image":"","background-repeat":"repeat","background-position":"center center","background-size":"auto","background-attachment":"scroll","background-type":"","background-media":"","overlay-type":"","overlay-color":"","overlay-opacity":"","overlay-gradient":""}}},"product_brand":[],"product_cat":[62,431,1220],"product_tag":[1534,1501,241,1530,1446,1532,1533,1361,1531,1527],"class_list":{"0":"post-8494","1":"product","2":"type-product","3":"status-publish","4":"has-post-thumbnail","6":"product_cat-sports-shoes","7":"product_cat-women","8":"product_cat-womens-shoes-2","9":"product_tag-athleisure-shoes","10":"product_tag-beige-sneakers","11":"product_tag-casual-footwear","12":"product_tag-chunky-sneakers","13":"product_tag-faux-leather-shoes","14":"product_tag-ladies-shoes","15":"product_tag-pu-sole-sneakers","16":"product_tag-sports-shoes","17":"product_tag-trendy-sneakers","18":"product_tag-womens-sneakers","19":"desktop-align-center","20":"tablet-align-center","21":"mobile-align-center","23":"first","24":"instock","25":"shipping-taxable","26":"purchasable","27":"product-type-variable","28":"has-default-attributes"},"acf":[],"uagb_featured_image_src":{"full":["https:\/\/turkishtrade.co\/wp-content\/uploads\/2026\/01\/2600OYNWN00032-BEIGE.png",453,250,false],"thumbnail":["https:\/\/turkishtrade.co\/wp-content\/uploads\/2026\/01\/2600OYNWN00032-BEIGE-150x150.png",150,150,true],"medium":["https:\/\/turkishtrade.co\/wp-content\/uploads\/2026\/01\/2600OYNWN00032-BEIGE-300x166.png",300,166,true],"medium_large":["https:\/\/turkishtrade.co\/wp-content\/uploads\/2026\/01\/2600OYNWN00032-BEIGE.png",453,250,false],"large":["https:\/\/turkishtrade.co\/wp-content\/uploads\/2026\/01\/2600OYNWN00032-BEIGE.png",453,250,false],"1536x1536":["https:\/\/turkishtrade.co\/wp-content\/uploads\/2026\/01\/2600OYNWN00032-BEIGE.png",453,250,false],"2048x2048":["https:\/\/turkishtrade.co\/wp-content\/uploads\/2026\/01\/2600OYNWN00032-BEIGE.png",453,250,false],"trp-custom-language-flag":["https:\/\/turkishtrade.co\/wp-content\/uploads\/2026\/01\/2600OYNWN00032-BEIGE-18x10.png",18,10,true],"woocommerce_thumbnail":["https:\/\/turkishtrade.co\/wp-content\/uploads\/2026\/01\/2600OYNWN00032-BEIGE-400x250.png",400,250,true],"woocommerce_single":["https:\/\/turkishtrade.co\/wp-content\/uploads\/2026\/01\/2600OYNWN00032-BEIGE.png",453,250,false],"woocommerce_gallery_thumbnail":["https:\/\/turkishtrade.co\/wp-content\/uploads\/2026\/01\/2600OYNWN00032-BEIGE-100x100.png",100,100,true]},"uagb_author_info":{"display_name":"python python","author_link":"https:\/\/turkishtrade.co\/es\/author\/"},"uagb_comment_info":0,"uagb_excerpt":"Fashion-forward women's chunky faux leather sneakers available in sizes 36-39. Crafted with a soft, breathable fabric interior and a sleek faux leather exterior. Equipped with a robust and comfortable polyurethane (PU) sole for all-day wear. Designed for versatility, these sporty sneakers are perfect for casual outings and athleisure styles. Wholesale opportunity: Minimum order quantity of&hellip;","_links":{"self":[{"href":"https:\/\/turkishtrade.co\/es\/wp-json\/wp\/v2\/product\/8494","targetHints":{"allow":["GET"]}}],"collection":[{"href":"https:\/\/turkishtrade.co\/es\/wp-json\/wp\/v2\/product"}],"about":[{"href":"https:\/\/turkishtrade.co\/es\/wp-json\/wp\/v2\/types\/product"}],"wp:featuredmedia":[{"embeddable":true,"href":"https:\/\/turkishtrade.co\/es\/wp-json\/wp\/v2\/media\/6779"}],"wp:attachment":[{"href":"https:\/\/turkishtrade.co\/es\/wp-json\/wp\/v2\/media?parent=8494"}],"wp:term":[{"taxonomy":"product_brand","embeddable":true,"href":"https:\/\/turkishtrade.co\/es\/wp-json\/wp\/v2\/product_brand?post=8494"},{"taxonomy":"product_cat","embeddable":true,"href":"https:\/\/turkishtrade.co\/es\/wp-json\/wp\/v2\/product_cat?post=8494"},{"taxonomy":"product_tag","embeddable":true,"href":"https:\/\/turkishtrade.co\/es\/wp-json\/wp\/v2\/product_tag?post=8494"}],"curies":[{"name":"wp","href":"https:\/\/api.w.org\/{rel}","templated":true}]}}