{"id":8470,"date":"2026-01-29T14:50:27","date_gmt":"2026-01-29T14:50:27","guid":{"rendered":"https:\/\/turkishtrade.co\/?post_type=product&#038;p=8470"},"modified":"2026-04-09T20:23:43","modified_gmt":"2026-04-09T20:23:43","slug":"mens-black-sports-shoes-5","status":"publish","type":"product","link":"https:\/\/turkishtrade.co\/es\/shop\/mens-black-sports-shoes-5\/","title":{"rendered":"Calzado deportivo negro genuino para hombre | Piel sint\u00e9tica negra para hombre &amp;"},"content":{"rendered":"<p><strong>Zapatillas deportivas negras para hombre<\/strong>. Calidad y dise\u00f1o aut\u00e9nticos.<\/p>\n<p>Mejore su juego y eleve su estilo diario con nuestros productos premium. <strong>Zapatillas deportivas negras para hombre<\/strong>. Dise\u00f1adas para el hombre moderno, estas zapatillas combinan a la perfecci\u00f3n la funcionalidad atl\u00e9tica con una est\u00e9tica elegante y contempor\u00e1nea. Tanto si vas al gimnasio como si disfrutas de un paseo informal o haces recados, estas... <strong>Zapatillas deportivas negras para hombre<\/strong> proporcionan una comodidad y una sujeci\u00f3n inigualables durante todo el d\u00eda. Su llamativo empeine negro, complementado con una din\u00e1mica suela blanca, te garantiza que causar\u00e1s sensaci\u00f3n all\u00e1 donde vayas, convirti\u00e9ndolas en un calzado esencial para cualquier armario activo.<\/p>\n<h3>Comodidad y durabilidad inigualables<\/h3>\n<p>Experimente lo \u00faltimo en comodidad de calzado. Nuestro <strong>Zapatillas deportivas negras para hombre<\/strong> presentan un dise\u00f1o cuidadosamente elaborado con un interior de tejido suave y transpirable. Esto garantiza la m\u00e1xima circulaci\u00f3n del aire, manteniendo los pies frescos y secos incluso durante un uso prolongado. El exterior es de piel sint\u00e9tica de alta calidad, que proporciona durabilidad y un acabado sofisticado. Esta combinaci\u00f3n no s\u00f3lo aumenta la vida \u00fatil del zapato, sino que tambi\u00e9n ofrece una excelente resistencia al desgaste diario. Apreciar\u00e1 el ajuste ce\u00f1ido y la sujeci\u00f3n acolchada, lo que las convierte en la elecci\u00f3n ideal para cualquier persona activa que busque un calzado fiable. <strong>Zapatillas deportivas negras para hombre<\/strong> que resisten el paso del tiempo.<\/p>\n<h3>Versatilidad con estilo para cualquier ocasi\u00f3n<\/h3>\n<p>Estas no son unas zapatillas deportivas cualquiera; son un complemento vers\u00e1til para cualquier armario. El atemporal color negro garantiza que combinen sin esfuerzo con una amplia gama de conjuntos, desde pantalones cortos deportivos y joggers hasta vaqueros y chinos. La moderna silueta y el dise\u00f1o de suela en contraste de estas <strong>Zapatillas deportivas negras para hombre<\/strong> a\u00f1aden un toque de estilo urbano, haci\u00e9ndolas adecuadas tanto para el rendimiento como para la moda. Disponibles en las tallas de hombre 40, 41, 42, 43, 44 y 45 (EU), garantizamos un ajuste c\u00f3modo para diversos tama\u00f1os de pie, permitiendo que todo el mundo disfrute de la calidad y el estilo excepcionales de estas zapatillas. <strong>Zapatillas deportivas negras para hombre<\/strong>. Invierte en calzado que realmente complemente tu estilo de vida.<\/p>\n<h3>Oportunidades de venta al por mayor<\/h3>\n<p>Para los minoristas y las empresas, estas excepcionales <strong>Zapatillas deportivas negras para hombre<\/strong> est\u00e1n disponibles para su compra al por mayor. Con una cantidad m\u00ednima de pedido de s\u00f3lo 8 pares, es f\u00e1cil abastecerse de un producto popular y demandado que atrae a una amplia base de clientes. Ofrezca a sus clientes una mezcla de estilo, comodidad y durabilidad que distingue a estas deportivas negras de la competencia. Nuestro compromiso con la calidad garantiza que usted ofrezca un producto que siempre ofrece atractivo y rendimiento. Mejore su inventario con estas zapatillas imprescindibles <strong>Zapatillas deportivas negras para hombre<\/strong> y ofrezca a su clientela lo mejor en moda de inspiraci\u00f3n atl\u00e9tica.<\/p>","protected":false},"excerpt":{"rendered":"<ul>\n<li><strong>Material de primera calidad:<\/strong> Fabricado con un exterior de piel sint\u00e9tica duradera y un interior de tejido transpirable para una comodidad y un estilo \u00f3ptimos.<\/li>\n<li><strong>Dise\u00f1o vers\u00e1til:<\/strong> Elegante acabado en negro con una moderna suela blanca, perfecta para hacer deporte, vestir informal o llevar un estilo de vida activo.<\/li>\n<li><strong>Ajuste c\u00f3modo:<\/strong> Disponible en una amplia gama de tallas de hombre, de la 40 a la 45 (UE), para garantizar un ajuste perfecto.<\/li>\n<li><strong>Disponible al por mayor:<\/strong> El pedido m\u00ednimo de 8 pares los hace ideales para compras al por mayor por parte de minoristas.<\/li>\n<\/ul>","protected":false},"featured_media":6690,"template":"","meta":{"_acf_changed":false,"_uag_custom_page_level_css":"","site-sidebar-layout":"default","site-content-layout":"","ast-site-content-layout":"default","site-content-style":"default","site-sidebar-style":"default","ast-global-header-display":"","ast-banner-title-visibility":"","ast-main-header-display":"","ast-hfb-above-header-display":"","ast-hfb-below-header-display":"","ast-hfb-mobile-header-display":"","site-post-title":"","ast-breadcrumbs-content":"","ast-featured-img":"","footer-sml-layout":"","ast-disable-related-posts":"","theme-transparent-header-meta":"","adv-header-id-meta":"","stick-header-meta":"","header-above-stick-meta":"","header-main-stick-meta":"","header-below-stick-meta":"","astra-migrate-meta-layouts":"default","ast-page-background-enabled":"default","ast-page-background-meta":{"desktop":{"background-color":"var(--ast-global-color-4)","background-image":"","background-repeat":"repeat","background-position":"center center","background-size":"auto","background-attachment":"scroll","background-type":"","background-media":"","overlay-type":"","overlay-color":"","overlay-opacity":"","overlay-gradient":""},"tablet":{"background-color":"","background-image":"","background-repeat":"repeat","background-position":"center center","background-size":"auto","background-attachment":"scroll","background-type":"","background-media":"","overlay-type":"","overlay-color":"","overlay-opacity":"","overlay-gradient":""},"mobile":{"background-color":"","background-image":"","background-repeat":"repeat","background-position":"center center","background-size":"auto","background-attachment":"scroll","background-type":"","background-media":"","overlay-type":"","overlay-color":"","overlay-opacity":"","overlay-gradient":""}},"ast-content-background-meta":{"desktop":{"background-color":"var(--ast-global-color-5)","background-image":"","background-repeat":"repeat","background-position":"center center","background-size":"auto","background-attachment":"scroll","background-type":"","background-media":"","overlay-type":"","overlay-color":"","overlay-opacity":"","overlay-gradient":""},"tablet":{"background-color":"var(--ast-global-color-5)","background-image":"","background-repeat":"repeat","background-position":"center center","background-size":"auto","background-attachment":"scroll","background-type":"","background-media":"","overlay-type":"","overlay-color":"","overlay-opacity":"","overlay-gradient":""},"mobile":{"background-color":"var(--ast-global-color-5)","background-image":"","background-repeat":"repeat","background-position":"center center","background-size":"auto","background-attachment":"scroll","background-type":"","background-media":"","overlay-type":"","overlay-color":"","overlay-opacity":"","overlay-gradient":""}}},"product_brand":[],"product_cat":[430,1200,51],"product_tag":[1489,1487,1488,1447,1462,1445,1451,1450,262],"class_list":{"0":"post-8470","1":"product","2":"type-product","3":"status-publish","4":"has-post-thumbnail","6":"product_cat-men","7":"product_cat-mens-shoes-2","8":"product_cat-sports","9":"product_tag-black-and-white-sneakers","10":"product_tag-black-athletic-shoes","11":"product_tag-comfortable-sports-footwear","12":"product_tag-fabric-trainers","13":"product_tag-faux-leather-sneakers","14":"product_tag-mens-sports-shoes","15":"product_tag-modern-sneakers","16":"product_tag-size-40-45-shoes","17":"product_tag-wholesale-mens-shoes","18":"desktop-align-center","19":"tablet-align-center","20":"mobile-align-center","22":"first","23":"instock","24":"shipping-taxable","25":"purchasable","26":"product-type-variable","27":"has-default-attributes"},"acf":[],"uagb_featured_image_src":{"full":["https:\/\/turkishtrade.co\/wp-content\/uploads\/2026\/01\/2600OYNMN00041-BLACK-WHITE.png",453,250,false],"thumbnail":["https:\/\/turkishtrade.co\/wp-content\/uploads\/2026\/01\/2600OYNMN00041-BLACK-WHITE-150x150.png",150,150,true],"medium":["https:\/\/turkishtrade.co\/wp-content\/uploads\/2026\/01\/2600OYNMN00041-BLACK-WHITE-300x166.png",300,166,true],"medium_large":["https:\/\/turkishtrade.co\/wp-content\/uploads\/2026\/01\/2600OYNMN00041-BLACK-WHITE.png",453,250,false],"large":["https:\/\/turkishtrade.co\/wp-content\/uploads\/2026\/01\/2600OYNMN00041-BLACK-WHITE.png",453,250,false],"1536x1536":["https:\/\/turkishtrade.co\/wp-content\/uploads\/2026\/01\/2600OYNMN00041-BLACK-WHITE.png",453,250,false],"2048x2048":["https:\/\/turkishtrade.co\/wp-content\/uploads\/2026\/01\/2600OYNMN00041-BLACK-WHITE.png",453,250,false],"trp-custom-language-flag":["https:\/\/turkishtrade.co\/wp-content\/uploads\/2026\/01\/2600OYNMN00041-BLACK-WHITE-18x10.png",18,10,true],"woocommerce_thumbnail":["https:\/\/turkishtrade.co\/wp-content\/uploads\/2026\/01\/2600OYNMN00041-BLACK-WHITE-400x250.png",400,250,true],"woocommerce_single":["https:\/\/turkishtrade.co\/wp-content\/uploads\/2026\/01\/2600OYNMN00041-BLACK-WHITE.png",453,250,false],"woocommerce_gallery_thumbnail":["https:\/\/turkishtrade.co\/wp-content\/uploads\/2026\/01\/2600OYNMN00041-BLACK-WHITE-100x100.png",100,100,true]},"uagb_author_info":{"display_name":"python python","author_link":"https:\/\/turkishtrade.co\/es\/author\/"},"uagb_comment_info":0,"uagb_excerpt":"Premium Material: Crafted with a durable faux leather exterior and breathable fabric interior for optimal comfort and style. Versatile Design: Sleek black finish with a modern white sole, perfect for sports, casual wear, or an active lifestyle. Comfort Fit: Available in a wide range of men's sizes from 40 to 45 (EU) to ensure a&hellip;","_links":{"self":[{"href":"https:\/\/turkishtrade.co\/es\/wp-json\/wp\/v2\/product\/8470","targetHints":{"allow":["GET"]}}],"collection":[{"href":"https:\/\/turkishtrade.co\/es\/wp-json\/wp\/v2\/product"}],"about":[{"href":"https:\/\/turkishtrade.co\/es\/wp-json\/wp\/v2\/types\/product"}],"wp:featuredmedia":[{"embeddable":true,"href":"https:\/\/turkishtrade.co\/es\/wp-json\/wp\/v2\/media\/6690"}],"wp:attachment":[{"href":"https:\/\/turkishtrade.co\/es\/wp-json\/wp\/v2\/media?parent=8470"}],"wp:term":[{"taxonomy":"product_brand","embeddable":true,"href":"https:\/\/turkishtrade.co\/es\/wp-json\/wp\/v2\/product_brand?post=8470"},{"taxonomy":"product_cat","embeddable":true,"href":"https:\/\/turkishtrade.co\/es\/wp-json\/wp\/v2\/product_cat?post=8470"},{"taxonomy":"product_tag","embeddable":true,"href":"https:\/\/turkishtrade.co\/es\/wp-json\/wp\/v2\/product_tag?post=8470"}],"curies":[{"name":"wp","href":"https:\/\/api.w.org\/{rel}","templated":true}]}}