{"id":8468,"date":"2026-01-29T14:50:27","date_gmt":"2026-01-29T14:50:27","guid":{"rendered":"https:\/\/turkishtrade.co\/?post_type=product&#038;p=8468"},"modified":"2026-04-09T20:23:49","modified_gmt":"2026-04-09T20:23:49","slug":"mens-black-sports-sneakers","status":"publish","type":"product","link":"https:\/\/turkishtrade.co\/es\/shop\/mens-black-sports-sneakers\/","title":{"rendered":"Zapatillas deportivas negras para hombre Inmejorables | Zapatillas deportivas negras de malla e imitaci\u00f3n para hombre"},"content":{"rendered":"<h3>Eleva tu estilo con las zapatillas deportivas negras para hombre<\/h3>\n<p>Mejore su calzado con nuestros impresionantes <strong>Zapatillas deportivas negras para hombre<\/strong>. Estas zapatillas, que combinan a la perfecci\u00f3n un dise\u00f1o elegante con la m\u00e1xima comodidad, est\u00e1n dise\u00f1adas para ayudarte a llevar un estilo de vida activo sin perder el estilo. Tanto si vas al gimnasio, como si sales a correr o simplemente disfrutas de un d\u00eda informal, estas <strong>Zapatillas deportivas negras para hombre<\/strong> son tu compa\u00f1ero ideal. Su dise\u00f1o vers\u00e1til los convierte en un complemento imprescindible en el armario de cualquier hombre moderno, ya que ofrecen funcionalidad y un toque contempor\u00e1neo.<\/p>\n<h3>Confort inigualable y materiales de primera calidad<\/h3>\n<p>Elaboradas con una cuidada combinaci\u00f3n de materiales, estas excepcionales zapatillas cuentan con un interior de tejido transpirable para el m\u00e1ximo confort, que garantiza que tus pies se mantengan frescos y frescos incluso durante un uso prolongado. El exterior cuenta con un din\u00e1mico material de piel sint\u00e9tica, que proporciona tanto soporte estructural como un aspecto sofisticado, complementado con una parte superior de malla ligera y duradera. Esta mezcla \u00fanica no s\u00f3lo realza el atractivo est\u00e9tico de la zapatilla, sino que tambi\u00e9n contribuye a su resistencia y flexibilidad generales. La robusta unidad de la suela ofrece una amortiguaci\u00f3n y un agarre superiores, haciendo que cada zancada sea c\u00f3moda y segura. Experimenta la diferencia que marcan los materiales de calidad con estas zapatillas deportivas premium para hombre.<\/p>\n<h3>Dise\u00f1ado para el rendimiento y la versatilidad cotidiana<\/h3>\n<p>El llamativo dise\u00f1o en blanco y negro ofrece un atractivo atemporal que combina f\u00e1cilmente con una gran variedad de atuendos, desde prendas deportivas hasta elegantes atuendos informales. El dise\u00f1o ergon\u00f3mico de estas <strong>Zapatillas deportivas negras para hombre<\/strong> proporciona una excelente sujeci\u00f3n del tobillo y un ajuste ce\u00f1ido y seguro, permitiendo un movimiento natural y reduciendo el riesgo de molestias. La suela reactiva absorbe los impactos con eficacia, reduciendo la tensi\u00f3n en los pies y las articulaciones, lo que las hace perfectas para entrenamientos de alta intensidad o largas caminatas. Estas zapatillas deportivas negras est\u00e1n dise\u00f1adas para el hombre moderno que exige a su calzado el m\u00e1ximo rendimiento y alta moda.<\/p>\n<h3>Ajuste perfecto y oportunidad de venta al por mayor<\/h3>\n<p>Disponibles en una amplia gama de tallas populares para hombre, de la 40 a la 45, encontrar el ajuste perfecto no supone ning\u00fan esfuerzo. Tambi\u00e9n entendemos las necesidades de las empresas y ofrecemos un atractivo programa de venta al por mayor para estos productos de gran demanda. <strong>Zapatillas deportivas negras para hombre<\/strong>. Con una cantidad m\u00ednima de pedido de s\u00f3lo 8 pares, los minoristas pueden abastecerse f\u00e1cilmente de este popular estilo, garantizando a sus clientes el acceso a calzado de primera calidad a precios competitivos. Ampl\u00ede su inventario con un producto que promete tanto la satisfacci\u00f3n del cliente como un gran rendimiento de ventas.<\/p>\n<h3>\u00bfPor qu\u00e9 elegir nuestras zapatillas deportivas negras para hombre?<\/h3>\n<p>No renuncies al estilo ni a la comodidad. Invierte en un par de <strong>Zapatillas deportivas negras para hombre<\/strong> hoy mismo y experimenta la fusi\u00f3n perfecta de moda y funcionalidad. Estas vers\u00e1tiles zapatillas deportivas negras son m\u00e1s que un calzado: son una declaraci\u00f3n de calidad y dise\u00f1o contempor\u00e1neo. Eleva tu colecci\u00f3n personal o tu inventario de venta al por menor con nuestras excepcionales zapatillas deportivas para hombre y descubre por qu\u00e9 se est\u00e1n convirtiendo r\u00e1pidamente en las favoritas de los clientes.<\/p>","protected":false},"excerpt":{"rendered":"<ul>\n<li>Zapatillas deportivas negras premium para hombre<\/li>\n<li>Fabricado con un c\u00f3modo forro de tela y detalles exteriores de piel sint\u00e9tica duradera<\/li>\n<li>Disponible en las tallas masculinas m\u00e1s populares: 40, 41, 42, 43, 44, 45<\/li>\n<li>Perfecta para actividades deportivas, ropa informal y comodidad diaria<\/li>\n<li>Precios al por mayor disponibles con un pedido m\u00ednimo de 8 pares<\/li>\n<\/ul>","protected":false},"featured_media":6687,"template":"","meta":{"_acf_changed":false,"_uag_custom_page_level_css":"","site-sidebar-layout":"default","site-content-layout":"","ast-site-content-layout":"default","site-content-style":"default","site-sidebar-style":"default","ast-global-header-display":"","ast-banner-title-visibility":"","ast-main-header-display":"","ast-hfb-above-header-display":"","ast-hfb-below-header-display":"","ast-hfb-mobile-header-display":"","site-post-title":"","ast-breadcrumbs-content":"","ast-featured-img":"","footer-sml-layout":"","ast-disable-related-posts":"","theme-transparent-header-meta":"","adv-header-id-meta":"","stick-header-meta":"","header-above-stick-meta":"","header-main-stick-meta":"","header-below-stick-meta":"","astra-migrate-meta-layouts":"default","ast-page-background-enabled":"default","ast-page-background-meta":{"desktop":{"background-color":"var(--ast-global-color-4)","background-image":"","background-repeat":"repeat","background-position":"center center","background-size":"auto","background-attachment":"scroll","background-type":"","background-media":"","overlay-type":"","overlay-color":"","overlay-opacity":"","overlay-gradient":""},"tablet":{"background-color":"","background-image":"","background-repeat":"repeat","background-position":"center center","background-size":"auto","background-attachment":"scroll","background-type":"","background-media":"","overlay-type":"","overlay-color":"","overlay-opacity":"","overlay-gradient":""},"mobile":{"background-color":"","background-image":"","background-repeat":"repeat","background-position":"center center","background-size":"auto","background-attachment":"scroll","background-type":"","background-media":"","overlay-type":"","overlay-color":"","overlay-opacity":"","overlay-gradient":""}},"ast-content-background-meta":{"desktop":{"background-color":"var(--ast-global-color-5)","background-image":"","background-repeat":"repeat","background-position":"center center","background-size":"auto","background-attachment":"scroll","background-type":"","background-media":"","overlay-type":"","overlay-color":"","overlay-opacity":"","overlay-gradient":""},"tablet":{"background-color":"var(--ast-global-color-5)","background-image":"","background-repeat":"repeat","background-position":"center center","background-size":"auto","background-attachment":"scroll","background-type":"","background-media":"","overlay-type":"","overlay-color":"","overlay-opacity":"","overlay-gradient":""},"mobile":{"background-color":"var(--ast-global-color-5)","background-image":"","background-repeat":"repeat","background-position":"center center","background-size":"auto","background-attachment":"scroll","background-type":"","background-media":"","overlay-type":"","overlay-color":"","overlay-opacity":"","overlay-gradient":""}}},"product_brand":[],"product_cat":[430,1200,51],"product_tag":[1475,1120,216,222,1446,1478,1461,1445,1477,1479],"class_list":{"0":"post-8468","1":"product","2":"type-product","3":"status-publish","4":"has-post-thumbnail","6":"product_cat-men","7":"product_cat-mens-shoes-2","8":"product_cat-sports","9":"product_tag-athletic-footwear","10":"product_tag-black-sneakers","11":"product_tag-casual-sneakers","12":"product_tag-comfortable-shoes","13":"product_tag-faux-leather-shoes","14":"product_tag-gym-shoes","15":"product_tag-mens-black-sports-sneakers","16":"product_tag-mens-sports-shoes","17":"product_tag-mesh-sneakers","18":"product_tag-running-sneakers","19":"desktop-align-center","20":"tablet-align-center","21":"mobile-align-center","23":"first","24":"instock","25":"shipping-taxable","26":"purchasable","27":"product-type-variable","28":"has-default-attributes"},"acf":[],"uagb_featured_image_src":{"full":["https:\/\/turkishtrade.co\/wp-content\/uploads\/2026\/01\/2600OYNMN00029-BLACK.png",453,250,false],"thumbnail":["https:\/\/turkishtrade.co\/wp-content\/uploads\/2026\/01\/2600OYNMN00029-BLACK-150x150.png",150,150,true],"medium":["https:\/\/turkishtrade.co\/wp-content\/uploads\/2026\/01\/2600OYNMN00029-BLACK-300x166.png",300,166,true],"medium_large":["https:\/\/turkishtrade.co\/wp-content\/uploads\/2026\/01\/2600OYNMN00029-BLACK.png",453,250,false],"large":["https:\/\/turkishtrade.co\/wp-content\/uploads\/2026\/01\/2600OYNMN00029-BLACK.png",453,250,false],"1536x1536":["https:\/\/turkishtrade.co\/wp-content\/uploads\/2026\/01\/2600OYNMN00029-BLACK.png",453,250,false],"2048x2048":["https:\/\/turkishtrade.co\/wp-content\/uploads\/2026\/01\/2600OYNMN00029-BLACK.png",453,250,false],"trp-custom-language-flag":["https:\/\/turkishtrade.co\/wp-content\/uploads\/2026\/01\/2600OYNMN00029-BLACK-18x10.png",18,10,true],"woocommerce_thumbnail":["https:\/\/turkishtrade.co\/wp-content\/uploads\/2026\/01\/2600OYNMN00029-BLACK-400x250.png",400,250,true],"woocommerce_single":["https:\/\/turkishtrade.co\/wp-content\/uploads\/2026\/01\/2600OYNMN00029-BLACK.png",453,250,false],"woocommerce_gallery_thumbnail":["https:\/\/turkishtrade.co\/wp-content\/uploads\/2026\/01\/2600OYNMN00029-BLACK-100x100.png",100,100,true]},"uagb_author_info":{"display_name":"python python","author_link":"https:\/\/turkishtrade.co\/es\/author\/"},"uagb_comment_info":0,"uagb_excerpt":"Premium black sports sneakers for men Crafted with a comfortable fabric lining and durable faux leather exterior accents Available in popular men's sizes: 40, 41, 42, 43, 44, 45 Perfect for athletic activities, casual wear, and everyday comfort Wholesale pricing available with a minimum order of 8 pairs","_links":{"self":[{"href":"https:\/\/turkishtrade.co\/es\/wp-json\/wp\/v2\/product\/8468","targetHints":{"allow":["GET"]}}],"collection":[{"href":"https:\/\/turkishtrade.co\/es\/wp-json\/wp\/v2\/product"}],"about":[{"href":"https:\/\/turkishtrade.co\/es\/wp-json\/wp\/v2\/types\/product"}],"wp:featuredmedia":[{"embeddable":true,"href":"https:\/\/turkishtrade.co\/es\/wp-json\/wp\/v2\/media\/6687"}],"wp:attachment":[{"href":"https:\/\/turkishtrade.co\/es\/wp-json\/wp\/v2\/media?parent=8468"}],"wp:term":[{"taxonomy":"product_brand","embeddable":true,"href":"https:\/\/turkishtrade.co\/es\/wp-json\/wp\/v2\/product_brand?post=8468"},{"taxonomy":"product_cat","embeddable":true,"href":"https:\/\/turkishtrade.co\/es\/wp-json\/wp\/v2\/product_cat?post=8468"},{"taxonomy":"product_tag","embeddable":true,"href":"https:\/\/turkishtrade.co\/es\/wp-json\/wp\/v2\/product_tag?post=8468"}],"curies":[{"name":"wp","href":"https:\/\/api.w.org\/{rel}","templated":true}]}}